{"id":3192,"date":"2024-10-11T00:54:54","date_gmt":"2024-10-10T22:54:54","guid":{"rendered":"https:\/\/pressurezone.shop\/?post_type=product&#038;p=3192"},"modified":"2024-11-04T01:06:07","modified_gmt":"2024-11-04T00:06:07","slug":"fire-og-strain-thc-distillate","status":"publish","type":"product","link":"https:\/\/pressurezone.shop\/sv\/produkt\/brand-og-stam-thc-destillat\/","title":{"rendered":"Fire OG-sort THC Destillat"},"content":{"rendered":"<div class=\"flex-shrink-0 flex flex-col relative items-end\">\n<div>\n<div class=\"pt-0\">\n<div class=\"gizmo-bot-avatar flex h-8 w-8 items-center justify-center overflow-hidden rounded-full\">\n<div class=\"relative p-1 rounded-sm flex items-center justify-center bg-token-main-surface-primary text-token-text-primary h-8 w-8\"><\/div>\n<\/div>\n<\/div>\n<\/div>\n<\/div>\n<div class=\"group\/conversation-turn relative flex w-full min-w-0 flex-col agent-turn\">\n<div class=\"flex-col gap-1 md:gap-3\">\n<div class=\"flex max-w-full flex-col flex-grow\">\n<div class=\"min-h-8 text-message flex w-full flex-col items-end gap-2 whitespace-normal break-words [.text-message+&amp;]:mt-5\" dir=\"auto\" data-message-author-role=\"assistant\" data-message-id=\"402b8b02-80b6-4c34-982d-bf6d0f271433\" data-message-model-slug=\"gpt-4o\">\n<div class=\"flex w-full flex-col gap-1 empty:hidden first:pt-[3px]\">\n<div class=\"markdown prose w-full break-words dark:prose-invert light\">\n<h3><strong>K\u00f6p Fire OG Strain THC Destillate online i Europa p\u00e5 <a href=\"https:\/\/pressurezone.shop\/sv\/\" target=\"_new\" rel=\"noopener\">Tryckzonsbutik<\/a><\/strong><\/h3>\n<p>Uppt\u00e4ck de <strong>Fire OG-sort THC Destillat<\/strong>ett kraftfullt destillat som \u00e4r resultatet av en korsning mellan de emblematiska sorterna <strong>OG Kush<\/strong> och <strong>San Fernando Valley OG Kush<\/strong>. Detta indica-dominerande hybriddestillat (70% indica \/ 30% sativa) erbjuder en intensiv upplevelse, perfekt f\u00f6r dem som s\u00f6ker en euforisk h\u00f6g f\u00f6ljt av djup, lugnande avkoppling.<\/p>\n<h3>Varf\u00f6r v\u00e4lja Fire OG Strain THC Destillate?<\/h3>\n<p><strong>Fire OG THC Destillat<\/strong> \u00e4r utformad f\u00f6r att leverera en kraftfull, l\u00e5ngvarig cannabisupplevelse. Med initiala euforiska effekter som \u00f6verg\u00e5r till fullst\u00e4ndig avkoppling och en intensiv \"soffl\u00e5s\" -effekt \u00e4r Fire OG idealisk f\u00f6r erfarna anv\u00e4ndare som letar efter en k\u00e4nsla av djup lugn och lugnande lycka.<a href=\"https:\/\/fuelpackz.com\/\" target=\"_blank\" rel=\"noopener\">.<\/a><\/p>\n<ul>\n<li><strong>Typ<\/strong> Indica-dominerande hybrid (70% Indica \/ 30% Sativa)<\/li>\n<li><strong>Ursprung<\/strong> OG Kush och San Fernando Valley OG Kush korsningar<\/li>\n<\/ul>\n<h3>Effekter och f\u00f6rdelar med Fire OG THC Destillate<\/h3>\n<p>Le <strong>Fire OG THC Destillat<\/strong> ger en kraftfull, avslappnande kick, med en euforisk topp som stimulerar sinnet innan den \u00f6verg\u00e5r i intensiv kroppslig avslappning. Detta destillat \u00e4r perfekt f\u00f6r lugna kv\u00e4llar och \u00e4r ocks\u00e5 effektivt f\u00f6r att lindra en rad fysiska och k\u00e4nslom\u00e4ssiga symtom.<\/p>\n<ul>\n<li><strong>Effekter<\/strong> Eufori, Lycka, D\u00e5sighet, Intensiv avslappning<\/li>\n<li><strong>Perfekt f\u00f6r<\/strong> Artrit, Kronisk sm\u00e4rta, Depression, S\u00f6mnl\u00f6shet, Aptitl\u00f6shet, Migr\u00e4n, PTSD, Stress<\/li>\n<\/ul>\n<h3>Villkor l\u00e4ttade av Fire OG Cannabis Destillat<\/h3>\n<p>Med sin h\u00f6ga THC-inneh\u00e5ll, <strong>Fire OG Destillat<\/strong> rekommenderas s\u00e4rskilt f\u00f6r att hantera ett brett spektrum av symtom:<\/p>\n<ul>\n<li><strong>Kronisk sm\u00e4rta och artrit<\/strong> Lindrar ih\u00e5llande sm\u00e4rta och sp\u00e4nningar i kroppen.<\/li>\n<li><strong>S\u00f6mnl\u00f6shet och aptitl\u00f6shet<\/strong> : Fr\u00e4mjar djups\u00f6mn och stimulerar aptiten.<\/li>\n<li><strong>Depression och stress<\/strong> : Ger en k\u00e4nsla av lugn och lycka som f\u00f6rb\u00e4ttrar hum\u00f6ret.<\/li>\n<\/ul>\n<h3>Smak och doft av Fire OG THC Destillat<\/h3>\n<p>Le <strong>Fire OG THC Destillat<\/strong> f\u00f6rf\u00f6r med sina citrus-, citron- och tallsmaker, kompletterade med toner av \u00f6rter och kryddig s\u00f6tma. Dess jordiga, tr\u00e4iga doft, accentuerad av en touch av krydda, skapar en kraftfull och minnesv\u00e4rd doftupplevelse.<\/p>\n<ul>\n<li><strong>Smaker<\/strong> : Citrus, \u00d6rter, Citron, Tall, Kryddig, S\u00f6t<\/li>\n<li><strong>Dofter<\/strong> Jordig, skarp, tr\u00e4ig<\/li>\n<\/ul>\n<h3>Anv\u00e4ndning och dosering av Fire OG THC Destillate<\/h3>\n<p>Le <strong>Fire OG THC Destillat<\/strong> \u00e4r mycket kraftfull och erbjuder snabba och l\u00e5ngvariga effekter. F\u00f6r den b\u00e4sta upplevelsen, b\u00f6rja med en l\u00e5g dos, s\u00e4rskilt om du \u00e4r nyb\u00f6rjare, och \u00f6ka gradvis n\u00e4r din tolerans till\u00e5ter det. Detta destillat \u00e4r perfekt f\u00f6r anv\u00e4ndare som letar efter intensiv, l\u00e5ngvarig avkoppling.<\/p>\n<h3>Best\u00e4ll Fire OG THC Destillate online fr\u00e5n Pressure Zone Shop<\/h3>\n<p>Redo att uppt\u00e4cka kraften och de lugnande effekterna av <strong>Fire OG THC Destillat<\/strong> ? Best\u00e4ll nu p\u00e5 <a href=\"https:\/\/pressurezone.shop\/sv\/\" target=\"_new\" rel=\"noopener\">Tryckzonsbutik<\/a> f\u00f6r en ren, intensiv cannabisupplevelse, perfekt f\u00f6r effektiv lindring och djup avslappning. <strong>Fire OG THC Destillat<\/strong> \u00e4r det perfekta valet f\u00f6r avkopplande kv\u00e4llar och f\u00f6r att hantera kroniska besv\u00e4r.<\/p>\n<\/div>\n<\/div>\n<\/div>\n<\/div>\n<\/div>\n<\/div>","protected":false},"excerpt":{"rendered":"<p>Achetez le Fire OG Strain THC Distillate en Ligne en Europe sur Pressure Zone Shop D\u00e9couvrez le Fire OG Strain THC Distillate, un distillat puissant issu du croisement entre les vari\u00e9t\u00e9s embl\u00e9matiques OG Kush et San Fernando Valley OG Kush. Ce distillat hybride \u00e0 dominance indica (70% indica \/ 30% sativa) offre une exp\u00e9rience intense, [&hellip;]<\/p>","protected":false},"featured_media":3277,"comment_status":"closed","ping_status":"closed","template":"","meta":{"_uag_custom_page_level_css":"","site-sidebar-layout":"default","site-content-layout":"","ast-site-content-layout":"default","site-content-style":"default","site-sidebar-style":"default","ast-global-header-display":"","ast-banner-title-visibility":"","ast-main-header-display":"","ast-hfb-above-header-display":"","ast-hfb-below-header-display":"","ast-hfb-mobile-header-display":"","site-post-title":"","ast-breadcrumbs-content":"","ast-featured-img":"","footer-sml-layout":"","theme-transparent-header-meta":"default","adv-header-id-meta":"","stick-header-meta":"","header-above-stick-meta":"","header-main-stick-meta":"","header-below-stick-meta":"","astra-migrate-meta-layouts":"set","ast-page-background-enabled":"default","ast-page-background-meta":{"desktop":{"background-color":"","background-image":"","background-repeat":"repeat","background-position":"center center","background-size":"auto","background-attachment":"scroll","background-type":"","background-media":"","overlay-type":"","overlay-color":"","overlay-opacity":"","overlay-gradient":""},"tablet":{"background-color":"","background-image":"","background-repeat":"repeat","background-position":"center center","background-size":"auto","background-attachment":"scroll","background-type":"","background-media":"","overlay-type":"","overlay-color":"","overlay-opacity":"","overlay-gradient":""},"mobile":{"background-color":"","background-image":"","background-repeat":"repeat","background-position":"center center","background-size":"auto","background-attachment":"scroll","background-type":"","background-media":"","overlay-type":"","overlay-color":"","overlay-opacity":"","overlay-gradient":""}},"ast-content-background-meta":{"desktop":{"background-color":"var(--ast-global-color-5)","background-image":"","background-repeat":"repeat","background-position":"center center","background-size":"auto","background-attachment":"scroll","background-type":"","background-media":"","overlay-type":"","overlay-color":"","overlay-opacity":"","overlay-gradient":""},"tablet":{"background-color":"var(--ast-global-color-5)","background-image":"","background-repeat":"repeat","background-position":"center center","background-size":"auto","background-attachment":"scroll","background-type":"","background-media":"","overlay-type":"","overlay-color":"","overlay-opacity":"","overlay-gradient":""},"mobile":{"background-color":"var(--ast-global-color-5)","background-image":"","background-repeat":"repeat","background-position":"center center","background-size":"auto","background-attachment":"scroll","background-type":"","background-media":"","overlay-type":"","overlay-color":"","overlay-opacity":"","overlay-gradient":""}}},"product_brand":[],"product_cat":[334,367],"product_tag":[372,383,500,380],"class_list":{"0":"post-3192","1":"product","2":"type-product","3":"status-publish","4":"has-post-thumbnail","6":"product_cat-concentres-de-marijuana","7":"product_cat-thc-distillates","8":"product_tag-1ml-cannabis-oil-distillates-for-sale-europe","9":"product_tag-buy-fire-og-strain-thc-distillate-online-europe","10":"product_tag-fire-og-strain-thc-distillate","11":"product_tag-shop-1g-distillates-online","12":"desktop-align-left","13":"tablet-align-left","14":"mobile-align-left","16":"first","17":"instock","18":"shipping-taxable","19":"purchasable","20":"product-type-simple"},"uagb_featured_image_src":{"full":["https:\/\/pressurezone.shop\/wp-content\/uploads\/2024\/10\/Fire-OG-Strain-THC-Distillate.webp",2560,1707,false],"thumbnail":["https:\/\/pressurezone.shop\/wp-content\/uploads\/2024\/10\/Fire-OG-Strain-THC-Distillate-150x150.webp",150,150,true],"medium":["https:\/\/pressurezone.shop\/wp-content\/uploads\/2024\/10\/Fire-OG-Strain-THC-Distillate-300x200.webp",300,200,true],"medium_large":["https:\/\/pressurezone.shop\/wp-content\/uploads\/2024\/10\/Fire-OG-Strain-THC-Distillate-768x512.webp",768,512,true],"large":["https:\/\/pressurezone.shop\/wp-content\/uploads\/2024\/10\/Fire-OG-Strain-THC-Distillate-1024x683.webp",1024,683,true],"1536x1536":["https:\/\/pressurezone.shop\/wp-content\/uploads\/2024\/10\/Fire-OG-Strain-THC-Distillate-1536x1024.webp",1536,1024,true],"2048x2048":["https:\/\/pressurezone.shop\/wp-content\/uploads\/2024\/10\/Fire-OG-Strain-THC-Distillate-2048x1366.webp",2048,1366,true],"trp-custom-language-flag":["https:\/\/pressurezone.shop\/wp-content\/uploads\/2024\/10\/Fire-OG-Strain-THC-Distillate-18x12.webp",18,12,true],"woocommerce_thumbnail":["https:\/\/pressurezone.shop\/wp-content\/uploads\/2024\/10\/Fire-OG-Strain-THC-Distillate-300x300.webp",300,300,true],"woocommerce_single":["https:\/\/pressurezone.shop\/wp-content\/uploads\/2024\/10\/Fire-OG-Strain-THC-Distillate-600x400.webp",600,400,true],"woocommerce_gallery_thumbnail":["https:\/\/pressurezone.shop\/wp-content\/uploads\/2024\/10\/Fire-OG-Strain-THC-Distillate-100x100.webp",100,100,true]},"uagb_author_info":{"display_name":"pressurezone.shop","author_link":"https:\/\/pressurezone.shop\/sv\/author\/"},"uagb_comment_info":0,"uagb_excerpt":"Achetez le Fire OG Strain THC Distillate en Ligne en Europe sur Pressure Zone Shop D\u00e9couvrez le Fire OG Strain THC Distillate, un distillat puissant issu du croisement entre les vari\u00e9t\u00e9s embl\u00e9matiques OG Kush et San Fernando Valley OG Kush. Ce distillat hybride \u00e0 dominance indica (70% indica \/ 30% sativa) offre une exp\u00e9rience intense,&hellip;","_links":{"self":[{"href":"https:\/\/pressurezone.shop\/sv\/wp-json\/wp\/v2\/product\/3192"}],"collection":[{"href":"https:\/\/pressurezone.shop\/sv\/wp-json\/wp\/v2\/product"}],"about":[{"href":"https:\/\/pressurezone.shop\/sv\/wp-json\/wp\/v2\/types\/product"}],"replies":[{"embeddable":true,"href":"https:\/\/pressurezone.shop\/sv\/wp-json\/wp\/v2\/comments?post=3192"}],"version-history":[{"count":3,"href":"https:\/\/pressurezone.shop\/sv\/wp-json\/wp\/v2\/product\/3192\/revisions"}],"predecessor-version":[{"id":4088,"href":"https:\/\/pressurezone.shop\/sv\/wp-json\/wp\/v2\/product\/3192\/revisions\/4088"}],"wp:featuredmedia":[{"embeddable":true,"href":"https:\/\/pressurezone.shop\/sv\/wp-json\/wp\/v2\/media\/3277"}],"wp:attachment":[{"href":"https:\/\/pressurezone.shop\/sv\/wp-json\/wp\/v2\/media?parent=3192"}],"wp:term":[{"taxonomy":"product_brand","embeddable":true,"href":"https:\/\/pressurezone.shop\/sv\/wp-json\/wp\/v2\/product_brand?post=3192"},{"taxonomy":"product_cat","embeddable":true,"href":"https:\/\/pressurezone.shop\/sv\/wp-json\/wp\/v2\/product_cat?post=3192"},{"taxonomy":"product_tag","embeddable":true,"href":"https:\/\/pressurezone.shop\/sv\/wp-json\/wp\/v2\/product_tag?post=3192"}],"curies":[{"name":"wp","href":"https:\/\/api.w.org\/{rel}","templated":true}]}}