{"id":3197,"date":"2024-10-11T00:55:16","date_gmt":"2024-10-10T22:55:16","guid":{"rendered":"https:\/\/pressurezone.shop\/?post_type=product&#038;p=3197"},"modified":"2024-11-04T00:58:31","modified_gmt":"2024-11-03T23:58:31","slug":"og-kush-strain-thc-distillate","status":"publish","type":"product","link":"https:\/\/pressurezone.shop\/sv\/produkt\/og-kush-stam-thc-destillat\/","title":{"rendered":"OG Kush-sort THC Destillat"},"content":{"rendered":"<h3><strong>K\u00f6p OG Kush Strain THC-destillat online i Europa p\u00e5 <a href=\"https:\/\/pressurezone.shop\/sv\/\" target=\"_new\" rel=\"noopener\">Tryckzonsbutik<\/a><\/strong><\/h3>\n<p>Uppt\u00e4ck de <strong>OG Kush-sort THC Destillat<\/strong>en koncentrerad version av den ber\u00f6mda <strong>OG Kush<\/strong>en n\u00e5got dominant sativa-hybrid. Resultatet av en korsning mellan den emblematiska <strong>Chemdawg<\/strong> och <strong>Hindu Kush<\/strong>Detta THC-destillat ger en balanserad och kraftfull effekt, perfekt f\u00f6r dem som s\u00f6ker mental och fysisk avkoppling med en touch av mental klarhet.<\/p>\n<h3>Varf\u00f6r v\u00e4lja OG Kush Strain THC Destillate?<\/h3>\n<p>Le <strong>OG Kush THC Destillat<\/strong> \u00e4r utformad f\u00f6r att ge en intensiv, l\u00e5ngvarig cannabisupplevelse, perfekt f\u00f6r anv\u00e4ndare som letar efter en snabb, kraftfull h\u00f6g. Med en smakprofil rik p\u00e5 citrus- och tallnoter \u00e4r detta destillat en hyllning till de ursprungliga smakerna fr\u00e5n OG Kush. Oavsett om du letar efter en euforisk high eller sp\u00e4nningslindring \u00e4r OG Kush den perfekta allierade.<a href=\"https:\/\/fuelpackz.com\/\" target=\"_blank\" rel=\"noopener\">.<\/a><\/p>\n<ul>\n<li><strong>Typ<\/strong> Hybrid N\u00e5got dominerande i Sativa<\/li>\n<li><strong>Ursprung<\/strong> Chemdawg X Hindu Kush korsning<\/li>\n<\/ul>\n<h3>Effekter och f\u00f6rdelar med OG Kush THC-destillat<\/h3>\n<p>Le <strong>OG Kush THC Destillat<\/strong> ger en avslappnande och lycklig upplevelse som kombinerar stimulerande cerebrala effekter med djup fysisk avslappning. Detta destillat \u00e4r perfekt f\u00f6r att umg\u00e5s eller bara varva ner i slutet av dagen och \u00e4r ocks\u00e5 effektivt f\u00f6r att lindra en m\u00e4ngd olika symtom.<\/p>\n<ul>\n<li><strong>Effekter<\/strong> Eufori, skratt, aptit, avslappning, s\u00e4llskaplighet<\/li>\n<li><strong>Perfekt f\u00f6r<\/strong> \u00c5ngest, Aptitl\u00f6shet, Depression, Huvudv\u00e4rk, Migr\u00e4n, Hum\u00f6rsv\u00e4ngningar, Illam\u00e5ende, Stress<\/li>\n<\/ul>\n<h3>Villkor lindras av OG Kush Cannabis-destillat<\/h3>\n<p>Med sitt h\u00f6ga THC-inneh\u00e5ll och balanserade effekter, <strong>OG Kush Destillat<\/strong> rekommenderas ofta f\u00f6r att lindra en rad olika symtom:<\/p>\n<ul>\n<li><strong>\u00c5ngest och depression<\/strong> Bidrar till att stabilisera hum\u00f6ret och fr\u00e4mja en k\u00e4nsla av v\u00e4lbefinnande.<\/li>\n<li><strong>Migr\u00e4n och huvudv\u00e4rk<\/strong> Effektiv sm\u00e4rtlindring med lugnande effekt.<\/li>\n<li><strong>Aptitl\u00f6shet och illam\u00e5ende<\/strong> Stimulerar aptiten och lindrar matsm\u00e4ltningsproblem.<\/li>\n<\/ul>\n<h3>Smak och doft av OG Kush THC Destillat<\/h3>\n<p>Le <strong>OG Kush THC Destillat<\/strong> erbjuder en smakupplevelse pr\u00e4glad av toner av <strong>citrus<\/strong>av <strong>tall<\/strong> och <strong>skogbevuxen<\/strong> med en skunky touch. Dess arom \u00e4r lika komplex, med jordn\u00e4ra, sura nyanser som p\u00e5minner om \u00e4ktheten hos OG Kush-sorten.<\/p>\n<ul>\n<li><strong>Smaker<\/strong> : Citrus, \u00f6rter, tall, skunky, syrad, tr\u00e4ig<\/li>\n<li><strong>Dofter<\/strong> Citrus, Jordig, Kryddig, Skunkig, Tr\u00e4ig<\/li>\n<\/ul>\n<h3>Anv\u00e4ndning och dosering av OG Kush THC Destillate<\/h3>\n<p>Le <strong>OG Kush THC Destillat<\/strong> \u00e4r otroligt kraftfull, med effekter som kan ta tag snabbt och h\u00e5lla l\u00e4nge. F\u00f6r b\u00e4sta m\u00f6jliga upplevelse, b\u00f6rja med en l\u00e5g dos och \u00f6ka gradvis n\u00e4r din tolerans till\u00e5ter det. Oavsett om du anv\u00e4nder det i vape-pennor eller l\u00e4gger till det i dina recept, \u00e4r detta destillat ett f\u00f6rstahandsalternativ f\u00f6r erfarna anv\u00e4ndare.<\/p>\n<h3>Best\u00e4ll OG Kush THC-destillat online fr\u00e5n Pressure Zone Shop<\/h3>\n<p>Redo att uppt\u00e4cka den kraftfulla effekten och de autentiska smakerna av <strong>OG Kush THC Destillat<\/strong> ? Best\u00e4ll nu p\u00e5 <a href=\"https:\/\/pressurezone.shop\/sv\/\" target=\"_new\" rel=\"noopener\">Tryckzonsbutik<\/a> f\u00f6r en ren och tillfredsst\u00e4llande cannabisupplevelse. Njut av en balanserad, stimulerande high som lindrar din v\u00e4rk och lyfter din sj\u00e4l. <strong>OG Kush THC Destillat<\/strong> \u00e4r det perfekta valet f\u00f6r avkoppling av h\u00f6gsta kvalitet.<\/p>","protected":false},"excerpt":{"rendered":"<p>Achetez le OG Kush Strain THC Distillate en Ligne en Europe sur Pressure Zone Shop D\u00e9couvrez le OG Kush Strain THC Distillate, une version concentr\u00e9e de la c\u00e9l\u00e8bre vari\u00e9t\u00e9 OG Kush, un hybride l\u00e9g\u00e8rement dominant en sativa. Issu du croisement entre les souches embl\u00e9matiques Chemdawg et Hindu Kush, ce distillat de THC offre un effet [&hellip;]<\/p>","protected":false},"featured_media":3279,"comment_status":"closed","ping_status":"closed","template":"","meta":{"_uag_custom_page_level_css":"","site-sidebar-layout":"default","site-content-layout":"","ast-site-content-layout":"default","site-content-style":"default","site-sidebar-style":"default","ast-global-header-display":"","ast-banner-title-visibility":"","ast-main-header-display":"","ast-hfb-above-header-display":"","ast-hfb-below-header-display":"","ast-hfb-mobile-header-display":"","site-post-title":"","ast-breadcrumbs-content":"","ast-featured-img":"","footer-sml-layout":"","theme-transparent-header-meta":"default","adv-header-id-meta":"","stick-header-meta":"","header-above-stick-meta":"","header-main-stick-meta":"","header-below-stick-meta":"","astra-migrate-meta-layouts":"set","ast-page-background-enabled":"default","ast-page-background-meta":{"desktop":{"background-color":"","background-image":"","background-repeat":"repeat","background-position":"center center","background-size":"auto","background-attachment":"scroll","background-type":"","background-media":"","overlay-type":"","overlay-color":"","overlay-opacity":"","overlay-gradient":""},"tablet":{"background-color":"","background-image":"","background-repeat":"repeat","background-position":"center center","background-size":"auto","background-attachment":"scroll","background-type":"","background-media":"","overlay-type":"","overlay-color":"","overlay-opacity":"","overlay-gradient":""},"mobile":{"background-color":"","background-image":"","background-repeat":"repeat","background-position":"center center","background-size":"auto","background-attachment":"scroll","background-type":"","background-media":"","overlay-type":"","overlay-color":"","overlay-opacity":"","overlay-gradient":""}},"ast-content-background-meta":{"desktop":{"background-color":"var(--ast-global-color-5)","background-image":"","background-repeat":"repeat","background-position":"center center","background-size":"auto","background-attachment":"scroll","background-type":"","background-media":"","overlay-type":"","overlay-color":"","overlay-opacity":"","overlay-gradient":""},"tablet":{"background-color":"var(--ast-global-color-5)","background-image":"","background-repeat":"repeat","background-position":"center center","background-size":"auto","background-attachment":"scroll","background-type":"","background-media":"","overlay-type":"","overlay-color":"","overlay-opacity":"","overlay-gradient":""},"mobile":{"background-color":"var(--ast-global-color-5)","background-image":"","background-repeat":"repeat","background-position":"center center","background-size":"auto","background-attachment":"scroll","background-type":"","background-media":"","overlay-type":"","overlay-color":"","overlay-opacity":"","overlay-gradient":""}}},"product_brand":[],"product_cat":[334,367],"product_tag":[384,378,379],"class_list":{"0":"post-3197","1":"product","2":"type-product","3":"status-publish","4":"has-post-thumbnail","6":"product_cat-concentres-de-marijuana","7":"product_cat-thc-distillates","8":"product_tag-buy-og-kush-strain-thc-distillate-europe","9":"product_tag-cannabis-distillates-for-sale-uk","10":"product_tag-order-thc-distillates-europe","11":"desktop-align-left","12":"tablet-align-left","13":"mobile-align-left","15":"first","16":"instock","17":"shipping-taxable","18":"purchasable","19":"product-type-simple"},"uagb_featured_image_src":{"full":["https:\/\/pressurezone.shop\/wp-content\/uploads\/2024\/10\/Buy-OG-Kush-Strain-THC-Distillate.webp",2560,1707,false],"thumbnail":["https:\/\/pressurezone.shop\/wp-content\/uploads\/2024\/10\/Buy-OG-Kush-Strain-THC-Distillate-150x150.webp",150,150,true],"medium":["https:\/\/pressurezone.shop\/wp-content\/uploads\/2024\/10\/Buy-OG-Kush-Strain-THC-Distillate-300x200.webp",300,200,true],"medium_large":["https:\/\/pressurezone.shop\/wp-content\/uploads\/2024\/10\/Buy-OG-Kush-Strain-THC-Distillate-768x512.webp",768,512,true],"large":["https:\/\/pressurezone.shop\/wp-content\/uploads\/2024\/10\/Buy-OG-Kush-Strain-THC-Distillate-1024x683.webp",1024,683,true],"1536x1536":["https:\/\/pressurezone.shop\/wp-content\/uploads\/2024\/10\/Buy-OG-Kush-Strain-THC-Distillate-1536x1024.webp",1536,1024,true],"2048x2048":["https:\/\/pressurezone.shop\/wp-content\/uploads\/2024\/10\/Buy-OG-Kush-Strain-THC-Distillate-2048x1366.webp",2048,1366,true],"trp-custom-language-flag":["https:\/\/pressurezone.shop\/wp-content\/uploads\/2024\/10\/Buy-OG-Kush-Strain-THC-Distillate-18x12.webp",18,12,true],"woocommerce_thumbnail":["https:\/\/pressurezone.shop\/wp-content\/uploads\/2024\/10\/Buy-OG-Kush-Strain-THC-Distillate-300x300.webp",300,300,true],"woocommerce_single":["https:\/\/pressurezone.shop\/wp-content\/uploads\/2024\/10\/Buy-OG-Kush-Strain-THC-Distillate-600x400.webp",600,400,true],"woocommerce_gallery_thumbnail":["https:\/\/pressurezone.shop\/wp-content\/uploads\/2024\/10\/Buy-OG-Kush-Strain-THC-Distillate-100x100.webp",100,100,true]},"uagb_author_info":{"display_name":"pressurezone.shop","author_link":"https:\/\/pressurezone.shop\/sv\/author\/"},"uagb_comment_info":0,"uagb_excerpt":"Achetez le OG Kush Strain THC Distillate en Ligne en Europe sur Pressure Zone Shop D\u00e9couvrez le OG Kush Strain THC Distillate, une version concentr\u00e9e de la c\u00e9l\u00e8bre vari\u00e9t\u00e9 OG Kush, un hybride l\u00e9g\u00e8rement dominant en sativa. Issu du croisement entre les souches embl\u00e9matiques Chemdawg et Hindu Kush, ce distillat de THC offre un effet&hellip;","_links":{"self":[{"href":"https:\/\/pressurezone.shop\/sv\/wp-json\/wp\/v2\/product\/3197"}],"collection":[{"href":"https:\/\/pressurezone.shop\/sv\/wp-json\/wp\/v2\/product"}],"about":[{"href":"https:\/\/pressurezone.shop\/sv\/wp-json\/wp\/v2\/types\/product"}],"replies":[{"embeddable":true,"href":"https:\/\/pressurezone.shop\/sv\/wp-json\/wp\/v2\/comments?post=3197"}],"version-history":[{"count":3,"href":"https:\/\/pressurezone.shop\/sv\/wp-json\/wp\/v2\/product\/3197\/revisions"}],"predecessor-version":[{"id":4084,"href":"https:\/\/pressurezone.shop\/sv\/wp-json\/wp\/v2\/product\/3197\/revisions\/4084"}],"wp:featuredmedia":[{"embeddable":true,"href":"https:\/\/pressurezone.shop\/sv\/wp-json\/wp\/v2\/media\/3279"}],"wp:attachment":[{"href":"https:\/\/pressurezone.shop\/sv\/wp-json\/wp\/v2\/media?parent=3197"}],"wp:term":[{"taxonomy":"product_brand","embeddable":true,"href":"https:\/\/pressurezone.shop\/sv\/wp-json\/wp\/v2\/product_brand?post=3197"},{"taxonomy":"product_cat","embeddable":true,"href":"https:\/\/pressurezone.shop\/sv\/wp-json\/wp\/v2\/product_cat?post=3197"},{"taxonomy":"product_tag","embeddable":true,"href":"https:\/\/pressurezone.shop\/sv\/wp-json\/wp\/v2\/product_tag?post=3197"}],"curies":[{"name":"wp","href":"https:\/\/api.w.org\/{rel}","templated":true}]}}