{"id":3198,"date":"2024-10-11T00:55:16","date_gmt":"2024-10-10T22:55:16","guid":{"rendered":"https:\/\/pressurezone.shop\/?post_type=product&#038;p=3198"},"modified":"2024-11-04T01:18:48","modified_gmt":"2024-11-04T00:18:48","slug":"lime-strain-cannabis-thc-distillate","status":"publish","type":"product","link":"https:\/\/pressurezone.shop\/sv\/produkt\/lime-stam-cannabis-thc-destillat\/","title":{"rendered":"Lime Strain Cannabis THC Destillat"},"content":{"rendered":"<h3><strong>K\u00f6p Lime Strain Cannabis THC-destillat online i Europa p\u00e5 <a href=\"https:\/\/pressurezone.shop\/sv\/\" target=\"_new\" rel=\"noopener\">Tryckzonsbutik<\/a><\/strong><\/h3>\n<p>Uppt\u00e4ck de <strong>Lime Strain Cannabis THC Destillat<\/strong>ett exceptionellt THC-destillat baserat p\u00e5 sorten <strong>Lime OG<\/strong> eller <strong>Lime Kush<\/strong>. Detta destillat, en korsning mellan den ber\u00f6mda <strong>OG Kush<\/strong> och en ok\u00e4nd hybrid indica-sort, \u00e4r perfekt f\u00f6r cannabis\u00e4lskare som vill ha en upplevelse rik p\u00e5 citrussmaker och lugnande avslappning.<a href=\"https:\/\/fuelpackz.com\/\" target=\"_blank\" rel=\"noopener\">.<\/a><\/p>\n<h3>Varf\u00f6r v\u00e4lja Lime Strain Cannabis THC Destillate?<\/h3>\n<p>Le <strong>Kalk THC Destillat<\/strong> utm\u00e4rker sig f\u00f6r sina livliga smaker och sin unika avslappnande effekt. Detta destillat erbjuder en uppfriskande smakupplevelse med en uttalad smak av <strong>fil<\/strong>av <strong>Kush<\/strong>och en touch av \u00f6rter. Lime THC Distillate \u00e4r perfekt f\u00f6r att koppla av i slutet av dagen och fr\u00e4mjar ett tillst\u00e5nd av lugn och djupt v\u00e4lbefinnande.<\/p>\n<ul>\n<li><strong>Typ<\/strong> Indica-dominerande hybrid<\/li>\n<li><strong>Ursprung<\/strong> Korsning mellan OG Kush och en indica hybrid sort<\/li>\n<\/ul>\n<h3>Effekter och f\u00f6rdelar med Lime Strain THC Destillate<\/h3>\n<p>Le <strong>Kalk THC Destillat<\/strong> ger en balanserad h\u00f6g, initialt euforisk, som sedan utvecklas till en djup kroppslig lugnande. Detta destillat \u00e4r perfekt f\u00f6r att hj\u00e4lpa dig att varva ner efter en l\u00e5ng dag och v\u00e4ljs ofta f\u00f6r sina lugnande, avslappnande effekter, vilket fr\u00e4mjar djup, vilsam s\u00f6mn.<\/p>\n<ul>\n<li><strong>Effekter<\/strong> Kroppsh\u00f6g, eufori, koncentration, avslappning, hum\u00f6rh\u00f6jning<\/li>\n<li><strong>Perfekt f\u00f6r<\/strong> \u00c5ngest, Depression, Tr\u00f6tthet, S\u00f6mnl\u00f6shet, Stress<\/li>\n<\/ul>\n<h3>Tillst\u00e5nd som lindras av Lime Cannabis-destillat<\/h3>\n<p>Tack vare dess h\u00f6ga THC-inneh\u00e5ll (18-20%) och dess lugnande effekter, <strong>Kalk THC Destillat<\/strong> rekommenderas ofta f\u00f6r att hantera olika fysiska och psykiska st\u00f6rningar:<\/p>\n<ul>\n<li><strong>S\u00f6mnl\u00f6shet och tr\u00f6tthet<\/strong> Idealisk f\u00f6r en vilsam s\u00f6mn.<\/li>\n<li><strong>Stress och \u00e5ngest<\/strong> Lugnar sinnet och hj\u00e4lper till att minska sp\u00e4nningar.<\/li>\n<li><strong>Kronisk sm\u00e4rta och muskelspasmer<\/strong> Lindrar v\u00e4rk i kroppen och f\u00f6rb\u00e4ttrar den fysiska komforten.<\/li>\n<\/ul>\n<h3>Smak och doft av Lime Strain THC Destillat<\/h3>\n<p>Le <strong>Lime Strain THC Destillat<\/strong> f\u00f6rtrollar sinnena med sina intensiva citrus- och limesmaker, kompletterade med tr\u00e4iga och kryddiga toner. Doften \u00e4r lika anm\u00e4rkningsv\u00e4rd, med en jordig, pinjeaktig doft som kombineras med friskheten fr\u00e5n lime f\u00f6r att skapa en trevlig och uppfriskande aromatisk upplevelse.<\/p>\n<ul>\n<li><strong>Smaker<\/strong> : Citrus, Citron, Lime, Tall, Syrlig, S\u00f6t, Tr\u00e4ig<\/li>\n<li><strong>Dofter<\/strong> Citrus, Jordig, Lime, Tall, Syrlig, Tr\u00e4ig<\/li>\n<\/ul>\n<h3>Anv\u00e4ndning och dosering av Lime Strain THC Destillate<\/h3>\n<p>Le <strong>Kalk THC Destillat<\/strong> \u00e4r utformad f\u00f6r destillatentusiaster som letar efter en snabb, l\u00e5ngvarig h\u00f6g. Oavsett om du anv\u00e4nder det f\u00f6r vaping, i \u00e4tbara produkter eller i en dab-rigg, b\u00f6rja alltid med en l\u00e5g dos f\u00f6r att justera efter din tolerans. Detta destillat \u00e4r ett utm\u00e4rkt val f\u00f6r stunder av djup avslappning och avkopplande kv\u00e4llar.<\/p>\n<h3>Best\u00e4ll Lime Strain Cannabis THC Destillate online fr\u00e5n Pressure Zone Shop<\/h3>\n<p>Redo att uppt\u00e4cka det lugnande ruset och de uppfriskande smakerna av <strong>Lime Strain THC Destillat<\/strong> ? Best\u00e4ll nu p\u00e5 <a href=\"https:\/\/pressurezone.shop\/sv\/\" target=\"_new\" rel=\"noopener\">Tryckzonsbutik<\/a> f\u00f6r en unik cannabisupplevelse, perfekt f\u00f6r att lindra sp\u00e4nningar samtidigt som du njuter av en uppfriskande ren lime-smak. <strong>Kalk THC Destillat<\/strong> \u00e4r det perfekta valet f\u00f6r optimal lugnande och avslappning<\/p>","protected":false},"excerpt":{"rendered":"<p>Sativa Dominant Hybrid - (60% Sativa\/40% Indica)<\/p>","protected":false},"featured_media":3283,"comment_status":"closed","ping_status":"closed","template":"","meta":{"_uag_custom_page_level_css":"","site-sidebar-layout":"default","site-content-layout":"","ast-site-content-layout":"default","site-content-style":"default","site-sidebar-style":"default","ast-global-header-display":"","ast-banner-title-visibility":"","ast-main-header-display":"","ast-hfb-above-header-display":"","ast-hfb-below-header-display":"","ast-hfb-mobile-header-display":"","site-post-title":"","ast-breadcrumbs-content":"","ast-featured-img":"","footer-sml-layout":"","theme-transparent-header-meta":"default","adv-header-id-meta":"","stick-header-meta":"","header-above-stick-meta":"","header-main-stick-meta":"","header-below-stick-meta":"","astra-migrate-meta-layouts":"set","ast-page-background-enabled":"default","ast-page-background-meta":{"desktop":{"background-color":"","background-image":"","background-repeat":"repeat","background-position":"center center","background-size":"auto","background-attachment":"scroll","background-type":"","background-media":"","overlay-type":"","overlay-color":"","overlay-opacity":"","overlay-gradient":""},"tablet":{"background-color":"","background-image":"","background-repeat":"repeat","background-position":"center center","background-size":"auto","background-attachment":"scroll","background-type":"","background-media":"","overlay-type":"","overlay-color":"","overlay-opacity":"","overlay-gradient":""},"mobile":{"background-color":"","background-image":"","background-repeat":"repeat","background-position":"center center","background-size":"auto","background-attachment":"scroll","background-type":"","background-media":"","overlay-type":"","overlay-color":"","overlay-opacity":"","overlay-gradient":""}},"ast-content-background-meta":{"desktop":{"background-color":"var(--ast-global-color-5)","background-image":"","background-repeat":"repeat","background-position":"center center","background-size":"auto","background-attachment":"scroll","background-type":"","background-media":"","overlay-type":"","overlay-color":"","overlay-opacity":"","overlay-gradient":""},"tablet":{"background-color":"var(--ast-global-color-5)","background-image":"","background-repeat":"repeat","background-position":"center center","background-size":"auto","background-attachment":"scroll","background-type":"","background-media":"","overlay-type":"","overlay-color":"","overlay-opacity":"","overlay-gradient":""},"mobile":{"background-color":"var(--ast-global-color-5)","background-image":"","background-repeat":"repeat","background-position":"center center","background-size":"auto","background-attachment":"scroll","background-type":"","background-media":"","overlay-type":"","overlay-color":"","overlay-opacity":"","overlay-gradient":""}}},"product_brand":[],"product_cat":[334,367],"product_tag":[385],"class_list":{"0":"post-3198","1":"product","2":"type-product","3":"status-publish","4":"has-post-thumbnail","6":"product_cat-concentres-de-marijuana","7":"product_cat-thc-distillates","8":"product_tag-order-lime-strain-cannabis-thc-distillate-europe","9":"desktop-align-left","10":"tablet-align-left","11":"mobile-align-left","13":"first","14":"instock","15":"shipping-taxable","16":"purchasable","17":"product-type-simple"},"uagb_featured_image_src":{"full":["https:\/\/pressurezone.shop\/wp-content\/uploads\/2024\/10\/Lime-Strain-Cannabis-THC-Distillate.webp",2560,1707,false],"thumbnail":["https:\/\/pressurezone.shop\/wp-content\/uploads\/2024\/10\/Lime-Strain-Cannabis-THC-Distillate-150x150.webp",150,150,true],"medium":["https:\/\/pressurezone.shop\/wp-content\/uploads\/2024\/10\/Lime-Strain-Cannabis-THC-Distillate-300x200.webp",300,200,true],"medium_large":["https:\/\/pressurezone.shop\/wp-content\/uploads\/2024\/10\/Lime-Strain-Cannabis-THC-Distillate-768x512.webp",768,512,true],"large":["https:\/\/pressurezone.shop\/wp-content\/uploads\/2024\/10\/Lime-Strain-Cannabis-THC-Distillate-1024x683.webp",1024,683,true],"1536x1536":["https:\/\/pressurezone.shop\/wp-content\/uploads\/2024\/10\/Lime-Strain-Cannabis-THC-Distillate-1536x1024.webp",1536,1024,true],"2048x2048":["https:\/\/pressurezone.shop\/wp-content\/uploads\/2024\/10\/Lime-Strain-Cannabis-THC-Distillate-2048x1366.webp",2048,1366,true],"trp-custom-language-flag":["https:\/\/pressurezone.shop\/wp-content\/uploads\/2024\/10\/Lime-Strain-Cannabis-THC-Distillate-18x12.webp",18,12,true],"woocommerce_thumbnail":["https:\/\/pressurezone.shop\/wp-content\/uploads\/2024\/10\/Lime-Strain-Cannabis-THC-Distillate-300x300.webp",300,300,true],"woocommerce_single":["https:\/\/pressurezone.shop\/wp-content\/uploads\/2024\/10\/Lime-Strain-Cannabis-THC-Distillate-600x400.webp",600,400,true],"woocommerce_gallery_thumbnail":["https:\/\/pressurezone.shop\/wp-content\/uploads\/2024\/10\/Lime-Strain-Cannabis-THC-Distillate-100x100.webp",100,100,true]},"uagb_author_info":{"display_name":"pressurezone.shop","author_link":"https:\/\/pressurezone.shop\/sv\/author\/"},"uagb_comment_info":0,"uagb_excerpt":"Sativa Dominant Hybrid \u2013 (60% Sativa\/40% Indica)","_links":{"self":[{"href":"https:\/\/pressurezone.shop\/sv\/wp-json\/wp\/v2\/product\/3198"}],"collection":[{"href":"https:\/\/pressurezone.shop\/sv\/wp-json\/wp\/v2\/product"}],"about":[{"href":"https:\/\/pressurezone.shop\/sv\/wp-json\/wp\/v2\/types\/product"}],"replies":[{"embeddable":true,"href":"https:\/\/pressurezone.shop\/sv\/wp-json\/wp\/v2\/comments?post=3198"}],"version-history":[{"count":3,"href":"https:\/\/pressurezone.shop\/sv\/wp-json\/wp\/v2\/product\/3198\/revisions"}],"predecessor-version":[{"id":4092,"href":"https:\/\/pressurezone.shop\/sv\/wp-json\/wp\/v2\/product\/3198\/revisions\/4092"}],"wp:featuredmedia":[{"embeddable":true,"href":"https:\/\/pressurezone.shop\/sv\/wp-json\/wp\/v2\/media\/3283"}],"wp:attachment":[{"href":"https:\/\/pressurezone.shop\/sv\/wp-json\/wp\/v2\/media?parent=3198"}],"wp:term":[{"taxonomy":"product_brand","embeddable":true,"href":"https:\/\/pressurezone.shop\/sv\/wp-json\/wp\/v2\/product_brand?post=3198"},{"taxonomy":"product_cat","embeddable":true,"href":"https:\/\/pressurezone.shop\/sv\/wp-json\/wp\/v2\/product_cat?post=3198"},{"taxonomy":"product_tag","embeddable":true,"href":"https:\/\/pressurezone.shop\/sv\/wp-json\/wp\/v2\/product_tag?post=3198"}],"curies":[{"name":"wp","href":"https:\/\/api.w.org\/{rel}","templated":true}]}}