{"id":3216,"date":"2024-10-11T00:55:39","date_gmt":"2024-10-10T22:55:39","guid":{"rendered":"https:\/\/pressurezone.shop\/?post_type=product&#038;p=3216"},"modified":"2024-11-04T01:32:31","modified_gmt":"2024-11-04T00:32:31","slug":"pineapple-express-thc-distillate-oil","status":"publish","type":"product","link":"https:\/\/pressurezone.shop\/sv\/produkt\/ananas-express-thc-destillerad-olja\/","title":{"rendered":"Pineapple Express THC destillerad olja"},"content":{"rendered":"<h3><strong>K\u00f6p Pineapple Express THC Destillate Oil online i Europa p\u00e5 <a href=\"https:\/\/pressurezone.shop\/sv\/\" target=\"_new\" rel=\"noopener\">Tryckzonsbutik<\/a><\/strong><\/h3>\n<p>Uppt\u00e4ck de <strong>Pineapple Express Strain THC Destillatolja<\/strong>ett kraftfullt destillat inspirerat av den ber\u00f6mda sativa-dominerande sorten <strong>Pineapple Express<\/strong>. Med ett sativa\/indica-f\u00f6rh\u00e5llande p\u00e5 60:40 erbjuder detta THC-destillat en euforisk och uppfriskande upplevelse, perfekt f\u00f6r dem som vill lindra sm\u00e4rta samtidigt som de njuter av en k\u00e4nsla av mental klarhet.<\/p>\n<h3>Varf\u00f6r v\u00e4lja Pineapple Express THC Distillate Oil?<\/h3>\n<p>Le <strong>Pineapple Express THC destillerad olja<\/strong> framst\u00e4lls med hj\u00e4lp av terpener av h\u00f6g kvalitet som \u00e5terinf\u00f6rs under reningsprocessen f\u00f6r att bevara de autentiska aromerna och smakerna hos <strong>Pineapple Express<\/strong>. Detta destillat erbjuder en THC-koncentration p\u00e5 93%, vilket g\u00f6r det till det perfekta valet f\u00f6r anv\u00e4ndare som letar efter snabba, kraftfulla effekter.<a href=\"https:\/\/fuelpackz.com\/\" target=\"_blank\" rel=\"noopener\">.<\/a><\/p>\n<ul>\n<li><strong>Typ<\/strong> Sativa-Dominant Hybrid (60% Sativa \/ 40% Indica)<\/li>\n<li><strong>THC-koncentration<\/strong> 93%, f\u00f6r en intensiv och l\u00e5ngvarig upplevelse<\/li>\n<\/ul>\n<h3>Effekter och f\u00f6rdelar med Pineapple Express THC Destillate Oil<\/h3>\n<p>Le <strong>Pineapple Express THC destillerad olja<\/strong> ger ett stimulerande och euforiskt rus samtidigt som det f\u00f6rb\u00e4ttrar koncentrationen. Med sina milda, energigivande effekter \u00e4r den idealisk f\u00f6r anv\u00e4ndning under dagen, samtidigt som den ger effektiv lindring av sm\u00e4rta och stress.<\/p>\n<ul>\n<li><strong>Effekter<\/strong> Eufori, Fokus, Mental klarhet<\/li>\n<li><strong>Perfekt f\u00f6r<\/strong> Kronisk sm\u00e4rta, Depression, Tr\u00f6tthet, Aptitl\u00f6shet, Migr\u00e4n, Illam\u00e5ende<\/li>\n<\/ul>\n<h3>Tillst\u00e5nd som lindras av Pineapple Express Distillate<\/h3>\n<p>Tack vare dess h\u00f6ga THC-inneh\u00e5ll, <strong>Pineapple Express THC destillerad olja<\/strong> \u00e4r idealisk f\u00f6r att lindra en m\u00e4ngd olika fysiska och psykiska \u00e5kommor:<\/p>\n<ul>\n<li><strong>Kronisk sm\u00e4rta och migr\u00e4n<\/strong> Effektiv lindring av ih\u00e5llande sm\u00e4rta.<\/li>\n<li><strong>Aptitl\u00f6shet och illam\u00e5ende<\/strong> Stimulerar aptiten och hj\u00e4lper till att minska illam\u00e5ende.<\/li>\n<li><strong>Depression och tr\u00f6tthet<\/strong> F\u00f6rb\u00e4ttrar hum\u00f6ret och \u00f6kar energin.<\/li>\n<\/ul>\n<h3>Smak och doft av Pineapple Express THC destillatolja<\/h3>\n<p>Le <strong>Pineapple Express THC destillerad olja<\/strong> f\u00f6rn\u00f6jer sinnena med tropiska smaker fr\u00e5n <strong>citron<\/strong>, <strong>ananas<\/strong> och <strong>tall<\/strong>En fr\u00e4sch, len smakupplevelse. Dess doft av <strong>jord<\/strong>av <strong>tall<\/strong> och <strong>tropiska frukter<\/strong> bidrar till upplevelsen genom att framkalla \u00f6arnas v\u00e4rme.<\/p>\n<ul>\n<li><strong>Smaker<\/strong> : Citrus, Pine, Ananas, S\u00f6t, Tropisk<\/li>\n<li><strong>Dofter<\/strong> Jordig, Tall, Ananas, S\u00f6t<\/li>\n<\/ul>\n<h3>Anv\u00e4ndning och dosering av Pineapple Express THC Destillate Oil<\/h3>\n<p>Le <strong>Pineapple Express THC destillerad olja<\/strong> \u00e4r extremt potent, med en h\u00f6g koncentration av THC. B\u00f6rja med en l\u00e5g dos och \u00f6ka gradvis i enlighet med din tolerans f\u00f6r en trevlig, kontrollerad upplevelse. Detta destillat \u00e4r idealiskt f\u00f6r erfarna anv\u00e4ndare som letar efter en l\u00e5ngvarig euforisk h\u00f6g.<\/p>\n<h3>Best\u00e4ll Pineapple Express Strain THC destillatolja online fr\u00e5n Pressure Zone Shop<\/h3>\n<p>Redo f\u00f6r den exotiska och stimulerande upplevelsen av <strong>Pineapple Express THC destillerad olja<\/strong> ? Best\u00e4ll nu p\u00e5 <a href=\"https:\/\/pressurezone.shop\/sv\/\" target=\"_new\" rel=\"noopener\">Tryckzonsbutik<\/a> f\u00f6r tillg\u00e5ng till ett destillat av h\u00f6gsta kvalitet, perfekt f\u00f6r att lindra sm\u00e4rta och \u00e5terst\u00e4lla energi. <strong>Pineapple Express<\/strong> \u00e4r det perfekta valet f\u00f6r tropisk avkoppling och effektiv lindring.<\/p>","protected":false},"excerpt":{"rendered":"<ul>\n<li>93% THC per ml<\/li>\n<\/ul>","protected":false},"featured_media":3285,"comment_status":"closed","ping_status":"closed","template":"","meta":{"_uag_custom_page_level_css":"","site-sidebar-layout":"default","site-content-layout":"","ast-site-content-layout":"default","site-content-style":"default","site-sidebar-style":"default","ast-global-header-display":"","ast-banner-title-visibility":"","ast-main-header-display":"","ast-hfb-above-header-display":"","ast-hfb-below-header-display":"","ast-hfb-mobile-header-display":"","site-post-title":"","ast-breadcrumbs-content":"","ast-featured-img":"","footer-sml-layout":"","theme-transparent-header-meta":"default","adv-header-id-meta":"","stick-header-meta":"","header-above-stick-meta":"","header-main-stick-meta":"","header-below-stick-meta":"","astra-migrate-meta-layouts":"set","ast-page-background-enabled":"default","ast-page-background-meta":{"desktop":{"background-color":"","background-image":"","background-repeat":"repeat","background-position":"center center","background-size":"auto","background-attachment":"scroll","background-type":"","background-media":"","overlay-type":"","overlay-color":"","overlay-opacity":"","overlay-gradient":""},"tablet":{"background-color":"","background-image":"","background-repeat":"repeat","background-position":"center center","background-size":"auto","background-attachment":"scroll","background-type":"","background-media":"","overlay-type":"","overlay-color":"","overlay-opacity":"","overlay-gradient":""},"mobile":{"background-color":"","background-image":"","background-repeat":"repeat","background-position":"center center","background-size":"auto","background-attachment":"scroll","background-type":"","background-media":"","overlay-type":"","overlay-color":"","overlay-opacity":"","overlay-gradient":""}},"ast-content-background-meta":{"desktop":{"background-color":"var(--ast-global-color-5)","background-image":"","background-repeat":"repeat","background-position":"center center","background-size":"auto","background-attachment":"scroll","background-type":"","background-media":"","overlay-type":"","overlay-color":"","overlay-opacity":"","overlay-gradient":""},"tablet":{"background-color":"var(--ast-global-color-5)","background-image":"","background-repeat":"repeat","background-position":"center center","background-size":"auto","background-attachment":"scroll","background-type":"","background-media":"","overlay-type":"","overlay-color":"","overlay-opacity":"","overlay-gradient":""},"mobile":{"background-color":"var(--ast-global-color-5)","background-image":"","background-repeat":"repeat","background-position":"center center","background-size":"auto","background-attachment":"scroll","background-type":"","background-media":"","overlay-type":"","overlay-color":"","overlay-opacity":"","overlay-gradient":""}}},"product_brand":[],"product_cat":[334,367],"product_tag":[372,386,378,379,380],"class_list":{"0":"post-3216","1":"product","2":"type-product","3":"status-publish","4":"has-post-thumbnail","6":"product_cat-concentres-de-marijuana","7":"product_cat-thc-distillates","8":"product_tag-1ml-cannabis-oil-distillates-for-sale-europe","9":"product_tag-buy-pineapple-express-strain-thc-distillate-oil-online-europe","10":"product_tag-cannabis-distillates-for-sale-uk","11":"product_tag-order-thc-distillates-europe","12":"product_tag-shop-1g-distillates-online","13":"desktop-align-left","14":"tablet-align-left","15":"mobile-align-left","17":"first","18":"instock","19":"shipping-taxable","20":"purchasable","21":"product-type-simple"},"uagb_featured_image_src":{"full":["https:\/\/pressurezone.shop\/wp-content\/uploads\/2024\/10\/Pineapple-Express-Strain-THC-Distillate-Oil.webp",2560,1707,false],"thumbnail":["https:\/\/pressurezone.shop\/wp-content\/uploads\/2024\/10\/Pineapple-Express-Strain-THC-Distillate-Oil-150x150.webp",150,150,true],"medium":["https:\/\/pressurezone.shop\/wp-content\/uploads\/2024\/10\/Pineapple-Express-Strain-THC-Distillate-Oil-300x200.webp",300,200,true],"medium_large":["https:\/\/pressurezone.shop\/wp-content\/uploads\/2024\/10\/Pineapple-Express-Strain-THC-Distillate-Oil-768x512.webp",768,512,true],"large":["https:\/\/pressurezone.shop\/wp-content\/uploads\/2024\/10\/Pineapple-Express-Strain-THC-Distillate-Oil-1024x683.webp",1024,683,true],"1536x1536":["https:\/\/pressurezone.shop\/wp-content\/uploads\/2024\/10\/Pineapple-Express-Strain-THC-Distillate-Oil-1536x1024.webp",1536,1024,true],"2048x2048":["https:\/\/pressurezone.shop\/wp-content\/uploads\/2024\/10\/Pineapple-Express-Strain-THC-Distillate-Oil-2048x1366.webp",2048,1366,true],"trp-custom-language-flag":["https:\/\/pressurezone.shop\/wp-content\/uploads\/2024\/10\/Pineapple-Express-Strain-THC-Distillate-Oil-18x12.webp",18,12,true],"woocommerce_thumbnail":["https:\/\/pressurezone.shop\/wp-content\/uploads\/2024\/10\/Pineapple-Express-Strain-THC-Distillate-Oil-300x300.webp",300,300,true],"woocommerce_single":["https:\/\/pressurezone.shop\/wp-content\/uploads\/2024\/10\/Pineapple-Express-Strain-THC-Distillate-Oil-600x400.webp",600,400,true],"woocommerce_gallery_thumbnail":["https:\/\/pressurezone.shop\/wp-content\/uploads\/2024\/10\/Pineapple-Express-Strain-THC-Distillate-Oil-100x100.webp",100,100,true]},"uagb_author_info":{"display_name":"pressurezone.shop","author_link":"https:\/\/pressurezone.shop\/sv\/author\/"},"uagb_comment_info":0,"uagb_excerpt":"93% THC per ml","_links":{"self":[{"href":"https:\/\/pressurezone.shop\/sv\/wp-json\/wp\/v2\/product\/3216"}],"collection":[{"href":"https:\/\/pressurezone.shop\/sv\/wp-json\/wp\/v2\/product"}],"about":[{"href":"https:\/\/pressurezone.shop\/sv\/wp-json\/wp\/v2\/types\/product"}],"replies":[{"embeddable":true,"href":"https:\/\/pressurezone.shop\/sv\/wp-json\/wp\/v2\/comments?post=3216"}],"version-history":[{"count":3,"href":"https:\/\/pressurezone.shop\/sv\/wp-json\/wp\/v2\/product\/3216\/revisions"}],"predecessor-version":[{"id":4098,"href":"https:\/\/pressurezone.shop\/sv\/wp-json\/wp\/v2\/product\/3216\/revisions\/4098"}],"wp:featuredmedia":[{"embeddable":true,"href":"https:\/\/pressurezone.shop\/sv\/wp-json\/wp\/v2\/media\/3285"}],"wp:attachment":[{"href":"https:\/\/pressurezone.shop\/sv\/wp-json\/wp\/v2\/media?parent=3216"}],"wp:term":[{"taxonomy":"product_brand","embeddable":true,"href":"https:\/\/pressurezone.shop\/sv\/wp-json\/wp\/v2\/product_brand?post=3216"},{"taxonomy":"product_cat","embeddable":true,"href":"https:\/\/pressurezone.shop\/sv\/wp-json\/wp\/v2\/product_cat?post=3216"},{"taxonomy":"product_tag","embeddable":true,"href":"https:\/\/pressurezone.shop\/sv\/wp-json\/wp\/v2\/product_tag?post=3216"}],"curies":[{"name":"wp","href":"https:\/\/api.w.org\/{rel}","templated":true}]}}