{"id":3217,"date":"2024-10-11T00:55:39","date_gmt":"2024-10-10T22:55:39","guid":{"rendered":"https:\/\/pressurezone.shop\/?post_type=product&#038;p=3217"},"modified":"2024-11-04T01:28:58","modified_gmt":"2024-11-04T00:28:58","slug":"original-glue-gg4-strain-thc-distillate","status":"publish","type":"product","link":"https:\/\/pressurezone.shop\/sv\/produkt\/original-lim-gg4-stam-thc-destillat\/","title":{"rendered":"Originallim (GG#4) Stam - THC Destillat"},"content":{"rendered":"<div class=\"flex-shrink-0 flex flex-col relative items-end\">\n<div>\n<div class=\"pt-0\">\n<div class=\"gizmo-bot-avatar flex h-8 w-8 items-center justify-center overflow-hidden rounded-full\">\n<div class=\"relative p-1 rounded-sm flex items-center justify-center bg-token-main-surface-primary text-token-text-primary h-8 w-8\"><\/div>\n<\/div>\n<\/div>\n<\/div>\n<\/div>\n<div class=\"group\/conversation-turn relative flex w-full min-w-0 flex-col agent-turn\">\n<div class=\"flex-col gap-1 md:gap-3\">\n<div class=\"flex max-w-full flex-col flex-grow\">\n<div class=\"min-h-8 text-message flex w-full flex-col items-end gap-2 whitespace-normal break-words [.text-message+&amp;]:mt-5\" dir=\"auto\" data-message-author-role=\"assistant\" data-message-id=\"1a353428-6139-4f78-b362-28a30cd23000\" data-message-model-slug=\"gpt-4o\">\n<div class=\"flex w-full flex-col gap-1 empty:hidden first:pt-[3px]\">\n<div class=\"markdown prose w-full break-words dark:prose-invert light\">\n<h3><strong>K\u00f6p originallim (GG#4) stam - THC-destillat online i Europa p\u00e5 <a href=\"https:\/\/pressurezone.shop\/sv\/\" target=\"_new\" rel=\"noopener\">Tryckzonsbutik<\/a><\/strong><\/h3>\n<p>Uppt\u00e4ck de <strong>Originallim (GG#4) Stam - THC Destillat<\/strong>\u00e4ven k\u00e4nd som <strong>Gorilla lim #4<\/strong>ett THC-destillat med en \u00f6verv\u00e4gande indica-smak, som framst\u00e4lls genom korsning av stammar av <strong>Chem's syster<\/strong>, <strong>Sour Dubb<\/strong> och <strong>Choklad Diesel<\/strong>. Detta kraftfulla destillat \u00e4r uppskattat f\u00f6r sina avslappnande och lugnande effekter och ger en gradvis \u00f6kning av v\u00e4lbefinnandet, perfekt f\u00f6r att varva ner efter en l\u00e5ng dag.<\/p>\n<h3>Varf\u00f6r v\u00e4lja Original Glue (GG#4) THC Destillate?<\/h3>\n<p>Le <strong>Originallim (GG#4) THC Destillat<\/strong> sticker ut f\u00f6r sin f\u00f6rm\u00e5ga att framkalla djup fysisk avkoppling och en euforisk h\u00f6g. Detta destillat \u00e4r idealiskt f\u00f6r anv\u00e4ndare som s\u00f6ker intensiv avkoppling med en klibbig effekt som bokstavligen f\u00e4ster dig vid s\u00e4tet och erbjuder lugnande, l\u00e5ngvarig komfort.<a href=\"https:\/\/fuelpackz.com\/\" target=\"_blank\" rel=\"noopener\">.<\/a><\/p>\n<ul>\n<li><strong>Typ<\/strong> Indica-dominerande hybrid<\/li>\n<li><strong>Ursprung<\/strong> En korsning mellan Chem's Sister, Sour Dubb och Chocolate Diesel<\/li>\n<\/ul>\n<h3>Effekter och f\u00f6rdelar med originallim (GG#4) THC-destillat<\/h3>\n<p>Le <strong>Originallim (GG#4) THC Destillat<\/strong> erbjuder en gradvis uppbyggnad av mentalt v\u00e4lbefinnande och kroppslig avkoppling. Effekten b\u00f6rjar med en mild eufori som lugnar sinnet, innan den omvandlas till en intensiv fysisk h\u00f6g som lindrar muskelsp\u00e4nningar och inbjuder till avkoppling.<\/p>\n<ul>\n<li><strong>Effekter<\/strong> Kroppsh\u00f6g, eufori, djup avslappning, s\u00f6mnighet<\/li>\n<li><strong>Perfekt f\u00f6r<\/strong> Kronisk sm\u00e4rta, Depression, S\u00f6mnl\u00f6shet, Muskelspasmer<\/li>\n<\/ul>\n<h3>Tillst\u00e5nd som lindras av originallim (GG#4) Cannabisdestillat<\/h3>\n<p>Tack vare sitt h\u00f6ga THC-inneh\u00e5ll \u00e4r <strong>Originallim (GG#4) THC Destillat<\/strong> rekommenderas ofta f\u00f6r lindring av olika besv\u00e4r:<\/p>\n<ul>\n<li><strong>Kronisk sm\u00e4rta och muskelspasmer<\/strong> Ger varaktig lindring av fysisk sm\u00e4rta och sp\u00e4nningar.<\/li>\n<li><strong>S\u00f6mnl\u00f6shet<\/strong> Fr\u00e4mjar djup avslappning och vilsam s\u00f6mn.<\/li>\n<li><strong>Depression och \u00e5ngest<\/strong> : Ger en k\u00e4nsla av lugn och v\u00e4lbefinnande.<\/li>\n<\/ul>\n<h3>Smaker och aromer av Original Glue (GG#4) THC Destillat<\/h3>\n<p>Le <strong>Originallim (GG#4) THC Destillat<\/strong> f\u00f6rf\u00f6r med sina unika smaker av <strong>choklad<\/strong>, <strong>diesel<\/strong>och en touch av tall. Doften \u00e4r jordig med inslag av <strong>kemikalie<\/strong>, <strong>skogbevuxen<\/strong> och <strong>sur<\/strong>skapar en kraftfull och minnesv\u00e4rd doftupplevelse.<\/p>\n<ul>\n<li><strong>Smaker<\/strong> Kemisk, Choklad, Diesel, Tall<\/li>\n<li><strong>Dofter<\/strong> Kemisk, Diesel, Jordig, Syrlig, Tr\u00e4ig<\/li>\n<\/ul>\n<h3>Anv\u00e4ndning och dosering av originallim (GG#4) THC-destillat<\/h3>\n<p>Utformad f\u00f6r erfarna anv\u00e4ndare, den <strong>Originallim (GG#4) THC Destillat<\/strong> \u00e4r otroligt potent och l\u00e4mplig f\u00f6r konsumtionsmetoder som vaping, dabbing eller tillsats till \u00e4tbara livsmedel. Vid f\u00f6rsta anv\u00e4ndningen, b\u00f6rja med en l\u00e5g dos och \u00f6ka gradvis f\u00f6r att bed\u00f6ma din tolerans.<\/p>\n<h3>Best\u00e4ll Original Lim (GG#4) Stam - THC Destillat online fr\u00e5n Pressure Zone Shop<\/h3>\n<p>Redo att uppt\u00e4cka den intensiva avslappningen i <strong>Originallim (GG#4) THC Destillat<\/strong> ? Best\u00e4ll nu p\u00e5 <a href=\"https:\/\/pressurezone.shop\/sv\/\" target=\"_new\" rel=\"noopener\">Tryckzonsbutik<\/a> f\u00f6r en unik cannabisupplevelse, perfekt f\u00f6r muskelavslappning och stresslindring. <strong>Originallim (GG#4)<\/strong> \u00e4r det perfekta valet f\u00f6r djup, lugnande avkoppling.<\/p>\n<\/div>\n<\/div>\n<\/div>\n<\/div>\n<\/div>\n<\/div>","protected":false},"excerpt":{"rendered":"<p>Achetez le Original Glue (GG#4) Strain \u2013 THC Distillate en Ligne en Europe sur Pressure Zone Shop D\u00e9couvrez le Original Glue (GG#4) Strain \u2013 THC Distillate, \u00e9galement connu sous le nom de Gorilla Glue #4, un distillat de THC \u00e0 dominance indica, issu du croisement des souches Chem\u2019s Sister, Sour Dubb et Chocolate Diesel. Ce [&hellip;]<\/p>","protected":false},"featured_media":3287,"comment_status":"closed","ping_status":"closed","template":"","meta":{"_uag_custom_page_level_css":"","site-sidebar-layout":"default","site-content-layout":"","ast-site-content-layout":"default","site-content-style":"default","site-sidebar-style":"default","ast-global-header-display":"","ast-banner-title-visibility":"","ast-main-header-display":"","ast-hfb-above-header-display":"","ast-hfb-below-header-display":"","ast-hfb-mobile-header-display":"","site-post-title":"","ast-breadcrumbs-content":"","ast-featured-img":"","footer-sml-layout":"","theme-transparent-header-meta":"default","adv-header-id-meta":"","stick-header-meta":"","header-above-stick-meta":"","header-main-stick-meta":"","header-below-stick-meta":"","astra-migrate-meta-layouts":"set","ast-page-background-enabled":"default","ast-page-background-meta":{"desktop":{"background-color":"","background-image":"","background-repeat":"repeat","background-position":"center center","background-size":"auto","background-attachment":"scroll","background-type":"","background-media":"","overlay-type":"","overlay-color":"","overlay-opacity":"","overlay-gradient":""},"tablet":{"background-color":"","background-image":"","background-repeat":"repeat","background-position":"center center","background-size":"auto","background-attachment":"scroll","background-type":"","background-media":"","overlay-type":"","overlay-color":"","overlay-opacity":"","overlay-gradient":""},"mobile":{"background-color":"","background-image":"","background-repeat":"repeat","background-position":"center center","background-size":"auto","background-attachment":"scroll","background-type":"","background-media":"","overlay-type":"","overlay-color":"","overlay-opacity":"","overlay-gradient":""}},"ast-content-background-meta":{"desktop":{"background-color":"var(--ast-global-color-5)","background-image":"","background-repeat":"repeat","background-position":"center center","background-size":"auto","background-attachment":"scroll","background-type":"","background-media":"","overlay-type":"","overlay-color":"","overlay-opacity":"","overlay-gradient":""},"tablet":{"background-color":"var(--ast-global-color-5)","background-image":"","background-repeat":"repeat","background-position":"center center","background-size":"auto","background-attachment":"scroll","background-type":"","background-media":"","overlay-type":"","overlay-color":"","overlay-opacity":"","overlay-gradient":""},"mobile":{"background-color":"var(--ast-global-color-5)","background-image":"","background-repeat":"repeat","background-position":"center center","background-size":"auto","background-attachment":"scroll","background-type":"","background-media":"","overlay-type":"","overlay-color":"","overlay-opacity":"","overlay-gradient":""}}},"product_brand":[],"product_cat":[334,367],"product_tag":[372,387,378,379,380],"class_list":{"0":"post-3217","1":"product","2":"type-product","3":"status-publish","4":"has-post-thumbnail","6":"product_cat-concentres-de-marijuana","7":"product_cat-thc-distillates","8":"product_tag-1ml-cannabis-oil-distillates-for-sale-europe","9":"product_tag-buy-original-glue-gg4-strain-thc-distillate-online-germany","10":"product_tag-cannabis-distillates-for-sale-uk","11":"product_tag-order-thc-distillates-europe","12":"product_tag-shop-1g-distillates-online","13":"desktop-align-left","14":"tablet-align-left","15":"mobile-align-left","17":"first","18":"instock","19":"shipping-taxable","20":"purchasable","21":"product-type-simple"},"uagb_featured_image_src":{"full":["https:\/\/pressurezone.shop\/wp-content\/uploads\/2024\/10\/Original-Glue-GG4-Strain-\u2013-THC-Distillate.webp",2560,1707,false],"thumbnail":["https:\/\/pressurezone.shop\/wp-content\/uploads\/2024\/10\/Original-Glue-GG4-Strain-\u2013-THC-Distillate-150x150.webp",150,150,true],"medium":["https:\/\/pressurezone.shop\/wp-content\/uploads\/2024\/10\/Original-Glue-GG4-Strain-\u2013-THC-Distillate-300x200.webp",300,200,true],"medium_large":["https:\/\/pressurezone.shop\/wp-content\/uploads\/2024\/10\/Original-Glue-GG4-Strain-\u2013-THC-Distillate-768x512.webp",768,512,true],"large":["https:\/\/pressurezone.shop\/wp-content\/uploads\/2024\/10\/Original-Glue-GG4-Strain-\u2013-THC-Distillate-1024x683.webp",1024,683,true],"1536x1536":["https:\/\/pressurezone.shop\/wp-content\/uploads\/2024\/10\/Original-Glue-GG4-Strain-\u2013-THC-Distillate-1536x1024.webp",1536,1024,true],"2048x2048":["https:\/\/pressurezone.shop\/wp-content\/uploads\/2024\/10\/Original-Glue-GG4-Strain-\u2013-THC-Distillate-2048x1366.webp",2048,1366,true],"trp-custom-language-flag":["https:\/\/pressurezone.shop\/wp-content\/uploads\/2024\/10\/Original-Glue-GG4-Strain-\u2013-THC-Distillate-18x12.webp",18,12,true],"woocommerce_thumbnail":["https:\/\/pressurezone.shop\/wp-content\/uploads\/2024\/10\/Original-Glue-GG4-Strain-\u2013-THC-Distillate-300x300.webp",300,300,true],"woocommerce_single":["https:\/\/pressurezone.shop\/wp-content\/uploads\/2024\/10\/Original-Glue-GG4-Strain-\u2013-THC-Distillate-600x400.webp",600,400,true],"woocommerce_gallery_thumbnail":["https:\/\/pressurezone.shop\/wp-content\/uploads\/2024\/10\/Original-Glue-GG4-Strain-\u2013-THC-Distillate-100x100.webp",100,100,true]},"uagb_author_info":{"display_name":"pressurezone.shop","author_link":"https:\/\/pressurezone.shop\/sv\/author\/"},"uagb_comment_info":0,"uagb_excerpt":"Achetez le Original Glue (GG#4) Strain \u2013 THC Distillate en Ligne en Europe sur Pressure Zone Shop D\u00e9couvrez le Original Glue (GG#4) Strain \u2013 THC Distillate, \u00e9galement connu sous le nom de Gorilla Glue #4, un distillat de THC \u00e0 dominance indica, issu du croisement des souches Chem\u2019s Sister, Sour Dubb et Chocolate Diesel. Ce&hellip;","_links":{"self":[{"href":"https:\/\/pressurezone.shop\/sv\/wp-json\/wp\/v2\/product\/3217"}],"collection":[{"href":"https:\/\/pressurezone.shop\/sv\/wp-json\/wp\/v2\/product"}],"about":[{"href":"https:\/\/pressurezone.shop\/sv\/wp-json\/wp\/v2\/types\/product"}],"replies":[{"embeddable":true,"href":"https:\/\/pressurezone.shop\/sv\/wp-json\/wp\/v2\/comments?post=3217"}],"version-history":[{"count":3,"href":"https:\/\/pressurezone.shop\/sv\/wp-json\/wp\/v2\/product\/3217\/revisions"}],"predecessor-version":[{"id":4096,"href":"https:\/\/pressurezone.shop\/sv\/wp-json\/wp\/v2\/product\/3217\/revisions\/4096"}],"wp:featuredmedia":[{"embeddable":true,"href":"https:\/\/pressurezone.shop\/sv\/wp-json\/wp\/v2\/media\/3287"}],"wp:attachment":[{"href":"https:\/\/pressurezone.shop\/sv\/wp-json\/wp\/v2\/media?parent=3217"}],"wp:term":[{"taxonomy":"product_brand","embeddable":true,"href":"https:\/\/pressurezone.shop\/sv\/wp-json\/wp\/v2\/product_brand?post=3217"},{"taxonomy":"product_cat","embeddable":true,"href":"https:\/\/pressurezone.shop\/sv\/wp-json\/wp\/v2\/product_cat?post=3217"},{"taxonomy":"product_tag","embeddable":true,"href":"https:\/\/pressurezone.shop\/sv\/wp-json\/wp\/v2\/product_tag?post=3217"}],"curies":[{"name":"wp","href":"https:\/\/api.w.org\/{rel}","templated":true}]}}