{"id":3218,"date":"2024-10-11T00:55:39","date_gmt":"2024-10-10T22:55:39","guid":{"rendered":"https:\/\/pressurezone.shop\/?post_type=product&#038;p=3218"},"modified":"2024-11-17T00:33:01","modified_gmt":"2024-11-16T23:33:01","slug":"hindu-kush-strain-budder","status":"publish","type":"product","link":"https:\/\/pressurezone.shop\/sv\/produkt\/hindu-kush-stam-budder\/","title":{"rendered":"Hindu Kush Strain Budder"},"content":{"rendered":"<h3><strong>K\u00f6p Hindu Kush Strain Weed Budder Indica online i Europa<\/strong><\/h3>\n<p>F\u00f6rdjupa dig i de lugnande och avslappnande effekterna av <strong>Hindu Kush Strain Weed Budder<\/strong>en ren 100 % indica-sort fr\u00e5n de karga bergen i Pakistan och Afghanistan. K\u00e4nd \u00f6ver hela v\u00e4rlden f\u00f6r sin <strong>klassiska indica-effekter<\/strong>Den h\u00e4r sorten \u00e4r perfekt f\u00f6r att koppla av en lugn dag eller njuta av en vilsam natts s\u00f6mn.<\/p>\n<hr \/>\n<h3><strong>Varf\u00f6r v\u00e4lja Hindu Kush Strain Budder?<\/strong><\/h3>\n<h4><strong>Effekter<\/strong><\/h4>\n<ul>\n<li><strong>Euforiskt lugn<\/strong> Skingrar stressande och negativa tankar.<\/li>\n<li><strong>Avslappning och s\u00f6mn<\/strong> Ger djup avslappning och fr\u00e4mjar vilsam s\u00f6mn.<\/li>\n<li><strong>Serenity Couch-Lock<\/strong> : Ger dig total sedering i flera timmar.<\/li>\n<\/ul>\n<h4><strong>Sjukv\u00e5rdsf\u00f6rm\u00e5ner<\/strong><\/h4>\n<p>Tack vare dess kraftfulla effekter och <strong>h\u00f6ga halter av THC (22-32 %)<\/strong>Hindu Kush Budder \u00e4r idealisk f\u00f6r behandling av ett antal sjukdomar, inklusive :<\/p>\n<ul>\n<li><strong>Kronisk sm\u00e4rta och muskelspasmer<\/strong> Lindrar sp\u00e4nningar och sm\u00e4rta.<\/li>\n<li><strong>S\u00f6mnl\u00f6shet och agitation<\/strong> : Uppmuntrar till fridfull, oavbruten s\u00f6mn.<\/li>\n<li><strong>Illam\u00e5ende och aptitl\u00f6shet<\/strong> Stimulerar aptiten och lindrar illam\u00e5ende.<\/li>\n<li><strong>IBS och stress<\/strong> Lindrar gastrointestinala obehag och lugnar sinnet<a href=\"https:\/\/fuelpackz.com\/\" target=\"_blank\" rel=\"noopener\">.<\/a><\/li>\n<\/ul>\n<hr \/>\n<h3><strong>Smak- och doftprofil<\/strong><\/h3>\n<h4><strong>Smaker<\/strong><\/h4>\n<ul>\n<li><strong>\u00d6rtartade och skogbevuxna<\/strong> En jordig, skunkig bas med en s\u00f6t blommig touch.<\/li>\n<li><strong>Kryddig citron och pinje<\/strong> L\u00e4ckra toner av kryddig citron och kryddig pinje f\u00f6r varje bloss.<\/li>\n<\/ul>\n<h4><strong>Dofter<\/strong><\/h4>\n<ul>\n<li><strong>Jordig och v\u00e4ldoftande<\/strong> En kraftfull doft med blommiga accenter.<\/li>\n<li><strong>F\u00e4rska \u00f6rter och kryddig tall<\/strong> En blandning av f\u00e4rska \u00f6rter och en subtil tr\u00e4ig touch.<\/li>\n<\/ul>\n<hr \/>\n<h3><strong>Hur fungerar Hindu Kush Budder?<\/strong><\/h3>\n<p>Le <strong>Hindu Kush h\u00f6g<\/strong> b\u00f6rjar f\u00f6rsiktigt och infiltrerar gradvis sinnet och kroppen. Euforin s\u00e4tter in, lugnar mental stress och ger plats f\u00f6r en salig dimma. Detta f\u00f6ljs av djup kroppslig avslappning, som g\u00f6r dig or\u00f6rlig och kastar dig in i en fridfull s\u00f6mn.<\/p>\n<hr \/>\n<h3><strong>Varf\u00f6r k\u00f6pa fr\u00e5n PressureZone.Shop?<\/strong><\/h3>\n<p>Vid <strong><a href=\"https:\/\/pressurezone.shop\/sv\/\" target=\"_new\" rel=\"noopener\">PressureZone.shop<\/a><\/strong>Vi \u00e4r stolta \u00f6ver att erbjuda cannabiskoncentrat av h\u00f6gsta kvalitet, inklusive <strong>Hindu Kush Strain Budder<\/strong>. Med snabb, diskret leverans \u00f6ver hela Europa kan du njuta av cannabisprodukter av h\u00f6gsta kvalitet med fullst\u00e4ndigt f\u00f6rtroende.<\/p>\n<hr \/>\n<h3><strong>Hur man njuter av Hindu Kush Strain Budder<\/strong><\/h3>\n<ol>\n<li><strong>Dab<\/strong> Anv\u00e4nd en dab-rigg f\u00f6r en kraftfull och smakrik upplevelse.<\/li>\n<li><strong>Spray<\/strong> Tills\u00e4tt den i en kompatibel sprayflaska f\u00f6r skonsam, ren inandning.<\/li>\n<li><strong>F\u00f6rb\u00e4ttra dina leder<\/strong> Str\u00f6 det \u00f6ver dina cannabisblommor f\u00f6r en f\u00f6rst\u00e4rkt effekt.<\/li>\n<\/ol>","protected":false},"excerpt":{"rendered":"<p>Achetez Hindu Kush Strain Weed Budder Indica en Ligne en Europe Plongez dans les effets apaisants et relaxants du Hindu Kush Strain Weed Budder, une vari\u00e9t\u00e9 100 % indica pure originaire des montagnes accident\u00e9es du Pakistan et de l\u2019Afghanistan. Connue mondialement pour ses effets indica classiques, cette vari\u00e9t\u00e9 est parfaite pour se d\u00e9tendre lors de [&hellip;]<\/p>","protected":false},"featured_media":3292,"comment_status":"closed","ping_status":"closed","template":"","meta":{"_uag_custom_page_level_css":"","site-sidebar-layout":"default","site-content-layout":"","ast-site-content-layout":"default","site-content-style":"default","site-sidebar-style":"default","ast-global-header-display":"","ast-banner-title-visibility":"","ast-main-header-display":"","ast-hfb-above-header-display":"","ast-hfb-below-header-display":"","ast-hfb-mobile-header-display":"","site-post-title":"","ast-breadcrumbs-content":"","ast-featured-img":"","footer-sml-layout":"","theme-transparent-header-meta":"default","adv-header-id-meta":"","stick-header-meta":"","header-above-stick-meta":"","header-main-stick-meta":"","header-below-stick-meta":"","astra-migrate-meta-layouts":"set","ast-page-background-enabled":"default","ast-page-background-meta":{"desktop":{"background-color":"","background-image":"","background-repeat":"repeat","background-position":"center center","background-size":"auto","background-attachment":"scroll","background-type":"","background-media":"","overlay-type":"","overlay-color":"","overlay-opacity":"","overlay-gradient":""},"tablet":{"background-color":"","background-image":"","background-repeat":"repeat","background-position":"center center","background-size":"auto","background-attachment":"scroll","background-type":"","background-media":"","overlay-type":"","overlay-color":"","overlay-opacity":"","overlay-gradient":""},"mobile":{"background-color":"","background-image":"","background-repeat":"repeat","background-position":"center center","background-size":"auto","background-attachment":"scroll","background-type":"","background-media":"","overlay-type":"","overlay-color":"","overlay-opacity":"","overlay-gradient":""}},"ast-content-background-meta":{"desktop":{"background-color":"var(--ast-global-color-5)","background-image":"","background-repeat":"repeat","background-position":"center center","background-size":"auto","background-attachment":"scroll","background-type":"","background-media":"","overlay-type":"","overlay-color":"","overlay-opacity":"","overlay-gradient":""},"tablet":{"background-color":"var(--ast-global-color-5)","background-image":"","background-repeat":"repeat","background-position":"center center","background-size":"auto","background-attachment":"scroll","background-type":"","background-media":"","overlay-type":"","overlay-color":"","overlay-opacity":"","overlay-gradient":""},"mobile":{"background-color":"var(--ast-global-color-5)","background-image":"","background-repeat":"repeat","background-position":"center center","background-size":"auto","background-attachment":"scroll","background-type":"","background-media":"","overlay-type":"","overlay-color":"","overlay-opacity":"","overlay-gradient":""}}},"product_brand":[],"product_cat":[388,334],"product_tag":[389,390,391,392],"class_list":{"0":"post-3218","1":"product","2":"type-product","3":"status-publish","4":"has-post-thumbnail","6":"product_cat-cannabis-budder","7":"product_cat-concentres-de-marijuana","8":"product_tag-buy-budder-online-cheap","9":"product_tag-buy-marijuana-budder-eu","10":"product_tag-order-hindu-kush-strain-weed-budder-indica-europe","11":"product_tag-order-thc-budder-europe","12":"desktop-align-left","13":"tablet-align-left","14":"mobile-align-left","16":"first","17":"instock","18":"shipping-taxable","19":"purchasable","20":"product-type-variable"},"uagb_featured_image_src":{"full":["https:\/\/pressurezone.shop\/wp-content\/uploads\/2024\/10\/Hindu-Kush-Strain-Weed-Budder-Indica.webp",2048,1365,false],"thumbnail":["https:\/\/pressurezone.shop\/wp-content\/uploads\/2024\/10\/Hindu-Kush-Strain-Weed-Budder-Indica-150x150.webp",150,150,true],"medium":["https:\/\/pressurezone.shop\/wp-content\/uploads\/2024\/10\/Hindu-Kush-Strain-Weed-Budder-Indica-300x200.webp",300,200,true],"medium_large":["https:\/\/pressurezone.shop\/wp-content\/uploads\/2024\/10\/Hindu-Kush-Strain-Weed-Budder-Indica-768x512.webp",768,512,true],"large":["https:\/\/pressurezone.shop\/wp-content\/uploads\/2024\/10\/Hindu-Kush-Strain-Weed-Budder-Indica-1024x683.webp",1024,683,true],"1536x1536":["https:\/\/pressurezone.shop\/wp-content\/uploads\/2024\/10\/Hindu-Kush-Strain-Weed-Budder-Indica-1536x1024.webp",1536,1024,true],"2048x2048":["https:\/\/pressurezone.shop\/wp-content\/uploads\/2024\/10\/Hindu-Kush-Strain-Weed-Budder-Indica.webp",2048,1365,false],"trp-custom-language-flag":["https:\/\/pressurezone.shop\/wp-content\/uploads\/2024\/10\/Hindu-Kush-Strain-Weed-Budder-Indica-18x12.webp",18,12,true],"woocommerce_thumbnail":["https:\/\/pressurezone.shop\/wp-content\/uploads\/2024\/10\/Hindu-Kush-Strain-Weed-Budder-Indica-300x300.webp",300,300,true],"woocommerce_single":["https:\/\/pressurezone.shop\/wp-content\/uploads\/2024\/10\/Hindu-Kush-Strain-Weed-Budder-Indica-600x400.webp",600,400,true],"woocommerce_gallery_thumbnail":["https:\/\/pressurezone.shop\/wp-content\/uploads\/2024\/10\/Hindu-Kush-Strain-Weed-Budder-Indica-100x100.webp",100,100,true]},"uagb_author_info":{"display_name":"pressurezone.shop","author_link":"https:\/\/pressurezone.shop\/sv\/author\/"},"uagb_comment_info":0,"uagb_excerpt":"Achetez Hindu Kush Strain Weed Budder Indica en Ligne en Europe Plongez dans les effets apaisants et relaxants du Hindu Kush Strain Weed Budder, une vari\u00e9t\u00e9 100 % indica pure originaire des montagnes accident\u00e9es du Pakistan et de l\u2019Afghanistan. Connue mondialement pour ses effets indica classiques, cette vari\u00e9t\u00e9 est parfaite pour se d\u00e9tendre lors de&hellip;","_links":{"self":[{"href":"https:\/\/pressurezone.shop\/sv\/wp-json\/wp\/v2\/product\/3218"}],"collection":[{"href":"https:\/\/pressurezone.shop\/sv\/wp-json\/wp\/v2\/product"}],"about":[{"href":"https:\/\/pressurezone.shop\/sv\/wp-json\/wp\/v2\/types\/product"}],"replies":[{"embeddable":true,"href":"https:\/\/pressurezone.shop\/sv\/wp-json\/wp\/v2\/comments?post=3218"}],"version-history":[{"count":3,"href":"https:\/\/pressurezone.shop\/sv\/wp-json\/wp\/v2\/product\/3218\/revisions"}],"predecessor-version":[{"id":4618,"href":"https:\/\/pressurezone.shop\/sv\/wp-json\/wp\/v2\/product\/3218\/revisions\/4618"}],"wp:featuredmedia":[{"embeddable":true,"href":"https:\/\/pressurezone.shop\/sv\/wp-json\/wp\/v2\/media\/3292"}],"wp:attachment":[{"href":"https:\/\/pressurezone.shop\/sv\/wp-json\/wp\/v2\/media?parent=3218"}],"wp:term":[{"taxonomy":"product_brand","embeddable":true,"href":"https:\/\/pressurezone.shop\/sv\/wp-json\/wp\/v2\/product_brand?post=3218"},{"taxonomy":"product_cat","embeddable":true,"href":"https:\/\/pressurezone.shop\/sv\/wp-json\/wp\/v2\/product_cat?post=3218"},{"taxonomy":"product_tag","embeddable":true,"href":"https:\/\/pressurezone.shop\/sv\/wp-json\/wp\/v2\/product_tag?post=3218"}],"curies":[{"name":"wp","href":"https:\/\/api.w.org\/{rel}","templated":true}]}}