{"id":3220,"date":"2024-10-11T00:55:39","date_gmt":"2024-10-10T22:55:39","guid":{"rendered":"https:\/\/pressurezone.shop\/?post_type=product&#038;p=3220"},"modified":"2024-11-17T00:50:11","modified_gmt":"2024-11-16T23:50:11","slug":"wedding-crasher-strain-budder","status":"publish","type":"product","link":"https:\/\/pressurezone.shop\/sv\/produkt\/brollopskraschare-stam-budder\/","title":{"rendered":"Br\u00f6llopskraschare Strain Budder"},"content":{"rendered":"<div class=\"flex-shrink-0 flex flex-col relative items-end\">\n<div>\n<div class=\"pt-0\">\n<div class=\"gizmo-bot-avatar flex h-8 w-8 items-center justify-center overflow-hidden rounded-full\">\n<div class=\"relative p-1 rounded-sm flex items-center justify-center bg-token-main-surface-primary text-token-text-primary h-8 w-8\"><\/div>\n<\/div>\n<\/div>\n<\/div>\n<\/div>\n<div class=\"group\/conversation-turn relative flex w-full min-w-0 flex-col agent-turn\">\n<div class=\"flex-col gap-1 md:gap-3\">\n<div class=\"flex max-w-full flex-col flex-grow\">\n<div class=\"min-h-8 text-message flex w-full flex-col items-end gap-2 whitespace-normal break-words [.text-message+&amp;]:mt-5\" dir=\"auto\" data-message-author-role=\"assistant\" data-message-id=\"0b89ff3d-22c3-4e8a-87ab-518e224d9821\" data-message-model-slug=\"gpt-4o\">\n<div class=\"flex w-full flex-col gap-1 empty:hidden first:pt-[3px]\">\n<div class=\"markdown prose w-full break-words dark:prose-invert light\">\n<h3><strong>K\u00f6p Wedding Crasher Strain Budder online i Europa<\/strong><\/h3>\n<p>Uppt\u00e4ck de <strong>Br\u00f6llopskraschare Strain Budder<\/strong>ett indica-dominerande hybridkoncentrat som erbjuder en exceptionell upplevelse. Resultatet av att korsa den ber\u00f6mda <strong>Br\u00f6llopst\u00e5rta<\/strong> och <strong>Purple Punch<\/strong>Denna knopp \u00e4r lika tilltalande f\u00f6r sina aromer som f\u00f6r dess effekter. Oavsett om du letar efter l\u00e4ttnad eller en kreativ boost, \u00e4r Wedding Crasher gjord f\u00f6r dig.<\/p>\n<hr \/>\n<h3><strong>Varf\u00f6r v\u00e4lja Wedding Crasher Strain Budder?<\/strong><\/h3>\n<h4><strong>Effekter<\/strong><\/h4>\n<ul>\n<li><strong>Fokus och klarhet<\/strong> : F\u00f6rb\u00e4ttrar din mentala koncentration och stimulerar din kreativitet, perfekt f\u00f6r produktiva dagar.<\/li>\n<li><strong>Avslappning och lycka<\/strong> K\u00e4nn en lugnande v\u00e5g som f\u00e5r dig att slappna av och lyfta ditt hum\u00f6r.<\/li>\n<li><strong>S\u00e4llskaplighet<\/strong> : Perfekt f\u00f6r engagerande konversationer och trevliga stunder<a href=\"https:\/\/fuelpackz.com\/\" target=\"_blank\" rel=\"noopener\">.<\/a><\/li>\n<\/ul>\n<h4><strong>Sjukv\u00e5rdsf\u00f6rm\u00e5ner<\/strong><\/h4>\n<p>Wedding Crasher Strain Budder v\u00e4rderas f\u00f6r sina terapeutiska egenskaper, inklusive :<\/p>\n<ul>\n<li><strong>Depression<\/strong> Rensar sinnet och skingrar negativa tankar.<\/li>\n<li><strong>Utmattning<\/strong> Revitaliserar kropp och sj\u00e4l.<\/li>\n<li><strong>Inflammation<\/strong> Lindrar kronisk sm\u00e4rta och svullnad.<\/li>\n<li><strong>Illam\u00e5ende och aptitl\u00f6shet<\/strong> Stimulerar aptiten och motverkar sjukdomsk\u00e4nslor.<\/li>\n<li><strong>Stress<\/strong> Minskar sp\u00e4nningar och fr\u00e4mjar djup avslappning.<\/li>\n<\/ul>\n<hr \/>\n<h3><strong>Smak- och doftprofil<\/strong><\/h3>\n<h4><strong>Smaker<\/strong><\/h4>\n<ul>\n<li><strong>S\u00f6t och fruktig<\/strong> En explosion av druvor och b\u00e4r med en touch av vanilj.<\/li>\n<li><strong>Kryddig och diesel<\/strong> En unik kombination av jordiga toner och en antydan till krydda.<\/li>\n<\/ul>\n<h4><strong>Dofter<\/strong><\/h4>\n<ul>\n<li><strong>Skarpt och jordn\u00e4ra<\/strong> En rik, robust doft med toner av druva och kryddigt br\u00e4nsle.<\/li>\n<li><strong>S\u00f6t vanilj<\/strong> En lugnande doft som dr\u00f6jer sig kvar p\u00e5 ett behagligt s\u00e4tt.<\/li>\n<\/ul>\n<hr \/>\n<h3><strong>Upplevelsen av en br\u00f6llopskraschare<\/strong><\/h3>\n<p>Med en <strong>Genomsnittlig THC av 21%<\/strong>den <strong>Br\u00f6llopskraschare Strain Budder<\/strong> erbjuder en enast\u00e5ende kombination av mental koncentration och fysisk avkoppling. Den \u00e4r idealisk f\u00f6r b\u00e5de dag- och kv\u00e4llsbruk och v\u00e4xlar enkelt mellan energigivande och lugnande effekter. Den \u00e4r perfekt f\u00f6r att stimulera social interaktion och kreativ energi.<\/p>\n<hr \/>\n<h3><strong>Hur man anv\u00e4nder Wedding Crasher Budder<\/strong><\/h3>\n<ol>\n<li><strong>Dabbing<\/strong> Anv\u00e4nd en dab-rigg f\u00f6r en kraftfull och smakrik upplevelse.<\/li>\n<li><strong>F\u00f6r\u00e5ngning<\/strong> Fyll p\u00e5 i en sprayflaska f\u00f6r skonsam, kontrollerad inandning.<\/li>\n<li><strong>F\u00f6rb\u00e4ttra dina t\u00e4tningar<\/strong> Tills\u00e4tt en liten m\u00e4ngd i din joint f\u00f6r en f\u00f6rst\u00e4rkt effekt.<\/li>\n<\/ol>\n<hr \/>\n<h3><strong>Varf\u00f6r k\u00f6pa p\u00e5 <a href=\"https:\/\/pressurezone.shop\/sv\/\" target=\"_new\" rel=\"noopener\">PressureZone.shop<\/a>?<\/strong><\/h3>\n<p>Vid <strong>PressureZone.shop<\/strong>Vi \u00e4r stolta \u00f6ver att kunna erbjuda de b\u00e4sta cannabiskoncentraten till v\u00e5ra kunder i hela Europa. H\u00e4r \u00e4r varf\u00f6r vi \u00e4r ditt b\u00e4sta val:<\/p>\n<ul>\n<li><strong>Premium Kvalitet<\/strong> V\u00e5ra produkter \u00e4r laboratorietestade f\u00f6r att garantera deras styrka och renhet.<\/li>\n<li><strong>Snabb och diskret leverans<\/strong> : Njut av problemfri frakt direkt till ditt hem.<\/li>\n<li><strong>Kundservice<\/strong> : Vi finns h\u00e4r f\u00f6r att svara p\u00e5 alla dina fr\u00e5gor och se till att du blir n\u00f6jd.<\/li>\n<\/ul>\n<hr \/>\n<h3><strong>Best\u00e4ll Wedding Crasher Strain Budder online idag!<\/strong><\/h3>\n<p>Missa inte den h\u00e4r perfekta kombinationen av smak, styrka och terapeutiska f\u00f6rdelar. F\u00f6rh\u00f6j din cannabisupplevelse med <strong>Br\u00f6llopskraschare Strain Budder<\/strong>.<\/p>\n<p><strong><a href=\"https:\/\/pressurezone.shop\/sv\/\" target=\"_new\" rel=\"noopener\">K\u00f6p nu p\u00e5 PressureZone.Shop<\/a><\/strong> och njut av premiumkoncentrat som levereras direkt till din d\u00f6rr!<\/p>\n<\/div>\n<\/div>\n<\/div>\n<\/div>\n<\/div>\n<\/div>","protected":false},"excerpt":{"rendered":"<p>Acheter Wedding Crasher Strain Budder en Ligne en Europe D\u00e9couvrez le Wedding Crasher Strain Budder, un concentr\u00e9 hybride \u00e0 dominance indica qui offre une exp\u00e9rience exceptionnelle. Issu du croisement des c\u00e9l\u00e8bres souches Wedding Cake et Purple Punch, ce budder s\u00e9duit autant par ses ar\u00f4mes que par ses effets. Que vous recherchiez du soulagement ou un [&hellip;]<\/p>","protected":false},"featured_media":3296,"comment_status":"closed","ping_status":"closed","template":"","meta":{"_uag_custom_page_level_css":"","site-sidebar-layout":"default","site-content-layout":"","ast-site-content-layout":"default","site-content-style":"default","site-sidebar-style":"default","ast-global-header-display":"","ast-banner-title-visibility":"","ast-main-header-display":"","ast-hfb-above-header-display":"","ast-hfb-below-header-display":"","ast-hfb-mobile-header-display":"","site-post-title":"","ast-breadcrumbs-content":"","ast-featured-img":"","footer-sml-layout":"","theme-transparent-header-meta":"default","adv-header-id-meta":"","stick-header-meta":"","header-above-stick-meta":"","header-main-stick-meta":"","header-below-stick-meta":"","astra-migrate-meta-layouts":"set","ast-page-background-enabled":"default","ast-page-background-meta":{"desktop":{"background-color":"","background-image":"","background-repeat":"repeat","background-position":"center center","background-size":"auto","background-attachment":"scroll","background-type":"","background-media":"","overlay-type":"","overlay-color":"","overlay-opacity":"","overlay-gradient":""},"tablet":{"background-color":"","background-image":"","background-repeat":"repeat","background-position":"center center","background-size":"auto","background-attachment":"scroll","background-type":"","background-media":"","overlay-type":"","overlay-color":"","overlay-opacity":"","overlay-gradient":""},"mobile":{"background-color":"","background-image":"","background-repeat":"repeat","background-position":"center center","background-size":"auto","background-attachment":"scroll","background-type":"","background-media":"","overlay-type":"","overlay-color":"","overlay-opacity":"","overlay-gradient":""}},"ast-content-background-meta":{"desktop":{"background-color":"var(--ast-global-color-5)","background-image":"","background-repeat":"repeat","background-position":"center center","background-size":"auto","background-attachment":"scroll","background-type":"","background-media":"","overlay-type":"","overlay-color":"","overlay-opacity":"","overlay-gradient":""},"tablet":{"background-color":"var(--ast-global-color-5)","background-image":"","background-repeat":"repeat","background-position":"center center","background-size":"auto","background-attachment":"scroll","background-type":"","background-media":"","overlay-type":"","overlay-color":"","overlay-opacity":"","overlay-gradient":""},"mobile":{"background-color":"var(--ast-global-color-5)","background-image":"","background-repeat":"repeat","background-position":"center center","background-size":"auto","background-attachment":"scroll","background-type":"","background-media":"","overlay-type":"","overlay-color":"","overlay-opacity":"","overlay-gradient":""}}},"product_brand":[],"product_cat":[388,334],"product_tag":[398],"class_list":{"0":"post-3220","1":"product","2":"type-product","3":"status-publish","4":"has-post-thumbnail","6":"product_cat-cannabis-budder","7":"product_cat-concentres-de-marijuana","8":"product_tag-order-wedding-crasher-strain-budder-europe","9":"desktop-align-left","10":"tablet-align-left","11":"mobile-align-left","13":"first","14":"instock","15":"shipping-taxable","16":"purchasable","17":"product-type-variable"},"uagb_featured_image_src":{"full":["https:\/\/pressurezone.shop\/wp-content\/uploads\/2024\/10\/Wedding-Crasher-Strain-Budder.webp",2048,1365,false],"thumbnail":["https:\/\/pressurezone.shop\/wp-content\/uploads\/2024\/10\/Wedding-Crasher-Strain-Budder-150x150.webp",150,150,true],"medium":["https:\/\/pressurezone.shop\/wp-content\/uploads\/2024\/10\/Wedding-Crasher-Strain-Budder-300x200.webp",300,200,true],"medium_large":["https:\/\/pressurezone.shop\/wp-content\/uploads\/2024\/10\/Wedding-Crasher-Strain-Budder-768x512.webp",768,512,true],"large":["https:\/\/pressurezone.shop\/wp-content\/uploads\/2024\/10\/Wedding-Crasher-Strain-Budder-1024x683.webp",1024,683,true],"1536x1536":["https:\/\/pressurezone.shop\/wp-content\/uploads\/2024\/10\/Wedding-Crasher-Strain-Budder-1536x1024.webp",1536,1024,true],"2048x2048":["https:\/\/pressurezone.shop\/wp-content\/uploads\/2024\/10\/Wedding-Crasher-Strain-Budder.webp",2048,1365,false],"trp-custom-language-flag":["https:\/\/pressurezone.shop\/wp-content\/uploads\/2024\/10\/Wedding-Crasher-Strain-Budder-18x12.webp",18,12,true],"woocommerce_thumbnail":["https:\/\/pressurezone.shop\/wp-content\/uploads\/2024\/10\/Wedding-Crasher-Strain-Budder-300x300.webp",300,300,true],"woocommerce_single":["https:\/\/pressurezone.shop\/wp-content\/uploads\/2024\/10\/Wedding-Crasher-Strain-Budder-600x400.webp",600,400,true],"woocommerce_gallery_thumbnail":["https:\/\/pressurezone.shop\/wp-content\/uploads\/2024\/10\/Wedding-Crasher-Strain-Budder-100x100.webp",100,100,true]},"uagb_author_info":{"display_name":"pressurezone.shop","author_link":"https:\/\/pressurezone.shop\/sv\/author\/"},"uagb_comment_info":0,"uagb_excerpt":"Acheter Wedding Crasher Strain Budder en Ligne en Europe D\u00e9couvrez le Wedding Crasher Strain Budder, un concentr\u00e9 hybride \u00e0 dominance indica qui offre une exp\u00e9rience exceptionnelle. Issu du croisement des c\u00e9l\u00e8bres souches Wedding Cake et Purple Punch, ce budder s\u00e9duit autant par ses ar\u00f4mes que par ses effets. Que vous recherchiez du soulagement ou un&hellip;","_links":{"self":[{"href":"https:\/\/pressurezone.shop\/sv\/wp-json\/wp\/v2\/product\/3220"}],"collection":[{"href":"https:\/\/pressurezone.shop\/sv\/wp-json\/wp\/v2\/product"}],"about":[{"href":"https:\/\/pressurezone.shop\/sv\/wp-json\/wp\/v2\/types\/product"}],"replies":[{"embeddable":true,"href":"https:\/\/pressurezone.shop\/sv\/wp-json\/wp\/v2\/comments?post=3220"}],"version-history":[{"count":3,"href":"https:\/\/pressurezone.shop\/sv\/wp-json\/wp\/v2\/product\/3220\/revisions"}],"predecessor-version":[{"id":4642,"href":"https:\/\/pressurezone.shop\/sv\/wp-json\/wp\/v2\/product\/3220\/revisions\/4642"}],"wp:featuredmedia":[{"embeddable":true,"href":"https:\/\/pressurezone.shop\/sv\/wp-json\/wp\/v2\/media\/3296"}],"wp:attachment":[{"href":"https:\/\/pressurezone.shop\/sv\/wp-json\/wp\/v2\/media?parent=3220"}],"wp:term":[{"taxonomy":"product_brand","embeddable":true,"href":"https:\/\/pressurezone.shop\/sv\/wp-json\/wp\/v2\/product_brand?post=3220"},{"taxonomy":"product_cat","embeddable":true,"href":"https:\/\/pressurezone.shop\/sv\/wp-json\/wp\/v2\/product_cat?post=3220"},{"taxonomy":"product_tag","embeddable":true,"href":"https:\/\/pressurezone.shop\/sv\/wp-json\/wp\/v2\/product_tag?post=3220"}],"curies":[{"name":"wp","href":"https:\/\/api.w.org\/{rel}","templated":true}]}}