{"id":3232,"date":"2024-10-11T00:56:06","date_gmt":"2024-10-10T22:56:06","guid":{"rendered":"https:\/\/pressurezone.shop\/?post_type=product&#038;p=3232"},"modified":"2024-11-17T00:15:34","modified_gmt":"2024-11-16T23:15:34","slug":"grape-ox-strain-budder-concentrate","status":"publish","type":"product","link":"https:\/\/pressurezone.shop\/sv\/produkt\/druva-ox-stam-budder-koncentrat\/","title":{"rendered":"Grape Ox Strain Budder-koncentrat"},"content":{"rendered":"<h3><strong>K\u00f6p Grape Ox Strain Budder Concentrate online i Europa<\/strong><\/h3>\n<p>Uppt\u00e4ck den ultimata avkopplingen med <strong>Grape Ox Strain Budder-koncentrat<\/strong>ett premium cannabiskoncentrat f\u00f6r dem som s\u00f6ker b\u00e5de rekreationsn\u00f6je och medicinska f\u00f6rdelar. Detta <strong>indica-dominant hybrid<\/strong> (90 % indica\/10 % sativa) \u00e4r den perfekta f\u00f6ljeslagaren f\u00f6r kv\u00e4llar ute eller stunder n\u00e4r du vill koppla av djupt. Skapad genom att korsa den kraftfulla <strong>Druva Ape X OX<\/strong>Grape Ox erbjuder en kraftfull kombination av effekter och smaker som g\u00f6r den till en viktig produkt i cannabisv\u00e4rlden.<a href=\"https:\/\/fuelpackz.com\/\" target=\"_blank\" rel=\"noopener\">.<\/a><\/p>\n<hr \/>\n<h3><strong>Varf\u00f6r v\u00e4lja Grape Ox Strain Budder Concentrate?<\/strong><\/h3>\n<h4><strong>Effekter<\/strong><\/h4>\n<ul>\n<li><strong>Stimulerande och euforisk<\/strong> : V\u00e4cker ditt hum\u00f6r och f\u00f6rb\u00e4ttrar dina k\u00e4nslor.<\/li>\n<li><strong>Total avslappning<\/strong> Slappnar av varje muskel i kroppen.<\/li>\n<li><strong>Lugnande s\u00f6mn<\/strong> Perfekt f\u00f6r avkoppling f\u00f6re s\u00e4ngg\u00e5endet.<\/li>\n<\/ul>\n<h4><strong>Sjukv\u00e5rdsf\u00f6rm\u00e5ner<\/strong><\/h4>\n<p>Le <strong>Grape Ox Strain Knopp<\/strong> \u00e4r mycket uppskattad f\u00f6r sina terapeutiska egenskaper, idealisk f\u00f6r behandling av :<\/p>\n<ul>\n<li><strong>Kronisk sm\u00e4rta<\/strong> L\u00e5ngvarig lindring av ih\u00e5llande obehag.<\/li>\n<li><strong>S\u00f6mnl\u00f6shet<\/strong> : Hj\u00e4lper dig att somna lugnt och utan avbrott.<\/li>\n<li><strong>Inflammationer<\/strong> Minskar svullnad och l\u00f6ser upp sp\u00e4nningar i kroppen.<\/li>\n<li><strong>Depression och stress<\/strong> Rensar sinnet och motverkar \u00e5ngest.<\/li>\n<\/ul>\n<hr \/>\n<h3><strong>Smak- och doftprofil<\/strong><\/h3>\n<h4><strong>Smaker<\/strong><\/h4>\n<ul>\n<li><strong>B\u00e4r &amp; druvor<\/strong> En fruktig explosion varje g\u00e5ng du andas in.<\/li>\n<li><strong>Hasseln\u00f6t &amp; Kryddor<\/strong> Jordiga nyanser som berikar smaken.<\/li>\n<li><strong>S\u00f6t och tr\u00e4ig<\/strong> : En j\u00e4mn, tillfredsst\u00e4llande finish.<\/li>\n<\/ul>\n<h4><strong>Dofter<\/strong><\/h4>\n<ul>\n<li><strong>Bl\u00e5b\u00e4r &amp; Druva<\/strong> En fruktig doft som fyller hela rummet.<\/li>\n<li><strong>S\u00f6ta kryddor<\/strong> Varm, tr\u00f6stande och inbjudande.<\/li>\n<\/ul>\n<hr \/>\n<h3><strong>Inneh\u00e5ll av THC och CBD<\/strong><\/h3>\n<p>Grape Ox erbjuder <strong>genomsnittlig THC-halt p\u00e5 20-24 %<\/strong> och en imponerande <strong>CBD-niv\u00e5er av 4-6 %<\/strong>Detta g\u00f6r det till ett m\u00e5ngsidigt alternativ f\u00f6r b\u00e5de rekreationsanv\u00e4ndare och de som s\u00f6ker medicinsk lindring. Effekten b\u00f6rjar som en subtil, gradvis k\u00e4nsla innan den utvecklas till ett euforiskt, uppiggande mentalt tillst\u00e5nd som harmoniserar perfekt med dess avslappnande effekter p\u00e5 kroppen.<\/p>\n<hr \/>\n<h3><strong>Perfekt f\u00f6r kv\u00e4llsbruk<\/strong><\/h3>\n<p>Grape Ox Strain Budder Concentrate \u00e4r perfekt f\u00f6r anv\u00e4ndning p\u00e5 kv\u00e4llen eller p\u00e5 de lugna dagarna n\u00e4r du vill dra nytta av dess lugnande egenskaper. Oavsett om du vill hantera fysiskt obehag, lugna mental stress eller helt enkelt koppla av, \u00e4r Grape Ox den perfekta l\u00f6sningen.<\/p>\n<hr \/>\n<h3><strong>Hur man anv\u00e4nder Grape Ox Strain Budder Concentrate<\/strong><\/h3>\n<ol>\n<li><strong>Dabbing<\/strong> Dra full nytta av dess kraft och smak med en dab-rigg.<\/li>\n<li><strong>F\u00f6r\u00e5ngning<\/strong> Anv\u00e4nd en kompatibel f\u00f6r\u00e5ngare f\u00f6r skonsamma, v\u00e4lsmakande inhalationer.<\/li>\n<li><strong>F\u00f6rb\u00e4ttra din led<\/strong> Str\u00f6 lite i din led f\u00f6r extra effekt.<\/li>\n<\/ol>\n<hr \/>\n<h3><strong>Varf\u00f6r k\u00f6pa fr\u00e5n PressureZone.Shop?<\/strong><\/h3>\n<p>Vid <a href=\"https:\/\/pressurezone.shop\/sv\/\"><strong>PressureZone.shop<\/strong><\/a>Vi \u00e4r fast beslutna att erbjuda de b\u00e4sta cannabisprodukterna, med fokus p\u00e5 <strong>renhet, kraft och kundn\u00f6jdhet<\/strong>. Best\u00e4ll med tillf\u00f6rsikt och f\u00e5 din <strong>Grape Ox Strain Budder-koncentrat<\/strong> diskret och effektivt i hela Europa.<\/p>","protected":false},"excerpt":{"rendered":"<p>Achetez le Grape Ox Strain Budder Concentrate en ligne en Europe D\u00e9couvrez la relaxation ultime avec le Grape Ox Strain Budder Concentrate, un concentr\u00e9 de cannabis de premier choix pour ceux qui recherchent \u00e0 la fois un plaisir r\u00e9cr\u00e9atif et des bienfaits m\u00e9dicinaux. Cet hybride \u00e0 dominance indica (90 % indica\/10 % sativa) est le [&hellip;]<\/p>","protected":false},"featured_media":3308,"comment_status":"closed","ping_status":"closed","template":"","meta":{"_uag_custom_page_level_css":"","site-sidebar-layout":"default","site-content-layout":"","ast-site-content-layout":"default","site-content-style":"default","site-sidebar-style":"default","ast-global-header-display":"","ast-banner-title-visibility":"","ast-main-header-display":"","ast-hfb-above-header-display":"","ast-hfb-below-header-display":"","ast-hfb-mobile-header-display":"","site-post-title":"","ast-breadcrumbs-content":"","ast-featured-img":"","footer-sml-layout":"","theme-transparent-header-meta":"default","adv-header-id-meta":"","stick-header-meta":"","header-above-stick-meta":"","header-main-stick-meta":"","header-below-stick-meta":"","astra-migrate-meta-layouts":"set","ast-page-background-enabled":"default","ast-page-background-meta":{"desktop":{"background-color":"","background-image":"","background-repeat":"repeat","background-position":"center center","background-size":"auto","background-attachment":"scroll","background-type":"","background-media":"","overlay-type":"","overlay-color":"","overlay-opacity":"","overlay-gradient":""},"tablet":{"background-color":"","background-image":"","background-repeat":"repeat","background-position":"center center","background-size":"auto","background-attachment":"scroll","background-type":"","background-media":"","overlay-type":"","overlay-color":"","overlay-opacity":"","overlay-gradient":""},"mobile":{"background-color":"","background-image":"","background-repeat":"repeat","background-position":"center center","background-size":"auto","background-attachment":"scroll","background-type":"","background-media":"","overlay-type":"","overlay-color":"","overlay-opacity":"","overlay-gradient":""}},"ast-content-background-meta":{"desktop":{"background-color":"var(--ast-global-color-5)","background-image":"","background-repeat":"repeat","background-position":"center center","background-size":"auto","background-attachment":"scroll","background-type":"","background-media":"","overlay-type":"","overlay-color":"","overlay-opacity":"","overlay-gradient":""},"tablet":{"background-color":"var(--ast-global-color-5)","background-image":"","background-repeat":"repeat","background-position":"center center","background-size":"auto","background-attachment":"scroll","background-type":"","background-media":"","overlay-type":"","overlay-color":"","overlay-opacity":"","overlay-gradient":""},"mobile":{"background-color":"var(--ast-global-color-5)","background-image":"","background-repeat":"repeat","background-position":"center center","background-size":"auto","background-attachment":"scroll","background-type":"","background-media":"","overlay-type":"","overlay-color":"","overlay-opacity":"","overlay-gradient":""}}},"product_brand":[],"product_cat":[388,334],"product_tag":[393,402,396,397],"class_list":{"0":"post-3232","1":"product","2":"type-product","3":"status-publish","4":"has-post-thumbnail","6":"product_cat-cannabis-budder","7":"product_cat-concentres-de-marijuana","8":"product_tag-buy-dabs-online-europe","9":"product_tag-order-grape-ox-strain-budder-concentrate-europe","10":"product_tag-order-weed-extracts-france","11":"product_tag-thc-budder-concentrates-online-near-me","12":"desktop-align-left","13":"tablet-align-left","14":"mobile-align-left","16":"first","17":"instock","18":"shipping-taxable","19":"purchasable","20":"product-type-variable"},"uagb_featured_image_src":{"full":["https:\/\/pressurezone.shop\/wp-content\/uploads\/2024\/10\/Grape-Ox-Strain-Budder-Concentrate.webp",2048,1365,false],"thumbnail":["https:\/\/pressurezone.shop\/wp-content\/uploads\/2024\/10\/Grape-Ox-Strain-Budder-Concentrate-150x150.webp",150,150,true],"medium":["https:\/\/pressurezone.shop\/wp-content\/uploads\/2024\/10\/Grape-Ox-Strain-Budder-Concentrate-300x200.webp",300,200,true],"medium_large":["https:\/\/pressurezone.shop\/wp-content\/uploads\/2024\/10\/Grape-Ox-Strain-Budder-Concentrate-768x512.webp",768,512,true],"large":["https:\/\/pressurezone.shop\/wp-content\/uploads\/2024\/10\/Grape-Ox-Strain-Budder-Concentrate-1024x683.webp",1024,683,true],"1536x1536":["https:\/\/pressurezone.shop\/wp-content\/uploads\/2024\/10\/Grape-Ox-Strain-Budder-Concentrate-1536x1024.webp",1536,1024,true],"2048x2048":["https:\/\/pressurezone.shop\/wp-content\/uploads\/2024\/10\/Grape-Ox-Strain-Budder-Concentrate.webp",2048,1365,false],"trp-custom-language-flag":["https:\/\/pressurezone.shop\/wp-content\/uploads\/2024\/10\/Grape-Ox-Strain-Budder-Concentrate-18x12.webp",18,12,true],"woocommerce_thumbnail":["https:\/\/pressurezone.shop\/wp-content\/uploads\/2024\/10\/Grape-Ox-Strain-Budder-Concentrate-300x300.webp",300,300,true],"woocommerce_single":["https:\/\/pressurezone.shop\/wp-content\/uploads\/2024\/10\/Grape-Ox-Strain-Budder-Concentrate-600x400.webp",600,400,true],"woocommerce_gallery_thumbnail":["https:\/\/pressurezone.shop\/wp-content\/uploads\/2024\/10\/Grape-Ox-Strain-Budder-Concentrate-100x100.webp",100,100,true]},"uagb_author_info":{"display_name":"pressurezone.shop","author_link":"https:\/\/pressurezone.shop\/sv\/author\/"},"uagb_comment_info":0,"uagb_excerpt":"Achetez le Grape Ox Strain Budder Concentrate en ligne en Europe D\u00e9couvrez la relaxation ultime avec le Grape Ox Strain Budder Concentrate, un concentr\u00e9 de cannabis de premier choix pour ceux qui recherchent \u00e0 la fois un plaisir r\u00e9cr\u00e9atif et des bienfaits m\u00e9dicinaux. Cet hybride \u00e0 dominance indica (90 % indica\/10 % sativa) est le&hellip;","_links":{"self":[{"href":"https:\/\/pressurezone.shop\/sv\/wp-json\/wp\/v2\/product\/3232"}],"collection":[{"href":"https:\/\/pressurezone.shop\/sv\/wp-json\/wp\/v2\/product"}],"about":[{"href":"https:\/\/pressurezone.shop\/sv\/wp-json\/wp\/v2\/types\/product"}],"replies":[{"embeddable":true,"href":"https:\/\/pressurezone.shop\/sv\/wp-json\/wp\/v2\/comments?post=3232"}],"version-history":[{"count":3,"href":"https:\/\/pressurezone.shop\/sv\/wp-json\/wp\/v2\/product\/3232\/revisions"}],"predecessor-version":[{"id":4602,"href":"https:\/\/pressurezone.shop\/sv\/wp-json\/wp\/v2\/product\/3232\/revisions\/4602"}],"wp:featuredmedia":[{"embeddable":true,"href":"https:\/\/pressurezone.shop\/sv\/wp-json\/wp\/v2\/media\/3308"}],"wp:attachment":[{"href":"https:\/\/pressurezone.shop\/sv\/wp-json\/wp\/v2\/media?parent=3232"}],"wp:term":[{"taxonomy":"product_brand","embeddable":true,"href":"https:\/\/pressurezone.shop\/sv\/wp-json\/wp\/v2\/product_brand?post=3232"},{"taxonomy":"product_cat","embeddable":true,"href":"https:\/\/pressurezone.shop\/sv\/wp-json\/wp\/v2\/product_cat?post=3232"},{"taxonomy":"product_tag","embeddable":true,"href":"https:\/\/pressurezone.shop\/sv\/wp-json\/wp\/v2\/product_tag?post=3232"}],"curies":[{"name":"wp","href":"https:\/\/api.w.org\/{rel}","templated":true}]}}