{"id":3233,"date":"2024-10-11T00:56:06","date_gmt":"2024-10-10T22:56:06","guid":{"rendered":"https:\/\/pressurezone.shop\/?post_type=product&#038;p=3233"},"modified":"2024-11-16T23:09:48","modified_gmt":"2024-11-16T22:09:48","slug":"cookies-strain-budder","status":"publish","type":"product","link":"https:\/\/pressurezone.shop\/sv\/produkt\/kakor-med-stamknoppar\/","title":{"rendered":"Cookies Strain Budder Indica Dominant Hybrid"},"content":{"rendered":"<h3><strong>K\u00f6p Cookies Strain Budder - Hybrid Dominant Indica Online Europe<\/strong><\/h3>\n<p>Uppt\u00e4ck v\u00e4lbefinnandet som erbjuds av <strong>Stam Budder Cookies<\/strong>ett premium cannabiskoncentrat som kombinerar kraften fr\u00e5n <strong>OG Kush<\/strong>, <strong>Durban Gift<\/strong> och <strong>Cherry Kush<\/strong> i perfekt <strong>indica dominerande hybrid (60 % indica \/ 40 % sativa)<\/strong>. Med sina l\u00e5ngvariga effekter och rika aromatiska profil \u00e4r detta koncentrat perfekt f\u00f6r avkoppling och mental klarhet.<\/p>\n<hr \/>\n<h3><strong>Varf\u00f6r v\u00e4lja Cookies Strain Budder?<\/strong><\/h3>\n<h4><strong>Premium-effekter<\/strong><\/h4>\n<ul>\n<li><strong>Effekter<\/strong> Eufori, gott hum\u00f6r, avslappning, upprymdhet<\/li>\n<li><strong>Kan lindra<\/strong> \u00c5ngest, Depression, Stress, Aptitl\u00f6shet, Kronisk sm\u00e4rta<\/li>\n<\/ul>\n<p>K\u00e4nn hur din stress sm\u00e4lter bort tack vare Cookies Budders lugnande och stimulerande egenskaper. Dess euforiska effekt \u00e4r perfekt f\u00f6r att koppla av efter en l\u00e5ng dag eller f\u00f6r att bek\u00e4mpa sp\u00e4nningar.<\/p>\n<hr \/>\n<h3><strong>Smak och doft<\/strong><\/h3>\n<p>Cookies Strain Budder f\u00f6rf\u00f6r sinnena med en unik blandning av smaker och aromer:<\/p>\n<ul>\n<li><strong>Smaker<\/strong> : K\u00f6rsb\u00e4r, citron, tall<\/li>\n<li><strong>Dofter<\/strong> Mynta, Hasseln\u00f6t, Kryddig, S\u00f6t, Vanilj<\/li>\n<\/ul>\n<p>Varje inandning avsl\u00f6jar en s\u00f6t essens av k\u00f6rsb\u00e4r och vanilj, medan toner av mynta och tall dr\u00f6jer sig kvar och g\u00f6r varje session of\u00f6rgl\u00f6mlig.<\/p>\n<hr \/>\n<h3><strong>F\u00f6rdelar med Cookies Strain Budder<\/strong><\/h3>\n<p>Detta <strong>cannabis knoppar koncentrat<\/strong> \u00e4r k\u00e4nd f\u00f6r sina kraftfulla terapeutiska egenskaper:<\/p>\n<ul>\n<li><strong>Stress och \u00e5ngest<\/strong> De avslappnande effekterna hj\u00e4lper dig att varva ner och minska p\u00e5tr\u00e4ngande tankar.<\/li>\n<li><strong>Aptitl\u00f6shet och illam\u00e5ende<\/strong> Stimulerar aptiten och minskar samtidigt symtomen p\u00e5 illam\u00e5ende.<\/li>\n<li><strong>Lindring av depression<\/strong> : Lyfter hum\u00f6ret och ger en k\u00e4nsla av lycka.<\/li>\n<li><strong>Sm\u00e4rtlindring<\/strong> Lindrar kronisk sm\u00e4rta och obehag tack vare en lugnande effekt p\u00e5 kroppen.<\/li>\n<\/ul>\n<hr \/>\n<h3><strong>Hur man anv\u00e4nder Cookies Strain Budder<\/strong><\/h3>\n<p>F\u00e5 ut mesta m\u00f6jliga av dina Budder Cookies genom att prova olika s\u00e4tt att \u00e4ta:<\/p>\n<ol>\n<li><strong>Dabbing<\/strong> Anv\u00e4nd en dab-rigg f\u00f6r en kraftfull och smakrik upplevelse.<\/li>\n<li><strong>F\u00f6r\u00e5ngning<\/strong> Kompatibel med spraypennor f\u00f6r koncentrat f\u00f6r diskret anv\u00e4ndning.<\/li>\n<li><strong>R\u00f6k<\/strong> Tills\u00e4tt en liten m\u00e4ngd i dina leder eller r\u00f6r f\u00f6r extra intensitet.<\/li>\n<\/ol>\n<hr \/>\n<h3><strong>Vad g\u00f6r Strain Budder Cookies unika?<\/strong><\/h3>\n<h4><strong>Kraft och renhet<\/strong><\/h4>\n<p>Med en <strong>genomsnittlig THC-halt p\u00e5 24 %<\/strong>Denna budder erbjuder en robust, l\u00e5ngvarig upplevelse. Den extraheras noggrant f\u00f6r att bevara de naturliga cannabinoiderna och terpenerna, vilket garanterar en ren och kraftfull produkt.<a href=\"https:\/\/fuelpackz.com\/\" target=\"_blank\" rel=\"noopener\">.<\/a><\/p>\n<h4><strong>Rik cannabinoidprofil<\/strong><\/h4>\n<p>Det balanserade f\u00f6rh\u00e5llandet <strong>indica-sativa<\/strong> Cookies Budder erbjuder en blandning av cerebral eufori och fysisk avkoppling, vilket g\u00f6r den m\u00e5ngsidig f\u00f6r b\u00e5de rekreations- och medicinska anv\u00e4ndare.<\/p>\n<hr \/>\n<h3><strong>K\u00f6p Cookies Strain Budder online i Europa<\/strong><\/h3>\n<p>F\u00f6rb\u00e4ttra din cannabisupplevelse med <strong>Stam Budder Cookies<\/strong>ett koncentrat utformat f\u00f6r dem som letar efter premiumkvalitet och oj\u00e4mf\u00f6rliga effekter. Oavsett om du vill koppla av, hantera dina symtom eller bara njuta av en v\u00e4lsmakande session, \u00e4r denna budder gjord f\u00f6r dig.<\/p>\n<p><strong>Best\u00e4ll nu p\u00e5 <a href=\"https:\/\/pressurezone.shop\/sv\/\" target=\"_new\" rel=\"noopener\">PressureZone.shop<\/a><\/strong> och f\u00e5 snabb och diskret leverans \u00f6verallt i Europa.<\/p>","protected":false},"excerpt":{"rendered":"<p>Achetez Cookies Strain Budder \u2013 Hybride Dominant Indica en Ligne Europe D\u00e9couvrez le bien-\u00eatre apport\u00e9 par le Cookies Strain Budder, un concentr\u00e9 de cannabis premium qui combine la puissance de OG Kush, Durban Poison et Cherry Kush dans un parfait hybride dominant indica (60 % indica \/ 40 % sativa). Avec ses effets durables et [&hellip;]<\/p>","protected":false},"featured_media":3310,"comment_status":"closed","ping_status":"closed","template":"","meta":{"_uag_custom_page_level_css":"","site-sidebar-layout":"default","site-content-layout":"","ast-site-content-layout":"default","site-content-style":"default","site-sidebar-style":"default","ast-global-header-display":"","ast-banner-title-visibility":"","ast-main-header-display":"","ast-hfb-above-header-display":"","ast-hfb-below-header-display":"","ast-hfb-mobile-header-display":"","site-post-title":"","ast-breadcrumbs-content":"","ast-featured-img":"","footer-sml-layout":"","theme-transparent-header-meta":"default","adv-header-id-meta":"","stick-header-meta":"","header-above-stick-meta":"","header-main-stick-meta":"","header-below-stick-meta":"","astra-migrate-meta-layouts":"set","ast-page-background-enabled":"default","ast-page-background-meta":{"desktop":{"background-color":"","background-image":"","background-repeat":"repeat","background-position":"center center","background-size":"auto","background-attachment":"scroll","background-type":"","background-media":"","overlay-type":"","overlay-color":"","overlay-opacity":"","overlay-gradient":""},"tablet":{"background-color":"","background-image":"","background-repeat":"repeat","background-position":"center center","background-size":"auto","background-attachment":"scroll","background-type":"","background-media":"","overlay-type":"","overlay-color":"","overlay-opacity":"","overlay-gradient":""},"mobile":{"background-color":"","background-image":"","background-repeat":"repeat","background-position":"center center","background-size":"auto","background-attachment":"scroll","background-type":"","background-media":"","overlay-type":"","overlay-color":"","overlay-opacity":"","overlay-gradient":""}},"ast-content-background-meta":{"desktop":{"background-color":"var(--ast-global-color-5)","background-image":"","background-repeat":"repeat","background-position":"center center","background-size":"auto","background-attachment":"scroll","background-type":"","background-media":"","overlay-type":"","overlay-color":"","overlay-opacity":"","overlay-gradient":""},"tablet":{"background-color":"var(--ast-global-color-5)","background-image":"","background-repeat":"repeat","background-position":"center center","background-size":"auto","background-attachment":"scroll","background-type":"","background-media":"","overlay-type":"","overlay-color":"","overlay-opacity":"","overlay-gradient":""},"mobile":{"background-color":"var(--ast-global-color-5)","background-image":"","background-repeat":"repeat","background-position":"center center","background-size":"auto","background-attachment":"scroll","background-type":"","background-media":"","overlay-type":"","overlay-color":"","overlay-opacity":"","overlay-gradient":""}}},"product_brand":[],"product_cat":[388,334],"product_tag":[403],"class_list":{"0":"post-3233","1":"product","2":"type-product","3":"status-publish","4":"has-post-thumbnail","6":"product_cat-cannabis-budder","7":"product_cat-concentres-de-marijuana","8":"product_tag-order-cookies-strain-budder-indica-dominant-hybrid-europe","9":"desktop-align-left","10":"tablet-align-left","11":"mobile-align-left","13":"first","14":"instock","15":"shipping-taxable","16":"purchasable","17":"product-type-variable"},"uagb_featured_image_src":{"full":["https:\/\/pressurezone.shop\/wp-content\/uploads\/2024\/10\/Cookies-Strain-Budder-Indica-Dominant-Hybrid.webp",2048,1365,false],"thumbnail":["https:\/\/pressurezone.shop\/wp-content\/uploads\/2024\/10\/Cookies-Strain-Budder-Indica-Dominant-Hybrid-150x150.webp",150,150,true],"medium":["https:\/\/pressurezone.shop\/wp-content\/uploads\/2024\/10\/Cookies-Strain-Budder-Indica-Dominant-Hybrid-300x200.webp",300,200,true],"medium_large":["https:\/\/pressurezone.shop\/wp-content\/uploads\/2024\/10\/Cookies-Strain-Budder-Indica-Dominant-Hybrid-768x512.webp",768,512,true],"large":["https:\/\/pressurezone.shop\/wp-content\/uploads\/2024\/10\/Cookies-Strain-Budder-Indica-Dominant-Hybrid-1024x683.webp",1024,683,true],"1536x1536":["https:\/\/pressurezone.shop\/wp-content\/uploads\/2024\/10\/Cookies-Strain-Budder-Indica-Dominant-Hybrid-1536x1024.webp",1536,1024,true],"2048x2048":["https:\/\/pressurezone.shop\/wp-content\/uploads\/2024\/10\/Cookies-Strain-Budder-Indica-Dominant-Hybrid.webp",2048,1365,false],"trp-custom-language-flag":["https:\/\/pressurezone.shop\/wp-content\/uploads\/2024\/10\/Cookies-Strain-Budder-Indica-Dominant-Hybrid-18x12.webp",18,12,true],"woocommerce_thumbnail":["https:\/\/pressurezone.shop\/wp-content\/uploads\/2024\/10\/Cookies-Strain-Budder-Indica-Dominant-Hybrid-300x300.webp",300,300,true],"woocommerce_single":["https:\/\/pressurezone.shop\/wp-content\/uploads\/2024\/10\/Cookies-Strain-Budder-Indica-Dominant-Hybrid-600x400.webp",600,400,true],"woocommerce_gallery_thumbnail":["https:\/\/pressurezone.shop\/wp-content\/uploads\/2024\/10\/Cookies-Strain-Budder-Indica-Dominant-Hybrid-100x100.webp",100,100,true]},"uagb_author_info":{"display_name":"pressurezone.shop","author_link":"https:\/\/pressurezone.shop\/sv\/author\/"},"uagb_comment_info":0,"uagb_excerpt":"Achetez Cookies Strain Budder \u2013 Hybride Dominant Indica en Ligne Europe D\u00e9couvrez le bien-\u00eatre apport\u00e9 par le Cookies Strain Budder, un concentr\u00e9 de cannabis premium qui combine la puissance de OG Kush, Durban Poison et Cherry Kush dans un parfait hybride dominant indica (60 % indica \/ 40 % sativa). Avec ses effets durables et&hellip;","_links":{"self":[{"href":"https:\/\/pressurezone.shop\/sv\/wp-json\/wp\/v2\/product\/3233"}],"collection":[{"href":"https:\/\/pressurezone.shop\/sv\/wp-json\/wp\/v2\/product"}],"about":[{"href":"https:\/\/pressurezone.shop\/sv\/wp-json\/wp\/v2\/types\/product"}],"replies":[{"embeddable":true,"href":"https:\/\/pressurezone.shop\/sv\/wp-json\/wp\/v2\/comments?post=3233"}],"version-history":[{"count":3,"href":"https:\/\/pressurezone.shop\/sv\/wp-json\/wp\/v2\/product\/3233\/revisions"}],"predecessor-version":[{"id":4570,"href":"https:\/\/pressurezone.shop\/sv\/wp-json\/wp\/v2\/product\/3233\/revisions\/4570"}],"wp:featuredmedia":[{"embeddable":true,"href":"https:\/\/pressurezone.shop\/sv\/wp-json\/wp\/v2\/media\/3310"}],"wp:attachment":[{"href":"https:\/\/pressurezone.shop\/sv\/wp-json\/wp\/v2\/media?parent=3233"}],"wp:term":[{"taxonomy":"product_brand","embeddable":true,"href":"https:\/\/pressurezone.shop\/sv\/wp-json\/wp\/v2\/product_brand?post=3233"},{"taxonomy":"product_cat","embeddable":true,"href":"https:\/\/pressurezone.shop\/sv\/wp-json\/wp\/v2\/product_cat?post=3233"},{"taxonomy":"product_tag","embeddable":true,"href":"https:\/\/pressurezone.shop\/sv\/wp-json\/wp\/v2\/product_tag?post=3233"}],"curies":[{"name":"wp","href":"https:\/\/api.w.org\/{rel}","templated":true}]}}