{"id":3244,"date":"2024-10-11T00:56:32","date_gmt":"2024-10-10T22:56:32","guid":{"rendered":"https:\/\/pressurezone.shop\/?post_type=product&#038;p=3244"},"modified":"2024-11-16T23:05:16","modified_gmt":"2024-11-16T22:05:16","slug":"moonshine-haze-budder","status":"publish","type":"product","link":"https:\/\/pressurezone.shop\/sv\/produkt\/moonshine-haze-budder\/","title":{"rendered":"Moonshine Haze Budder"},"content":{"rendered":"<h3>K\u00f6p Moonshine Haze Budder online i Europa<\/h3>\n<p><strong>Moonshine Haze Budder<\/strong> \u00e4r ett premium cannabiskoncentrat som h\u00e4rr\u00f6r fr\u00e5n den ber\u00f6mda <strong>Moonshine Haze-sort<\/strong>. Detta <strong>sativa-dominant hybrid (85% sativa \/ 15% indica)<\/strong> \u00e4r resultatet av en omsorgsfullt odlad korsning mellan <strong>Nevils vrak<\/strong> och <strong>Amnesia Haze<\/strong>Resultatet \u00e4r en stimulerande och energigivande upplevelse, perfekt f\u00f6r anv\u00e4ndning under dagtid. Oavsett om du \u00e4r en cannabisentusiast eller en medicinsk anv\u00e4ndare, \u00e4r <strong>Moonshine Haze Budder<\/strong> \u00e4r ett utm\u00e4rkt val f\u00f6r att stimulera kreativitet, lindra stress och f\u00f6rb\u00e4ttra ditt hum\u00f6r<a href=\"https:\/\/fuelpackz.com\/\" target=\"_blank\" rel=\"noopener\">.<\/a><\/p>\n<hr \/>\n<h3><strong>Varf\u00f6r v\u00e4lja Moonshine Haze Budder?<\/strong><\/h3>\n<h4><strong>Premium-effekter<\/strong><\/h4>\n<ul>\n<li><strong>Effekter<\/strong> Stimulerande, kreativ, energigivande, glad, upplyftande<\/li>\n<li><strong>Sjukv\u00e5rdsf\u00f6rm\u00e5ner<\/strong> Lindrar kramper, depression, tr\u00f6tthet, aptitl\u00f6shet och stress.<\/li>\n<\/ul>\n<p>Oavsett om du letar efter en inspirerande boost f\u00f6r dina kreativa projekt eller lindring fr\u00e5n tr\u00f6tthet och stress, s\u00e5 \u00e4r <strong>Moonshine Haze Budder<\/strong> \u00e4r ett m\u00e5ngsidigt och kraftfullt alternativ.<\/p>\n<hr \/>\n<h3><strong>Smak och doft<\/strong><\/h3>\n<p>Detta \u00f6verv\u00e4gande sativa-koncentrat njuter av sinnena med :<\/p>\n<ul>\n<li><strong>Smaker<\/strong> \u00d6rtartad, Skunky, Kryddig<\/li>\n<li><strong>Dofter<\/strong> Jordig, blommig, \u00f6rtartad, kryddig, skunky<\/li>\n<\/ul>\n<p>Varje inandning \u00e4r en kryddig, \u00f6rtartad blandning, f\u00f6rst\u00e4rkt av skunkiga nyanser som kommer att tilltala cannabis-k\u00e4nnare.<\/p>\n<hr \/>\n<h3><strong>Terapeutiska f\u00f6rdelar med Moonshine Haze Budder<\/strong><\/h3>\n<p>Le <strong>Moonshine Haze Budder<\/strong> \u00e4r fullpackad med cannabinoider f\u00f6r l\u00e5ngvarig lindring. Tack vare sin h\u00f6ga THC-inneh\u00e5ll \u00e4r den s\u00e4rskilt effektiv vid behandling av :<\/p>\n<ul>\n<li><strong>Kronisk sm\u00e4rta<\/strong> En lugnande k\u00e4nsla som lindrar sp\u00e4nningar och sm\u00e4rta.<\/li>\n<li><strong>Utmattning<\/strong> Energigivande effekter som motverkar tr\u00f6tthet och h\u00e5ller dig aktiv.<\/li>\n<li><strong>Depression<\/strong> Hj\u00e4rnp\u00e5verkan som skingrar negativa tankar och uppmuntrar till positivitet.<\/li>\n<li><strong>Stress<\/strong> Sl\u00e4pper av sinnet och ger andrum fr\u00e5n vardagens p\u00e5frestningar.<\/li>\n<li><strong>Aptitl\u00f6shet<\/strong> Stimulerar aptiten, perfekt f\u00f6r personer med \u00e4tst\u00f6rningar.<\/li>\n<\/ul>\n<hr \/>\n<h3><strong>Hur man anv\u00e4nder Moonshine Haze Budder?<\/strong><\/h3>\n<p>Le <strong>Moonshine Haze Budder<\/strong> erbjuder ett brett utbud av konsumtionsalternativ:<\/p>\n<ol>\n<li><strong>Dabbing<\/strong> Anv\u00e4nd en dab-rigg f\u00f6r att dra full nytta av smakerna och effekterna.<\/li>\n<li><strong>F\u00f6r\u00e5ngning<\/strong> Kompatibel med sprutor f\u00f6r koncentrat f\u00f6r en skonsam upplevelse.<\/li>\n<li><strong>Infusion<\/strong> L\u00e4gg till det i dina pipor, joints eller blunts f\u00f6r att berika dina sessioner.<\/li>\n<\/ol>\n<hr \/>\n<h3><strong>Vad g\u00f6r Moonshine Haze Budder unik?<\/strong><\/h3>\n<h4><strong>Expertis inom tillverkning<\/strong><\/h4>\n<p>Denna knopp utvinns med avancerade metoder som bevarar den naturliga terpenprofilen f\u00f6r en rik, smakrik upplevelse.<\/p>\n<h4><strong>P\u00e5litlig avlastning<\/strong><\/h4>\n<p>Med sin konsekventa styrka och balanserade cannabinoidprofil \u00e4r den idealisk f\u00f6r rekreation eller medicinsk anv\u00e4ndning.<\/p>\n<h4><strong>M\u00e5ngsidig anv\u00e4ndning<\/strong><\/h4>\n<p>Perfekt f\u00f6r en energikick under dagen, en kreativ gnista eller f\u00f6r att koppla av i slutet av dagen.<\/p>\n<hr \/>\n<h3><strong>K\u00f6p Moonshine Haze Budder online i Europa<\/strong><\/h3>\n<p>F\u00f6rb\u00e4ttra din cannabisupplevelse med <strong>Moonshine Haze Budder<\/strong> \u00f6verl\u00e4gsen kvalitet. Oavsett om du vill \u00f6ka din kreativitet, f\u00f6rb\u00e4ttra ditt hum\u00f6r eller lindra kronisk stress, kommer detta kraftfulla sativadominerande koncentrat att uppfylla alla dina behov.<\/p>\n<p><strong>Best\u00e4ll nu p\u00e5 <a href=\"https:\/\/pressurezone.shop\/sv\/\" target=\"_new\" rel=\"noopener\">PressureZone.shop<\/a><\/strong> f\u00f6r diskret leverans och p\u00e5litlig service i hela Europa<\/p>","protected":false},"excerpt":{"rendered":"<p>Acheter du Moonshine Haze Budder en ligne en Europe Moonshine Haze Budder est un concentr\u00e9 de cannabis premium issu de la c\u00e9l\u00e8bre vari\u00e9t\u00e9 Moonshine Haze. Ce hybride \u00e0 dominante sativa (85% sativa \/ 15% indica) est le fruit d\u2019un croisement soigneusement cultiv\u00e9 entre Nevil\u2019s Wreck et Amnesia Haze, offrant une exp\u00e9rience stimulante et \u00e9nergisante, id\u00e9ale [&hellip;]<\/p>","protected":false},"featured_media":3320,"comment_status":"closed","ping_status":"closed","template":"","meta":{"_uag_custom_page_level_css":"","site-sidebar-layout":"default","site-content-layout":"","ast-site-content-layout":"default","site-content-style":"default","site-sidebar-style":"default","ast-global-header-display":"","ast-banner-title-visibility":"","ast-main-header-display":"","ast-hfb-above-header-display":"","ast-hfb-below-header-display":"","ast-hfb-mobile-header-display":"","site-post-title":"","ast-breadcrumbs-content":"","ast-featured-img":"","footer-sml-layout":"","theme-transparent-header-meta":"default","adv-header-id-meta":"","stick-header-meta":"","header-above-stick-meta":"","header-main-stick-meta":"","header-below-stick-meta":"","astra-migrate-meta-layouts":"set","ast-page-background-enabled":"default","ast-page-background-meta":{"desktop":{"background-color":"","background-image":"","background-repeat":"repeat","background-position":"center center","background-size":"auto","background-attachment":"scroll","background-type":"","background-media":"","overlay-type":"","overlay-color":"","overlay-opacity":"","overlay-gradient":""},"tablet":{"background-color":"","background-image":"","background-repeat":"repeat","background-position":"center center","background-size":"auto","background-attachment":"scroll","background-type":"","background-media":"","overlay-type":"","overlay-color":"","overlay-opacity":"","overlay-gradient":""},"mobile":{"background-color":"","background-image":"","background-repeat":"repeat","background-position":"center center","background-size":"auto","background-attachment":"scroll","background-type":"","background-media":"","overlay-type":"","overlay-color":"","overlay-opacity":"","overlay-gradient":""}},"ast-content-background-meta":{"desktop":{"background-color":"var(--ast-global-color-5)","background-image":"","background-repeat":"repeat","background-position":"center center","background-size":"auto","background-attachment":"scroll","background-type":"","background-media":"","overlay-type":"","overlay-color":"","overlay-opacity":"","overlay-gradient":""},"tablet":{"background-color":"var(--ast-global-color-5)","background-image":"","background-repeat":"repeat","background-position":"center center","background-size":"auto","background-attachment":"scroll","background-type":"","background-media":"","overlay-type":"","overlay-color":"","overlay-opacity":"","overlay-gradient":""},"mobile":{"background-color":"var(--ast-global-color-5)","background-image":"","background-repeat":"repeat","background-position":"center center","background-size":"auto","background-attachment":"scroll","background-type":"","background-media":"","overlay-type":"","overlay-color":"","overlay-opacity":"","overlay-gradient":""}}},"product_brand":[],"product_cat":[388,334],"product_tag":[393,406,396,397],"class_list":{"0":"post-3244","1":"product","2":"type-product","3":"status-publish","4":"has-post-thumbnail","6":"product_cat-cannabis-budder","7":"product_cat-concentres-de-marijuana","8":"product_tag-buy-dabs-online-europe","9":"product_tag-buy-moonshine-haze-budder-online-europe","10":"product_tag-order-weed-extracts-france","11":"product_tag-thc-budder-concentrates-online-near-me","12":"desktop-align-left","13":"tablet-align-left","14":"mobile-align-left","16":"first","17":"instock","18":"shipping-taxable","19":"purchasable","20":"product-type-variable"},"uagb_featured_image_src":{"full":["https:\/\/pressurezone.shop\/wp-content\/uploads\/2024\/10\/Buy-Moonshine-Haze-Budder.webp",2048,1365,false],"thumbnail":["https:\/\/pressurezone.shop\/wp-content\/uploads\/2024\/10\/Buy-Moonshine-Haze-Budder-150x150.webp",150,150,true],"medium":["https:\/\/pressurezone.shop\/wp-content\/uploads\/2024\/10\/Buy-Moonshine-Haze-Budder-300x200.webp",300,200,true],"medium_large":["https:\/\/pressurezone.shop\/wp-content\/uploads\/2024\/10\/Buy-Moonshine-Haze-Budder-768x512.webp",768,512,true],"large":["https:\/\/pressurezone.shop\/wp-content\/uploads\/2024\/10\/Buy-Moonshine-Haze-Budder-1024x683.webp",1024,683,true],"1536x1536":["https:\/\/pressurezone.shop\/wp-content\/uploads\/2024\/10\/Buy-Moonshine-Haze-Budder-1536x1024.webp",1536,1024,true],"2048x2048":["https:\/\/pressurezone.shop\/wp-content\/uploads\/2024\/10\/Buy-Moonshine-Haze-Budder.webp",2048,1365,false],"trp-custom-language-flag":["https:\/\/pressurezone.shop\/wp-content\/uploads\/2024\/10\/Buy-Moonshine-Haze-Budder-18x12.webp",18,12,true],"woocommerce_thumbnail":["https:\/\/pressurezone.shop\/wp-content\/uploads\/2024\/10\/Buy-Moonshine-Haze-Budder-300x300.webp",300,300,true],"woocommerce_single":["https:\/\/pressurezone.shop\/wp-content\/uploads\/2024\/10\/Buy-Moonshine-Haze-Budder-600x400.webp",600,400,true],"woocommerce_gallery_thumbnail":["https:\/\/pressurezone.shop\/wp-content\/uploads\/2024\/10\/Buy-Moonshine-Haze-Budder-100x100.webp",100,100,true]},"uagb_author_info":{"display_name":"pressurezone.shop","author_link":"https:\/\/pressurezone.shop\/sv\/author\/"},"uagb_comment_info":0,"uagb_excerpt":"Acheter du Moonshine Haze Budder en ligne en Europe Moonshine Haze Budder est un concentr\u00e9 de cannabis premium issu de la c\u00e9l\u00e8bre vari\u00e9t\u00e9 Moonshine Haze. Ce hybride \u00e0 dominante sativa (85% sativa \/ 15% indica) est le fruit d\u2019un croisement soigneusement cultiv\u00e9 entre Nevil\u2019s Wreck et Amnesia Haze, offrant une exp\u00e9rience stimulante et \u00e9nergisante, id\u00e9ale&hellip;","_links":{"self":[{"href":"https:\/\/pressurezone.shop\/sv\/wp-json\/wp\/v2\/product\/3244"}],"collection":[{"href":"https:\/\/pressurezone.shop\/sv\/wp-json\/wp\/v2\/product"}],"about":[{"href":"https:\/\/pressurezone.shop\/sv\/wp-json\/wp\/v2\/types\/product"}],"replies":[{"embeddable":true,"href":"https:\/\/pressurezone.shop\/sv\/wp-json\/wp\/v2\/comments?post=3244"}],"version-history":[{"count":2,"href":"https:\/\/pressurezone.shop\/sv\/wp-json\/wp\/v2\/product\/3244\/revisions"}],"predecessor-version":[{"id":4562,"href":"https:\/\/pressurezone.shop\/sv\/wp-json\/wp\/v2\/product\/3244\/revisions\/4562"}],"wp:featuredmedia":[{"embeddable":true,"href":"https:\/\/pressurezone.shop\/sv\/wp-json\/wp\/v2\/media\/3320"}],"wp:attachment":[{"href":"https:\/\/pressurezone.shop\/sv\/wp-json\/wp\/v2\/media?parent=3244"}],"wp:term":[{"taxonomy":"product_brand","embeddable":true,"href":"https:\/\/pressurezone.shop\/sv\/wp-json\/wp\/v2\/product_brand?post=3244"},{"taxonomy":"product_cat","embeddable":true,"href":"https:\/\/pressurezone.shop\/sv\/wp-json\/wp\/v2\/product_cat?post=3244"},{"taxonomy":"product_tag","embeddable":true,"href":"https:\/\/pressurezone.shop\/sv\/wp-json\/wp\/v2\/product_tag?post=3244"}],"curies":[{"name":"wp","href":"https:\/\/api.w.org\/{rel}","templated":true}]}}