{"id":3245,"date":"2024-10-11T00:56:32","date_gmt":"2024-10-10T22:56:32","guid":{"rendered":"https:\/\/pressurezone.shop\/?post_type=product&#038;p=3245"},"modified":"2024-11-16T23:01:15","modified_gmt":"2024-11-16T22:01:15","slug":"cream-caramel-strain-budder","status":"publish","type":"product","link":"https:\/\/pressurezone.shop\/sv\/produkt\/gradde-karamell-stam-budder\/","title":{"rendered":"Cream Caramel Strain Budder- Indica"},"content":{"rendered":"<div class=\"flex-shrink-0 flex flex-col relative items-end\">\n<div>\n<div class=\"pt-0\">\n<div class=\"gizmo-bot-avatar flex h-8 w-8 items-center justify-center overflow-hidden rounded-full\">\n<div class=\"relative p-1 rounded-sm flex items-center justify-center bg-token-main-surface-primary text-token-text-primary h-8 w-8\"><\/div>\n<\/div>\n<\/div>\n<\/div>\n<\/div>\n<div class=\"group\/conversation-turn relative flex w-full min-w-0 flex-col agent-turn\">\n<div class=\"flex-col gap-1 md:gap-3\">\n<div class=\"flex max-w-full flex-col flex-grow\">\n<div class=\"min-h-8 text-message flex w-full flex-col items-end gap-2 whitespace-normal break-words [.text-message+&amp;]:mt-5\" dir=\"auto\" data-message-author-role=\"assistant\" data-message-id=\"d985e77f-380f-443d-8b38-c46aa790ecc9\" data-message-model-slug=\"gpt-4o\">\n<div class=\"flex w-full flex-col gap-1 empty:hidden first:pt-[3px]\">\n<div class=\"markdown prose w-full break-words dark:prose-invert light\">\n<h3>K\u00f6p Cream Caramel Strain Budder - Indica online i Europa<\/h3>\n<p><strong>Cream Caramel Strain Budder<\/strong> \u00e4r ett koncentrat av h\u00f6gsta kvalitet som \u00e4r utformat f\u00f6r att f\u00f6rb\u00e4ttra din cannabisupplevelse. Denna indica-dominerande hybrid, med ett f\u00f6rh\u00e5llande mellan <strong>90:10 indica-sativa<\/strong>\u00e4r resultatet av en korsning mellan sorterna <strong>L\u00f6nnl\u00f6v #1<\/strong>, <strong>BlueBack<\/strong> och <strong>Skunk Cannabis-stammar<\/strong>. K\u00e4nd f\u00f6r sin kr\u00e4miga karamellessens och kraftfulla effekter, det \u00e4r ett m\u00e5ste f\u00f6r b\u00e5de cannabisentusiaster och medicinska anv\u00e4ndare.<\/p>\n<hr \/>\n<h3><strong>Varf\u00f6r v\u00e4lja Cream Caramel Strain Budder?<\/strong><\/h3>\n<h4><strong>En o\u00f6vertr\u00e4ffad aromatisk profil<\/strong><\/h4>\n<ul>\n<li><strong>Smaker<\/strong> Sm\u00f6r, Karamell, Kaffe, Honung, Hasseln\u00f6t, S\u00f6t, Vanilj.<\/li>\n<li><strong>Dofter<\/strong> Karamell, jordig, s\u00f6t, vanilj.<\/li>\n<\/ul>\n<p>Varje inandning av denna knopp omsluter dina sinnen i en gourmetupplevelse som p\u00e5minner om en uts\u00f6kt efterr\u00e4tt.<\/p>\n<hr \/>\n<h3><strong>Terapeutiska f\u00f6rdelar<\/strong><\/h3>\n<p><strong>Gr\u00e4dde Karamell Budder<\/strong> \u00e4r fylld med kraftfulla cannabinoider, vilket g\u00f6r det till ett idealiskt alternativ f\u00f6r dem som s\u00f6ker terapeutisk lindring:<\/p>\n<ul>\n<li><strong>Eufori och avslappning<\/strong> Perfekt f\u00f6r att koppla av efter en stressig dag.<\/li>\n<li><strong>Kroppseffekt<\/strong> Lindrar sm\u00e4rta och sp\u00e4nningar och fr\u00e4mjar v\u00e4lbefinnandet.<\/li>\n<li><strong>Lugnande egenskaper<\/strong> : Fr\u00e4mjar vilsam s\u00f6mn och motverkar s\u00f6mnl\u00f6shet.<\/li>\n<\/ul>\n<h4><strong>Medicinska till\u00e4mpningar<\/strong><\/h4>\n<p>Denna sort \u00e4r erk\u00e4nd f\u00f6r sin effektivitet vid behandling av f\u00f6ljande tillst\u00e5nd:<\/p>\n<ul>\n<li>ADHD (Attention Deficit Hyperactivity Disorder)<\/li>\n<li>Kronisk sm\u00e4rta<\/li>\n<li>S\u00f6mnl\u00f6shet<\/li>\n<li>Depression<\/li>\n<li>PTSD (posttraumatiskt stressyndrom)<\/li>\n<li>Muskelspasmer<\/li>\n<li>Inflammation<\/li>\n<li>Crohns sjukdom<\/li>\n<\/ul>\n<hr \/>\n<h3><strong>Effekter och styrka<\/strong><\/h3>\n<p><strong>Effekter<\/strong> Kroppseffekt, eufori, glad, hunger, avslappning, s\u00f6mnighet.<br \/>\nTack vare dess djupt avslappnande och st\u00e4mningsh\u00f6jande effekter, <strong>Gr\u00e4dde Karamell Budder<\/strong> \u00e4r idealisk f\u00f6r anv\u00e4ndning nattetid. Dess lugnande egenskaper g\u00f6r den s\u00e4rskilt anv\u00e4ndbar f\u00f6r att hantera kronisk sm\u00e4rta, \u00e5ngest och mardr\u00f6mmar.<a href=\"https:\/\/fuelpackz.com\/\" target=\"_blank\" rel=\"noopener\">.<\/a><\/p>\n<hr \/>\n<h3><strong>Hur anv\u00e4nder jag Cream Caramel Strain Budder?<\/strong><\/h3>\n<h4><strong>Rekommenderade metoder<\/strong><\/h4>\n<ol>\n<li><strong>Dabbing<\/strong> Anv\u00e4nd en dab-rigg f\u00f6r att dra full nytta av smakerna och effekterna.<\/li>\n<li><strong>F\u00f6r\u00e5ngning<\/strong> Fyll p\u00e5 i en sprayflaska som \u00e4r kompatibel med koncentrat f\u00f6r en skonsam upplevelse.<\/li>\n<li><strong>Infusion<\/strong> Anv\u00e4nd det i \u00e4tbara produkter eller tills\u00e4tt det i dina sk\u00e5lar och leder f\u00f6r extra kraft.<\/li>\n<\/ol>\n<hr \/>\n<h3><strong>Vad skiljer Cream Caramel Budder fr\u00e5n andra?<\/strong><\/h3>\n<h4><strong>H\u00f6gklassigt hantverk<\/strong><\/h4>\n<p>Den h\u00e4r buddern \u00e4r tillverkad av cannabis av h\u00f6gsta kvalitet och raffinerade extraktionsmetoder och ger en sl\u00e4t, kr\u00e4mig konsistens samtidigt som terpenerna bevaras.<\/p>\n<h4><strong>Kraftfull lindring<\/strong><\/h4>\n<p>Med en balanserad cannabinoidprofil och en h\u00f6g THC-inneh\u00e5ll erbjuder den varaktig lindring f\u00f6r fysiska och psykiska sjukdomar.<\/p>\n<hr \/>\n<h3><strong>K\u00f6p Cream Caramel Strain Budder online i Europa<\/strong><\/h3>\n<p>Unna dig de lyxiga smakerna och de terapeutiska f\u00f6rdelarna med <strong>Cream Caramel Strain Budder - Indica<\/strong>. Oavsett om du vill lindra kronisk sm\u00e4rta eller bara koppla av, \u00e4r detta koncentrat den perfekta l\u00f6sningen.<\/p>\n<p><strong>Best\u00e4ll nu p\u00e5 <a href=\"https:\/\/pressurezone.shop\/sv\/\" target=\"_new\" rel=\"noopener\">PressureZone.shop<\/a><\/strong> f\u00f6r snabb och diskret leverans i hela Europa.<\/p>\n<\/div>\n<\/div>\n<\/div>\n<\/div>\n<\/div>\n<\/div>","protected":false},"excerpt":{"rendered":"<p>Acheter Cream Caramel Strain Budder \u2013 Indica en Ligne en Europe Cream Caramel Strain Budder est un concentr\u00e9 haut de gamme con\u00e7u pour sublimer votre exp\u00e9rience cannabis. Cet hybride \u00e0 dominance indica, avec un ratio 90:10 indica-sativa, est issu d\u2019un croisement entre les vari\u00e9t\u00e9s Maple Leaf #1, BlueBack et Skunk Cannabis Strains. R\u00e9put\u00e9 pour son [&hellip;]<\/p>","protected":false},"featured_media":3322,"comment_status":"closed","ping_status":"closed","template":"","meta":{"_uag_custom_page_level_css":"","site-sidebar-layout":"default","site-content-layout":"","ast-site-content-layout":"default","site-content-style":"default","site-sidebar-style":"default","ast-global-header-display":"","ast-banner-title-visibility":"","ast-main-header-display":"","ast-hfb-above-header-display":"","ast-hfb-below-header-display":"","ast-hfb-mobile-header-display":"","site-post-title":"","ast-breadcrumbs-content":"","ast-featured-img":"","footer-sml-layout":"","theme-transparent-header-meta":"default","adv-header-id-meta":"","stick-header-meta":"","header-above-stick-meta":"","header-main-stick-meta":"","header-below-stick-meta":"","astra-migrate-meta-layouts":"set","ast-page-background-enabled":"default","ast-page-background-meta":{"desktop":{"background-color":"","background-image":"","background-repeat":"repeat","background-position":"center center","background-size":"auto","background-attachment":"scroll","background-type":"","background-media":"","overlay-type":"","overlay-color":"","overlay-opacity":"","overlay-gradient":""},"tablet":{"background-color":"","background-image":"","background-repeat":"repeat","background-position":"center center","background-size":"auto","background-attachment":"scroll","background-type":"","background-media":"","overlay-type":"","overlay-color":"","overlay-opacity":"","overlay-gradient":""},"mobile":{"background-color":"","background-image":"","background-repeat":"repeat","background-position":"center center","background-size":"auto","background-attachment":"scroll","background-type":"","background-media":"","overlay-type":"","overlay-color":"","overlay-opacity":"","overlay-gradient":""}},"ast-content-background-meta":{"desktop":{"background-color":"var(--ast-global-color-5)","background-image":"","background-repeat":"repeat","background-position":"center center","background-size":"auto","background-attachment":"scroll","background-type":"","background-media":"","overlay-type":"","overlay-color":"","overlay-opacity":"","overlay-gradient":""},"tablet":{"background-color":"var(--ast-global-color-5)","background-image":"","background-repeat":"repeat","background-position":"center center","background-size":"auto","background-attachment":"scroll","background-type":"","background-media":"","overlay-type":"","overlay-color":"","overlay-opacity":"","overlay-gradient":""},"mobile":{"background-color":"var(--ast-global-color-5)","background-image":"","background-repeat":"repeat","background-position":"center center","background-size":"auto","background-attachment":"scroll","background-type":"","background-media":"","overlay-type":"","overlay-color":"","overlay-opacity":"","overlay-gradient":""}}},"product_brand":[],"product_cat":[388,334],"product_tag":[407],"class_list":{"0":"post-3245","1":"product","2":"type-product","3":"status-publish","4":"has-post-thumbnail","6":"product_cat-cannabis-budder","7":"product_cat-concentres-de-marijuana","8":"product_tag-buy-cream-caramel-strain-budder-indica-europe","9":"desktop-align-left","10":"tablet-align-left","11":"mobile-align-left","13":"first","14":"instock","15":"shipping-taxable","16":"purchasable","17":"product-type-variable"},"uagb_featured_image_src":{"full":["https:\/\/pressurezone.shop\/wp-content\/uploads\/2024\/10\/Buy-Cream-Caramel-Strain-Budder-\u2013-Indica.webp",2048,1365,false],"thumbnail":["https:\/\/pressurezone.shop\/wp-content\/uploads\/2024\/10\/Buy-Cream-Caramel-Strain-Budder-\u2013-Indica-150x150.webp",150,150,true],"medium":["https:\/\/pressurezone.shop\/wp-content\/uploads\/2024\/10\/Buy-Cream-Caramel-Strain-Budder-\u2013-Indica-300x200.webp",300,200,true],"medium_large":["https:\/\/pressurezone.shop\/wp-content\/uploads\/2024\/10\/Buy-Cream-Caramel-Strain-Budder-\u2013-Indica-768x512.webp",768,512,true],"large":["https:\/\/pressurezone.shop\/wp-content\/uploads\/2024\/10\/Buy-Cream-Caramel-Strain-Budder-\u2013-Indica-1024x683.webp",1024,683,true],"1536x1536":["https:\/\/pressurezone.shop\/wp-content\/uploads\/2024\/10\/Buy-Cream-Caramel-Strain-Budder-\u2013-Indica-1536x1024.webp",1536,1024,true],"2048x2048":["https:\/\/pressurezone.shop\/wp-content\/uploads\/2024\/10\/Buy-Cream-Caramel-Strain-Budder-\u2013-Indica.webp",2048,1365,false],"trp-custom-language-flag":["https:\/\/pressurezone.shop\/wp-content\/uploads\/2024\/10\/Buy-Cream-Caramel-Strain-Budder-\u2013-Indica-18x12.webp",18,12,true],"woocommerce_thumbnail":["https:\/\/pressurezone.shop\/wp-content\/uploads\/2024\/10\/Buy-Cream-Caramel-Strain-Budder-\u2013-Indica-300x300.webp",300,300,true],"woocommerce_single":["https:\/\/pressurezone.shop\/wp-content\/uploads\/2024\/10\/Buy-Cream-Caramel-Strain-Budder-\u2013-Indica-600x400.webp",600,400,true],"woocommerce_gallery_thumbnail":["https:\/\/pressurezone.shop\/wp-content\/uploads\/2024\/10\/Buy-Cream-Caramel-Strain-Budder-\u2013-Indica-100x100.webp",100,100,true]},"uagb_author_info":{"display_name":"pressurezone.shop","author_link":"https:\/\/pressurezone.shop\/sv\/author\/"},"uagb_comment_info":0,"uagb_excerpt":"Acheter Cream Caramel Strain Budder \u2013 Indica en Ligne en Europe Cream Caramel Strain Budder est un concentr\u00e9 haut de gamme con\u00e7u pour sublimer votre exp\u00e9rience cannabis. Cet hybride \u00e0 dominance indica, avec un ratio 90:10 indica-sativa, est issu d\u2019un croisement entre les vari\u00e9t\u00e9s Maple Leaf #1, BlueBack et Skunk Cannabis Strains. R\u00e9put\u00e9 pour son&hellip;","_links":{"self":[{"href":"https:\/\/pressurezone.shop\/sv\/wp-json\/wp\/v2\/product\/3245"}],"collection":[{"href":"https:\/\/pressurezone.shop\/sv\/wp-json\/wp\/v2\/product"}],"about":[{"href":"https:\/\/pressurezone.shop\/sv\/wp-json\/wp\/v2\/types\/product"}],"replies":[{"embeddable":true,"href":"https:\/\/pressurezone.shop\/sv\/wp-json\/wp\/v2\/comments?post=3245"}],"version-history":[{"count":3,"href":"https:\/\/pressurezone.shop\/sv\/wp-json\/wp\/v2\/product\/3245\/revisions"}],"predecessor-version":[{"id":4555,"href":"https:\/\/pressurezone.shop\/sv\/wp-json\/wp\/v2\/product\/3245\/revisions\/4555"}],"wp:featuredmedia":[{"embeddable":true,"href":"https:\/\/pressurezone.shop\/sv\/wp-json\/wp\/v2\/media\/3322"}],"wp:attachment":[{"href":"https:\/\/pressurezone.shop\/sv\/wp-json\/wp\/v2\/media?parent=3245"}],"wp:term":[{"taxonomy":"product_brand","embeddable":true,"href":"https:\/\/pressurezone.shop\/sv\/wp-json\/wp\/v2\/product_brand?post=3245"},{"taxonomy":"product_cat","embeddable":true,"href":"https:\/\/pressurezone.shop\/sv\/wp-json\/wp\/v2\/product_cat?post=3245"},{"taxonomy":"product_tag","embeddable":true,"href":"https:\/\/pressurezone.shop\/sv\/wp-json\/wp\/v2\/product_tag?post=3245"}],"curies":[{"name":"wp","href":"https:\/\/api.w.org\/{rel}","templated":true}]}}