{"id":3246,"date":"2024-10-11T00:56:33","date_gmt":"2024-10-10T22:56:33","guid":{"rendered":"https:\/\/pressurezone.shop\/?post_type=product&#038;p=3246"},"modified":"2024-11-17T00:39:20","modified_gmt":"2024-11-16T23:39:20","slug":"trawberry-shortcake-strain-budder","status":"publish","type":"product","link":"https:\/\/pressurezone.shop\/sv\/produkt\/trawberry-shortcake-stam-budder\/","title":{"rendered":"Jordgubb Shortcake Strain Budder"},"content":{"rendered":"<h3><strong>K\u00f6p Strawberry Shortcake Strain Budder online i Europa<\/strong><\/h3>\n<p>F\u00f6rb\u00e4ttra din upplevelse med <strong>Jordgubb Shortcake Strain Budder<\/strong>ett premiumkoncentrat <strong>sativa-dominerande hybrid<\/strong> (75% sativa\/25% indica) fr\u00e5n en korsning av de ber\u00f6mda Juliet X Strawberry Diesel-sorterna. Denna s\u00f6ta, fruktiga knopp kombinerar kraftfulla effekter med en oemotst\u00e5ndlig smak, vilket g\u00f6r den till ett m\u00e5ste f\u00f6r cannabis\u00e4lskare.<a href=\"https:\/\/fuelpackz.com\/\" target=\"_blank\" rel=\"noopener\">.<\/a><\/p>\n<hr \/>\n<h3><strong>Varf\u00f6r v\u00e4lja Strawberry Shortcake Budder?<\/strong><\/h3>\n<h4><strong>Effekter<\/strong><\/h4>\n<ul>\n<li><strong>F\u00f6rh\u00f6jning av hj\u00e4rnan<\/strong> K\u00e4nn kreativ energi och \u00f6kad koncentration.<\/li>\n<li><strong>Social eufori<\/strong> Perfekt f\u00f6r diskussioner och socialt umg\u00e4nge.<\/li>\n<li><strong>H\u00f6jer hum\u00f6ret<\/strong> Eliminerar negativa tankar och \u00f6kar motivationen.<\/li>\n<\/ul>\n<h4><strong>Sjukv\u00e5rdsf\u00f6rm\u00e5ner<\/strong><\/h4>\n<p>Denna buddare anv\u00e4nds ofta f\u00f6r att lindra :<\/p>\n<ul>\n<li><strong>Kronisk stress och tr\u00f6tthet<\/strong> Uppfriskande energi och rogivande lugn.<\/li>\n<li><strong>ADD\/ADHD och depression<\/strong> F\u00f6rb\u00e4ttrar koncentrationsf\u00f6rm\u00e5gan och h\u00f6jer hum\u00f6ret.<\/li>\n<li><strong>Hum\u00f6rsv\u00e4ngningar<\/strong> : Ger mental balans och v\u00e4lbefinnande.<\/li>\n<\/ul>\n<hr \/>\n<h3><strong>Smak- och doftprofil<\/strong><\/h3>\n<h4><strong>Smaker<\/strong><\/h4>\n<ul>\n<li><strong>S\u00f6ta b\u00e4r och fruktiga toner<\/strong> En explosion av f\u00e4rska jordgubbar varje g\u00e5ng du andas in.<\/li>\n<li><strong>\u00d6rtartad undervegetation<\/strong> En jordig touch balanserar upp s\u00f6tman.<\/li>\n<\/ul>\n<h4><strong>Dofter<\/strong><\/h4>\n<ul>\n<li><strong>Blandning av b\u00e4r och diesel<\/strong> En unik blandning av fruktig s\u00f6tma och kryddig smak.<\/li>\n<li><strong>Jordgubbsessens<\/strong> Berikad med nyanser av diesel och kryddor f\u00f6r en dynamisk profil.<\/li>\n<\/ul>\n<hr \/>\n<h3><strong>Strawberry Shortcake-upplevelsen<\/strong><\/h3>\n<p>Budder med jordgubbst\u00e5rta erbjuder en <strong>balanserad och produktiv h\u00f6g<\/strong>perfekt f\u00f6r anv\u00e4ndning under dagen. Det b\u00f6rjar med en v\u00e5g av eufori och mental klarhet, vilket \u00f6kar din kreativitet och koncentration. Oavsett om det g\u00e4ller arbete, social interaktion eller kreativa projekt hj\u00e4lper den h\u00e4r sorten dig att h\u00e5lla dig engagerad och motiverad.<\/p>\n<p>N\u00e4r de cerebrala effekterna sparkar in f\u00f6ljer en mild avslappning som h\u00e5ller dig jordad och lugn utan att orsaka sl\u00f6het. Med ett THC-inneh\u00e5ll p\u00e5 <strong>18-23%<\/strong>Denna budder \u00e4r ett p\u00e5litligt val f\u00f6r rekreations- och medicinska anv\u00e4ndare.<\/p>\n<hr \/>\n<h3><strong>Varf\u00f6r k\u00f6pa fr\u00e5n PressureZone.Shop?<\/strong><\/h3>\n<p>Vid <strong><a href=\"https:\/\/pressurezone.shop\/sv\/\" target=\"_new\" rel=\"noopener\">PressureZone.shop<\/a><\/strong>vi \u00e4r fast beslutna att erbjuda <strong>b\u00e4sta cannabiskoncentrat<\/strong>inklusive <strong>Jordgubb Shortcake Strain Budder<\/strong>. N\u00e4r du k\u00f6per fr\u00e5n oss drar du nytta av :<\/p>\n<ul>\n<li><strong>Snabb och diskret leverans i hela Europa<\/strong><\/li>\n<li><strong>H\u00f6gkvalitativa produkter som du kan lita p\u00e5<\/strong><\/li>\n<li><strong>Exklusiva erbjudanden p\u00e5 premiumsorter och koncentrat<\/strong><\/li>\n<\/ul>\n<hr \/>\n<h3><strong>Hur man njuter av Strawberry Shortcake Strain Budder?<\/strong><\/h3>\n<ol>\n<li><strong>Dab<\/strong> Anv\u00e4nd en dab-rigg f\u00f6r att uppleva de intensiva smakerna och effekterna.<\/li>\n<li><strong>Spraya den<\/strong> Tills\u00e4tt det till din spray f\u00f6r en smidig och smakrik session.<\/li>\n<li><strong>Str\u00f6 \u00f6ver den<\/strong> F\u00f6rh\u00f6j din joint eller pipa med en touch av budder f\u00f6r extra kraft.<\/li>\n<\/ol>","protected":false},"excerpt":{"rendered":"<p>Achetez Strawberry Shortcake Strain Budder en Ligne en Europe \u00c9levez votre exp\u00e9rience avec le Strawberry Shortcake Strain Budder, un concentr\u00e9 premium hybride \u00e0 dominante sativa (75% sativa\/25% indica) issu du croisement des c\u00e9l\u00e8bres souches Juliet X Strawberry Diesel. Ce budder sucr\u00e9 et fruit\u00e9 combine des effets puissants avec un ar\u00f4me irr\u00e9sistible, en faisant un incontournable [&hellip;]<\/p>","protected":false},"featured_media":3328,"comment_status":"closed","ping_status":"closed","template":"","meta":{"_uag_custom_page_level_css":"","site-sidebar-layout":"default","site-content-layout":"","ast-site-content-layout":"default","site-content-style":"default","site-sidebar-style":"default","ast-global-header-display":"","ast-banner-title-visibility":"","ast-main-header-display":"","ast-hfb-above-header-display":"","ast-hfb-below-header-display":"","ast-hfb-mobile-header-display":"","site-post-title":"","ast-breadcrumbs-content":"","ast-featured-img":"","footer-sml-layout":"","theme-transparent-header-meta":"default","adv-header-id-meta":"","stick-header-meta":"","header-above-stick-meta":"","header-main-stick-meta":"","header-below-stick-meta":"","astra-migrate-meta-layouts":"set","ast-page-background-enabled":"default","ast-page-background-meta":{"desktop":{"background-color":"","background-image":"","background-repeat":"repeat","background-position":"center center","background-size":"auto","background-attachment":"scroll","background-type":"","background-media":"","overlay-type":"","overlay-color":"","overlay-opacity":"","overlay-gradient":""},"tablet":{"background-color":"","background-image":"","background-repeat":"repeat","background-position":"center center","background-size":"auto","background-attachment":"scroll","background-type":"","background-media":"","overlay-type":"","overlay-color":"","overlay-opacity":"","overlay-gradient":""},"mobile":{"background-color":"","background-image":"","background-repeat":"repeat","background-position":"center center","background-size":"auto","background-attachment":"scroll","background-type":"","background-media":"","overlay-type":"","overlay-color":"","overlay-opacity":"","overlay-gradient":""}},"ast-content-background-meta":{"desktop":{"background-color":"var(--ast-global-color-5)","background-image":"","background-repeat":"repeat","background-position":"center center","background-size":"auto","background-attachment":"scroll","background-type":"","background-media":"","overlay-type":"","overlay-color":"","overlay-opacity":"","overlay-gradient":""},"tablet":{"background-color":"var(--ast-global-color-5)","background-image":"","background-repeat":"repeat","background-position":"center center","background-size":"auto","background-attachment":"scroll","background-type":"","background-media":"","overlay-type":"","overlay-color":"","overlay-opacity":"","overlay-gradient":""},"mobile":{"background-color":"var(--ast-global-color-5)","background-image":"","background-repeat":"repeat","background-position":"center center","background-size":"auto","background-attachment":"scroll","background-type":"","background-media":"","overlay-type":"","overlay-color":"","overlay-opacity":"","overlay-gradient":""}}},"product_brand":[],"product_cat":[388,334],"product_tag":[393,408,396,397],"class_list":{"0":"post-3246","1":"product","2":"type-product","3":"status-publish","4":"has-post-thumbnail","6":"product_cat-cannabis-budder","7":"product_cat-concentres-de-marijuana","8":"product_tag-buy-dabs-online-europe","9":"product_tag-order-strawberry-shortcake-strain-budder-europe","10":"product_tag-order-weed-extracts-france","11":"product_tag-thc-budder-concentrates-online-near-me","12":"desktop-align-left","13":"tablet-align-left","14":"mobile-align-left","16":"first","17":"instock","18":"shipping-taxable","19":"purchasable","20":"product-type-variable"},"uagb_featured_image_src":{"full":["https:\/\/pressurezone.shop\/wp-content\/uploads\/2024\/10\/Strawberry-Shortcake-Strain-Budder.webp",2048,1365,false],"thumbnail":["https:\/\/pressurezone.shop\/wp-content\/uploads\/2024\/10\/Strawberry-Shortcake-Strain-Budder-150x150.webp",150,150,true],"medium":["https:\/\/pressurezone.shop\/wp-content\/uploads\/2024\/10\/Strawberry-Shortcake-Strain-Budder-300x200.webp",300,200,true],"medium_large":["https:\/\/pressurezone.shop\/wp-content\/uploads\/2024\/10\/Strawberry-Shortcake-Strain-Budder-768x512.webp",768,512,true],"large":["https:\/\/pressurezone.shop\/wp-content\/uploads\/2024\/10\/Strawberry-Shortcake-Strain-Budder-1024x683.webp",1024,683,true],"1536x1536":["https:\/\/pressurezone.shop\/wp-content\/uploads\/2024\/10\/Strawberry-Shortcake-Strain-Budder-1536x1024.webp",1536,1024,true],"2048x2048":["https:\/\/pressurezone.shop\/wp-content\/uploads\/2024\/10\/Strawberry-Shortcake-Strain-Budder.webp",2048,1365,false],"trp-custom-language-flag":["https:\/\/pressurezone.shop\/wp-content\/uploads\/2024\/10\/Strawberry-Shortcake-Strain-Budder-18x12.webp",18,12,true],"woocommerce_thumbnail":["https:\/\/pressurezone.shop\/wp-content\/uploads\/2024\/10\/Strawberry-Shortcake-Strain-Budder-300x300.webp",300,300,true],"woocommerce_single":["https:\/\/pressurezone.shop\/wp-content\/uploads\/2024\/10\/Strawberry-Shortcake-Strain-Budder-600x400.webp",600,400,true],"woocommerce_gallery_thumbnail":["https:\/\/pressurezone.shop\/wp-content\/uploads\/2024\/10\/Strawberry-Shortcake-Strain-Budder-100x100.webp",100,100,true]},"uagb_author_info":{"display_name":"pressurezone.shop","author_link":"https:\/\/pressurezone.shop\/sv\/author\/"},"uagb_comment_info":0,"uagb_excerpt":"Achetez Strawberry Shortcake Strain Budder en Ligne en Europe \u00c9levez votre exp\u00e9rience avec le Strawberry Shortcake Strain Budder, un concentr\u00e9 premium hybride \u00e0 dominante sativa (75% sativa\/25% indica) issu du croisement des c\u00e9l\u00e8bres souches Juliet X Strawberry Diesel. Ce budder sucr\u00e9 et fruit\u00e9 combine des effets puissants avec un ar\u00f4me irr\u00e9sistible, en faisant un incontournable&hellip;","_links":{"self":[{"href":"https:\/\/pressurezone.shop\/sv\/wp-json\/wp\/v2\/product\/3246"}],"collection":[{"href":"https:\/\/pressurezone.shop\/sv\/wp-json\/wp\/v2\/product"}],"about":[{"href":"https:\/\/pressurezone.shop\/sv\/wp-json\/wp\/v2\/types\/product"}],"replies":[{"embeddable":true,"href":"https:\/\/pressurezone.shop\/sv\/wp-json\/wp\/v2\/comments?post=3246"}],"version-history":[{"count":3,"href":"https:\/\/pressurezone.shop\/sv\/wp-json\/wp\/v2\/product\/3246\/revisions"}],"predecessor-version":[{"id":4626,"href":"https:\/\/pressurezone.shop\/sv\/wp-json\/wp\/v2\/product\/3246\/revisions\/4626"}],"wp:featuredmedia":[{"embeddable":true,"href":"https:\/\/pressurezone.shop\/sv\/wp-json\/wp\/v2\/media\/3328"}],"wp:attachment":[{"href":"https:\/\/pressurezone.shop\/sv\/wp-json\/wp\/v2\/media?parent=3246"}],"wp:term":[{"taxonomy":"product_brand","embeddable":true,"href":"https:\/\/pressurezone.shop\/sv\/wp-json\/wp\/v2\/product_brand?post=3246"},{"taxonomy":"product_cat","embeddable":true,"href":"https:\/\/pressurezone.shop\/sv\/wp-json\/wp\/v2\/product_cat?post=3246"},{"taxonomy":"product_tag","embeddable":true,"href":"https:\/\/pressurezone.shop\/sv\/wp-json\/wp\/v2\/product_tag?post=3246"}],"curies":[{"name":"wp","href":"https:\/\/api.w.org\/{rel}","templated":true}]}}