{"id":3261,"date":"2024-10-11T00:57:01","date_gmt":"2024-10-10T22:57:01","guid":{"rendered":"https:\/\/pressurezone.shop\/?post_type=product&#038;p=3261"},"modified":"2024-11-02T18:50:53","modified_gmt":"2024-11-02T17:50:53","slug":"budder-grape-cake","status":"publish","type":"product","link":"https:\/\/pressurezone.shop\/sv\/produkt\/budder-druvkaka\/","title":{"rendered":"Grape Cake Cannabis Budder - Indica"},"content":{"rendered":"<div class=\"flex-shrink-0 flex flex-col relative items-end\">\n<div>\n<div class=\"pt-0\">\n<div class=\"gizmo-bot-avatar flex h-8 w-8 items-center justify-center overflow-hidden rounded-full\">\n<div class=\"relative p-1 rounded-sm flex items-center justify-center bg-token-main-surface-primary text-token-text-primary h-8 w-8\"><\/div>\n<\/div>\n<\/div>\n<\/div>\n<\/div>\n<div class=\"group\/conversation-turn relative flex w-full min-w-0 flex-col agent-turn\">\n<div class=\"flex-col gap-1 md:gap-3\">\n<div class=\"flex max-w-full flex-col flex-grow\">\n<div class=\"min-h-8 text-message flex w-full flex-col items-end gap-2 whitespace-normal break-words [.text-message+&amp;]:mt-5\" dir=\"auto\" data-message-author-role=\"assistant\" data-message-id=\"93c7aae6-5444-4226-a6e0-3a026be44ad9\" data-message-model-slug=\"gpt-4o\">\n<div class=\"flex w-full flex-col gap-1 empty:hidden first:pt-[3px]\">\n<div class=\"markdown prose w-full break-words dark:prose-invert light\">\n<h3><strong>K\u00f6p Budder de Cannabis Grape Cake - Indica i <a href=\"https:\/\/pressurezone.shop\/sv\/\">Linje<\/a><\/strong><\/h3>\n<p>Upplev en exceptionell upplevelse med <strong>Cannabis Budder Druvkaka<\/strong>en unik Indica-sort, resultatet av en noggrant utvald korsning av <strong>Grape Stomper, k\u00f6rsb\u00e4rspaj och br\u00f6llopst\u00e5rta<\/strong>. K\u00e4nd f\u00f6r sina rika smaker och kraftfulla effekter \u00e4r denna budder perfekt f\u00f6r dem som s\u00f6ker en blandning av kreativitet, avkoppling och koncentration.<\/p>\n<h3>Effekter<\/h3>\n<ul>\n<li><strong>Kreativitet<\/strong><\/li>\n<li><strong>Koncentration<\/strong><\/li>\n<li><strong>Eufori<\/strong><\/li>\n<li><strong>Hunger<\/strong><\/li>\n<li><strong>Avslappning<\/strong><\/li>\n<\/ul>\n<h3>Kan lindra<\/h3>\n<ul>\n<li><strong>ADD\/ADHD<\/strong><\/li>\n<li><strong>Aptitl\u00f6shet<\/strong><\/li>\n<li><strong>Depression<\/strong><\/li>\n<li><strong>Utmattning<\/strong><\/li>\n<li><strong>Stress<\/strong><\/li>\n<\/ul>\n<h3>Smaker<\/h3>\n<ul>\n<li><strong>Cherry<\/strong><\/li>\n<li><strong>Diesel<\/strong><\/li>\n<li><strong>Fruktig<\/strong><\/li>\n<li><strong>Druva<\/strong><\/li>\n<li><strong>Kryddig<\/strong><\/li>\n<li><strong>S\u00f6t<\/strong><\/li>\n<\/ul>\n<h3>Dofter<\/h3>\n<ul>\n<li><strong>Vikar<\/strong><\/li>\n<li><strong>Jordn\u00e4ra<\/strong><\/li>\n<li><strong>Kryddig<\/strong><\/li>\n<li><strong>Kryddig<\/strong><\/li>\n<li><strong>S\u00f6t<\/strong><\/li>\n<li><strong>Tropisk<\/strong><\/li>\n<\/ul>\n<h4>Varf\u00f6r v\u00e4lja Cannabis Grape Cake Budder?<\/h4>\n<p>Med THC-halter \u00f6ver <strong>20%<\/strong>den <strong>Druvkaka<\/strong> erbjuder en balanserad och trevlig upplevelse. Den h\u00f6ga b\u00f6rjar med en v\u00e5g av mental klarhet och kreativitet, perfekt f\u00f6r aktiviteter som kr\u00e4ver koncentration eller fantasi. Gradvis kommer du att k\u00e4nna att din kropp slappnar av i ett avslappnat men icke-sederande tillst\u00e5nd. Denna speciella profil g\u00f6r Grape Cake till ett utm\u00e4rkt alternativ f\u00f6r att lindra <strong>depression, kronisk stress, ADD\/ADHD, tr\u00f6tthet<\/strong> och <strong>aptitl\u00f6shet<\/strong>.<\/p>\n<h3>Smak- och doftprofil<\/h3>\n<p>Le <strong>Budder Druvkaka<\/strong> erbjuder en uts\u00f6kt kombination av smaker <strong>fruktig, s\u00f6t och kryddig<\/strong>tillsammans med anteckningar fr\u00e5n <strong>diesel och k\u00f6rsb\u00e4r<\/strong>. Doften \u00e4r lika distinkt, med en doft av <strong>smakrika b\u00e4r<\/strong> som intensifieras med varje inandning och ger en doft <strong>tropisk och jordn\u00e4ra<\/strong>.<\/p>\n<h3>Njut av en unik upplevelse med Budder Grape Cake <a href=\"https:\/\/fuelpackz.com\/\" target=\"_blank\" rel=\"noopener\">Indica<\/a><\/h3>\n<p>Njut av en uts\u00f6kt och avkopplande resa med <strong>Budder Druvkaka<\/strong> av h\u00f6gsta kvalitet. Best\u00e4ll nu f\u00f6r att njuta av en mild, balanserad upplevelse av kreativitet och avkoppling.<\/p>\n<\/div>\n<\/div>\n<\/div>\n<\/div>\n<\/div>\n<\/div>","protected":false},"excerpt":{"rendered":"<p>Achetez du Budder de Cannabis Grape Cake \u2013 Indica en Ligne D\u00e9couvrez une exp\u00e9rience exceptionnelle avec le Budder de Cannabis Grape Cake, une vari\u00e9t\u00e9 d&rsquo;Indica unique, issue d\u2019un croisement soigneusement s\u00e9lectionn\u00e9 de Grape Stomper, Cherry Pie et Wedding Cake. Connu pour ses saveurs riches et ses effets puissants, ce budder est parfait pour ceux qui [&hellip;]<\/p>","protected":false},"featured_media":3330,"comment_status":"closed","ping_status":"closed","template":"","meta":{"_uag_custom_page_level_css":"","site-sidebar-layout":"default","site-content-layout":"","ast-site-content-layout":"default","site-content-style":"default","site-sidebar-style":"default","ast-global-header-display":"","ast-banner-title-visibility":"","ast-main-header-display":"","ast-hfb-above-header-display":"","ast-hfb-below-header-display":"","ast-hfb-mobile-header-display":"","site-post-title":"","ast-breadcrumbs-content":"","ast-featured-img":"","footer-sml-layout":"","theme-transparent-header-meta":"default","adv-header-id-meta":"","stick-header-meta":"","header-above-stick-meta":"","header-main-stick-meta":"","header-below-stick-meta":"","astra-migrate-meta-layouts":"set","ast-page-background-enabled":"default","ast-page-background-meta":{"desktop":{"background-color":"","background-image":"","background-repeat":"repeat","background-position":"center center","background-size":"auto","background-attachment":"scroll","background-type":"","background-media":"","overlay-type":"","overlay-color":"","overlay-opacity":"","overlay-gradient":""},"tablet":{"background-color":"","background-image":"","background-repeat":"repeat","background-position":"center center","background-size":"auto","background-attachment":"scroll","background-type":"","background-media":"","overlay-type":"","overlay-color":"","overlay-opacity":"","overlay-gradient":""},"mobile":{"background-color":"","background-image":"","background-repeat":"repeat","background-position":"center center","background-size":"auto","background-attachment":"scroll","background-type":"","background-media":"","overlay-type":"","overlay-color":"","overlay-opacity":"","overlay-gradient":""}},"ast-content-background-meta":{"desktop":{"background-color":"var(--ast-global-color-5)","background-image":"","background-repeat":"repeat","background-position":"center center","background-size":"auto","background-attachment":"scroll","background-type":"","background-media":"","overlay-type":"","overlay-color":"","overlay-opacity":"","overlay-gradient":""},"tablet":{"background-color":"var(--ast-global-color-5)","background-image":"","background-repeat":"repeat","background-position":"center center","background-size":"auto","background-attachment":"scroll","background-type":"","background-media":"","overlay-type":"","overlay-color":"","overlay-opacity":"","overlay-gradient":""},"mobile":{"background-color":"var(--ast-global-color-5)","background-image":"","background-repeat":"repeat","background-position":"center center","background-size":"auto","background-attachment":"scroll","background-type":"","background-media":"","overlay-type":"","overlay-color":"","overlay-opacity":"","overlay-gradient":""}}},"product_brand":[],"product_cat":[388,334],"product_tag":[372,416,389,393,409,390,378,392,396,397],"class_list":{"0":"post-3261","1":"product","2":"type-product","3":"status-publish","4":"has-post-thumbnail","6":"product_cat-cannabis-budder","7":"product_cat-concentres-de-marijuana","8":"product_tag-1ml-cannabis-oil-distillates-for-sale-europe","9":"product_tag-bulk-dabs-online","10":"product_tag-buy-budder-online-cheap","11":"product_tag-buy-dabs-online-europe","12":"product_tag-buy-grape-cake-cannabis-budder-indica-online-europe","13":"product_tag-buy-marijuana-budder-eu","14":"product_tag-cannabis-distillates-for-sale-uk","15":"product_tag-order-thc-budder-europe","16":"product_tag-order-weed-extracts-france","17":"product_tag-thc-budder-concentrates-online-near-me","18":"desktop-align-left","19":"tablet-align-left","20":"mobile-align-left","22":"first","23":"instock","24":"shipping-taxable","25":"purchasable","26":"product-type-variable"},"uagb_featured_image_src":{"full":["https:\/\/pressurezone.shop\/wp-content\/uploads\/2024\/10\/Grape-Cake-Cannabis-Budder-\u2013-Indica.webp",2048,1365,false],"thumbnail":["https:\/\/pressurezone.shop\/wp-content\/uploads\/2024\/10\/Grape-Cake-Cannabis-Budder-\u2013-Indica-150x150.webp",150,150,true],"medium":["https:\/\/pressurezone.shop\/wp-content\/uploads\/2024\/10\/Grape-Cake-Cannabis-Budder-\u2013-Indica-300x200.webp",300,200,true],"medium_large":["https:\/\/pressurezone.shop\/wp-content\/uploads\/2024\/10\/Grape-Cake-Cannabis-Budder-\u2013-Indica-768x512.webp",768,512,true],"large":["https:\/\/pressurezone.shop\/wp-content\/uploads\/2024\/10\/Grape-Cake-Cannabis-Budder-\u2013-Indica-1024x683.webp",1024,683,true],"1536x1536":["https:\/\/pressurezone.shop\/wp-content\/uploads\/2024\/10\/Grape-Cake-Cannabis-Budder-\u2013-Indica-1536x1024.webp",1536,1024,true],"2048x2048":["https:\/\/pressurezone.shop\/wp-content\/uploads\/2024\/10\/Grape-Cake-Cannabis-Budder-\u2013-Indica.webp",2048,1365,false],"trp-custom-language-flag":["https:\/\/pressurezone.shop\/wp-content\/uploads\/2024\/10\/Grape-Cake-Cannabis-Budder-\u2013-Indica-18x12.webp",18,12,true],"woocommerce_thumbnail":["https:\/\/pressurezone.shop\/wp-content\/uploads\/2024\/10\/Grape-Cake-Cannabis-Budder-\u2013-Indica-300x300.webp",300,300,true],"woocommerce_single":["https:\/\/pressurezone.shop\/wp-content\/uploads\/2024\/10\/Grape-Cake-Cannabis-Budder-\u2013-Indica-600x400.webp",600,400,true],"woocommerce_gallery_thumbnail":["https:\/\/pressurezone.shop\/wp-content\/uploads\/2024\/10\/Grape-Cake-Cannabis-Budder-\u2013-Indica-100x100.webp",100,100,true]},"uagb_author_info":{"display_name":"pressurezone.shop","author_link":"https:\/\/pressurezone.shop\/sv\/author\/"},"uagb_comment_info":0,"uagb_excerpt":"Achetez du Budder de Cannabis Grape Cake \u2013 Indica en Ligne D\u00e9couvrez une exp\u00e9rience exceptionnelle avec le Budder de Cannabis Grape Cake, une vari\u00e9t\u00e9 d&rsquo;Indica unique, issue d\u2019un croisement soigneusement s\u00e9lectionn\u00e9 de Grape Stomper, Cherry Pie et Wedding Cake. Connu pour ses saveurs riches et ses effets puissants, ce budder est parfait pour ceux qui&hellip;","_links":{"self":[{"href":"https:\/\/pressurezone.shop\/sv\/wp-json\/wp\/v2\/product\/3261"}],"collection":[{"href":"https:\/\/pressurezone.shop\/sv\/wp-json\/wp\/v2\/product"}],"about":[{"href":"https:\/\/pressurezone.shop\/sv\/wp-json\/wp\/v2\/types\/product"}],"replies":[{"embeddable":true,"href":"https:\/\/pressurezone.shop\/sv\/wp-json\/wp\/v2\/comments?post=3261"}],"version-history":[{"count":3,"href":"https:\/\/pressurezone.shop\/sv\/wp-json\/wp\/v2\/product\/3261\/revisions"}],"predecessor-version":[{"id":3607,"href":"https:\/\/pressurezone.shop\/sv\/wp-json\/wp\/v2\/product\/3261\/revisions\/3607"}],"wp:featuredmedia":[{"embeddable":true,"href":"https:\/\/pressurezone.shop\/sv\/wp-json\/wp\/v2\/media\/3330"}],"wp:attachment":[{"href":"https:\/\/pressurezone.shop\/sv\/wp-json\/wp\/v2\/media?parent=3261"}],"wp:term":[{"taxonomy":"product_brand","embeddable":true,"href":"https:\/\/pressurezone.shop\/sv\/wp-json\/wp\/v2\/product_brand?post=3261"},{"taxonomy":"product_cat","embeddable":true,"href":"https:\/\/pressurezone.shop\/sv\/wp-json\/wp\/v2\/product_cat?post=3261"},{"taxonomy":"product_tag","embeddable":true,"href":"https:\/\/pressurezone.shop\/sv\/wp-json\/wp\/v2\/product_tag?post=3261"}],"curies":[{"name":"wp","href":"https:\/\/api.w.org\/{rel}","templated":true}]}}