{"id":3263,"date":"2024-10-11T00:57:01","date_gmt":"2024-10-10T22:57:01","guid":{"rendered":"https:\/\/pressurezone.shop\/?post_type=product&#038;p=3263"},"modified":"2024-11-08T21:53:07","modified_gmt":"2024-11-08T20:53:07","slug":"pink-kush-strain-live-resin","status":"publish","type":"product","link":"https:\/\/pressurezone.shop\/sv\/produkt\/rosa-kush-stam-levande-harts\/","title":{"rendered":"Pink Kush Strain Live Resin"},"content":{"rendered":"<h3><strong>K\u00f6p Pink Kush Live Resin online i Europa<\/strong><\/h3>\n<p>Uppt\u00e4ck de <strong>Pink Kush Live Resin<\/strong>en djupt avkopplande levande harts fr\u00e5n den ber\u00f6mda OG Kush-linjen. Denna kraftfulla indica \u00e4r uppskattad f\u00f6r sina intensivt lugnande kroppseffekter, perfekt f\u00f6r dem som s\u00f6ker sm\u00e4rtlindring och en lugnande h\u00f6g.<\/p>\n<h3>Varf\u00f6r v\u00e4lja Pink Kush Live Resin?<\/h3>\n<p>La <strong>Pink Kush Live Resin<\/strong> \u00e4r k\u00e4nd f\u00f6r sina omslutande effekter p\u00e5 kroppen som snabbt lindrar fysisk sm\u00e4rta, migr\u00e4n och illam\u00e5ende. Tack vare sina avslappnande egenskaper hj\u00e4lper den ocks\u00e5 till att lindra stress, \u00e5ngest och hum\u00f6rsv\u00e4ngningar, vilket ger en v\u00e4lkommen paus i sp\u00e4nda stunder.<a href=\"https:\/\/fuelpackz.com\/\" target=\"_blank\" rel=\"noopener\">.<\/a><\/p>\n<ul>\n<li><strong>Typ<\/strong> Indica-dominerande<\/li>\n<li><strong>Ursprung<\/strong> M\u00f6jlig relation med den legendariska OG Kush<\/li>\n<\/ul>\n<h3>Effekter och f\u00f6rdelar med Pink Kush Live Resin<\/h3>\n<p>La <strong>Pink Kush Live Resin<\/strong> ger en euforisk och lugnande upplevelse f\u00f6r kroppen. Det \u00e4r perfekt f\u00f6r sessioner i slutet av dagen, vilket ger en avslappnande effekt som ofta \u00f6verg\u00e5r till s\u00f6mnighet, perfekt f\u00f6r att fr\u00e4mja vilsam s\u00f6mn.<\/p>\n<ul>\n<li><strong>Effekter<\/strong> Eufori, Lycka, Avslappning, S\u00f6mnighet, \u00d6kad aptit<\/li>\n<li><strong>Rekommenderas f\u00f6r<\/strong> \u00c5ngest, Bipol\u00e4r sjukdom, Kronisk sm\u00e4rta, Depression, Insomnia, Migr\u00e4n, Stress<\/li>\n<\/ul>\n<h3>Smaker och aromer av Pink Kush Live Resin<\/h3>\n<p>Smakprofilen f\u00f6r <strong>Pink Kush Live Resin<\/strong> \u00e4r lika f\u00f6rtrollande som dess effekter, med s\u00f6ta vaniljnoter som p\u00e5minner om b\u00e4r och godis. Doften \u00e4r s\u00f6t och blommig, med inslag av vanilj som omsluter sinnena.<\/p>\n<ul>\n<li><strong>Smaker<\/strong> : B\u00e4r, Godis, S\u00f6t, Vanilj<\/li>\n<li><strong>Dofter<\/strong> Jordig, blommig, s\u00f6t, vanilj<\/li>\n<\/ul>\n<h3>Levande harts perfekt f\u00f6r stunder av djup avslappning<\/h3>\n<p>La <strong>Pink Kush Live Resin<\/strong> \u00e4r perfekt f\u00f6r en stunds avkoppling i slutet av dagen, med sina avslappnande och euforiska effekter som fr\u00e4mjar lugn och s\u00f6mn. Det \u00e4r s\u00e4rskilt effektivt vid behandling av sm\u00e4rta, inflammation och hum\u00f6rst\u00f6rningar.<\/p>\n<h3>Best\u00e4ll din Pink Kush Live Resin p\u00e5 <a href=\"https:\/\/pressurezone.shop\/sv\/\" target=\"_new\" rel=\"noopener\">Tryckzonsbutik<\/a><\/h3>\n<p>Uppt\u00e4ck den lugnande och vitaliserande effekten av <strong>Pink Kush Live Resin<\/strong> och upplev intensiv avslappning. Best\u00e4ll nu p\u00e5 <a href=\"https:\/\/pressurezone.shop\/sv\/\" target=\"_new\" rel=\"noopener\">Tryckzonsbutik<\/a> f\u00f6r en upplevelse av levande harts som saknar motstycke i Europa.<\/p>","protected":false},"excerpt":{"rendered":"<p>Achetez Pink Kush Live Resin en Ligne en Europe D\u00e9couvrez la Pink Kush Live Resin, une r\u00e9sine live profond\u00e9ment relaxante issue de la c\u00e9l\u00e8bre lign\u00e9e OG Kush. Cette indica puissante est appr\u00e9ci\u00e9e pour ses effets corporels intens\u00e9ment apaisants, id\u00e9ale pour ceux qui recherchent un soulagement des douleurs et un high calmant. Pourquoi Choisir la Pink [&hellip;]<\/p>","protected":false},"featured_media":3334,"comment_status":"closed","ping_status":"closed","template":"","meta":{"_uag_custom_page_level_css":"","site-sidebar-layout":"default","site-content-layout":"","ast-site-content-layout":"default","site-content-style":"default","site-sidebar-style":"default","ast-global-header-display":"","ast-banner-title-visibility":"","ast-main-header-display":"","ast-hfb-above-header-display":"","ast-hfb-below-header-display":"","ast-hfb-mobile-header-display":"","site-post-title":"","ast-breadcrumbs-content":"","ast-featured-img":"","footer-sml-layout":"","theme-transparent-header-meta":"default","adv-header-id-meta":"","stick-header-meta":"","header-above-stick-meta":"","header-main-stick-meta":"","header-below-stick-meta":"","astra-migrate-meta-layouts":"set","ast-page-background-enabled":"default","ast-page-background-meta":{"desktop":{"background-color":"","background-image":"","background-repeat":"repeat","background-position":"center center","background-size":"auto","background-attachment":"scroll","background-type":"","background-media":"","overlay-type":"","overlay-color":"","overlay-opacity":"","overlay-gradient":""},"tablet":{"background-color":"","background-image":"","background-repeat":"repeat","background-position":"center center","background-size":"auto","background-attachment":"scroll","background-type":"","background-media":"","overlay-type":"","overlay-color":"","overlay-opacity":"","overlay-gradient":""},"mobile":{"background-color":"","background-image":"","background-repeat":"repeat","background-position":"center center","background-size":"auto","background-attachment":"scroll","background-type":"","background-media":"","overlay-type":"","overlay-color":"","overlay-opacity":"","overlay-gradient":""}},"ast-content-background-meta":{"desktop":{"background-color":"var(--ast-global-color-5)","background-image":"","background-repeat":"repeat","background-position":"center center","background-size":"auto","background-attachment":"scroll","background-type":"","background-media":"","overlay-type":"","overlay-color":"","overlay-opacity":"","overlay-gradient":""},"tablet":{"background-color":"var(--ast-global-color-5)","background-image":"","background-repeat":"repeat","background-position":"center center","background-size":"auto","background-attachment":"scroll","background-type":"","background-media":"","overlay-type":"","overlay-color":"","overlay-opacity":"","overlay-gradient":""},"mobile":{"background-color":"var(--ast-global-color-5)","background-image":"","background-repeat":"repeat","background-position":"center center","background-size":"auto","background-attachment":"scroll","background-type":"","background-media":"","overlay-type":"","overlay-color":"","overlay-opacity":"","overlay-gradient":""}}},"product_brand":[],"product_cat":[334,411],"product_tag":[412,413,414,415],"class_list":{"0":"post-3263","1":"product","2":"type-product","3":"status-publish","4":"has-post-thumbnail","6":"product_cat-concentres-de-marijuana","7":"product_cat-live-resin-concentrates","8":"product_tag-live-rosin-concentrate-near-me","9":"product_tag-order-pink-kush-strain-live-resin-europe","10":"product_tag-thc-marijuana-live-resin-for-sale-europe","11":"product_tag-thca-live-resin-concentrate","12":"desktop-align-left","13":"tablet-align-left","14":"mobile-align-left","16":"first","17":"instock","18":"shipping-taxable","19":"purchasable","20":"product-type-variable"},"uagb_featured_image_src":{"full":["https:\/\/pressurezone.shop\/wp-content\/uploads\/2024\/10\/Pink-Kush-Strain-Live-Resin.webp",2048,1365,false],"thumbnail":["https:\/\/pressurezone.shop\/wp-content\/uploads\/2024\/10\/Pink-Kush-Strain-Live-Resin-150x150.webp",150,150,true],"medium":["https:\/\/pressurezone.shop\/wp-content\/uploads\/2024\/10\/Pink-Kush-Strain-Live-Resin-300x200.webp",300,200,true],"medium_large":["https:\/\/pressurezone.shop\/wp-content\/uploads\/2024\/10\/Pink-Kush-Strain-Live-Resin-768x512.webp",768,512,true],"large":["https:\/\/pressurezone.shop\/wp-content\/uploads\/2024\/10\/Pink-Kush-Strain-Live-Resin-1024x683.webp",1024,683,true],"1536x1536":["https:\/\/pressurezone.shop\/wp-content\/uploads\/2024\/10\/Pink-Kush-Strain-Live-Resin-1536x1024.webp",1536,1024,true],"2048x2048":["https:\/\/pressurezone.shop\/wp-content\/uploads\/2024\/10\/Pink-Kush-Strain-Live-Resin.webp",2048,1365,false],"trp-custom-language-flag":["https:\/\/pressurezone.shop\/wp-content\/uploads\/2024\/10\/Pink-Kush-Strain-Live-Resin-18x12.webp",18,12,true],"woocommerce_thumbnail":["https:\/\/pressurezone.shop\/wp-content\/uploads\/2024\/10\/Pink-Kush-Strain-Live-Resin-300x300.webp",300,300,true],"woocommerce_single":["https:\/\/pressurezone.shop\/wp-content\/uploads\/2024\/10\/Pink-Kush-Strain-Live-Resin-600x400.webp",600,400,true],"woocommerce_gallery_thumbnail":["https:\/\/pressurezone.shop\/wp-content\/uploads\/2024\/10\/Pink-Kush-Strain-Live-Resin-100x100.webp",100,100,true]},"uagb_author_info":{"display_name":"pressurezone.shop","author_link":"https:\/\/pressurezone.shop\/sv\/author\/"},"uagb_comment_info":0,"uagb_excerpt":"Achetez Pink Kush Live Resin en Ligne en Europe D\u00e9couvrez la Pink Kush Live Resin, une r\u00e9sine live profond\u00e9ment relaxante issue de la c\u00e9l\u00e8bre lign\u00e9e OG Kush. Cette indica puissante est appr\u00e9ci\u00e9e pour ses effets corporels intens\u00e9ment apaisants, id\u00e9ale pour ceux qui recherchent un soulagement des douleurs et un high calmant. Pourquoi Choisir la Pink&hellip;","_links":{"self":[{"href":"https:\/\/pressurezone.shop\/sv\/wp-json\/wp\/v2\/product\/3263"}],"collection":[{"href":"https:\/\/pressurezone.shop\/sv\/wp-json\/wp\/v2\/product"}],"about":[{"href":"https:\/\/pressurezone.shop\/sv\/wp-json\/wp\/v2\/types\/product"}],"replies":[{"embeddable":true,"href":"https:\/\/pressurezone.shop\/sv\/wp-json\/wp\/v2\/comments?post=3263"}],"version-history":[{"count":3,"href":"https:\/\/pressurezone.shop\/sv\/wp-json\/wp\/v2\/product\/3263\/revisions"}],"predecessor-version":[{"id":4348,"href":"https:\/\/pressurezone.shop\/sv\/wp-json\/wp\/v2\/product\/3263\/revisions\/4348"}],"wp:featuredmedia":[{"embeddable":true,"href":"https:\/\/pressurezone.shop\/sv\/wp-json\/wp\/v2\/media\/3334"}],"wp:attachment":[{"href":"https:\/\/pressurezone.shop\/sv\/wp-json\/wp\/v2\/media?parent=3263"}],"wp:term":[{"taxonomy":"product_brand","embeddable":true,"href":"https:\/\/pressurezone.shop\/sv\/wp-json\/wp\/v2\/product_brand?post=3263"},{"taxonomy":"product_cat","embeddable":true,"href":"https:\/\/pressurezone.shop\/sv\/wp-json\/wp\/v2\/product_cat?post=3263"},{"taxonomy":"product_tag","embeddable":true,"href":"https:\/\/pressurezone.shop\/sv\/wp-json\/wp\/v2\/product_tag?post=3263"}],"curies":[{"name":"wp","href":"https:\/\/api.w.org\/{rel}","templated":true}]}}