{"id":3265,"date":"2024-10-11T00:57:01","date_gmt":"2024-10-10T22:57:01","guid":{"rendered":"https:\/\/pressurezone.shop\/?post_type=product&#038;p=3265"},"modified":"2024-11-08T18:32:07","modified_gmt":"2024-11-08T17:32:07","slug":"live-resin-blackberry-kush","status":"publish","type":"product","link":"https:\/\/pressurezone.shop\/sv\/produkt\/live-resin-bjornbar-kush\/","title":{"rendered":"Live Resin Blackberry Kush"},"content":{"rendered":"<div class=\"flex-shrink-0 flex flex-col relative items-end\">\n<div>\n<div class=\"pt-0\">\n<div class=\"gizmo-bot-avatar flex h-8 w-8 items-center justify-center overflow-hidden rounded-full\">\n<div class=\"relative p-1 rounded-sm flex items-center justify-center bg-token-main-surface-primary text-token-text-primary h-8 w-8\"><\/div>\n<\/div>\n<\/div>\n<\/div>\n<\/div>\n<div class=\"group\/conversation-turn relative flex w-full min-w-0 flex-col agent-turn\">\n<div class=\"flex-col gap-1 md:gap-3\">\n<div class=\"flex max-w-full flex-col flex-grow\">\n<div class=\"min-h-8 text-message flex w-full flex-col items-end gap-2 whitespace-normal break-words [.text-message+&amp;]:mt-5\" dir=\"auto\" data-message-author-role=\"assistant\" data-message-id=\"a6e230e0-06ee-4d1a-9a8c-638badf3f92f\" data-message-model-slug=\"gpt-4o\">\n<div class=\"flex w-full flex-col gap-1 empty:hidden first:pt-[3px]\">\n<div class=\"markdown prose w-full break-words dark:prose-invert light\">\n<h3><strong>K\u00f6p Live Resin Blackberry Kush Strain p\u00e5 <a href=\"https:\/\/pressurezone.shop\/sv\/\" target=\"_new\" rel=\"noopener\">Tryckzonsbutik<\/a><\/strong><\/h3>\n<p>Uppt\u00e4ck de <strong>Live Resin Blackberry Kush<\/strong>Live Resin \u00e4r ett extremt potent indica-koncentrat, perfekt f\u00f6r djup, l\u00e5ngvarig avkoppling. Denna Live Resin kommer fr\u00e5n den ber\u00f6mda Blackberry Kush-sorten, k\u00e4nd f\u00f6r sina lugnande effekter och THC-niv\u00e5er p\u00e5 upp till 20%, vilket ger en givande upplevelse f\u00f6r cannabis\u00e4lskare som letar efter fysisk och mental l\u00e4ttnad.<\/p>\n<h3>Varf\u00f6r v\u00e4lja Blackberry Kush Live Resin?<\/h3>\n<p>Le <strong>Blackberry Kush Live Resin<\/strong> \u00e4r k\u00e4nd f\u00f6r sin flytande konsistens, med en koncentration av terpener som intensifierar dess naturliga smaker och aromer. Detta \"s\u00e5sliknande\" koncentrat \u00e4r perfekt f\u00f6r dem som letar efter en exceptionell aromatisk upplevelse med extra styrka. Live Resin \u00e4r utformat f\u00f6r nattlig avkoppling och \u00e4r perfekt f\u00f6r att lugna sinnet och koppla av kroppen.<\/p>\n<ul>\n<li><strong>Typ<\/strong> : Live Resin Indica<\/li>\n<li><strong>Ursprung<\/strong> : Blackberry Kush<\/li>\n<\/ul>\n<h3>Smaker och aromer av Live Resin Blackberry Kush<\/h3>\n<p>Le <strong>Live Resin Blackberry Kush<\/strong> \u00e4r rik p\u00e5 smak och arom, med toner av skogsfrukter och diesel, och har en s\u00f6t, lite jordig smak. Dess aromatiska profil g\u00f6r den till ett perfekt val f\u00f6r den som \u00e4lskar intensiva och unika smaker.<\/p>\n<ul>\n<li><strong>Smaker<\/strong> B\u00e4r, diesel, s\u00f6t<\/li>\n<li><strong>Aromer<\/strong> B\u00e4r, diesel, s\u00f6t<\/li>\n<\/ul>\n<h3>Effekter och f\u00f6rdelar med Live Resin Blackberry Kush<\/h3>\n<p>Detta koncentrat ger en euforisk och avslappnande effekt, perfekt f\u00f6r att lindra stress och framkalla vilsam s\u00f6mn. Med sina lugnande egenskaper <strong>Blackberry Kush Live Resin<\/strong> \u00e4r idealisk f\u00f6r anv\u00e4ndare som vill lindra \u00e5ngest, depression och s\u00f6mnst\u00f6rningar<a href=\"https:\/\/fuelpackz.com\/\" target=\"_blank\" rel=\"noopener\">.<\/a><\/p>\n<ul>\n<li><strong>Effekter<\/strong> Eufori, Lugnande, D\u00e5sighet, K\u00e4nsla av lugn<\/li>\n<li><strong>Idealisk f\u00f6r<\/strong> : Lindring av \u00e5ngest, depression, s\u00f6mnl\u00f6shet och stressreduktion<\/li>\n<\/ul>\n<h3>Anv\u00e4ndning och erfarenhet<\/h3>\n<p>Tack vare sin flytande konsistens och h\u00f6ga terpenhalt \u00e4r <strong>Live Resin Blackberry Kush<\/strong> \u00e4r l\u00e4tt att hantera och perfekt f\u00f6r dabbing eller vaporisering. Dess effekter \u00e4r kraftfulla men \u00e4nd\u00e5 skonsamma och ger fullst\u00e4ndig avslappning utan \u00f6verdriven sedering.<\/p>\n<h3>Best\u00e4ll Live Resin Blackberry Kush p\u00e5 <a href=\"https:\/\/pressurezone.shop\/sv\/\" target=\"_new\" rel=\"noopener\">Tryckzonsbutik<\/a><\/h3>\n<p>\u00c4r du redo f\u00f6r den ultimata avslappningsupplevelsen? Best\u00e4ll den <strong>Blackberry Kush Live Resin<\/strong> p\u00e5 <a href=\"https:\/\/pressurezone.shop\/sv\/\" target=\"_new\" rel=\"noopener\">Tryckzonsbutik<\/a> och dra nytta av snabb, diskret leverans var som helst i Europa. Njut av de terapeutiska f\u00f6rdelarna och den of\u00f6rgl\u00f6mliga smaken av denna exceptionella Live Resin.<\/p>\n<\/div>\n<\/div>\n<\/div>\n<\/div>\n<\/div>\n<\/div>","protected":false},"excerpt":{"rendered":"<p>Achetez du Live Resin Blackberry Kush Strain sur Pressure Zone Shop D\u00e9couvrez le Live Resin Blackberry Kush, un concentr\u00e9 d&rsquo;indica extr\u00eamement puissant, id\u00e9al pour une relaxation profonde et durable. Ce Live Resin est issu de la c\u00e9l\u00e8bre vari\u00e9t\u00e9 Blackberry Kush, connue pour ses effets calmants et son taux de THC atteignant les 20%, offrant une [&hellip;]<\/p>","protected":false},"featured_media":3342,"comment_status":"closed","ping_status":"closed","template":"","meta":{"_uag_custom_page_level_css":"","site-sidebar-layout":"default","site-content-layout":"","ast-site-content-layout":"default","site-content-style":"default","site-sidebar-style":"default","ast-global-header-display":"","ast-banner-title-visibility":"","ast-main-header-display":"","ast-hfb-above-header-display":"","ast-hfb-below-header-display":"","ast-hfb-mobile-header-display":"","site-post-title":"","ast-breadcrumbs-content":"","ast-featured-img":"","footer-sml-layout":"","theme-transparent-header-meta":"default","adv-header-id-meta":"","stick-header-meta":"","header-above-stick-meta":"","header-main-stick-meta":"","header-below-stick-meta":"","astra-migrate-meta-layouts":"set","ast-page-background-enabled":"default","ast-page-background-meta":{"desktop":{"background-color":"","background-image":"","background-repeat":"repeat","background-position":"center center","background-size":"auto","background-attachment":"scroll","background-type":"","background-media":"","overlay-type":"","overlay-color":"","overlay-opacity":"","overlay-gradient":""},"tablet":{"background-color":"","background-image":"","background-repeat":"repeat","background-position":"center center","background-size":"auto","background-attachment":"scroll","background-type":"","background-media":"","overlay-type":"","overlay-color":"","overlay-opacity":"","overlay-gradient":""},"mobile":{"background-color":"","background-image":"","background-repeat":"repeat","background-position":"center center","background-size":"auto","background-attachment":"scroll","background-type":"","background-media":"","overlay-type":"","overlay-color":"","overlay-opacity":"","overlay-gradient":""}},"ast-content-background-meta":{"desktop":{"background-color":"var(--ast-global-color-5)","background-image":"","background-repeat":"repeat","background-position":"center center","background-size":"auto","background-attachment":"scroll","background-type":"","background-media":"","overlay-type":"","overlay-color":"","overlay-opacity":"","overlay-gradient":""},"tablet":{"background-color":"var(--ast-global-color-5)","background-image":"","background-repeat":"repeat","background-position":"center center","background-size":"auto","background-attachment":"scroll","background-type":"","background-media":"","overlay-type":"","overlay-color":"","overlay-opacity":"","overlay-gradient":""},"mobile":{"background-color":"var(--ast-global-color-5)","background-image":"","background-repeat":"repeat","background-position":"center center","background-size":"auto","background-attachment":"scroll","background-type":"","background-media":"","overlay-type":"","overlay-color":"","overlay-opacity":"","overlay-gradient":""}}},"product_brand":[],"product_cat":[334,411],"product_tag":[420],"class_list":{"0":"post-3265","1":"product","2":"type-product","3":"status-publish","4":"has-post-thumbnail","6":"product_cat-concentres-de-marijuana","7":"product_cat-live-resin-concentrates","8":"product_tag-buy-blackberry-kush-strain-live-resin-online-europe","9":"desktop-align-left","10":"tablet-align-left","11":"mobile-align-left","13":"first","14":"instock","15":"shipping-taxable","16":"purchasable","17":"product-type-variable"},"uagb_featured_image_src":{"full":["https:\/\/pressurezone.shop\/wp-content\/uploads\/2024\/10\/Buy-Blackberry-Kush-Strain-Live-Resin.webp",2048,1365,false],"thumbnail":["https:\/\/pressurezone.shop\/wp-content\/uploads\/2024\/10\/Buy-Blackberry-Kush-Strain-Live-Resin-150x150.webp",150,150,true],"medium":["https:\/\/pressurezone.shop\/wp-content\/uploads\/2024\/10\/Buy-Blackberry-Kush-Strain-Live-Resin-300x200.webp",300,200,true],"medium_large":["https:\/\/pressurezone.shop\/wp-content\/uploads\/2024\/10\/Buy-Blackberry-Kush-Strain-Live-Resin-768x512.webp",768,512,true],"large":["https:\/\/pressurezone.shop\/wp-content\/uploads\/2024\/10\/Buy-Blackberry-Kush-Strain-Live-Resin-1024x683.webp",1024,683,true],"1536x1536":["https:\/\/pressurezone.shop\/wp-content\/uploads\/2024\/10\/Buy-Blackberry-Kush-Strain-Live-Resin-1536x1024.webp",1536,1024,true],"2048x2048":["https:\/\/pressurezone.shop\/wp-content\/uploads\/2024\/10\/Buy-Blackberry-Kush-Strain-Live-Resin.webp",2048,1365,false],"trp-custom-language-flag":["https:\/\/pressurezone.shop\/wp-content\/uploads\/2024\/10\/Buy-Blackberry-Kush-Strain-Live-Resin-18x12.webp",18,12,true],"woocommerce_thumbnail":["https:\/\/pressurezone.shop\/wp-content\/uploads\/2024\/10\/Buy-Blackberry-Kush-Strain-Live-Resin-300x300.webp",300,300,true],"woocommerce_single":["https:\/\/pressurezone.shop\/wp-content\/uploads\/2024\/10\/Buy-Blackberry-Kush-Strain-Live-Resin-600x400.webp",600,400,true],"woocommerce_gallery_thumbnail":["https:\/\/pressurezone.shop\/wp-content\/uploads\/2024\/10\/Buy-Blackberry-Kush-Strain-Live-Resin-100x100.webp",100,100,true]},"uagb_author_info":{"display_name":"pressurezone.shop","author_link":"https:\/\/pressurezone.shop\/sv\/author\/"},"uagb_comment_info":0,"uagb_excerpt":"Achetez du Live Resin Blackberry Kush Strain sur Pressure Zone Shop D\u00e9couvrez le Live Resin Blackberry Kush, un concentr\u00e9 d&rsquo;indica extr\u00eamement puissant, id\u00e9al pour une relaxation profonde et durable. Ce Live Resin est issu de la c\u00e9l\u00e8bre vari\u00e9t\u00e9 Blackberry Kush, connue pour ses effets calmants et son taux de THC atteignant les 20%, offrant une&hellip;","_links":{"self":[{"href":"https:\/\/pressurezone.shop\/sv\/wp-json\/wp\/v2\/product\/3265"}],"collection":[{"href":"https:\/\/pressurezone.shop\/sv\/wp-json\/wp\/v2\/product"}],"about":[{"href":"https:\/\/pressurezone.shop\/sv\/wp-json\/wp\/v2\/types\/product"}],"replies":[{"embeddable":true,"href":"https:\/\/pressurezone.shop\/sv\/wp-json\/wp\/v2\/comments?post=3265"}],"version-history":[{"count":3,"href":"https:\/\/pressurezone.shop\/sv\/wp-json\/wp\/v2\/product\/3265\/revisions"}],"predecessor-version":[{"id":4275,"href":"https:\/\/pressurezone.shop\/sv\/wp-json\/wp\/v2\/product\/3265\/revisions\/4275"}],"wp:featuredmedia":[{"embeddable":true,"href":"https:\/\/pressurezone.shop\/sv\/wp-json\/wp\/v2\/media\/3342"}],"wp:attachment":[{"href":"https:\/\/pressurezone.shop\/sv\/wp-json\/wp\/v2\/media?parent=3265"}],"wp:term":[{"taxonomy":"product_brand","embeddable":true,"href":"https:\/\/pressurezone.shop\/sv\/wp-json\/wp\/v2\/product_brand?post=3265"},{"taxonomy":"product_cat","embeddable":true,"href":"https:\/\/pressurezone.shop\/sv\/wp-json\/wp\/v2\/product_cat?post=3265"},{"taxonomy":"product_tag","embeddable":true,"href":"https:\/\/pressurezone.shop\/sv\/wp-json\/wp\/v2\/product_tag?post=3265"}],"curies":[{"name":"wp","href":"https:\/\/api.w.org\/{rel}","templated":true}]}}