{"id":3268,"date":"2024-10-11T00:57:02","date_gmt":"2024-10-10T22:57:02","guid":{"rendered":"https:\/\/pressurezone.shop\/?post_type=product&#038;p=3268"},"modified":"2024-11-08T17:51:21","modified_gmt":"2024-11-08T16:51:21","slug":"live-resin-apple-pie-strain","status":"publish","type":"product","link":"https:\/\/pressurezone.shop\/sv\/produkt\/levande-harts-appelpaj-stam\/","title":{"rendered":"Apple Pie Strain Live Resin"},"content":{"rendered":"<h3><strong>K\u00f6p Live Resin Apple Pie Strain p\u00e5 <a href=\"https:\/\/pressurezone.shop\/sv\/\" target=\"_new\" rel=\"noopener\">Tryckzonsbutik<\/a><\/strong><\/h3>\n<p>Uppt\u00e4ck de <strong>\u00c4ppelpaj av levande harts<\/strong>En s\u00e4llsynt och sp\u00e4nnande upplevelse f\u00f6r sativa\u00e4lskare, med ett dominerande sativainneh\u00e5ll av 70%. Detta kraftfulla koncentrat \u00e4r en korsning mellan Acapulco Gold och Highland Nepalese, tv\u00e5 legendariska cannabissorter som \u00e4r k\u00e4nda f\u00f6r sina energigivande och motiverande effekter. Perfekt f\u00f6r dem som letar efter en mental boost utan att kompromissa med fysisk avkoppling, detta <strong>Levande harts<\/strong> \u00e4r ett f\u00f6rstklassigt alternativ f\u00f6r anv\u00e4ndning hela dagen<a href=\"https:\/\/fuelpackz.com\/\" target=\"_blank\" rel=\"noopener\">.<\/a><\/p>\n<h3>Varf\u00f6r v\u00e4lja Apple Pie Live Resin?<\/h3>\n<p>Le <strong>Apple Pie levande harts<\/strong> f\u00e5ngar den fruktiga, v\u00e4xtbaserade essensen av f\u00e4rska blommor och beh\u00e5ller ett imponerande THC-inneh\u00e5ll p\u00e5 24-25%. Detta koncentrat extraheras noggrant f\u00f6r att bibeh\u00e5lla sin renhet och smak, vilket ger en upplevelse som \u00e4r lika v\u00e4lsmakande som den \u00e4r stimulerande. Den \u00e4r idealisk f\u00f6r hektiska dagar och kombinerar en \u00f6kning av mental energi med subtil fysisk avkoppling.<\/p>\n<ul>\n<li><strong>Typ<\/strong> Live Resin, Sativa-Dominant Hybrid (70% Sativa \/ 30% Indica)<\/li>\n<li><strong>Ursprung<\/strong> : Acapulco Gold X Highland Nepalese<\/li>\n<\/ul>\n<h3>Smak och doft av \u00e4ppelpaj av levande harts<\/h3>\n<p>Detta <strong>Levande harts<\/strong> \u00e4r k\u00e4nd f\u00f6r sin rika och varierade smakprofil. Den kombinerar fruktiga och s\u00f6ta toner med en antydan av n\u00f6tter och \u00f6rter, vilket ger en uts\u00f6kt och unik smakupplevelse. Den jordiga, l\u00e4tt syrliga aromen g\u00f6r den till ett perfekt val f\u00f6r den som s\u00f6ker komplexa smaker.<\/p>\n<ul>\n<li><strong>Smaker<\/strong> Fruktig, \u00f6rtartad, hasseln\u00f6t, syrlig, s\u00f6t<\/li>\n<li><strong>Aromer<\/strong> Jordig, fruktig, \u00f6rtartad, syrlig, s\u00f6t<\/li>\n<\/ul>\n<h3>Effekter och f\u00f6rdelar med Live Resin Apple Pie<\/h3>\n<p>Le <strong>\u00c4ppelpaj av levande harts<\/strong> ger en explosion av mental energi och motivation, perfekt f\u00f6r att \u00f6ka din produktivitet och ditt hum\u00f6r. Det \u00e4r k\u00e4nt f\u00f6r sina euforiska och uppiggande effekter, som h\u00e5ller dig fokuserad och aktiv samtidigt som det ger en l\u00e4tt k\u00e4nsla av fysisk avkoppling.<\/p>\n<ul>\n<li><strong>Effekter<\/strong> Eufori, Motivation, St\u00e4mningsh\u00f6jning<\/li>\n<li><strong>Idealisk f\u00f6r<\/strong> Lindrar depression, minskar tr\u00f6tthet, lindrar huvudv\u00e4rk, minskar stress<\/li>\n<\/ul>\n<h3>Anv\u00e4ndning och erfarenhet<\/h3>\n<p>Le <strong>Apple Pie levande harts<\/strong> \u00e4r ett m\u00e5ngsidigt, l\u00e4ttanv\u00e4nt koncentrat. Oavsett om du f\u00f6redrar att spraya det, l\u00e4gga det i dina joints eller anv\u00e4nda det i en dab-rigg, erbjuder det en minnesv\u00e4rd upplevelse som anpassar sig till dina behov. Dess energigivande effekt g\u00f6r det till ett utm\u00e4rkt val f\u00f6r anv\u00e4ndning under dagtid.<\/p>\n<h3>Best\u00e4ll Live Resin Apple Pie p\u00e5 <a href=\"https:\/\/pressurezone.shop\/sv\/\" target=\"_new\" rel=\"noopener\">Tryckzonsbutik<\/a><\/h3>\n<p>\u00c4r du redo att njuta av en stimulerande och v\u00e4lsmakande upplevelse? Best\u00e4ll <strong>\u00c4ppelpaj av levande harts<\/strong> p\u00e5 <a href=\"https:\/\/pressurezone.shop\/sv\/\" target=\"_new\" rel=\"noopener\">Tryckzonsbutik<\/a> och uppt\u00e4ck ett cannabis-koncentrat av h\u00f6g kvalitet som kommer att g\u00f6ra dig helt n\u00f6jd. V\u00e5ra produkter \u00e4r noggrant utvalda f\u00f6r att ge dig de b\u00e4sta effekterna och smakerna av cannabis.<\/p>","protected":false},"excerpt":{"rendered":"<p>Achetez le Live Resin Apple Pie Strain sur Pressure Zone Shop D\u00e9couvrez le Live Resin Apple Pie, une exp\u00e9rience rare et exaltante pour les amateurs de sativa, avec une dominante sativa de 70%. Ce concentr\u00e9 puissant est issu du croisement entre l\u2019Acapulco Gold et le Highland Nepalese, deux vari\u00e9t\u00e9s de cannabis l\u00e9gendaires reconnues pour leurs [&hellip;]<\/p>","protected":false},"featured_media":3352,"comment_status":"closed","ping_status":"closed","template":"","meta":{"_uag_custom_page_level_css":"","site-sidebar-layout":"default","site-content-layout":"","ast-site-content-layout":"default","site-content-style":"default","site-sidebar-style":"default","ast-global-header-display":"","ast-banner-title-visibility":"","ast-main-header-display":"","ast-hfb-above-header-display":"","ast-hfb-below-header-display":"","ast-hfb-mobile-header-display":"","site-post-title":"","ast-breadcrumbs-content":"","ast-featured-img":"","footer-sml-layout":"","theme-transparent-header-meta":"default","adv-header-id-meta":"","stick-header-meta":"","header-above-stick-meta":"","header-main-stick-meta":"","header-below-stick-meta":"","astra-migrate-meta-layouts":"set","ast-page-background-enabled":"default","ast-page-background-meta":{"desktop":{"background-color":"","background-image":"","background-repeat":"repeat","background-position":"center center","background-size":"auto","background-attachment":"scroll","background-type":"","background-media":"","overlay-type":"","overlay-color":"","overlay-opacity":"","overlay-gradient":""},"tablet":{"background-color":"","background-image":"","background-repeat":"repeat","background-position":"center center","background-size":"auto","background-attachment":"scroll","background-type":"","background-media":"","overlay-type":"","overlay-color":"","overlay-opacity":"","overlay-gradient":""},"mobile":{"background-color":"","background-image":"","background-repeat":"repeat","background-position":"center center","background-size":"auto","background-attachment":"scroll","background-type":"","background-media":"","overlay-type":"","overlay-color":"","overlay-opacity":"","overlay-gradient":""}},"ast-content-background-meta":{"desktop":{"background-color":"var(--ast-global-color-5)","background-image":"","background-repeat":"repeat","background-position":"center center","background-size":"auto","background-attachment":"scroll","background-type":"","background-media":"","overlay-type":"","overlay-color":"","overlay-opacity":"","overlay-gradient":""},"tablet":{"background-color":"var(--ast-global-color-5)","background-image":"","background-repeat":"repeat","background-position":"center center","background-size":"auto","background-attachment":"scroll","background-type":"","background-media":"","overlay-type":"","overlay-color":"","overlay-opacity":"","overlay-gradient":""},"mobile":{"background-color":"var(--ast-global-color-5)","background-image":"","background-repeat":"repeat","background-position":"center center","background-size":"auto","background-attachment":"scroll","background-type":"","background-media":"","overlay-type":"","overlay-color":"","overlay-opacity":"","overlay-gradient":""}}},"product_brand":[],"product_cat":[334,411],"product_tag":[412,423,414,415],"class_list":{"0":"post-3268","1":"product","2":"type-product","3":"status-publish","4":"has-post-thumbnail","6":"product_cat-concentres-de-marijuana","7":"product_cat-live-resin-concentrates","8":"product_tag-live-rosin-concentrate-near-me","9":"product_tag-order-apple-pie-strain-live-resin-europe","10":"product_tag-thc-marijuana-live-resin-for-sale-europe","11":"product_tag-thca-live-resin-concentrate","12":"desktop-align-left","13":"tablet-align-left","14":"mobile-align-left","16":"first","17":"instock","18":"shipping-taxable","19":"purchasable","20":"product-type-variable"},"uagb_featured_image_src":{"full":["https:\/\/pressurezone.shop\/wp-content\/uploads\/2024\/10\/Apple-Pie-Strain-Live-Resin.webp",2048,1365,false],"thumbnail":["https:\/\/pressurezone.shop\/wp-content\/uploads\/2024\/10\/Apple-Pie-Strain-Live-Resin-150x150.webp",150,150,true],"medium":["https:\/\/pressurezone.shop\/wp-content\/uploads\/2024\/10\/Apple-Pie-Strain-Live-Resin-300x200.webp",300,200,true],"medium_large":["https:\/\/pressurezone.shop\/wp-content\/uploads\/2024\/10\/Apple-Pie-Strain-Live-Resin-768x512.webp",768,512,true],"large":["https:\/\/pressurezone.shop\/wp-content\/uploads\/2024\/10\/Apple-Pie-Strain-Live-Resin-1024x683.webp",1024,683,true],"1536x1536":["https:\/\/pressurezone.shop\/wp-content\/uploads\/2024\/10\/Apple-Pie-Strain-Live-Resin-1536x1024.webp",1536,1024,true],"2048x2048":["https:\/\/pressurezone.shop\/wp-content\/uploads\/2024\/10\/Apple-Pie-Strain-Live-Resin.webp",2048,1365,false],"trp-custom-language-flag":["https:\/\/pressurezone.shop\/wp-content\/uploads\/2024\/10\/Apple-Pie-Strain-Live-Resin-18x12.webp",18,12,true],"woocommerce_thumbnail":["https:\/\/pressurezone.shop\/wp-content\/uploads\/2024\/10\/Apple-Pie-Strain-Live-Resin-300x300.webp",300,300,true],"woocommerce_single":["https:\/\/pressurezone.shop\/wp-content\/uploads\/2024\/10\/Apple-Pie-Strain-Live-Resin-600x400.webp",600,400,true],"woocommerce_gallery_thumbnail":["https:\/\/pressurezone.shop\/wp-content\/uploads\/2024\/10\/Apple-Pie-Strain-Live-Resin-100x100.webp",100,100,true]},"uagb_author_info":{"display_name":"pressurezone.shop","author_link":"https:\/\/pressurezone.shop\/sv\/author\/"},"uagb_comment_info":0,"uagb_excerpt":"Achetez le Live Resin Apple Pie Strain sur Pressure Zone Shop D\u00e9couvrez le Live Resin Apple Pie, une exp\u00e9rience rare et exaltante pour les amateurs de sativa, avec une dominante sativa de 70%. Ce concentr\u00e9 puissant est issu du croisement entre l\u2019Acapulco Gold et le Highland Nepalese, deux vari\u00e9t\u00e9s de cannabis l\u00e9gendaires reconnues pour leurs&hellip;","_links":{"self":[{"href":"https:\/\/pressurezone.shop\/sv\/wp-json\/wp\/v2\/product\/3268"}],"collection":[{"href":"https:\/\/pressurezone.shop\/sv\/wp-json\/wp\/v2\/product"}],"about":[{"href":"https:\/\/pressurezone.shop\/sv\/wp-json\/wp\/v2\/types\/product"}],"replies":[{"embeddable":true,"href":"https:\/\/pressurezone.shop\/sv\/wp-json\/wp\/v2\/comments?post=3268"}],"version-history":[{"count":3,"href":"https:\/\/pressurezone.shop\/sv\/wp-json\/wp\/v2\/product\/3268\/revisions"}],"predecessor-version":[{"id":4267,"href":"https:\/\/pressurezone.shop\/sv\/wp-json\/wp\/v2\/product\/3268\/revisions\/4267"}],"wp:featuredmedia":[{"embeddable":true,"href":"https:\/\/pressurezone.shop\/sv\/wp-json\/wp\/v2\/media\/3352"}],"wp:attachment":[{"href":"https:\/\/pressurezone.shop\/sv\/wp-json\/wp\/v2\/media?parent=3268"}],"wp:term":[{"taxonomy":"product_brand","embeddable":true,"href":"https:\/\/pressurezone.shop\/sv\/wp-json\/wp\/v2\/product_brand?post=3268"},{"taxonomy":"product_cat","embeddable":true,"href":"https:\/\/pressurezone.shop\/sv\/wp-json\/wp\/v2\/product_cat?post=3268"},{"taxonomy":"product_tag","embeddable":true,"href":"https:\/\/pressurezone.shop\/sv\/wp-json\/wp\/v2\/product_tag?post=3268"}],"curies":[{"name":"wp","href":"https:\/\/api.w.org\/{rel}","templated":true}]}}