{"id":3281,"date":"2024-10-11T00:57:50","date_gmt":"2024-10-10T22:57:50","guid":{"rendered":"https:\/\/pressurezone.shop\/?post_type=product&#038;p=3281"},"modified":"2024-11-08T20:33:27","modified_gmt":"2024-11-08T19:33:27","slug":"purple-kush-live-resin","status":"publish","type":"product","link":"https:\/\/pressurezone.shop\/sv\/produkt\/purple-kush-live-resin\/","title":{"rendered":"Purple Kush Live Resin"},"content":{"rendered":"<div class=\"flex-shrink-0 flex flex-col relative items-end\">\n<div>\n<div class=\"pt-0\">\n<div class=\"gizmo-bot-avatar flex h-8 w-8 items-center justify-center overflow-hidden rounded-full\">\n<div class=\"relative p-1 rounded-sm flex items-center justify-center bg-token-main-surface-primary text-token-text-primary h-8 w-8\"><\/div>\n<\/div>\n<\/div>\n<\/div>\n<\/div>\n<div class=\"group\/conversation-turn relative flex w-full min-w-0 flex-col agent-turn\">\n<div class=\"flex-col gap-1 md:gap-3\">\n<div class=\"flex max-w-full flex-col flex-grow\">\n<div class=\"min-h-8 text-message flex w-full flex-col items-end gap-2 whitespace-normal break-words [.text-message+&amp;]:mt-5\" dir=\"auto\" data-message-author-role=\"assistant\" data-message-id=\"6934c2fa-129c-47e1-95d2-10b1f3654af4\" data-message-model-slug=\"gpt-4o\">\n<div class=\"flex w-full flex-col gap-1 empty:hidden first:pt-[3px]\">\n<div class=\"markdown prose w-full break-words dark:prose-invert light\">\n<h3><strong>K\u00f6p Purple Kush Live Resin - Indica Pure f\u00f6r djup avkoppling<\/strong><\/h3>\n<p>Tillg\u00e4nglig i Europa p\u00e5 <a href=\"https:\/\/pressurezone.shop\/sv\/\" target=\"_new\" rel=\"noopener\">Tryckzonsbutik<\/a><\/p>\n<p>Le <strong>Live Resin Purple Kush<\/strong> \u00e4r essensen av en cannabisklassiker, ett kraftfullt harts som f\u00e5ngar de unika egenskaperna hos denna 100% indica-stam. Skapad genom att korsa de ber\u00f6mda stammarna Hindu Kush och Purple Afghani, \u00e4r denna Live Resin en upplevelse av intensiv avkoppling och djup lycka f\u00f6r indica-\u00e4lskare.<\/p>\n<h3>Varf\u00f6r v\u00e4lja Live Resin Purple Kush?<\/h3>\n<p>Le <strong>Purple Kush Live Resin<\/strong> \u00e4r ett h\u00f6gkvalitativt koncentrerat extrakt som beh\u00e5ller rikedomen i v\u00e4xtens naturliga terpener och cannabinoider, vilket ger en o\u00f6vertr\u00e4ffad aromatisk och smakupplevelse. Med en distinkt aromaprofil och h\u00f6g THC-inneh\u00e5ll \u00e4r detta koncentrat perfekt f\u00f6r dem som s\u00f6ker kraftfull kroppsavslappning och vilsam s\u00f6mn.<a href=\"https:\/\/fuelpackz.com\/\" target=\"_blank\" rel=\"noopener\">.<\/a><\/p>\n<ul>\n<li><strong>Typ<\/strong> Indica Ren<\/li>\n<li><strong>Ursprung<\/strong> Hindu Kush X Purple Afghani korsning<\/li>\n<li><strong>Huvudsaklig effekt<\/strong> Intensiv avslappning, mild eufori<\/li>\n<\/ul>\n<h3>Effekter och f\u00f6rdelar med Purple Kush Live Resin<\/h3>\n<p>Le <strong>Live Resin Purple Kush<\/strong> framkallar en mild eufori f\u00f6ljt av intensiv fysisk avkoppling som leder till en djup s\u00f6mn. Detta koncentrat \u00e4r idealiskt f\u00f6r konsumenter som lider av s\u00f6mnl\u00f6shet, kronisk sm\u00e4rta och stress och \u00e4r perfekt f\u00f6r kv\u00e4llsbruk.<\/p>\n<ul>\n<li><strong>Effekter<\/strong> Eufori, Avslappning i kroppen, S\u00f6mnighet, V\u00e4lbefinnande<\/li>\n<li><strong>Idealisk f\u00f6r<\/strong> S\u00f6mnl\u00f6shet, kronisk sm\u00e4rta, muskelspasmer, stress, aptitl\u00f6shet<\/li>\n<\/ul>\n<h3>Smaker och aromer av Purple Kush Live Resin<\/h3>\n<p>Denna Live Resin levererar rika b\u00e4r- och druvsmaker och en naturlig s\u00f6tma som p\u00e5minner om r\u00f6tt vin. Aromen \u00e4r lika kraftfull, med jordiga och kryddiga toner, vilket ger en unik sensorisk upplevelse vid varje inandning.<\/p>\n<ul>\n<li><strong>Smaker<\/strong> B\u00e4r, Druva, S\u00f6t<\/li>\n<li><strong>Aromer<\/strong> Jordig, Druva, Kryddig, S\u00f6t<\/li>\n<\/ul>\n<h3>Konsumentupplevelse<\/h3>\n<p>Designad f\u00f6r fans av kraftfulla hartser, \u00e4r <strong>Purple Kush Live Resin<\/strong> har en flytande, l\u00e4tthanterlig konsistens, perfekt f\u00f6r duttning och \u00e5ngning. L\u00e5t dig b\u00e4ras med av djup avslappning och njut av ett \u00f6gonblick av absolut lugn.<\/p>\n<h3>Best\u00e4ll Live Resin Purple Kush p\u00e5 <a href=\"https:\/\/pressurezone.shop\/sv\/\" target=\"_new\" rel=\"noopener\">Tryckzonsbutik<\/a><\/h3>\n<p>Redo att uppt\u00e4cka den rena essensen av indica? Best\u00e4ll <strong>Purple Kush Live Resin<\/strong> fr\u00e5n och med idag <a href=\"https:\/\/pressurezone.shop\/sv\/\" target=\"_new\" rel=\"noopener\">Tryckzonsbutik<\/a> och dra nytta av snabb leverans i Europa. Denna Live Resin \u00e4r det perfekta valet f\u00f6r dig som s\u00f6ker djup avkoppling och varaktig lindring.<\/p>\n<\/div>\n<\/div>\n<\/div>\n<\/div>\n<\/div>\n<\/div>","protected":false},"excerpt":{"rendered":"<p>Achetez du Purple Kush Live Resin \u2013 Indica Pure pour Relaxation Profonde Disponible en Europe sur Pressure Zone Shop Le Live Resin Purple Kush est l\u2019essence d\u2019un classique du cannabis, une r\u00e9sine puissante qui capture les qualit\u00e9s uniques de cette vari\u00e9t\u00e9 100% indica. Cr\u00e9\u00e9 par un croisement entre les c\u00e9l\u00e8bres souches Hindu Kush et Purple [&hellip;]<\/p>","protected":false},"featured_media":3366,"comment_status":"closed","ping_status":"closed","template":"","meta":{"_uag_custom_page_level_css":"","site-sidebar-layout":"default","site-content-layout":"","ast-site-content-layout":"default","site-content-style":"default","site-sidebar-style":"default","ast-global-header-display":"","ast-banner-title-visibility":"","ast-main-header-display":"","ast-hfb-above-header-display":"","ast-hfb-below-header-display":"","ast-hfb-mobile-header-display":"","site-post-title":"","ast-breadcrumbs-content":"","ast-featured-img":"","footer-sml-layout":"","theme-transparent-header-meta":"default","adv-header-id-meta":"","stick-header-meta":"","header-above-stick-meta":"","header-main-stick-meta":"","header-below-stick-meta":"","astra-migrate-meta-layouts":"set","ast-page-background-enabled":"default","ast-page-background-meta":{"desktop":{"background-color":"","background-image":"","background-repeat":"repeat","background-position":"center center","background-size":"auto","background-attachment":"scroll","background-type":"","background-media":"","overlay-type":"","overlay-color":"","overlay-opacity":"","overlay-gradient":""},"tablet":{"background-color":"","background-image":"","background-repeat":"repeat","background-position":"center center","background-size":"auto","background-attachment":"scroll","background-type":"","background-media":"","overlay-type":"","overlay-color":"","overlay-opacity":"","overlay-gradient":""},"mobile":{"background-color":"","background-image":"","background-repeat":"repeat","background-position":"center center","background-size":"auto","background-attachment":"scroll","background-type":"","background-media":"","overlay-type":"","overlay-color":"","overlay-opacity":"","overlay-gradient":""}},"ast-content-background-meta":{"desktop":{"background-color":"var(--ast-global-color-5)","background-image":"","background-repeat":"repeat","background-position":"center center","background-size":"auto","background-attachment":"scroll","background-type":"","background-media":"","overlay-type":"","overlay-color":"","overlay-opacity":"","overlay-gradient":""},"tablet":{"background-color":"var(--ast-global-color-5)","background-image":"","background-repeat":"repeat","background-position":"center center","background-size":"auto","background-attachment":"scroll","background-type":"","background-media":"","overlay-type":"","overlay-color":"","overlay-opacity":"","overlay-gradient":""},"mobile":{"background-color":"var(--ast-global-color-5)","background-image":"","background-repeat":"repeat","background-position":"center center","background-size":"auto","background-attachment":"scroll","background-type":"","background-media":"","overlay-type":"","overlay-color":"","overlay-opacity":"","overlay-gradient":""}}},"product_brand":[],"product_cat":[334,411],"product_tag":[416,428,418,419],"class_list":{"0":"post-3281","1":"product","2":"type-product","3":"status-publish","4":"has-post-thumbnail","6":"product_cat-concentres-de-marijuana","7":"product_cat-live-resin-concentrates","8":"product_tag-bulk-dabs-online","9":"product_tag-order-buy-purple-kush-strain-live-resin-europe","10":"product_tag-thca-rosin-online-europe","11":"product_tag-where-to-shop-live-resin-europe","12":"desktop-align-left","13":"tablet-align-left","14":"mobile-align-left","16":"first","17":"instock","18":"shipping-taxable","19":"purchasable","20":"product-type-variable"},"uagb_featured_image_src":{"full":["https:\/\/pressurezone.shop\/wp-content\/uploads\/2024\/10\/Buy-Purple-Kush-Strain-Live-Resin.webp",2048,1365,false],"thumbnail":["https:\/\/pressurezone.shop\/wp-content\/uploads\/2024\/10\/Buy-Purple-Kush-Strain-Live-Resin-150x150.webp",150,150,true],"medium":["https:\/\/pressurezone.shop\/wp-content\/uploads\/2024\/10\/Buy-Purple-Kush-Strain-Live-Resin-300x200.webp",300,200,true],"medium_large":["https:\/\/pressurezone.shop\/wp-content\/uploads\/2024\/10\/Buy-Purple-Kush-Strain-Live-Resin-768x512.webp",768,512,true],"large":["https:\/\/pressurezone.shop\/wp-content\/uploads\/2024\/10\/Buy-Purple-Kush-Strain-Live-Resin-1024x683.webp",1024,683,true],"1536x1536":["https:\/\/pressurezone.shop\/wp-content\/uploads\/2024\/10\/Buy-Purple-Kush-Strain-Live-Resin-1536x1024.webp",1536,1024,true],"2048x2048":["https:\/\/pressurezone.shop\/wp-content\/uploads\/2024\/10\/Buy-Purple-Kush-Strain-Live-Resin.webp",2048,1365,false],"trp-custom-language-flag":["https:\/\/pressurezone.shop\/wp-content\/uploads\/2024\/10\/Buy-Purple-Kush-Strain-Live-Resin-18x12.webp",18,12,true],"woocommerce_thumbnail":["https:\/\/pressurezone.shop\/wp-content\/uploads\/2024\/10\/Buy-Purple-Kush-Strain-Live-Resin-300x300.webp",300,300,true],"woocommerce_single":["https:\/\/pressurezone.shop\/wp-content\/uploads\/2024\/10\/Buy-Purple-Kush-Strain-Live-Resin-600x400.webp",600,400,true],"woocommerce_gallery_thumbnail":["https:\/\/pressurezone.shop\/wp-content\/uploads\/2024\/10\/Buy-Purple-Kush-Strain-Live-Resin-100x100.webp",100,100,true]},"uagb_author_info":{"display_name":"pressurezone.shop","author_link":"https:\/\/pressurezone.shop\/sv\/author\/"},"uagb_comment_info":0,"uagb_excerpt":"Achetez du Purple Kush Live Resin \u2013 Indica Pure pour Relaxation Profonde Disponible en Europe sur Pressure Zone Shop Le Live Resin Purple Kush est l\u2019essence d\u2019un classique du cannabis, une r\u00e9sine puissante qui capture les qualit\u00e9s uniques de cette vari\u00e9t\u00e9 100% indica. Cr\u00e9\u00e9 par un croisement entre les c\u00e9l\u00e8bres souches Hindu Kush et Purple&hellip;","_links":{"self":[{"href":"https:\/\/pressurezone.shop\/sv\/wp-json\/wp\/v2\/product\/3281"}],"collection":[{"href":"https:\/\/pressurezone.shop\/sv\/wp-json\/wp\/v2\/product"}],"about":[{"href":"https:\/\/pressurezone.shop\/sv\/wp-json\/wp\/v2\/types\/product"}],"replies":[{"embeddable":true,"href":"https:\/\/pressurezone.shop\/sv\/wp-json\/wp\/v2\/comments?post=3281"}],"version-history":[{"count":3,"href":"https:\/\/pressurezone.shop\/sv\/wp-json\/wp\/v2\/product\/3281\/revisions"}],"predecessor-version":[{"id":4291,"href":"https:\/\/pressurezone.shop\/sv\/wp-json\/wp\/v2\/product\/3281\/revisions\/4291"}],"wp:featuredmedia":[{"embeddable":true,"href":"https:\/\/pressurezone.shop\/sv\/wp-json\/wp\/v2\/media\/3366"}],"wp:attachment":[{"href":"https:\/\/pressurezone.shop\/sv\/wp-json\/wp\/v2\/media?parent=3281"}],"wp:term":[{"taxonomy":"product_brand","embeddable":true,"href":"https:\/\/pressurezone.shop\/sv\/wp-json\/wp\/v2\/product_brand?post=3281"},{"taxonomy":"product_cat","embeddable":true,"href":"https:\/\/pressurezone.shop\/sv\/wp-json\/wp\/v2\/product_cat?post=3281"},{"taxonomy":"product_tag","embeddable":true,"href":"https:\/\/pressurezone.shop\/sv\/wp-json\/wp\/v2\/product_tag?post=3281"}],"curies":[{"name":"wp","href":"https:\/\/api.w.org\/{rel}","templated":true}]}}