{"id":3289,"date":"2024-10-11T00:58:22","date_gmt":"2024-10-10T22:58:22","guid":{"rendered":"https:\/\/pressurezone.shop\/?post_type=product&#038;p=3289"},"modified":"2024-11-08T20:27:51","modified_gmt":"2024-11-08T19:27:51","slug":"pink-picasso-live-resin","status":"publish","type":"product","link":"https:\/\/pressurezone.shop\/sv\/produkt\/rosa-picasso-levande-harts\/","title":{"rendered":"Rosa Picasso Live Resin"},"content":{"rendered":"<h3><strong>K\u00f6p Pink Picasso Live Resin - Hybrid perfekt f\u00f6r avslappning<\/strong><br \/>\nTillg\u00e4nglig i Europa p\u00e5 <a href=\"https:\/\/pressurezone.shop\/sv\/\" target=\"_new\" rel=\"noopener\">Tryckzonsbutik<\/a><\/h3>\n<p>Uppt\u00e4ck de <strong>Rosa Picasso Live Resin<\/strong>Live Resin \u00e4r ett perfekt balanserat hybridkoncentrat (50% indica \/ 50% sativa), perfekt f\u00f6r dem som letar efter en kraftfull avslappnande effekt med en unik, sofistikerad smak. Denna Live Resin \u00e4r en korsning mellan de popul\u00e4ra OZK- och Candyland-stammarna, vilket ger en rik smak- och effektupplevelse f\u00f6r koncentrat\u00e4lskare.<\/p>\n<h3>Varf\u00f6r v\u00e4lja Pink Picasso Live Resin?<\/h3>\n<p>Denna Live Resin \u00e4r formulerad f\u00f6r att f\u00e5nga all rikedom i cannabisv\u00e4xten, inklusive naturliga terpener och ett h\u00f6gt THC-inneh\u00e5ll p\u00e5 22 till 30%. Konsistensen av <strong>Rosa Picasso Live Resin<\/strong> \u00e4r mer flytande \u00e4n andra koncentrat tack vare noggrann extraktion av de eteriska oljorna, vilket ger en konsistens som \u00e4r l\u00e4tt att hantera f\u00f6r dabbing eller sprayning<a href=\"https:\/\/fuelpackz.com\/\" target=\"_blank\" rel=\"noopener\">.<\/a><\/p>\n<ul>\n<li><strong>Typ<\/strong> : Balanserad hybrid<\/li>\n<li><strong>Ursprung<\/strong> : En korsning mellan OZK och Candyland<\/li>\n<li><strong>THC<\/strong> : 22-30%<\/li>\n<\/ul>\n<h3>Effekter och f\u00f6rdelar med Pink Picasso Live Resin<\/h3>\n<p>Effekterna av <strong>Rosa Picasso<\/strong> ger en mild eufori och intensiv fysisk avslappning, perfekt f\u00f6r att lugna sinnet och lugna kroppen. Dess avslappnande, l\u00e4tt d\u00e5siga profil g\u00f6r det till ett f\u00f6rstahandsval f\u00f6r konsumenter som s\u00f6ker lindring fr\u00e5n kroniska sjukdomar samtidigt som de njuter av djup avkoppling.<\/p>\n<ul>\n<li><strong>Effekter<\/strong> Eufori, Avslappning i kroppen, S\u00f6mnighet, K\u00e4nsla av v\u00e4lbefinnande<\/li>\n<li><strong>Idealisk f\u00f6r<\/strong> Kronisk sm\u00e4rta, depression, stress, s\u00f6mnl\u00f6shet, muskelspasmer, kramper<\/li>\n<\/ul>\n<h3>Smak och doft av Pink Picasso Live Resin<\/h3>\n<p>Denna Live Resin sticker ut med sina toner av choklad, citrus och mentol, vilket ger en uts\u00f6kt och unik smakupplevelse. Den aromatiska profilen \u00e4r lika komplex, med accenter av jord, krydda och en l\u00e4tt kryddighet.<\/p>\n<ul>\n<li><strong>Smaker<\/strong> Choklad, Citrus, Menthol, Kryddig, S\u00f6t<\/li>\n<li><strong>Aromer<\/strong> Citrus, jordig, skarp, syrlig, kryddig<\/li>\n<\/ul>\n<h3>Konsumentupplevelse<\/h3>\n<p>Med sin mjuka textur och anm\u00e4rkningsv\u00e4rda kraft \u00e4r <strong>Rosa Picasso Live Resin<\/strong> \u00e4r perfekt f\u00f6r dabbing eller vaporisering. Detta koncentrat tar dig in i ett tillst\u00e5nd av djup avslappning utan att ber\u00f6va dig dina f\u00f6rm\u00e5gor, perfekt f\u00f6r att varva ner efter en l\u00e5ng dag.<\/p>\n<h3>Best\u00e4ll Pink Picasso Live Resin p\u00e5 <a href=\"https:\/\/pressurezone.shop\/sv\/\" target=\"_new\" rel=\"noopener\">Tryckzonsbutik<\/a><\/h3>\n<p>\u00c4r du redo att uppt\u00e4cka den perfekta balansen mellan avslappning och eufori? Best\u00e4ll den <strong>Rosa Picasso Live Resin<\/strong> fr\u00e5n och med idag <a href=\"https:\/\/pressurezone.shop\/sv\/\" target=\"_new\" rel=\"noopener\">Tryckzonsbutik<\/a> och njut av snabb leverans i Europa. Denna Live Resin \u00e4r det perfekta valet f\u00f6r total avkoppling med en touch av sofistikering.<\/p>","protected":false},"excerpt":{"rendered":"<div class=\"product-short-description\">\n<h4>Hybrid - 50% Sativa \/50% Indica<\/h4>\n<\/div>","protected":false},"featured_media":3373,"comment_status":"closed","ping_status":"closed","template":"","meta":{"_uag_custom_page_level_css":"","site-sidebar-layout":"default","site-content-layout":"","ast-site-content-layout":"default","site-content-style":"default","site-sidebar-style":"default","ast-global-header-display":"","ast-banner-title-visibility":"","ast-main-header-display":"","ast-hfb-above-header-display":"","ast-hfb-below-header-display":"","ast-hfb-mobile-header-display":"","site-post-title":"","ast-breadcrumbs-content":"","ast-featured-img":"","footer-sml-layout":"","theme-transparent-header-meta":"default","adv-header-id-meta":"","stick-header-meta":"","header-above-stick-meta":"","header-main-stick-meta":"","header-below-stick-meta":"","astra-migrate-meta-layouts":"set","ast-page-background-enabled":"default","ast-page-background-meta":{"desktop":{"background-color":"","background-image":"","background-repeat":"repeat","background-position":"center center","background-size":"auto","background-attachment":"scroll","background-type":"","background-media":"","overlay-type":"","overlay-color":"","overlay-opacity":"","overlay-gradient":""},"tablet":{"background-color":"","background-image":"","background-repeat":"repeat","background-position":"center center","background-size":"auto","background-attachment":"scroll","background-type":"","background-media":"","overlay-type":"","overlay-color":"","overlay-opacity":"","overlay-gradient":""},"mobile":{"background-color":"","background-image":"","background-repeat":"repeat","background-position":"center center","background-size":"auto","background-attachment":"scroll","background-type":"","background-media":"","overlay-type":"","overlay-color":"","overlay-opacity":"","overlay-gradient":""}},"ast-content-background-meta":{"desktop":{"background-color":"var(--ast-global-color-5)","background-image":"","background-repeat":"repeat","background-position":"center center","background-size":"auto","background-attachment":"scroll","background-type":"","background-media":"","overlay-type":"","overlay-color":"","overlay-opacity":"","overlay-gradient":""},"tablet":{"background-color":"var(--ast-global-color-5)","background-image":"","background-repeat":"repeat","background-position":"center center","background-size":"auto","background-attachment":"scroll","background-type":"","background-media":"","overlay-type":"","overlay-color":"","overlay-opacity":"","overlay-gradient":""},"mobile":{"background-color":"var(--ast-global-color-5)","background-image":"","background-repeat":"repeat","background-position":"center center","background-size":"auto","background-attachment":"scroll","background-type":"","background-media":"","overlay-type":"","overlay-color":"","overlay-opacity":"","overlay-gradient":""}}},"product_brand":[],"product_cat":[334,411],"product_tag":[430,431,432,433],"class_list":{"0":"post-3289","1":"product","2":"type-product","3":"status-publish","4":"has-post-thumbnail","6":"product_cat-concentres-de-marijuana","7":"product_cat-live-resin-concentrates","8":"product_tag-buy-buy-pink-picasso-strain-live-resin-hybrid-online-europe","9":"product_tag-buy-dab-online-cheap","10":"product_tag-buy-dabs-online-with-credit-card","11":"product_tag-order-live-rosin-concentrate","12":"desktop-align-left","13":"tablet-align-left","14":"mobile-align-left","16":"first","17":"instock","18":"shipping-taxable","19":"purchasable","20":"product-type-variable"},"uagb_featured_image_src":{"full":["https:\/\/pressurezone.shop\/wp-content\/uploads\/2024\/10\/Buy-Pink-Picasso-Strain-Live-Resin-Hybrid.webp",2048,1365,false],"thumbnail":["https:\/\/pressurezone.shop\/wp-content\/uploads\/2024\/10\/Buy-Pink-Picasso-Strain-Live-Resin-Hybrid-150x150.webp",150,150,true],"medium":["https:\/\/pressurezone.shop\/wp-content\/uploads\/2024\/10\/Buy-Pink-Picasso-Strain-Live-Resin-Hybrid-300x200.webp",300,200,true],"medium_large":["https:\/\/pressurezone.shop\/wp-content\/uploads\/2024\/10\/Buy-Pink-Picasso-Strain-Live-Resin-Hybrid-768x512.webp",768,512,true],"large":["https:\/\/pressurezone.shop\/wp-content\/uploads\/2024\/10\/Buy-Pink-Picasso-Strain-Live-Resin-Hybrid-1024x683.webp",1024,683,true],"1536x1536":["https:\/\/pressurezone.shop\/wp-content\/uploads\/2024\/10\/Buy-Pink-Picasso-Strain-Live-Resin-Hybrid-1536x1024.webp",1536,1024,true],"2048x2048":["https:\/\/pressurezone.shop\/wp-content\/uploads\/2024\/10\/Buy-Pink-Picasso-Strain-Live-Resin-Hybrid.webp",2048,1365,false],"trp-custom-language-flag":["https:\/\/pressurezone.shop\/wp-content\/uploads\/2024\/10\/Buy-Pink-Picasso-Strain-Live-Resin-Hybrid-18x12.webp",18,12,true],"woocommerce_thumbnail":["https:\/\/pressurezone.shop\/wp-content\/uploads\/2024\/10\/Buy-Pink-Picasso-Strain-Live-Resin-Hybrid-300x300.webp",300,300,true],"woocommerce_single":["https:\/\/pressurezone.shop\/wp-content\/uploads\/2024\/10\/Buy-Pink-Picasso-Strain-Live-Resin-Hybrid-600x400.webp",600,400,true],"woocommerce_gallery_thumbnail":["https:\/\/pressurezone.shop\/wp-content\/uploads\/2024\/10\/Buy-Pink-Picasso-Strain-Live-Resin-Hybrid-100x100.webp",100,100,true]},"uagb_author_info":{"display_name":"pressurezone.shop","author_link":"https:\/\/pressurezone.shop\/sv\/author\/"},"uagb_comment_info":0,"uagb_excerpt":"Hybrid \u2013 50% Sativa \/50% Indica","_links":{"self":[{"href":"https:\/\/pressurezone.shop\/sv\/wp-json\/wp\/v2\/product\/3289"}],"collection":[{"href":"https:\/\/pressurezone.shop\/sv\/wp-json\/wp\/v2\/product"}],"about":[{"href":"https:\/\/pressurezone.shop\/sv\/wp-json\/wp\/v2\/types\/product"}],"replies":[{"embeddable":true,"href":"https:\/\/pressurezone.shop\/sv\/wp-json\/wp\/v2\/comments?post=3289"}],"version-history":[{"count":3,"href":"https:\/\/pressurezone.shop\/sv\/wp-json\/wp\/v2\/product\/3289\/revisions"}],"predecessor-version":[{"id":4283,"href":"https:\/\/pressurezone.shop\/sv\/wp-json\/wp\/v2\/product\/3289\/revisions\/4283"}],"wp:featuredmedia":[{"embeddable":true,"href":"https:\/\/pressurezone.shop\/sv\/wp-json\/wp\/v2\/media\/3373"}],"wp:attachment":[{"href":"https:\/\/pressurezone.shop\/sv\/wp-json\/wp\/v2\/media?parent=3289"}],"wp:term":[{"taxonomy":"product_brand","embeddable":true,"href":"https:\/\/pressurezone.shop\/sv\/wp-json\/wp\/v2\/product_brand?post=3289"},{"taxonomy":"product_cat","embeddable":true,"href":"https:\/\/pressurezone.shop\/sv\/wp-json\/wp\/v2\/product_cat?post=3289"},{"taxonomy":"product_tag","embeddable":true,"href":"https:\/\/pressurezone.shop\/sv\/wp-json\/wp\/v2\/product_tag?post=3289"}],"curies":[{"name":"wp","href":"https:\/\/api.w.org\/{rel}","templated":true}]}}