{"id":3290,"date":"2024-10-11T00:58:22","date_gmt":"2024-10-10T22:58:22","guid":{"rendered":"https:\/\/pressurezone.shop\/?post_type=product&#038;p=3290"},"modified":"2024-11-08T20:41:45","modified_gmt":"2024-11-08T19:41:45","slug":"crown-og-live-resin","status":"publish","type":"product","link":"https:\/\/pressurezone.shop\/sv\/produkt\/krona-och-levande-harts\/","title":{"rendered":"Crown OG Live Resin"},"content":{"rendered":"<div class=\"flex-shrink-0 flex flex-col relative items-end\">\n<div>\n<div class=\"pt-0\">\n<div class=\"gizmo-bot-avatar flex h-8 w-8 items-center justify-center overflow-hidden rounded-full\">\n<div class=\"relative p-1 rounded-sm flex items-center justify-center bg-token-main-surface-primary text-token-text-primary h-8 w-8\"><\/div>\n<\/div>\n<\/div>\n<\/div>\n<\/div>\n<div class=\"group\/conversation-turn relative flex w-full min-w-0 flex-col agent-turn\">\n<div class=\"flex-col gap-1 md:gap-3\">\n<div class=\"flex max-w-full flex-col flex-grow\">\n<div class=\"min-h-8 text-message flex w-full flex-col items-end gap-2 whitespace-normal break-words [.text-message+&amp;]:mt-5\" dir=\"auto\" data-message-author-role=\"assistant\" data-message-id=\"bb7118c3-4a63-4b10-b5f3-9154de721ee9\" data-message-model-slug=\"gpt-4o\">\n<div class=\"flex w-full flex-col gap-1 empty:hidden first:pt-[3px]\">\n<div class=\"markdown prose w-full break-words dark:prose-invert light\">\n<h3><strong>K\u00f6p Crown OG Cannabis Live Resin - Pure Indica f\u00f6r djup lindring<\/strong><\/h3>\n<p>Tillg\u00e4nglig i Europa fr\u00e5n <a href=\"https:\/\/pressurezone.shop\/sv\/\" target=\"_new\" rel=\"noopener\">Tryckzonsbutik<\/a><\/p>\n<p>Uppt\u00e4ck de <strong>Crown OG Live Resin<\/strong>ett 100% indica-cannabiskoncentrat som h\u00e4rr\u00f6r fr\u00e5n den ber\u00f6mda OG Kush-stammen. Med ett imponerande THC-inneh\u00e5ll p\u00e5 23-25% \u00e4r detta koncentrat utformat f\u00f6r att erbjuda djup avslappning och effektiv lindring av \u00e5ngest, sm\u00e4rta och s\u00f6mnst\u00f6rningar. Crown OG Live Resin \u00e4r perfekt f\u00f6r dem som s\u00f6ker en avkopplande och intensiv upplevelse, och omsluter dig i en k\u00e4nsla av mild eufori f\u00f6ljt av total kroppslig lugnande.<\/p>\n<h3>Varf\u00f6r v\u00e4lja Crown OG Live Resin?<\/h3>\n<p>La <strong>Crown OG Live Resin<\/strong> tillverkas med hj\u00e4lp av avancerade destillationstekniker f\u00f6r att bevara hela spektrumet av terpener och cannabinoider, vilket garanterar en upplevelse rik p\u00e5 naturliga smaker och aromer. Denna resin \u00e4r idealisk f\u00f6r vaping eller dabbing och \u00e4r ett m\u00e5ste f\u00f6r \u00e4lskare av kvalitetskoncentrat.<\/p>\n<ul>\n<li><strong>Typ<\/strong> Indica Ren<\/li>\n<li><strong>Ursprung<\/strong> OG Kush-stam<\/li>\n<li><strong>THC<\/strong> : 23-25%<\/li>\n<\/ul>\n<h3>Effekter och f\u00f6rdelar med Crown OG Live Resin<\/h3>\n<p>La <strong>Crown OG Live Resin<\/strong> \u00e4r k\u00e4nd f\u00f6r sina djupt avslappnande och lugnande effekter. Den framkallar en mild mental eufori, f\u00f6ljt av intensiv fysisk avslappning, vilket g\u00f6r denna harts idealisk f\u00f6r att lindra en m\u00e4ngd olika sjukdomar och st\u00f6rningar. Denna k\u00e5da \u00e4r s\u00e4rskilt uppskattad f\u00f6r sina effekter f\u00f6r att lindra kronisk sm\u00e4rta, s\u00f6mnl\u00f6shet och muskelspasmer.<a href=\"https:\/\/fuelpackz.com\/\" target=\"_blank\" rel=\"noopener\">.<\/a><\/p>\n<ul>\n<li><strong>Effekter<\/strong> Eufori, Djup avslappning, S\u00f6mnighet, \u00d6kad aptit<\/li>\n<li><strong>Rekommenderas f\u00f6r<\/strong> Kronisk sm\u00e4rta, depression, fibromyalgi, muskelspasmer, s\u00f6mnl\u00f6shet och gastrointestinala st\u00f6rningar<\/li>\n<\/ul>\n<h3>Smak och doft av Crown OG Live Resin<\/h3>\n<p>Med en rik och komplex smakprofil \u00e4r <strong>Crown OG<\/strong> har en intensiv aromatisk palett med toner av \u00f6rter och tall, tillsammans med s\u00f6ta och tropiska inslag. Vid varje inandning kommer du att uppskatta den perfekta balansen mellan jordiga aromer och en n\u00e5got kryddig smak.<\/p>\n<ul>\n<li><strong>Smaker<\/strong> \u00d6rtartad, Tall, Skunkig, Kryddig, S\u00f6t, Tropisk<\/li>\n<li><strong>Aromer<\/strong> : Jordig, tall, s\u00f6t<\/li>\n<\/ul>\n<h3>Konsumentupplevelse<\/h3>\n<p>G\u00f6r dig redo f\u00f6r den ultimata avkopplingsupplevelsen. La <strong>Crown OG Live Resin<\/strong> \u00e4r perfekt f\u00f6r en stunds avkoppling i slutet av dagen och ger omedelbar och varaktig lindring av fysiska besv\u00e4r och stress.<\/p>\n<h3>Best\u00e4ll Crown OG Live Resin p\u00e5 <a href=\"https:\/\/pressurezone.shop\/sv\/\" target=\"_new\" rel=\"noopener\">Tryckzonsbutik<\/a><\/h3>\n<p>Uppt\u00e4ck kraften hos ren indica med <strong>Crown OG Live Resin<\/strong>tillg\u00e4nglig nu p\u00e5 <a href=\"https:\/\/pressurezone.shop\/sv\/\" target=\"_new\" rel=\"noopener\">Tryckzonsbutik<\/a> f\u00f6r snabb leverans i Europa. Oavsett om du vill lindra v\u00e4rk och sm\u00e4rta, minska stress eller f\u00f6rb\u00e4ttra din s\u00f6mn, \u00e4r denna harts den perfekta allierade f\u00f6r optimal avkoppling.<\/p>\n<\/div>\n<\/div>\n<\/div>\n<\/div>\n<\/div>\n<\/div>","protected":false},"excerpt":{"rendered":"<h4>Indica<br \/>\nTHC: 23% - 25%<\/h4>","protected":false},"featured_media":3375,"comment_status":"closed","ping_status":"closed","template":"","meta":{"_uag_custom_page_level_css":"","site-sidebar-layout":"default","site-content-layout":"","ast-site-content-layout":"default","site-content-style":"default","site-sidebar-style":"default","ast-global-header-display":"","ast-banner-title-visibility":"","ast-main-header-display":"","ast-hfb-above-header-display":"","ast-hfb-below-header-display":"","ast-hfb-mobile-header-display":"","site-post-title":"","ast-breadcrumbs-content":"","ast-featured-img":"","footer-sml-layout":"","theme-transparent-header-meta":"default","adv-header-id-meta":"","stick-header-meta":"","header-above-stick-meta":"","header-main-stick-meta":"","header-below-stick-meta":"","astra-migrate-meta-layouts":"set","ast-page-background-enabled":"default","ast-page-background-meta":{"desktop":{"background-color":"","background-image":"","background-repeat":"repeat","background-position":"center center","background-size":"auto","background-attachment":"scroll","background-type":"","background-media":"","overlay-type":"","overlay-color":"","overlay-opacity":"","overlay-gradient":""},"tablet":{"background-color":"","background-image":"","background-repeat":"repeat","background-position":"center center","background-size":"auto","background-attachment":"scroll","background-type":"","background-media":"","overlay-type":"","overlay-color":"","overlay-opacity":"","overlay-gradient":""},"mobile":{"background-color":"","background-image":"","background-repeat":"repeat","background-position":"center center","background-size":"auto","background-attachment":"scroll","background-type":"","background-media":"","overlay-type":"","overlay-color":"","overlay-opacity":"","overlay-gradient":""}},"ast-content-background-meta":{"desktop":{"background-color":"var(--ast-global-color-5)","background-image":"","background-repeat":"repeat","background-position":"center center","background-size":"auto","background-attachment":"scroll","background-type":"","background-media":"","overlay-type":"","overlay-color":"","overlay-opacity":"","overlay-gradient":""},"tablet":{"background-color":"var(--ast-global-color-5)","background-image":"","background-repeat":"repeat","background-position":"center center","background-size":"auto","background-attachment":"scroll","background-type":"","background-media":"","overlay-type":"","overlay-color":"","overlay-opacity":"","overlay-gradient":""},"mobile":{"background-color":"var(--ast-global-color-5)","background-image":"","background-repeat":"repeat","background-position":"center center","background-size":"auto","background-attachment":"scroll","background-type":"","background-media":"","overlay-type":"","overlay-color":"","overlay-opacity":"","overlay-gradient":""}}},"product_brand":[],"product_cat":[334,411],"product_tag":[416,434,418,419],"class_list":{"0":"post-3290","1":"product","2":"type-product","3":"status-publish","4":"has-post-thumbnail","6":"product_cat-concentres-de-marijuana","7":"product_cat-live-resin-concentrates","8":"product_tag-bulk-dabs-online","9":"product_tag-order-crown-og-cannabis-live-resin-europe","10":"product_tag-thca-rosin-online-europe","11":"product_tag-where-to-shop-live-resin-europe","12":"desktop-align-left","13":"tablet-align-left","14":"mobile-align-left","16":"first","17":"instock","18":"shipping-taxable","19":"purchasable","20":"product-type-variable"},"uagb_featured_image_src":{"full":["https:\/\/pressurezone.shop\/wp-content\/uploads\/2024\/10\/Crown-OG-Cannabis-Live-Resin.webp",2048,1365,false],"thumbnail":["https:\/\/pressurezone.shop\/wp-content\/uploads\/2024\/10\/Crown-OG-Cannabis-Live-Resin-150x150.webp",150,150,true],"medium":["https:\/\/pressurezone.shop\/wp-content\/uploads\/2024\/10\/Crown-OG-Cannabis-Live-Resin-300x200.webp",300,200,true],"medium_large":["https:\/\/pressurezone.shop\/wp-content\/uploads\/2024\/10\/Crown-OG-Cannabis-Live-Resin-768x512.webp",768,512,true],"large":["https:\/\/pressurezone.shop\/wp-content\/uploads\/2024\/10\/Crown-OG-Cannabis-Live-Resin-1024x683.webp",1024,683,true],"1536x1536":["https:\/\/pressurezone.shop\/wp-content\/uploads\/2024\/10\/Crown-OG-Cannabis-Live-Resin-1536x1024.webp",1536,1024,true],"2048x2048":["https:\/\/pressurezone.shop\/wp-content\/uploads\/2024\/10\/Crown-OG-Cannabis-Live-Resin.webp",2048,1365,false],"trp-custom-language-flag":["https:\/\/pressurezone.shop\/wp-content\/uploads\/2024\/10\/Crown-OG-Cannabis-Live-Resin-18x12.webp",18,12,true],"woocommerce_thumbnail":["https:\/\/pressurezone.shop\/wp-content\/uploads\/2024\/10\/Crown-OG-Cannabis-Live-Resin-300x300.webp",300,300,true],"woocommerce_single":["https:\/\/pressurezone.shop\/wp-content\/uploads\/2024\/10\/Crown-OG-Cannabis-Live-Resin-600x400.webp",600,400,true],"woocommerce_gallery_thumbnail":["https:\/\/pressurezone.shop\/wp-content\/uploads\/2024\/10\/Crown-OG-Cannabis-Live-Resin-100x100.webp",100,100,true]},"uagb_author_info":{"display_name":"pressurezone.shop","author_link":"https:\/\/pressurezone.shop\/sv\/author\/"},"uagb_comment_info":0,"uagb_excerpt":"Indica THC: 23% \u2013 25%","_links":{"self":[{"href":"https:\/\/pressurezone.shop\/sv\/wp-json\/wp\/v2\/product\/3290"}],"collection":[{"href":"https:\/\/pressurezone.shop\/sv\/wp-json\/wp\/v2\/product"}],"about":[{"href":"https:\/\/pressurezone.shop\/sv\/wp-json\/wp\/v2\/types\/product"}],"replies":[{"embeddable":true,"href":"https:\/\/pressurezone.shop\/sv\/wp-json\/wp\/v2\/comments?post=3290"}],"version-history":[{"count":3,"href":"https:\/\/pressurezone.shop\/sv\/wp-json\/wp\/v2\/product\/3290\/revisions"}],"predecessor-version":[{"id":4299,"href":"https:\/\/pressurezone.shop\/sv\/wp-json\/wp\/v2\/product\/3290\/revisions\/4299"}],"wp:featuredmedia":[{"embeddable":true,"href":"https:\/\/pressurezone.shop\/sv\/wp-json\/wp\/v2\/media\/3375"}],"wp:attachment":[{"href":"https:\/\/pressurezone.shop\/sv\/wp-json\/wp\/v2\/media?parent=3290"}],"wp:term":[{"taxonomy":"product_brand","embeddable":true,"href":"https:\/\/pressurezone.shop\/sv\/wp-json\/wp\/v2\/product_brand?post=3290"},{"taxonomy":"product_cat","embeddable":true,"href":"https:\/\/pressurezone.shop\/sv\/wp-json\/wp\/v2\/product_cat?post=3290"},{"taxonomy":"product_tag","embeddable":true,"href":"https:\/\/pressurezone.shop\/sv\/wp-json\/wp\/v2\/product_tag?post=3290"}],"curies":[{"name":"wp","href":"https:\/\/api.w.org\/{rel}","templated":true}]}}