{"id":3291,"date":"2024-10-11T00:58:22","date_gmt":"2024-10-10T22:58:22","guid":{"rendered":"https:\/\/pressurezone.shop\/?post_type=product&#038;p=3291"},"modified":"2024-11-08T21:17:26","modified_gmt":"2024-11-08T20:17:26","slug":"mango-haze-live-resin-hybrid","status":"publish","type":"product","link":"https:\/\/pressurezone.shop\/sv\/produkt\/mango-haze-levande-resin-hybrid\/","title":{"rendered":"Mango Haze Live Resin Hybrid"},"content":{"rendered":"<div class=\"flex-shrink-0 flex flex-col relative items-end\">\n<div>\n<div class=\"pt-0\">\n<div class=\"gizmo-bot-avatar flex h-8 w-8 items-center justify-center overflow-hidden rounded-full\">\n<div class=\"relative p-1 rounded-sm flex items-center justify-center bg-token-main-surface-primary text-token-text-primary h-8 w-8\"><\/div>\n<\/div>\n<\/div>\n<\/div>\n<\/div>\n<div class=\"group\/conversation-turn relative flex w-full min-w-0 flex-col agent-turn\">\n<div class=\"flex-col gap-1 md:gap-3\">\n<div class=\"flex max-w-full flex-col flex-grow\">\n<div class=\"min-h-8 text-message flex w-full flex-col items-end gap-2 whitespace-normal break-words [.text-message+&amp;]:mt-5\" dir=\"auto\" data-message-author-role=\"assistant\" data-message-id=\"e3bb993a-b235-482f-90dc-e61da6709eb4\" data-message-model-slug=\"gpt-4o\">\n<div class=\"flex w-full flex-col gap-1 empty:hidden first:pt-[3px]\">\n<div class=\"markdown prose w-full break-words dark:prose-invert light\">\n<h3><strong>K\u00f6p Mango Haze Strain Live Resin Hybrid Online - Finns i Europa<\/strong><\/h3>\n<p>Uppt\u00e4ck de <strong>Mango Haze Strain Live Resin Hybrid<\/strong>en perfekt balanserad levande harts (50% sativa \/ 50% indica) som kombinerar intensiteten hos tre k\u00e4nda stammar: <strong>Norrsken #5<\/strong>, <strong>Skunk<\/strong>och <strong>Haze<\/strong>. Detta koncentrat erbjuder en tropisk smak rik p\u00e5 mango och citrusfrukter, perfekt f\u00f6r cannabis\u00e4lskare som letar efter en energigivande, euforisk effekt.<\/p>\n<h3>Varf\u00f6r v\u00e4lja Mango Haze Live Resin?<\/h3>\n<p>La <strong>Mango Haze levande harts<\/strong> \u00e4r en favorit bland cannabiskonsumenter tack vare sin naturliga smak och sina v\u00e4lbalanserade effekter. Genom att anv\u00e4nda eteriska cannabisoljor och bevara terpenerna har denna levande resin en mer flytande och formbar konsistens, vilket \u00e4r typiskt f\u00f6r resiner med h\u00f6gt terpeninneh\u00e5ll.<\/p>\n<ul>\n<li><strong>Typ<\/strong> Balanserad hybrid (50% Sativa \/ 50% Indica)<\/li>\n<li><strong>Ursprung<\/strong> Northern Lights #5, Skunk och Haze korsningar<\/li>\n<\/ul>\n<h3>Effekter och f\u00f6rdelar med Mango Haze Strain Live Resin<\/h3>\n<p>Med sina energigivande effekter och avslappnande potential \u00e4r Mango Haze perfekt f\u00f6r dem som s\u00f6ker en balans mellan mental klarhet och kroppslig avkoppling. Det ger dig en euforisk cerebral rush som \u00f6vers\u00e4tts till f\u00f6rnyat fokus och behaglig avkoppling.<a href=\"https:\/\/fuelpackz.com\/\" target=\"_blank\" rel=\"noopener\">.<\/a><\/p>\n<ul>\n<li><strong>Effekter<\/strong> Cerebral, Energigivande, Eufori, Fokus, Gl\u00e4dje, Avslappnande, Uppiggande<\/li>\n<li><strong>Rekommenderas f\u00f6r<\/strong> Artrit, depression, tr\u00f6tthet, migr\u00e4n, muskelspasmer, PTSD, stress<\/li>\n<\/ul>\n<h3>Smaker och aromer av Mango Haze Strain Live Resin<\/h3>\n<p>Denna levande harts kommer att \u00f6verraska dig med sina exotiska smaker av mango, citrus och tropisk frukt, som p\u00e5minner om sommar och avl\u00e4gsna str\u00e4nder. Doften \u00e4r jordig och s\u00f6t, med en antydan av tropisk mango.<\/p>\n<ul>\n<li><strong>Smaker<\/strong> Citrus, Fruktig, S\u00f6t, Tropisk<\/li>\n<li><strong>Dofter<\/strong> Jordig, Mango, S\u00f6t<\/li>\n<\/ul>\n<h3>Konsistens och konsumtionsmetod f\u00f6r Mango Haze Live Resin<\/h3>\n<p>La <strong>Mango Haze levande harts<\/strong> \u00e4r l\u00e4tt att hantera och l\u00e4mpar sig perfekt f\u00f6r dabbing och vaping. Dess s\u00e5sliknande konsistens, p\u00e5 grund av dess h\u00f6ga terpeninneh\u00e5ll, g\u00f6r det till ett rikt smaksatt koncentrat som ger en oj\u00e4mf\u00f6rlig vaping- eller dabbingupplevelse.<\/p>\n<h3>Best\u00e4ll din Mango Haze Live Resin p\u00e5 <a href=\"https:\/\/pressurezone.shop\/sv\/\" target=\"_new\" rel=\"noopener\">Tryckzonsbutik<\/a><\/h3>\n<p>F\u00e5 en tropisk touch till din cannabisupplevelse med <strong>Mango Haze Live Resin Hybrid<\/strong> tillg\u00e4nglig p\u00e5 <a href=\"https:\/\/pressurezone.shop\/sv\/\" target=\"_new\" rel=\"noopener\">Tryckzonsbutik<\/a>. Denna levande harts \u00e4r idealisk f\u00f6r att lindra stress, fr\u00e4mja mental klarhet eller helt enkelt njuta av en fruktig smak, och \u00e4r din partner f\u00f6r alla tillf\u00e4llen.<\/p>\n<\/div>\n<\/div>\n<\/div>\n<\/div>\n<\/div>\n<\/div>","protected":false},"excerpt":{"rendered":"<div class=\"product-short-description\">\n<h4>Hybrid 50% Indica \/ 50% Sativa<\/h4>\n<\/div>","protected":false},"featured_media":3377,"comment_status":"closed","ping_status":"closed","template":"","meta":{"_uag_custom_page_level_css":"","site-sidebar-layout":"default","site-content-layout":"","ast-site-content-layout":"default","site-content-style":"default","site-sidebar-style":"default","ast-global-header-display":"","ast-banner-title-visibility":"","ast-main-header-display":"","ast-hfb-above-header-display":"","ast-hfb-below-header-display":"","ast-hfb-mobile-header-display":"","site-post-title":"","ast-breadcrumbs-content":"","ast-featured-img":"","footer-sml-layout":"","theme-transparent-header-meta":"default","adv-header-id-meta":"","stick-header-meta":"","header-above-stick-meta":"","header-main-stick-meta":"","header-below-stick-meta":"","astra-migrate-meta-layouts":"set","ast-page-background-enabled":"default","ast-page-background-meta":{"desktop":{"background-color":"","background-image":"","background-repeat":"repeat","background-position":"center center","background-size":"auto","background-attachment":"scroll","background-type":"","background-media":"","overlay-type":"","overlay-color":"","overlay-opacity":"","overlay-gradient":""},"tablet":{"background-color":"","background-image":"","background-repeat":"repeat","background-position":"center center","background-size":"auto","background-attachment":"scroll","background-type":"","background-media":"","overlay-type":"","overlay-color":"","overlay-opacity":"","overlay-gradient":""},"mobile":{"background-color":"","background-image":"","background-repeat":"repeat","background-position":"center center","background-size":"auto","background-attachment":"scroll","background-type":"","background-media":"","overlay-type":"","overlay-color":"","overlay-opacity":"","overlay-gradient":""}},"ast-content-background-meta":{"desktop":{"background-color":"var(--ast-global-color-5)","background-image":"","background-repeat":"repeat","background-position":"center center","background-size":"auto","background-attachment":"scroll","background-type":"","background-media":"","overlay-type":"","overlay-color":"","overlay-opacity":"","overlay-gradient":""},"tablet":{"background-color":"var(--ast-global-color-5)","background-image":"","background-repeat":"repeat","background-position":"center center","background-size":"auto","background-attachment":"scroll","background-type":"","background-media":"","overlay-type":"","overlay-color":"","overlay-opacity":"","overlay-gradient":""},"mobile":{"background-color":"var(--ast-global-color-5)","background-image":"","background-repeat":"repeat","background-position":"center center","background-size":"auto","background-attachment":"scroll","background-type":"","background-media":"","overlay-type":"","overlay-color":"","overlay-opacity":"","overlay-gradient":""}}},"product_brand":[],"product_cat":[334,411],"product_tag":[435],"class_list":{"0":"post-3291","1":"product","2":"type-product","3":"status-publish","4":"has-post-thumbnail","6":"product_cat-concentres-de-marijuana","7":"product_cat-live-resin-concentrates","8":"product_tag-order-mango-haze-strain-live-resin-hybrid-europe","9":"desktop-align-left","10":"tablet-align-left","11":"mobile-align-left","13":"first","14":"instock","15":"shipping-taxable","16":"purchasable","17":"product-type-variable"},"uagb_featured_image_src":{"full":["https:\/\/pressurezone.shop\/wp-content\/uploads\/2024\/10\/Mango-Haze-Strain-Live-Resin-Hybrid.webp",2048,1365,false],"thumbnail":["https:\/\/pressurezone.shop\/wp-content\/uploads\/2024\/10\/Mango-Haze-Strain-Live-Resin-Hybrid-150x150.webp",150,150,true],"medium":["https:\/\/pressurezone.shop\/wp-content\/uploads\/2024\/10\/Mango-Haze-Strain-Live-Resin-Hybrid-300x200.webp",300,200,true],"medium_large":["https:\/\/pressurezone.shop\/wp-content\/uploads\/2024\/10\/Mango-Haze-Strain-Live-Resin-Hybrid-768x512.webp",768,512,true],"large":["https:\/\/pressurezone.shop\/wp-content\/uploads\/2024\/10\/Mango-Haze-Strain-Live-Resin-Hybrid-1024x683.webp",1024,683,true],"1536x1536":["https:\/\/pressurezone.shop\/wp-content\/uploads\/2024\/10\/Mango-Haze-Strain-Live-Resin-Hybrid-1536x1024.webp",1536,1024,true],"2048x2048":["https:\/\/pressurezone.shop\/wp-content\/uploads\/2024\/10\/Mango-Haze-Strain-Live-Resin-Hybrid.webp",2048,1365,false],"trp-custom-language-flag":["https:\/\/pressurezone.shop\/wp-content\/uploads\/2024\/10\/Mango-Haze-Strain-Live-Resin-Hybrid-18x12.webp",18,12,true],"woocommerce_thumbnail":["https:\/\/pressurezone.shop\/wp-content\/uploads\/2024\/10\/Mango-Haze-Strain-Live-Resin-Hybrid-300x300.webp",300,300,true],"woocommerce_single":["https:\/\/pressurezone.shop\/wp-content\/uploads\/2024\/10\/Mango-Haze-Strain-Live-Resin-Hybrid-600x400.webp",600,400,true],"woocommerce_gallery_thumbnail":["https:\/\/pressurezone.shop\/wp-content\/uploads\/2024\/10\/Mango-Haze-Strain-Live-Resin-Hybrid-100x100.webp",100,100,true]},"uagb_author_info":{"display_name":"pressurezone.shop","author_link":"https:\/\/pressurezone.shop\/sv\/author\/"},"uagb_comment_info":0,"uagb_excerpt":"Hybrid 50% Indica \/ 50% Sativa","_links":{"self":[{"href":"https:\/\/pressurezone.shop\/sv\/wp-json\/wp\/v2\/product\/3291"}],"collection":[{"href":"https:\/\/pressurezone.shop\/sv\/wp-json\/wp\/v2\/product"}],"about":[{"href":"https:\/\/pressurezone.shop\/sv\/wp-json\/wp\/v2\/types\/product"}],"replies":[{"embeddable":true,"href":"https:\/\/pressurezone.shop\/sv\/wp-json\/wp\/v2\/comments?post=3291"}],"version-history":[{"count":3,"href":"https:\/\/pressurezone.shop\/sv\/wp-json\/wp\/v2\/product\/3291\/revisions"}],"predecessor-version":[{"id":4316,"href":"https:\/\/pressurezone.shop\/sv\/wp-json\/wp\/v2\/product\/3291\/revisions\/4316"}],"wp:featuredmedia":[{"embeddable":true,"href":"https:\/\/pressurezone.shop\/sv\/wp-json\/wp\/v2\/media\/3377"}],"wp:attachment":[{"href":"https:\/\/pressurezone.shop\/sv\/wp-json\/wp\/v2\/media?parent=3291"}],"wp:term":[{"taxonomy":"product_brand","embeddable":true,"href":"https:\/\/pressurezone.shop\/sv\/wp-json\/wp\/v2\/product_brand?post=3291"},{"taxonomy":"product_cat","embeddable":true,"href":"https:\/\/pressurezone.shop\/sv\/wp-json\/wp\/v2\/product_cat?post=3291"},{"taxonomy":"product_tag","embeddable":true,"href":"https:\/\/pressurezone.shop\/sv\/wp-json\/wp\/v2\/product_tag?post=3291"}],"curies":[{"name":"wp","href":"https:\/\/api.w.org\/{rel}","templated":true}]}}