{"id":3300,"date":"2024-10-11T00:58:50","date_gmt":"2024-10-10T22:58:50","guid":{"rendered":"https:\/\/pressurezone.shop\/?post_type=product&#038;p=3300"},"modified":"2024-11-13T17:59:48","modified_gmt":"2024-11-13T16:59:48","slug":"blackberry-cobbler-weed-live-resin","status":"publish","type":"product","link":"https:\/\/pressurezone.shop\/sv\/produkt\/blackberry-cobbler-gras-levande-harts\/","title":{"rendered":"Blackberry Cobbler Weed levande harts"},"content":{"rendered":"<div class=\"flex-shrink-0 flex flex-col relative items-end\">\n<div>\n<div class=\"pt-0\">\n<div class=\"gizmo-bot-avatar flex h-8 w-8 items-center justify-center overflow-hidden rounded-full\">\n<div class=\"relative p-1 rounded-sm flex items-center justify-center bg-token-main-surface-primary text-token-text-primary h-8 w-8\"><\/div>\n<\/div>\n<\/div>\n<\/div>\n<\/div>\n<div class=\"group\/conversation-turn relative flex w-full min-w-0 flex-col agent-turn\">\n<div class=\"flex-col gap-1 md:gap-3\">\n<div class=\"flex max-w-full flex-col flex-grow\">\n<div class=\"min-h-8 text-message flex w-full flex-col items-end gap-2 whitespace-normal break-words [.text-message+&amp;]:mt-5\" dir=\"auto\" data-message-author-role=\"assistant\" data-message-id=\"d726ea1c-d389-4e26-8e95-e2ec311ca1cc\" data-message-model-slug=\"gpt-4o\">\n<div class=\"flex w-full flex-col gap-1 empty:hidden first:pt-[3px]\">\n<div class=\"markdown prose w-full break-words dark:prose-invert light\">\n<h3><strong>K\u00f6p Blackberry Cobbler Weed Live Resin online i Europa<\/strong><\/h3>\n<p>Uppt\u00e4ck de<strong>Exceptionell Blackberry Cobbler Weed Live Resin<\/strong>ett premium cannabiskoncentrat tillverkat av de ber\u00f6mda sorterna <strong>Blackberry Kush<\/strong> och <strong>Trainwreck<\/strong>. Detta n\u00e5got indica-dominerande hybridkoncentrat erbjuder en unikt avkopplande upplevelse, som \u00e5terskapar v\u00e4xtens rika naturliga smaker med en j\u00e4mn, kraftfull effektprofil. Med sin f\u00f6rf\u00f6riska blandning av fruktig s\u00f6tma och jordn\u00e4ra toner \u00e4r Blackberry Cobbler Live Resin perfekt f\u00f6r dem som letar efter ett v\u00e4lsmakande, effektivt koncentrat.<\/p>\n<hr \/>\n<h3><strong>Varf\u00f6r v\u00e4lja Blackberry Cobbler Weed Live Resin?<\/strong><\/h3>\n<p>Blackberry Cobbler Live Resin \u00e4r uppskattad f\u00f6r sin <strong>balanserade effekter<\/strong> som ger en l\u00e5ngvarig kroppsh\u00f6jd och ett tillst\u00e5nd av avkoppling, perfekt f\u00f6r att varva ner efter en l\u00e5ng dag. Influensen av indica ger en lugn och lugnande effekt, medan en touch av sativa hj\u00e4lper till att h\u00e5lla sinnet friskt och alert, perfekt f\u00f6r en lugn kv\u00e4ll eller en avkopplande helg.<\/p>\n<hr \/>\n<h3><strong>Effekter av levande harts av bj\u00f6rnb\u00e4rsogr\u00e4s :<\/strong><\/h3>\n<ul>\n<li><strong>H\u00f6g korpus<\/strong> En v\u00e5g av avslappnande komfort som lugnar musklerna och l\u00f6ser upp sp\u00e4nningar.<\/li>\n<li><strong>L\u00e5ngsiktig<\/strong> : L\u00e5ngvariga effekter, perfekt f\u00f6r l\u00e5ngvarig avslappning.<\/li>\n<li><strong>Avslappnande<\/strong> Lugnar kropp och sj\u00e4l och bidrar till att minska stress.<\/li>\n<\/ul>\n<h3><strong>Idealisk f\u00f6r att avlasta :<\/strong><\/h3>\n<ul>\n<li><strong>Kronisk sm\u00e4rta<\/strong> Perfekt f\u00f6r att lindra fysiskt obehag.<\/li>\n<li><strong>Depression och tr\u00f6tthet<\/strong> : F\u00f6rb\u00e4ttrar hum\u00f6ret och motverkar tr\u00f6tthet.<\/li>\n<li><strong>S\u00f6mnl\u00f6shet<\/strong> Hj\u00e4lper dig att somna f\u00f6r en djup, \u00e5terh\u00e4mtande s\u00f6mn.<\/li>\n<\/ul>\n<hr \/>\n<h3><strong>Smak och doft av Blackberry Cobbler Live Resin<\/strong><\/h3>\n<p>Denna levande harts erbjuder <strong>s\u00f6t b\u00e4rsmak<\/strong> med en antydan till kryddiga \u00f6rter, vilket g\u00f6r varje inandning lika njutbar som den f\u00f6rra. Med en antydan till jordn\u00e4ra och skunk erbjuder Blackberry Cobbler en rik sensorisk upplevelse, b\u00e5de <strong>s\u00f6t<\/strong> och <strong>kraftfull<\/strong>.<\/p>\n<ul>\n<li><strong>Smaker<\/strong> B\u00e4r, fruktig, s\u00f6t<\/li>\n<li><strong>Dofter<\/strong> B\u00e4rig, Jordig, Fruktig, Kraftfull<\/li>\n<\/ul>\n<hr \/>\n<h3><strong>Vad g\u00f6r Live Resin speciellt?<\/strong><\/h3>\n<p>Live resin har snabbt blivit ett f\u00f6redraget val bland cannabisentusiaster f\u00f6r sin f\u00f6rm\u00e5ga att f\u00e5nga v\u00e4xtens v\u00e4sen. <strong>fullt spektrum av cannabinoider och terpener<\/strong> n\u00e4rvarande i v\u00e4xten. Blackberry Cobbler's levande harts bevarar de naturliga oljorna, vilket resulterar i ett milt, aromatiskt koncentrat med en flytande, terpenrik konsistens som ofta \u00e4r mer formbar \u00e4n traditionella koncentrat.<a href=\"https:\/\/fuelpackz.com\/\" target=\"_blank\" rel=\"noopener\">.<\/a><\/p>\n<ul>\n<li><strong>Alternativ f\u00f6r konsistensen<\/strong> Sap, Sugar, Badder, Budder och Sauce - med Blackberry Cobbler som tenderar att ha en konsistens av <strong>S\u00e5s<\/strong> f\u00f6r maximal smak och arom.<\/li>\n<\/ul>\n<hr \/>\n<h3><strong>Hur man njuter av Blackberry Cobbler Live Resin<\/strong><\/h3>\n<ol>\n<li><strong>Dabbing<\/strong> F\u00f6r en ren smak och snabbverkande effekter.<\/li>\n<li><strong>F\u00f6r\u00e5ngning<\/strong> Anv\u00e4nd en sprayflaska avsedd f\u00f6r koncentrat f\u00f6r en skonsam och kontrollerad upplevelse.<\/li>\n<li><strong>F\u00f6rb\u00e4ttra dina blommor<\/strong> Tills\u00e4tt en liten m\u00e4ngd i din fog eller ditt r\u00f6r f\u00f6r extra styrka och smak.<\/li>\n<\/ol>\n<hr \/>\n<h3><strong>Best\u00e4ll idag fr\u00e5n Pressure Zone Shop<\/strong><\/h3>\n<p>Missa inte premiumupplevelsen av <strong>Blackberry Cobbler Weed levande harts<\/strong>. Best\u00e4ll nu p\u00e5 <a href=\"https:\/\/pressurezone.shop\/sv\/\" target=\"_new\" rel=\"noopener\">Tryckzonsbutik<\/a> och njut av detta exceptionella koncentrat som \u00e4r k\u00e4nt f\u00f6r sina kraftfulla effekter och sin uts\u00f6kta smak. Unna dig det ultimata cannabiskoncentratet och g\u00f6r varje \u00f6gonblick till en avkopplande, smakfylld resa.<\/p>\n<\/div>\n<\/div>\n<\/div>\n<\/div>\n<\/div>\n<\/div>","protected":false},"excerpt":{"rendered":"<p>Achetez le Live Resin de Blackberry Cobbler Weed en Ligne en Europe D\u00e9couvrez l\u2019exceptionnel Blackberry Cobbler Weed Live Resin, un concentr\u00e9 de cannabis premium fabriqu\u00e9 \u00e0 partir des c\u00e9l\u00e8bres vari\u00e9t\u00e9s Blackberry Kush et Trainwreck. Ce concentr\u00e9 hybride l\u00e9g\u00e8rement \u00e0 dominante indica offre une exp\u00e9rience relaxante unique, restituant les riches saveurs naturelles de la plante avec [&hellip;]<\/p>","protected":false},"featured_media":3382,"comment_status":"closed","ping_status":"closed","template":"","meta":{"_uag_custom_page_level_css":"","site-sidebar-layout":"default","site-content-layout":"","ast-site-content-layout":"default","site-content-style":"default","site-sidebar-style":"default","ast-global-header-display":"","ast-banner-title-visibility":"","ast-main-header-display":"","ast-hfb-above-header-display":"","ast-hfb-below-header-display":"","ast-hfb-mobile-header-display":"","site-post-title":"","ast-breadcrumbs-content":"","ast-featured-img":"","footer-sml-layout":"","theme-transparent-header-meta":"default","adv-header-id-meta":"","stick-header-meta":"","header-above-stick-meta":"","header-main-stick-meta":"","header-below-stick-meta":"","astra-migrate-meta-layouts":"set","ast-page-background-enabled":"default","ast-page-background-meta":{"desktop":{"background-color":"","background-image":"","background-repeat":"repeat","background-position":"center center","background-size":"auto","background-attachment":"scroll","background-type":"","background-media":"","overlay-type":"","overlay-color":"","overlay-opacity":"","overlay-gradient":""},"tablet":{"background-color":"","background-image":"","background-repeat":"repeat","background-position":"center center","background-size":"auto","background-attachment":"scroll","background-type":"","background-media":"","overlay-type":"","overlay-color":"","overlay-opacity":"","overlay-gradient":""},"mobile":{"background-color":"","background-image":"","background-repeat":"repeat","background-position":"center center","background-size":"auto","background-attachment":"scroll","background-type":"","background-media":"","overlay-type":"","overlay-color":"","overlay-opacity":"","overlay-gradient":""}},"ast-content-background-meta":{"desktop":{"background-color":"var(--ast-global-color-5)","background-image":"","background-repeat":"repeat","background-position":"center center","background-size":"auto","background-attachment":"scroll","background-type":"","background-media":"","overlay-type":"","overlay-color":"","overlay-opacity":"","overlay-gradient":""},"tablet":{"background-color":"var(--ast-global-color-5)","background-image":"","background-repeat":"repeat","background-position":"center center","background-size":"auto","background-attachment":"scroll","background-type":"","background-media":"","overlay-type":"","overlay-color":"","overlay-opacity":"","overlay-gradient":""},"mobile":{"background-color":"var(--ast-global-color-5)","background-image":"","background-repeat":"repeat","background-position":"center center","background-size":"auto","background-attachment":"scroll","background-type":"","background-media":"","overlay-type":"","overlay-color":"","overlay-opacity":"","overlay-gradient":""}}},"product_brand":[],"product_cat":[334,436],"product_tag":[437],"class_list":{"0":"post-3300","1":"product","2":"type-product","3":"status-publish","4":"has-post-thumbnail","6":"product_cat-concentres-de-marijuana","7":"product_cat-achetez-du-shatter-dab-wax","8":"product_tag-buy-blackberry-cobbler-weed-live-resin-online-europe","9":"desktop-align-left","10":"tablet-align-left","11":"mobile-align-left","13":"first","14":"instock","15":"shipping-taxable","16":"purchasable","17":"product-type-variable"},"uagb_featured_image_src":{"full":["https:\/\/pressurezone.shop\/wp-content\/uploads\/2024\/10\/Blackberry-Cobbler-Weed-Live-Resin.webp",2048,1365,false],"thumbnail":["https:\/\/pressurezone.shop\/wp-content\/uploads\/2024\/10\/Blackberry-Cobbler-Weed-Live-Resin-150x150.webp",150,150,true],"medium":["https:\/\/pressurezone.shop\/wp-content\/uploads\/2024\/10\/Blackberry-Cobbler-Weed-Live-Resin-300x200.webp",300,200,true],"medium_large":["https:\/\/pressurezone.shop\/wp-content\/uploads\/2024\/10\/Blackberry-Cobbler-Weed-Live-Resin-768x512.webp",768,512,true],"large":["https:\/\/pressurezone.shop\/wp-content\/uploads\/2024\/10\/Blackberry-Cobbler-Weed-Live-Resin-1024x683.webp",1024,683,true],"1536x1536":["https:\/\/pressurezone.shop\/wp-content\/uploads\/2024\/10\/Blackberry-Cobbler-Weed-Live-Resin-1536x1024.webp",1536,1024,true],"2048x2048":["https:\/\/pressurezone.shop\/wp-content\/uploads\/2024\/10\/Blackberry-Cobbler-Weed-Live-Resin.webp",2048,1365,false],"trp-custom-language-flag":["https:\/\/pressurezone.shop\/wp-content\/uploads\/2024\/10\/Blackberry-Cobbler-Weed-Live-Resin-18x12.webp",18,12,true],"woocommerce_thumbnail":["https:\/\/pressurezone.shop\/wp-content\/uploads\/2024\/10\/Blackberry-Cobbler-Weed-Live-Resin-300x300.webp",300,300,true],"woocommerce_single":["https:\/\/pressurezone.shop\/wp-content\/uploads\/2024\/10\/Blackberry-Cobbler-Weed-Live-Resin-600x400.webp",600,400,true],"woocommerce_gallery_thumbnail":["https:\/\/pressurezone.shop\/wp-content\/uploads\/2024\/10\/Blackberry-Cobbler-Weed-Live-Resin-100x100.webp",100,100,true]},"uagb_author_info":{"display_name":"pressurezone.shop","author_link":"https:\/\/pressurezone.shop\/sv\/author\/"},"uagb_comment_info":0,"uagb_excerpt":"Achetez le Live Resin de Blackberry Cobbler Weed en Ligne en Europe D\u00e9couvrez l\u2019exceptionnel Blackberry Cobbler Weed Live Resin, un concentr\u00e9 de cannabis premium fabriqu\u00e9 \u00e0 partir des c\u00e9l\u00e8bres vari\u00e9t\u00e9s Blackberry Kush et Trainwreck. Ce concentr\u00e9 hybride l\u00e9g\u00e8rement \u00e0 dominante indica offre une exp\u00e9rience relaxante unique, restituant les riches saveurs naturelles de la plante avec&hellip;","_links":{"self":[{"href":"https:\/\/pressurezone.shop\/sv\/wp-json\/wp\/v2\/product\/3300"}],"collection":[{"href":"https:\/\/pressurezone.shop\/sv\/wp-json\/wp\/v2\/product"}],"about":[{"href":"https:\/\/pressurezone.shop\/sv\/wp-json\/wp\/v2\/types\/product"}],"replies":[{"embeddable":true,"href":"https:\/\/pressurezone.shop\/sv\/wp-json\/wp\/v2\/comments?post=3300"}],"version-history":[{"count":3,"href":"https:\/\/pressurezone.shop\/sv\/wp-json\/wp\/v2\/product\/3300\/revisions"}],"predecessor-version":[{"id":4376,"href":"https:\/\/pressurezone.shop\/sv\/wp-json\/wp\/v2\/product\/3300\/revisions\/4376"}],"wp:featuredmedia":[{"embeddable":true,"href":"https:\/\/pressurezone.shop\/sv\/wp-json\/wp\/v2\/media\/3382"}],"wp:attachment":[{"href":"https:\/\/pressurezone.shop\/sv\/wp-json\/wp\/v2\/media?parent=3300"}],"wp:term":[{"taxonomy":"product_brand","embeddable":true,"href":"https:\/\/pressurezone.shop\/sv\/wp-json\/wp\/v2\/product_brand?post=3300"},{"taxonomy":"product_cat","embeddable":true,"href":"https:\/\/pressurezone.shop\/sv\/wp-json\/wp\/v2\/product_cat?post=3300"},{"taxonomy":"product_tag","embeddable":true,"href":"https:\/\/pressurezone.shop\/sv\/wp-json\/wp\/v2\/product_tag?post=3300"}],"curies":[{"name":"wp","href":"https:\/\/api.w.org\/{rel}","templated":true}]}}