{"id":3301,"date":"2024-10-11T00:58:50","date_gmt":"2024-10-10T22:58:50","guid":{"rendered":"https:\/\/pressurezone.shop\/?post_type=product&#038;p=3301"},"modified":"2024-11-08T21:58:57","modified_gmt":"2024-11-08T20:58:57","slug":"t-4-sativa-live-resin","status":"publish","type":"product","link":"https:\/\/pressurezone.shop\/sv\/produkt\/t-4-sativa-levande-harts\/","title":{"rendered":"T-4 Strain Sativa Live Resin"},"content":{"rendered":"<h3><strong>K\u00f6p T-4 Sativa Live Resin online<\/strong><\/h3>\n<p>Uppt\u00e4ck de <strong>T-4 Sativa levande harts<\/strong>ett exklusivt sativadominerande koncentrat fr\u00e5n fyra p\u00e5 varandra f\u00f6ljande korsningar av den ber\u00f6mda Trainwreck. Denna mycket energigivande levande harts \u00e4r perfekt f\u00f6r en boost av eufori och lycka, oavsett om du letar efter motivation eller \u00f6kad koncentration.<\/p>\n<h3>Varf\u00f6r v\u00e4lja T-4 Sativa Live Resin?<\/h3>\n<p>La <strong>T-4 Sativa levande harts<\/strong> \u00e4r utformad f\u00f6r att ge energi till sinnet och st\u00e4rka kroppen. Med en h\u00f6g THC-inneh\u00e5ll \u00e4r detta levande resin k\u00e4nt f\u00f6r sin energigivande effekt, som h\u00f6jer hum\u00f6ret och ger mental klarhet. Den \u00e4r idealisk f\u00f6r dem som vill h\u00e5lla sig aktiva och inspirerade utan att k\u00e4nna sig nedtyngda.<\/p>\n<ul>\n<li><strong>Typ<\/strong> Dominerande Sativa<\/li>\n<li><strong>Ursprung<\/strong> : Fyrdubbel \u00e5terkorsning av den ber\u00f6mda Trainwreck<\/li>\n<\/ul>\n<h3>Effekter och f\u00f6rdelar med T-4 Sativa Live Resin<\/h3>\n<p>Denna levande harts ger en k\u00e4nsla av lycka och eufori och skapar en k\u00e4nsla av l\u00e4tthet som \u00e4r perfekt f\u00f6r dagtidssessioner. Det hj\u00e4lper ocks\u00e5 till att lindra fysisk sp\u00e4nning och erbjuder en unik balans mellan fysisk avkoppling och mental stimulering.<\/p>\n<ul>\n<li><strong>Effekter<\/strong> : Eufori, Energigivande, K\u00e4nsla av v\u00e4lbefinnande, Gott hum\u00f6r<\/li>\n<li><strong>Rekommenderas f\u00f6r<\/strong> \u00c5ngest, Depression, Kronisk tr\u00f6tthet, Inflammation, Migr\u00e4n<\/li>\n<\/ul>\n<h3>Smak och doft av T-4 Sativa Live Resin<\/h3>\n<p>Med sina \u00f6rtartade, tr\u00e4iga noter som f\u00f6rst\u00e4rks av inslag av citron och tall, \u00e4r <strong>T-4 Sativa levande harts<\/strong> erbjuder en livlig, jordig smakprofil. Dess rika, kraftfulla arom blandar inslag av \u00f6rter och tall, perfekt f\u00f6r fans av naturliga terpener.<a href=\"https:\/\/fuelpackz.com\/\" target=\"_blank\" rel=\"noopener\">.<\/a><\/p>\n<ul>\n<li><strong>Smaker<\/strong> \u00d6rter, Citron, Tall, Mild, Tr\u00e4ig<\/li>\n<li><strong>Dofter<\/strong> Jordig, \u00f6rtartad, citron, tall, kryddig<\/li>\n<\/ul>\n<h3>\u00c5teruppliva din dag med T-4 Sativa Live Resin<\/h3>\n<p>Tack vare sina uppiggande effekter och sin fr\u00e4scha smakprofil \u00e4r <strong>T-4 Sativa levande harts<\/strong> \u00e4r f\u00f6rstahandsvalet f\u00f6r anv\u00e4ndare som vill ha varaktig lindring av stress, tr\u00f6tthet och \u00e5ngest, samtidigt som de stimulerar kreativitet och motivation.<\/p>\n<h3>Best\u00e4ll din T-4 Sativa Live Resin p\u00e5 <a href=\"https:\/\/pressurezone.shop\/sv\/\" target=\"_new\" rel=\"noopener\">Tryckzonsbutik<\/a><\/h3>\n<p>Njut av den uppfriskande k\u00e4nslan av <strong>T-4 Sativa levande harts<\/strong> f\u00f6r en mental och fysisk boost. Best\u00e4ll idag fr\u00e5n <a href=\"https:\/\/pressurezone.shop\/sv\/\" target=\"_new\" rel=\"noopener\">Tryckzonsbutik<\/a> f\u00f6r en h\u00f6gkvalitativ live resin-upplevelse, levererad direkt till Europa.<\/p>","protected":false},"excerpt":{"rendered":"<p>Achetez la T-4 Sativa Live Resin en Ligne D\u00e9couvrez la T-4 Sativa Live Resin, un concentr\u00e9 exclusif \u00e0 dominance sativa issu de quatre croisements successifs du c\u00e9l\u00e8bre Trainwreck. Cette r\u00e9sine live hautement \u00e9nergisante est parfaite pour un boost d&rsquo;euphorie et de bonheur, que vous soyez en qu\u00eate de motivation ou de concentration accrue. Pourquoi Choisir [&hellip;]<\/p>","protected":false},"featured_media":3384,"comment_status":"closed","ping_status":"closed","template":"","meta":{"_uag_custom_page_level_css":"","site-sidebar-layout":"default","site-content-layout":"","ast-site-content-layout":"default","site-content-style":"default","site-sidebar-style":"default","ast-global-header-display":"","ast-banner-title-visibility":"","ast-main-header-display":"","ast-hfb-above-header-display":"","ast-hfb-below-header-display":"","ast-hfb-mobile-header-display":"","site-post-title":"","ast-breadcrumbs-content":"","ast-featured-img":"","footer-sml-layout":"","theme-transparent-header-meta":"default","adv-header-id-meta":"","stick-header-meta":"","header-above-stick-meta":"","header-main-stick-meta":"","header-below-stick-meta":"","astra-migrate-meta-layouts":"set","ast-page-background-enabled":"default","ast-page-background-meta":{"desktop":{"background-color":"","background-image":"","background-repeat":"repeat","background-position":"center center","background-size":"auto","background-attachment":"scroll","background-type":"","background-media":"","overlay-type":"","overlay-color":"","overlay-opacity":"","overlay-gradient":""},"tablet":{"background-color":"","background-image":"","background-repeat":"repeat","background-position":"center center","background-size":"auto","background-attachment":"scroll","background-type":"","background-media":"","overlay-type":"","overlay-color":"","overlay-opacity":"","overlay-gradient":""},"mobile":{"background-color":"","background-image":"","background-repeat":"repeat","background-position":"center center","background-size":"auto","background-attachment":"scroll","background-type":"","background-media":"","overlay-type":"","overlay-color":"","overlay-opacity":"","overlay-gradient":""}},"ast-content-background-meta":{"desktop":{"background-color":"var(--ast-global-color-5)","background-image":"","background-repeat":"repeat","background-position":"center center","background-size":"auto","background-attachment":"scroll","background-type":"","background-media":"","overlay-type":"","overlay-color":"","overlay-opacity":"","overlay-gradient":""},"tablet":{"background-color":"var(--ast-global-color-5)","background-image":"","background-repeat":"repeat","background-position":"center center","background-size":"auto","background-attachment":"scroll","background-type":"","background-media":"","overlay-type":"","overlay-color":"","overlay-opacity":"","overlay-gradient":""},"mobile":{"background-color":"var(--ast-global-color-5)","background-image":"","background-repeat":"repeat","background-position":"center center","background-size":"auto","background-attachment":"scroll","background-type":"","background-media":"","overlay-type":"","overlay-color":"","overlay-opacity":"","overlay-gradient":""}}},"product_brand":[],"product_cat":[334,411],"product_tag":[412,438,414,415],"class_list":{"0":"post-3301","1":"product","2":"type-product","3":"status-publish","4":"has-post-thumbnail","6":"product_cat-concentres-de-marijuana","7":"product_cat-live-resin-concentrates","8":"product_tag-live-rosin-concentrate-near-me","9":"product_tag-order-t-4-strain-sativa-live-resin-europe","10":"product_tag-thc-marijuana-live-resin-for-sale-europe","11":"product_tag-thca-live-resin-concentrate","12":"desktop-align-left","13":"tablet-align-left","14":"mobile-align-left","16":"first","17":"instock","18":"shipping-taxable","19":"purchasable","20":"product-type-variable"},"uagb_featured_image_src":{"full":["https:\/\/pressurezone.shop\/wp-content\/uploads\/2024\/10\/T-4-Strain-Sativa-Live-Resin.webp",2048,1365,false],"thumbnail":["https:\/\/pressurezone.shop\/wp-content\/uploads\/2024\/10\/T-4-Strain-Sativa-Live-Resin-150x150.webp",150,150,true],"medium":["https:\/\/pressurezone.shop\/wp-content\/uploads\/2024\/10\/T-4-Strain-Sativa-Live-Resin-300x200.webp",300,200,true],"medium_large":["https:\/\/pressurezone.shop\/wp-content\/uploads\/2024\/10\/T-4-Strain-Sativa-Live-Resin-768x512.webp",768,512,true],"large":["https:\/\/pressurezone.shop\/wp-content\/uploads\/2024\/10\/T-4-Strain-Sativa-Live-Resin-1024x683.webp",1024,683,true],"1536x1536":["https:\/\/pressurezone.shop\/wp-content\/uploads\/2024\/10\/T-4-Strain-Sativa-Live-Resin-1536x1024.webp",1536,1024,true],"2048x2048":["https:\/\/pressurezone.shop\/wp-content\/uploads\/2024\/10\/T-4-Strain-Sativa-Live-Resin.webp",2048,1365,false],"trp-custom-language-flag":["https:\/\/pressurezone.shop\/wp-content\/uploads\/2024\/10\/T-4-Strain-Sativa-Live-Resin-18x12.webp",18,12,true],"woocommerce_thumbnail":["https:\/\/pressurezone.shop\/wp-content\/uploads\/2024\/10\/T-4-Strain-Sativa-Live-Resin-300x300.webp",300,300,true],"woocommerce_single":["https:\/\/pressurezone.shop\/wp-content\/uploads\/2024\/10\/T-4-Strain-Sativa-Live-Resin-600x400.webp",600,400,true],"woocommerce_gallery_thumbnail":["https:\/\/pressurezone.shop\/wp-content\/uploads\/2024\/10\/T-4-Strain-Sativa-Live-Resin-100x100.webp",100,100,true]},"uagb_author_info":{"display_name":"pressurezone.shop","author_link":"https:\/\/pressurezone.shop\/sv\/author\/"},"uagb_comment_info":0,"uagb_excerpt":"Achetez la T-4 Sativa Live Resin en Ligne D\u00e9couvrez la T-4 Sativa Live Resin, un concentr\u00e9 exclusif \u00e0 dominance sativa issu de quatre croisements successifs du c\u00e9l\u00e8bre Trainwreck. Cette r\u00e9sine live hautement \u00e9nergisante est parfaite pour un boost d&rsquo;euphorie et de bonheur, que vous soyez en qu\u00eate de motivation ou de concentration accrue. Pourquoi Choisir&hellip;","_links":{"self":[{"href":"https:\/\/pressurezone.shop\/sv\/wp-json\/wp\/v2\/product\/3301"}],"collection":[{"href":"https:\/\/pressurezone.shop\/sv\/wp-json\/wp\/v2\/product"}],"about":[{"href":"https:\/\/pressurezone.shop\/sv\/wp-json\/wp\/v2\/types\/product"}],"replies":[{"embeddable":true,"href":"https:\/\/pressurezone.shop\/sv\/wp-json\/wp\/v2\/comments?post=3301"}],"version-history":[{"count":3,"href":"https:\/\/pressurezone.shop\/sv\/wp-json\/wp\/v2\/product\/3301\/revisions"}],"predecessor-version":[{"id":4356,"href":"https:\/\/pressurezone.shop\/sv\/wp-json\/wp\/v2\/product\/3301\/revisions\/4356"}],"wp:featuredmedia":[{"embeddable":true,"href":"https:\/\/pressurezone.shop\/sv\/wp-json\/wp\/v2\/media\/3384"}],"wp:attachment":[{"href":"https:\/\/pressurezone.shop\/sv\/wp-json\/wp\/v2\/media?parent=3301"}],"wp:term":[{"taxonomy":"product_brand","embeddable":true,"href":"https:\/\/pressurezone.shop\/sv\/wp-json\/wp\/v2\/product_brand?post=3301"},{"taxonomy":"product_cat","embeddable":true,"href":"https:\/\/pressurezone.shop\/sv\/wp-json\/wp\/v2\/product_cat?post=3301"},{"taxonomy":"product_tag","embeddable":true,"href":"https:\/\/pressurezone.shop\/sv\/wp-json\/wp\/v2\/product_tag?post=3301"}],"curies":[{"name":"wp","href":"https:\/\/api.w.org\/{rel}","templated":true}]}}