{"id":3302,"date":"2024-10-11T00:58:50","date_gmt":"2024-10-10T22:58:50","guid":{"rendered":"https:\/\/pressurezone.shop\/?post_type=product&#038;p=3302"},"modified":"2024-11-08T21:38:24","modified_gmt":"2024-11-08T20:38:24","slug":"master-kush-live-resin","status":"publish","type":"product","link":"https:\/\/pressurezone.shop\/sv\/produkt\/master-kush-live-resin\/","title":{"rendered":"Master Kush Weed Levande harts"},"content":{"rendered":"<div class=\"flex-shrink-0 flex flex-col relative items-end\">\n<div>\n<div class=\"pt-0\">\n<div class=\"gizmo-bot-avatar flex h-8 w-8 items-center justify-center overflow-hidden rounded-full\">\n<div class=\"relative p-1 rounded-sm flex items-center justify-center bg-token-main-surface-primary text-token-text-primary h-8 w-8\"><\/div>\n<\/div>\n<\/div>\n<\/div>\n<\/div>\n<div class=\"group\/conversation-turn relative flex w-full min-w-0 flex-col agent-turn\">\n<div class=\"flex-col gap-1 md:gap-3\">\n<div class=\"flex max-w-full flex-col flex-grow\">\n<div class=\"min-h-8 text-message flex w-full flex-col items-end gap-2 whitespace-normal break-words [.text-message+&amp;]:mt-5\" dir=\"auto\" data-message-author-role=\"assistant\" data-message-id=\"2b3df09f-dcd5-4fbc-af78-7595bbb1de34\" data-message-model-slug=\"gpt-4o\">\n<div class=\"flex w-full flex-col gap-1 empty:hidden first:pt-[3px]\">\n<div class=\"markdown prose w-full break-words dark:prose-invert light\">\n<h3><strong>K\u00f6p Master Kush Weed Live Resin online i Europa<\/strong><\/h3>\n<p>Uppt\u00e4ck de <strong>Master Kush Weed Levande harts<\/strong>Detta exceptionella cannabiskoncentrat \u00e4r en korsning mellan en Hindu Kush-sort och en ren skunk, med ett sativa\/indica-f\u00f6rh\u00e5llande p\u00e5 10:90. Denna extremt kraftfulla levande harts kan n\u00e5 THC-niv\u00e5er p\u00e5 upp till 20%, vilket ger en intensiv och djupt avkopplande upplevelse.<\/p>\n<h3>Varf\u00f6r v\u00e4lja Master Kush Weed Live Resin?<\/h3>\n<p>La <strong>Master Kush Live Resin<\/strong> \u00e4r ett m\u00e5ste f\u00f6r indica-entusiaster som letar efter en lugnande, terapeutisk h\u00f6g. Designad f\u00f6r att f\u00e5nga kraften i Hindu Kush, ger detta levande harts en intensivt avslappnande effekt, perfekt f\u00f6r fester eller f\u00f6r effektiv lindring av en m\u00e4ngd olika symtom.<\/p>\n<ul>\n<li><strong>Typ<\/strong> Indica-dominant (10% Sativa \/ 90% Indica)<\/li>\n<li><strong>Ursprung<\/strong> Korsning mellan Hindu Kush och Skunk<\/li>\n<\/ul>\n<h3>Effekter och f\u00f6rdelar med Master Kush Live Resin<\/h3>\n<p>Tack vare sina euforiska och avslappnande effekter \u00e4r <strong>Master Kush Live Resin<\/strong> \u00e4r perfekt f\u00f6r att koppla av efter en stressig dag. F\u00f6rutom en djupt avkopplande h\u00f6g har den d\u00e5siga och euforiska effekter, vilket g\u00f6r det till ett utm\u00e4rkt alternativ f\u00f6r behandling av s\u00f6mnl\u00f6shet och stress.<a href=\"https:\/\/fuelpackz.com\/\" target=\"_blank\" rel=\"noopener\">.<\/a><\/p>\n<ul>\n<li><strong>Effekter<\/strong> Eufori, Lycka, Avslappning, S\u00f6mnighet<\/li>\n<li><strong>Rekommenderas f\u00f6r<\/strong> Artrit, Kronisk sm\u00e4rta, Depression, Huvudv\u00e4rk, S\u00f6mnl\u00f6shet, Migr\u00e4n, PTSD, Stress<\/li>\n<\/ul>\n<h3>Smaker och aromer av Master Kush Live Resin<\/h3>\n<p>Denna levande resin \u00e4r en njutning f\u00f6r sinnena med sina smaker av citrus, tr\u00e4 och jordig s\u00f6tma. Den avger en subtil men ih\u00e5llande doft av citrus och jordiga toner, accentuerad av en l\u00e4tt s\u00f6tma.<\/p>\n<ul>\n<li><strong>Smaker<\/strong> Citrus, s\u00f6t, tr\u00e4ig<\/li>\n<li><strong>Dofter<\/strong> : Citrus, Jordig, Doftande, Mild, Skarp, S\u00f6t<\/li>\n<\/ul>\n<h3>Kraftfull levande harts f\u00f6r en intensiv avslappningsupplevelse<\/h3>\n<p>Med en THC-inneh\u00e5ll p\u00e5 upp till 20%, \u00e4r <strong>Master Kush Live Resin<\/strong> \u00e4r perfekt f\u00f6r dem som s\u00f6ker en total avkoppling h\u00f6g. Perfekt f\u00f6r att hantera kronisk sm\u00e4rta, s\u00f6mnl\u00f6shet och stress, erbjuder denna harts l\u00e5ngvarig l\u00e4ttnad med f\u00e5 biverkningar.<\/p>\n<h3>Best\u00e4ll din Master Kush Weed Live Resin p\u00e5 <a href=\"https:\/\/pressurezone.shop\/sv\/\" target=\"_new\" rel=\"noopener\">Tryckzonsbutik<\/a><\/h3>\n<p>Uppt\u00e4ck de avslappnande och euforiska f\u00f6rdelarna med <strong>Master Kush Live Resin<\/strong> och f\u00f6rb\u00e4ttra din upplevelse av v\u00e4lbefinnande. Best\u00e4ll nu p\u00e5 <a href=\"https:\/\/pressurezone.shop\/sv\/\" target=\"_new\" rel=\"noopener\">Tryckzonsbutik<\/a> och uppt\u00e4ck varf\u00f6r detta resin \u00e4r en av favoriterna bland indica-k\u00e4nnare i Europa.<\/p>\n<\/div>\n<\/div>\n<\/div>\n<\/div>\n<\/div>\n<\/div>","protected":false},"excerpt":{"rendered":"<p>Achetez Master Kush Weed Live Resin en Ligne en Europe D\u00e9couvrez la Master Kush Weed Live Resin, un concentr\u00e9 de cannabis exceptionnel issu d\u2019un croisement entre une vari\u00e9t\u00e9 Hindu Kush et une pure skunk, avec un ratio sativa\/indica de 10:90. Cette r\u00e9sine live ultra-puissante peut atteindre des niveaux de THC allant jusqu&rsquo;\u00e0 20%, offrant une [&hellip;]<\/p>","protected":false},"featured_media":3386,"comment_status":"closed","ping_status":"closed","template":"","meta":{"_uag_custom_page_level_css":"","site-sidebar-layout":"default","site-content-layout":"","ast-site-content-layout":"default","site-content-style":"default","site-sidebar-style":"default","ast-global-header-display":"","ast-banner-title-visibility":"","ast-main-header-display":"","ast-hfb-above-header-display":"","ast-hfb-below-header-display":"","ast-hfb-mobile-header-display":"","site-post-title":"","ast-breadcrumbs-content":"","ast-featured-img":"","footer-sml-layout":"","theme-transparent-header-meta":"default","adv-header-id-meta":"","stick-header-meta":"","header-above-stick-meta":"","header-main-stick-meta":"","header-below-stick-meta":"","astra-migrate-meta-layouts":"set","ast-page-background-enabled":"default","ast-page-background-meta":{"desktop":{"background-color":"","background-image":"","background-repeat":"repeat","background-position":"center center","background-size":"auto","background-attachment":"scroll","background-type":"","background-media":"","overlay-type":"","overlay-color":"","overlay-opacity":"","overlay-gradient":""},"tablet":{"background-color":"","background-image":"","background-repeat":"repeat","background-position":"center center","background-size":"auto","background-attachment":"scroll","background-type":"","background-media":"","overlay-type":"","overlay-color":"","overlay-opacity":"","overlay-gradient":""},"mobile":{"background-color":"","background-image":"","background-repeat":"repeat","background-position":"center center","background-size":"auto","background-attachment":"scroll","background-type":"","background-media":"","overlay-type":"","overlay-color":"","overlay-opacity":"","overlay-gradient":""}},"ast-content-background-meta":{"desktop":{"background-color":"var(--ast-global-color-5)","background-image":"","background-repeat":"repeat","background-position":"center center","background-size":"auto","background-attachment":"scroll","background-type":"","background-media":"","overlay-type":"","overlay-color":"","overlay-opacity":"","overlay-gradient":""},"tablet":{"background-color":"var(--ast-global-color-5)","background-image":"","background-repeat":"repeat","background-position":"center center","background-size":"auto","background-attachment":"scroll","background-type":"","background-media":"","overlay-type":"","overlay-color":"","overlay-opacity":"","overlay-gradient":""},"mobile":{"background-color":"var(--ast-global-color-5)","background-image":"","background-repeat":"repeat","background-position":"center center","background-size":"auto","background-attachment":"scroll","background-type":"","background-media":"","overlay-type":"","overlay-color":"","overlay-opacity":"","overlay-gradient":""}}},"product_brand":[],"product_cat":[334,411],"product_tag":[431,432,433,439],"class_list":{"0":"post-3302","1":"product","2":"type-product","3":"status-publish","4":"has-post-thumbnail","6":"product_cat-concentres-de-marijuana","7":"product_cat-live-resin-concentrates","8":"product_tag-buy-dab-online-cheap","9":"product_tag-buy-dabs-online-with-credit-card","10":"product_tag-order-live-rosin-concentrate","11":"product_tag-order-master-kush-weed-live-resin-finland","12":"desktop-align-left","13":"tablet-align-left","14":"mobile-align-left","16":"first","17":"instock","18":"shipping-taxable","19":"purchasable","20":"product-type-variable"},"uagb_featured_image_src":{"full":["https:\/\/pressurezone.shop\/wp-content\/uploads\/2024\/10\/Master-Kush-Weed-Live-Resin.webp",2048,1365,false],"thumbnail":["https:\/\/pressurezone.shop\/wp-content\/uploads\/2024\/10\/Master-Kush-Weed-Live-Resin-150x150.webp",150,150,true],"medium":["https:\/\/pressurezone.shop\/wp-content\/uploads\/2024\/10\/Master-Kush-Weed-Live-Resin-300x200.webp",300,200,true],"medium_large":["https:\/\/pressurezone.shop\/wp-content\/uploads\/2024\/10\/Master-Kush-Weed-Live-Resin-768x512.webp",768,512,true],"large":["https:\/\/pressurezone.shop\/wp-content\/uploads\/2024\/10\/Master-Kush-Weed-Live-Resin-1024x683.webp",1024,683,true],"1536x1536":["https:\/\/pressurezone.shop\/wp-content\/uploads\/2024\/10\/Master-Kush-Weed-Live-Resin-1536x1024.webp",1536,1024,true],"2048x2048":["https:\/\/pressurezone.shop\/wp-content\/uploads\/2024\/10\/Master-Kush-Weed-Live-Resin.webp",2048,1365,false],"trp-custom-language-flag":["https:\/\/pressurezone.shop\/wp-content\/uploads\/2024\/10\/Master-Kush-Weed-Live-Resin-18x12.webp",18,12,true],"woocommerce_thumbnail":["https:\/\/pressurezone.shop\/wp-content\/uploads\/2024\/10\/Master-Kush-Weed-Live-Resin-300x300.webp",300,300,true],"woocommerce_single":["https:\/\/pressurezone.shop\/wp-content\/uploads\/2024\/10\/Master-Kush-Weed-Live-Resin-600x400.webp",600,400,true],"woocommerce_gallery_thumbnail":["https:\/\/pressurezone.shop\/wp-content\/uploads\/2024\/10\/Master-Kush-Weed-Live-Resin-100x100.webp",100,100,true]},"uagb_author_info":{"display_name":"pressurezone.shop","author_link":"https:\/\/pressurezone.shop\/sv\/author\/"},"uagb_comment_info":0,"uagb_excerpt":"Achetez Master Kush Weed Live Resin en Ligne en Europe D\u00e9couvrez la Master Kush Weed Live Resin, un concentr\u00e9 de cannabis exceptionnel issu d\u2019un croisement entre une vari\u00e9t\u00e9 Hindu Kush et une pure skunk, avec un ratio sativa\/indica de 10:90. Cette r\u00e9sine live ultra-puissante peut atteindre des niveaux de THC allant jusqu&rsquo;\u00e0 20%, offrant une&hellip;","_links":{"self":[{"href":"https:\/\/pressurezone.shop\/sv\/wp-json\/wp\/v2\/product\/3302"}],"collection":[{"href":"https:\/\/pressurezone.shop\/sv\/wp-json\/wp\/v2\/product"}],"about":[{"href":"https:\/\/pressurezone.shop\/sv\/wp-json\/wp\/v2\/types\/product"}],"replies":[{"embeddable":true,"href":"https:\/\/pressurezone.shop\/sv\/wp-json\/wp\/v2\/comments?post=3302"}],"version-history":[{"count":3,"href":"https:\/\/pressurezone.shop\/sv\/wp-json\/wp\/v2\/product\/3302\/revisions"}],"predecessor-version":[{"id":4340,"href":"https:\/\/pressurezone.shop\/sv\/wp-json\/wp\/v2\/product\/3302\/revisions\/4340"}],"wp:featuredmedia":[{"embeddable":true,"href":"https:\/\/pressurezone.shop\/sv\/wp-json\/wp\/v2\/media\/3386"}],"wp:attachment":[{"href":"https:\/\/pressurezone.shop\/sv\/wp-json\/wp\/v2\/media?parent=3302"}],"wp:term":[{"taxonomy":"product_brand","embeddable":true,"href":"https:\/\/pressurezone.shop\/sv\/wp-json\/wp\/v2\/product_brand?post=3302"},{"taxonomy":"product_cat","embeddable":true,"href":"https:\/\/pressurezone.shop\/sv\/wp-json\/wp\/v2\/product_cat?post=3302"},{"taxonomy":"product_tag","embeddable":true,"href":"https:\/\/pressurezone.shop\/sv\/wp-json\/wp\/v2\/product_tag?post=3302"}],"curies":[{"name":"wp","href":"https:\/\/api.w.org\/{rel}","templated":true}]}}