{"id":3312,"date":"2024-10-11T00:59:17","date_gmt":"2024-10-10T22:59:17","guid":{"rendered":"https:\/\/pressurezone.shop\/?post_type=product&#038;p=3312"},"modified":"2024-11-08T21:10:05","modified_gmt":"2024-11-08T20:10:05","slug":"king-tut-live-resin","status":"publish","type":"product","link":"https:\/\/pressurezone.shop\/sv\/produkt\/king-tut-live-harts\/","title":{"rendered":"King Tut Live Resin"},"content":{"rendered":"<div class=\"flex-shrink-0 flex flex-col relative items-end\">\n<div>\n<div class=\"pt-0\">\n<div class=\"gizmo-bot-avatar flex h-8 w-8 items-center justify-center overflow-hidden rounded-full\">\n<div class=\"relative p-1 rounded-sm flex items-center justify-center bg-token-main-surface-primary text-token-text-primary h-8 w-8\"><\/div>\n<\/div>\n<\/div>\n<\/div>\n<\/div>\n<div class=\"group\/conversation-turn relative flex w-full min-w-0 flex-col agent-turn\">\n<div class=\"flex-col gap-1 md:gap-3\">\n<div class=\"flex max-w-full flex-col flex-grow\">\n<div class=\"min-h-8 text-message flex w-full flex-col items-end gap-2 whitespace-normal break-words [.text-message+&amp;]:mt-5\" dir=\"auto\" data-message-author-role=\"assistant\" data-message-id=\"006a4b41-a5c8-4495-9073-a5c845d7573d\" data-message-model-slug=\"gpt-4o\">\n<div class=\"flex w-full flex-col gap-1 empty:hidden first:pt-[3px]\">\n<div class=\"markdown prose w-full break-words dark:prose-invert light\">\n<h3><strong>K\u00f6p King Tut Live Resin Cannabis Strain online - Finns i Europa<\/strong><\/h3>\n<p>Uppt\u00e4ck intensiteten i <strong>King Tut Strain Cannabis levande harts<\/strong>tillg\u00e4nglig p\u00e5 <a href=\"https:\/\/pressurezone.shop\/sv\/\" target=\"_new\" rel=\"noopener\">Tryckzonsbutik<\/a>. King Tut \u00e4r inspirerad av den forntida egyptiska legenden och \u00e4r ett sativadominerande koncentrat (80% sativa\/20% indica) k\u00e4nt f\u00f6r sina energigivande och euforiska effekter. Dess f\u00f6r\u00e4lder tros vara den oj\u00e4mf\u00f6rliga <strong>AK-47<\/strong>k\u00e4nd f\u00f6r sin skunkiga arom och kraftfulla cerebrala effekter.<\/p>\n<h3>Vad g\u00f6r King Tut Live Resin unik?<\/h3>\n<p>La <strong>King Tut Live Resin<\/strong> \u00e4r en favorit bland sativa-\u00e4lskare f\u00f6r sin aktiva, livfulla high, perfekt f\u00f6r dem som vill h\u00e5lla sig funktionella samtidigt som de njuter av en sp\u00e4nnande k\u00e4nsla. Detta koncentrat \u00e4r tillverkat av f\u00e4rska r\u00e5varor, vilket garanterar en produkt rik p\u00e5 terpener och naturliga smaker.<a href=\"https:\/\/fuelpackz.com\/\" target=\"_blank\" rel=\"noopener\">.<\/a><\/p>\n<ul>\n<li><strong>Typ<\/strong> Sativa-Dominant Hybrid (80% Sativa \/ 20% Indica)<\/li>\n<li><strong>Ursprung<\/strong> AK-47 trolig f\u00f6r\u00e4lder<\/li>\n<\/ul>\n<h3>Effekter och f\u00f6rdelar med King Tut Live Resin<\/h3>\n<p>Idealisk f\u00f6r dagtidsanv\u00e4ndning, den <strong>King Tut Live Resin<\/strong> stimulerar sinnet samtidigt som kroppen h\u00e5lls avslappnad och stressfri. Effekterna k\u00e4nnetecknas av en snabb \u00f6kning av eufori och varaktig energi, perfekt f\u00f6r att ta itu med kreativa eller sociala uppgifter.<\/p>\n<ul>\n<li><strong>Effekter<\/strong> Hj\u00e4rnrus, Energi, Eufori, Gl\u00e4dje, Stimulerande<\/li>\n<li><strong>Rekommenderas f\u00f6r<\/strong> Kronisk sm\u00e4rta, depression, s\u00f6mnl\u00f6shet, stress<\/li>\n<\/ul>\n<h3>Smak och doft av King Tut Live Resin<\/h3>\n<p>Med toner av citron och jord erbjuder King Tut Live Resin en unik smakupplevelse. Smakprofilen \u00e4r rik p\u00e5 citrus och skunkiga aromer, med en antydan till jordighet som sticker ut vid f\u00f6rsta inandningen. Cannabis-k\u00e4nnare kommer att uppskatta den dj\u00e4rva, uttalade karakt\u00e4ren hos detta koncentrat.<\/p>\n<ul>\n<li><strong>Smaker<\/strong> Citrus, Jordn\u00e4ra, Kryddig, Skunky<\/li>\n<li><strong>Dofter<\/strong> Citrus, Jordig, Skunkig, Kryddig<\/li>\n<\/ul>\n<h3>Hur man anv\u00e4nder King Tut Live Resin<\/h3>\n<p>La <strong>King Tut Live Resin<\/strong> \u00e4r perfekt f\u00f6r dabbing och vaping tack vare sin flytande konsistens och bevarade naturliga terpener. Njut av detta koncentrat f\u00f6r en kreativ energiboost eller f\u00f6r att l\u00e4tta upp dagen med ett positivt sinnestillst\u00e5nd.<\/p>\n<h3>Best\u00e4ll King Tut Live Resin p\u00e5 <a href=\"https:\/\/pressurezone.shop\/sv\/\" target=\"_new\" rel=\"noopener\">Tryckzonsbutik<\/a><\/h3>\n<p>\u00c5teruppliva din dag med <strong>King Tut Live Resin<\/strong> fr\u00e5n <a href=\"https:\/\/pressurezone.shop\/sv\/\" target=\"_new\" rel=\"noopener\">Tryckzonsbutik<\/a>. Detta sativa-dominerande koncentrat \u00e4r det perfekta ackompanjemanget f\u00f6r dem som letar efter en stimulerande och kreativ effekt. Best\u00e4ll fr\u00e5n Europa och njut av levande harts av h\u00f6gsta kvalitet, till hands f\u00f6r alla tillf\u00e4llen!<\/p>\n<\/div>\n<\/div>\n<\/div>\n<\/div>\n<\/div>\n<\/div>","protected":false},"excerpt":{"rendered":"<p>Achetez King Tut Live Resin Cannabis Strain en Ligne &#8211; Disponible en Europe D\u00e9couvrez l&rsquo;intensit\u00e9 de King Tut Strain Cannabis Live Resin, disponible sur Pressure Zone Shop. Inspir\u00e9 par la l\u00e9gende de l\u2019\u00c9gypte antique, le King Tut est un concentr\u00e9 \u00e0 dominance sativa (80% sativa\/20% indica), reconnu pour ses effets \u00e9nergisants et euphoriques. On pense [&hellip;]<\/p>","protected":false},"featured_media":3394,"comment_status":"closed","ping_status":"closed","template":"","meta":{"_uag_custom_page_level_css":"","site-sidebar-layout":"default","site-content-layout":"","ast-site-content-layout":"default","site-content-style":"default","site-sidebar-style":"default","ast-global-header-display":"","ast-banner-title-visibility":"","ast-main-header-display":"","ast-hfb-above-header-display":"","ast-hfb-below-header-display":"","ast-hfb-mobile-header-display":"","site-post-title":"","ast-breadcrumbs-content":"","ast-featured-img":"","footer-sml-layout":"","theme-transparent-header-meta":"default","adv-header-id-meta":"","stick-header-meta":"","header-above-stick-meta":"","header-main-stick-meta":"","header-below-stick-meta":"","astra-migrate-meta-layouts":"set","ast-page-background-enabled":"default","ast-page-background-meta":{"desktop":{"background-color":"","background-image":"","background-repeat":"repeat","background-position":"center center","background-size":"auto","background-attachment":"scroll","background-type":"","background-media":"","overlay-type":"","overlay-color":"","overlay-opacity":"","overlay-gradient":""},"tablet":{"background-color":"","background-image":"","background-repeat":"repeat","background-position":"center center","background-size":"auto","background-attachment":"scroll","background-type":"","background-media":"","overlay-type":"","overlay-color":"","overlay-opacity":"","overlay-gradient":""},"mobile":{"background-color":"","background-image":"","background-repeat":"repeat","background-position":"center center","background-size":"auto","background-attachment":"scroll","background-type":"","background-media":"","overlay-type":"","overlay-color":"","overlay-opacity":"","overlay-gradient":""}},"ast-content-background-meta":{"desktop":{"background-color":"var(--ast-global-color-5)","background-image":"","background-repeat":"repeat","background-position":"center center","background-size":"auto","background-attachment":"scroll","background-type":"","background-media":"","overlay-type":"","overlay-color":"","overlay-opacity":"","overlay-gradient":""},"tablet":{"background-color":"var(--ast-global-color-5)","background-image":"","background-repeat":"repeat","background-position":"center center","background-size":"auto","background-attachment":"scroll","background-type":"","background-media":"","overlay-type":"","overlay-color":"","overlay-opacity":"","overlay-gradient":""},"mobile":{"background-color":"var(--ast-global-color-5)","background-image":"","background-repeat":"repeat","background-position":"center center","background-size":"auto","background-attachment":"scroll","background-type":"","background-media":"","overlay-type":"","overlay-color":"","overlay-opacity":"","overlay-gradient":""}}},"product_brand":[],"product_cat":[334,411],"product_tag":[416,441,418,419],"class_list":{"0":"post-3312","1":"product","2":"type-product","3":"status-publish","4":"has-post-thumbnail","6":"product_cat-concentres-de-marijuana","7":"product_cat-live-resin-concentrates","8":"product_tag-bulk-dabs-online","9":"product_tag-order-king-tut-strain-cannabis-live-resin-europe","10":"product_tag-thca-rosin-online-europe","11":"product_tag-where-to-shop-live-resin-europe","12":"desktop-align-left","13":"tablet-align-left","14":"mobile-align-left","16":"first","17":"instock","18":"shipping-taxable","19":"purchasable","20":"product-type-variable"},"uagb_featured_image_src":{"full":["https:\/\/pressurezone.shop\/wp-content\/uploads\/2024\/10\/King-Tut-Strain-Cannabis-Live-Resin.webp",2048,1365,false],"thumbnail":["https:\/\/pressurezone.shop\/wp-content\/uploads\/2024\/10\/King-Tut-Strain-Cannabis-Live-Resin-150x150.webp",150,150,true],"medium":["https:\/\/pressurezone.shop\/wp-content\/uploads\/2024\/10\/King-Tut-Strain-Cannabis-Live-Resin-300x200.webp",300,200,true],"medium_large":["https:\/\/pressurezone.shop\/wp-content\/uploads\/2024\/10\/King-Tut-Strain-Cannabis-Live-Resin-768x512.webp",768,512,true],"large":["https:\/\/pressurezone.shop\/wp-content\/uploads\/2024\/10\/King-Tut-Strain-Cannabis-Live-Resin-1024x683.webp",1024,683,true],"1536x1536":["https:\/\/pressurezone.shop\/wp-content\/uploads\/2024\/10\/King-Tut-Strain-Cannabis-Live-Resin-1536x1024.webp",1536,1024,true],"2048x2048":["https:\/\/pressurezone.shop\/wp-content\/uploads\/2024\/10\/King-Tut-Strain-Cannabis-Live-Resin.webp",2048,1365,false],"trp-custom-language-flag":["https:\/\/pressurezone.shop\/wp-content\/uploads\/2024\/10\/King-Tut-Strain-Cannabis-Live-Resin-18x12.webp",18,12,true],"woocommerce_thumbnail":["https:\/\/pressurezone.shop\/wp-content\/uploads\/2024\/10\/King-Tut-Strain-Cannabis-Live-Resin-300x300.webp",300,300,true],"woocommerce_single":["https:\/\/pressurezone.shop\/wp-content\/uploads\/2024\/10\/King-Tut-Strain-Cannabis-Live-Resin-600x400.webp",600,400,true],"woocommerce_gallery_thumbnail":["https:\/\/pressurezone.shop\/wp-content\/uploads\/2024\/10\/King-Tut-Strain-Cannabis-Live-Resin-100x100.webp",100,100,true]},"uagb_author_info":{"display_name":"pressurezone.shop","author_link":"https:\/\/pressurezone.shop\/sv\/author\/"},"uagb_comment_info":0,"uagb_excerpt":"Achetez King Tut Live Resin Cannabis Strain en Ligne &#8211; Disponible en Europe D\u00e9couvrez l&rsquo;intensit\u00e9 de King Tut Strain Cannabis Live Resin, disponible sur Pressure Zone Shop. Inspir\u00e9 par la l\u00e9gende de l\u2019\u00c9gypte antique, le King Tut est un concentr\u00e9 \u00e0 dominance sativa (80% sativa\/20% indica), reconnu pour ses effets \u00e9nergisants et euphoriques. On pense&hellip;","_links":{"self":[{"href":"https:\/\/pressurezone.shop\/sv\/wp-json\/wp\/v2\/product\/3312"}],"collection":[{"href":"https:\/\/pressurezone.shop\/sv\/wp-json\/wp\/v2\/product"}],"about":[{"href":"https:\/\/pressurezone.shop\/sv\/wp-json\/wp\/v2\/types\/product"}],"replies":[{"embeddable":true,"href":"https:\/\/pressurezone.shop\/sv\/wp-json\/wp\/v2\/comments?post=3312"}],"version-history":[{"count":3,"href":"https:\/\/pressurezone.shop\/sv\/wp-json\/wp\/v2\/product\/3312\/revisions"}],"predecessor-version":[{"id":4308,"href":"https:\/\/pressurezone.shop\/sv\/wp-json\/wp\/v2\/product\/3312\/revisions\/4308"}],"wp:featuredmedia":[{"embeddable":true,"href":"https:\/\/pressurezone.shop\/sv\/wp-json\/wp\/v2\/media\/3394"}],"wp:attachment":[{"href":"https:\/\/pressurezone.shop\/sv\/wp-json\/wp\/v2\/media?parent=3312"}],"wp:term":[{"taxonomy":"product_brand","embeddable":true,"href":"https:\/\/pressurezone.shop\/sv\/wp-json\/wp\/v2\/product_brand?post=3312"},{"taxonomy":"product_cat","embeddable":true,"href":"https:\/\/pressurezone.shop\/sv\/wp-json\/wp\/v2\/product_cat?post=3312"},{"taxonomy":"product_tag","embeddable":true,"href":"https:\/\/pressurezone.shop\/sv\/wp-json\/wp\/v2\/product_tag?post=3312"}],"curies":[{"name":"wp","href":"https:\/\/api.w.org\/{rel}","templated":true}]}}