{"id":3313,"date":"2024-10-11T00:59:17","date_gmt":"2024-10-10T22:59:17","guid":{"rendered":"https:\/\/pressurezone.shop\/?post_type=product&#038;p=3313"},"modified":"2024-11-08T21:31:32","modified_gmt":"2024-11-08T20:31:32","slug":"pink-champagne-live-resin","status":"publish","type":"product","link":"https:\/\/pressurezone.shop\/sv\/produkt\/rosa-champagne-levande-harts\/","title":{"rendered":"Pink Champagne Strain Live Resin"},"content":{"rendered":"<h3><strong>K\u00f6p Pink Champagne Strain Live Resin online - Finns i Europa<\/strong><\/h3>\n<p>Uppt\u00e4ck de <strong>Pink Champagne Strain Live Resin<\/strong>ett \u00f6verv\u00e4gande indica levande harts (80% indica \/ 20% sativa) skapat genom att korsa de ber\u00f6mda sorterna <strong>Kens farfar lila<\/strong> och <strong>K\u00f6rsb\u00e4rspaj<\/strong>. Med sina r\u00f6da fruktnoter och djupt avslappnande effekt \u00e4r denna levande harts idealisk f\u00f6r stunder av total avkoppling.<a href=\"https:\/\/fuelpackz.com\/\" target=\"_blank\" rel=\"noopener\">.<\/a><\/p>\n<h3>Varf\u00f6r v\u00e4lja Pink Champagne Live Resin?<\/h3>\n<p>La <strong>Rosa champagne levande harts<\/strong> ger en unik kick som \u00e4r b\u00e5de euforisk och lugnande, vilket g\u00f6r den perfekt f\u00f6r att varva ner i slutet av dagen eller koppla av med v\u00e4nner. Denna levande resin \u00e4r utformad f\u00f6r att f\u00e5nga den rena essensen av cannabis och \u00e4r en sensorisk upplevelse av h\u00f6gsta klass, med aromer av r\u00f6da frukter och en touch av s\u00f6t kush.<\/p>\n<ul>\n<li><strong>Typ<\/strong> Indica-dominant (80% Indica \/ 20% Sativa)<\/li>\n<li><strong>Ursprung<\/strong> Hybrid av Ken's Granddaddy Purple och Cherry Pie<\/li>\n<\/ul>\n<h3>Effekter och f\u00f6rdelar med Pink Champagne Live Resin<\/h3>\n<p>Pink Champagne Live Resin ger en euforisk effekt som b\u00f6rjar med en v\u00e5g av energi och gott hum\u00f6r, f\u00f6ljt av en k\u00e4nsla av kroppslig avslappning. Perfekt f\u00f6r att koppla av i soffan, men ocks\u00e5 f\u00f6r att lindra kronisk sm\u00e4rta och stress.<\/p>\n<ul>\n<li><strong>Effekter<\/strong> Eufori, Skratt, Avslappning, S\u00f6mnighet<\/li>\n<li><strong>Rekommenderas f\u00f6r<\/strong> Kronisk sm\u00e4rta, depression, s\u00f6mnl\u00f6shet, migr\u00e4n, muskelspasmer<\/li>\n<\/ul>\n<h3>Smak och doft av Pink Champagne Live Resin<\/h3>\n<p>Med sina s\u00f6ta, fruktiga smaker p\u00e5minner detta levande resin om b\u00e4r och druvor, mjukat av en touch av s\u00f6t kush. Den \u00e4r idealisk f\u00f6r dem som uppskattar en stark smak av r\u00f6da frukter, med en f\u00f6rtrollande doft av jord och mogna b\u00e4r.<\/p>\n<ul>\n<li><strong>Smaker<\/strong> B\u00e4r, fruktig, druva, s\u00f6t<\/li>\n<li><strong>Dofter<\/strong> B\u00e4r, Jordn\u00e4ra, Kush, S\u00f6t<\/li>\n<\/ul>\n<h3>Levande harts f\u00f6r en lugnande, giggly h\u00f6g<\/h3>\n<p>Med THC-niv\u00e5er som str\u00e4cker sig fr\u00e5n 16 till 25%, \u00e4r <strong>Rosa champagne levande harts<\/strong> \u00e4r ett perfekt val f\u00f6r indica-\u00e4lskare som s\u00f6ker djup avslappning utan att f\u00f6rlora sitt goda hum\u00f6r. Dess balanserade effekter mellan eufori och avslappning g\u00f6r den perfekt f\u00f6r att lindra sm\u00e4rta, migr\u00e4n och symtom p\u00e5 depression.<\/p>\n<h3>Best\u00e4ll din Pink Champagne Live Resin p\u00e5 <a href=\"https:\/\/pressurezone.shop\/sv\/\" target=\"_new\" rel=\"noopener\">Tryckzonsbutik<\/a><\/h3>\n<p>Upplev total avkoppling med den <strong>Rosa champagne levande harts<\/strong>. Oavsett om det \u00e4r f\u00f6r kv\u00e4llar ute med v\u00e4nner eller avkoppling hemma, \u00e4r denna premium live resin nu tillg\u00e4nglig p\u00e5 <a href=\"https:\/\/pressurezone.shop\/sv\/\" target=\"_new\" rel=\"noopener\">Tryckzonsbutik<\/a>.<\/p>","protected":false},"excerpt":{"rendered":"<p>Achetez la Pink Champagne Strain Live Resin en Ligne &#8211; Disponible en Europe D\u00e9couvrez la Pink Champagne Strain Live Resin, une r\u00e9sine live \u00e0 dominance indica (80% indica \/ 20% sativa) n\u00e9e du croisement entre les fameuses vari\u00e9t\u00e9s Ken\u2019s Granddaddy Purple et Cherry Pie. Avec ses notes de fruits rouges et son effet profond\u00e9ment relaxant, [&hellip;]<\/p>","protected":false},"featured_media":3396,"comment_status":"closed","ping_status":"closed","template":"","meta":{"_uag_custom_page_level_css":"","site-sidebar-layout":"default","site-content-layout":"","ast-site-content-layout":"default","site-content-style":"default","site-sidebar-style":"default","ast-global-header-display":"","ast-banner-title-visibility":"","ast-main-header-display":"","ast-hfb-above-header-display":"","ast-hfb-below-header-display":"","ast-hfb-mobile-header-display":"","site-post-title":"","ast-breadcrumbs-content":"","ast-featured-img":"","footer-sml-layout":"","theme-transparent-header-meta":"default","adv-header-id-meta":"","stick-header-meta":"","header-above-stick-meta":"","header-main-stick-meta":"","header-below-stick-meta":"","astra-migrate-meta-layouts":"set","ast-page-background-enabled":"default","ast-page-background-meta":{"desktop":{"background-color":"","background-image":"","background-repeat":"repeat","background-position":"center center","background-size":"auto","background-attachment":"scroll","background-type":"","background-media":"","overlay-type":"","overlay-color":"","overlay-opacity":"","overlay-gradient":""},"tablet":{"background-color":"","background-image":"","background-repeat":"repeat","background-position":"center center","background-size":"auto","background-attachment":"scroll","background-type":"","background-media":"","overlay-type":"","overlay-color":"","overlay-opacity":"","overlay-gradient":""},"mobile":{"background-color":"","background-image":"","background-repeat":"repeat","background-position":"center center","background-size":"auto","background-attachment":"scroll","background-type":"","background-media":"","overlay-type":"","overlay-color":"","overlay-opacity":"","overlay-gradient":""}},"ast-content-background-meta":{"desktop":{"background-color":"var(--ast-global-color-5)","background-image":"","background-repeat":"repeat","background-position":"center center","background-size":"auto","background-attachment":"scroll","background-type":"","background-media":"","overlay-type":"","overlay-color":"","overlay-opacity":"","overlay-gradient":""},"tablet":{"background-color":"var(--ast-global-color-5)","background-image":"","background-repeat":"repeat","background-position":"center center","background-size":"auto","background-attachment":"scroll","background-type":"","background-media":"","overlay-type":"","overlay-color":"","overlay-opacity":"","overlay-gradient":""},"mobile":{"background-color":"var(--ast-global-color-5)","background-image":"","background-repeat":"repeat","background-position":"center center","background-size":"auto","background-attachment":"scroll","background-type":"","background-media":"","overlay-type":"","overlay-color":"","overlay-opacity":"","overlay-gradient":""}}},"product_brand":[],"product_cat":[334,411],"product_tag":[],"class_list":{"0":"post-3313","1":"product","2":"type-product","3":"status-publish","4":"has-post-thumbnail","6":"product_cat-concentres-de-marijuana","7":"product_cat-live-resin-concentrates","8":"desktop-align-left","9":"tablet-align-left","10":"mobile-align-left","12":"first","13":"instock","14":"shipping-taxable","15":"purchasable","16":"product-type-variable"},"uagb_featured_image_src":{"full":["https:\/\/pressurezone.shop\/wp-content\/uploads\/2024\/10\/Pink-Champagne-Strain-Live-Resin.webp",2048,1365,false],"thumbnail":["https:\/\/pressurezone.shop\/wp-content\/uploads\/2024\/10\/Pink-Champagne-Strain-Live-Resin-150x150.webp",150,150,true],"medium":["https:\/\/pressurezone.shop\/wp-content\/uploads\/2024\/10\/Pink-Champagne-Strain-Live-Resin-300x200.webp",300,200,true],"medium_large":["https:\/\/pressurezone.shop\/wp-content\/uploads\/2024\/10\/Pink-Champagne-Strain-Live-Resin-768x512.webp",768,512,true],"large":["https:\/\/pressurezone.shop\/wp-content\/uploads\/2024\/10\/Pink-Champagne-Strain-Live-Resin-1024x683.webp",1024,683,true],"1536x1536":["https:\/\/pressurezone.shop\/wp-content\/uploads\/2024\/10\/Pink-Champagne-Strain-Live-Resin-1536x1024.webp",1536,1024,true],"2048x2048":["https:\/\/pressurezone.shop\/wp-content\/uploads\/2024\/10\/Pink-Champagne-Strain-Live-Resin.webp",2048,1365,false],"trp-custom-language-flag":["https:\/\/pressurezone.shop\/wp-content\/uploads\/2024\/10\/Pink-Champagne-Strain-Live-Resin-18x12.webp",18,12,true],"woocommerce_thumbnail":["https:\/\/pressurezone.shop\/wp-content\/uploads\/2024\/10\/Pink-Champagne-Strain-Live-Resin-300x300.webp",300,300,true],"woocommerce_single":["https:\/\/pressurezone.shop\/wp-content\/uploads\/2024\/10\/Pink-Champagne-Strain-Live-Resin-600x400.webp",600,400,true],"woocommerce_gallery_thumbnail":["https:\/\/pressurezone.shop\/wp-content\/uploads\/2024\/10\/Pink-Champagne-Strain-Live-Resin-100x100.webp",100,100,true]},"uagb_author_info":{"display_name":"pressurezone.shop","author_link":"https:\/\/pressurezone.shop\/sv\/author\/"},"uagb_comment_info":0,"uagb_excerpt":"Achetez la Pink Champagne Strain Live Resin en Ligne &#8211; Disponible en Europe D\u00e9couvrez la Pink Champagne Strain Live Resin, une r\u00e9sine live \u00e0 dominance indica (80% indica \/ 20% sativa) n\u00e9e du croisement entre les fameuses vari\u00e9t\u00e9s Ken\u2019s Granddaddy Purple et Cherry Pie. Avec ses notes de fruits rouges et son effet profond\u00e9ment relaxant,&hellip;","_links":{"self":[{"href":"https:\/\/pressurezone.shop\/sv\/wp-json\/wp\/v2\/product\/3313"}],"collection":[{"href":"https:\/\/pressurezone.shop\/sv\/wp-json\/wp\/v2\/product"}],"about":[{"href":"https:\/\/pressurezone.shop\/sv\/wp-json\/wp\/v2\/types\/product"}],"replies":[{"embeddable":true,"href":"https:\/\/pressurezone.shop\/sv\/wp-json\/wp\/v2\/comments?post=3313"}],"version-history":[{"count":3,"href":"https:\/\/pressurezone.shop\/sv\/wp-json\/wp\/v2\/product\/3313\/revisions"}],"predecessor-version":[{"id":4332,"href":"https:\/\/pressurezone.shop\/sv\/wp-json\/wp\/v2\/product\/3313\/revisions\/4332"}],"wp:featuredmedia":[{"embeddable":true,"href":"https:\/\/pressurezone.shop\/sv\/wp-json\/wp\/v2\/media\/3396"}],"wp:attachment":[{"href":"https:\/\/pressurezone.shop\/sv\/wp-json\/wp\/v2\/media?parent=3313"}],"wp:term":[{"taxonomy":"product_brand","embeddable":true,"href":"https:\/\/pressurezone.shop\/sv\/wp-json\/wp\/v2\/product_brand?post=3313"},{"taxonomy":"product_cat","embeddable":true,"href":"https:\/\/pressurezone.shop\/sv\/wp-json\/wp\/v2\/product_cat?post=3313"},{"taxonomy":"product_tag","embeddable":true,"href":"https:\/\/pressurezone.shop\/sv\/wp-json\/wp\/v2\/product_tag?post=3313"}],"curies":[{"name":"wp","href":"https:\/\/api.w.org\/{rel}","templated":true}]}}