{"id":3315,"date":"2024-10-11T00:59:18","date_gmt":"2024-10-10T22:59:18","guid":{"rendered":"https:\/\/pressurezone.shop\/?post_type=product&#038;p=3315"},"modified":"2024-11-15T21:22:01","modified_gmt":"2024-11-15T20:22:01","slug":"green-crack-shatter","status":"publish","type":"product","link":"https:\/\/pressurezone.shop\/sv\/produkt\/gron-crack-shatter\/","title":{"rendered":"Green Crack Shatter"},"content":{"rendered":"<div class=\"flex-shrink-0 flex flex-col relative items-end\">\n<div>\n<div class=\"pt-0\">\n<div class=\"gizmo-bot-avatar flex h-8 w-8 items-center justify-center overflow-hidden rounded-full\">\n<div class=\"relative p-1 rounded-sm flex items-center justify-center bg-token-main-surface-primary text-token-text-primary h-8 w-8\"><\/div>\n<\/div>\n<\/div>\n<\/div>\n<\/div>\n<div class=\"group\/conversation-turn relative flex w-full min-w-0 flex-col agent-turn\">\n<div class=\"flex-col gap-1 md:gap-3\">\n<div class=\"flex max-w-full flex-col flex-grow\">\n<div class=\"min-h-8 text-message flex w-full flex-col items-end gap-2 whitespace-normal break-words [.text-message+&amp;]:mt-5\" dir=\"auto\" data-message-author-role=\"assistant\" data-message-id=\"bd29f4a4-615a-4dc4-bffb-5b2ddae4bfb8\" data-message-model-slug=\"gpt-4o\">\n<div class=\"flex w-full flex-col gap-1 empty:hidden first:pt-[3px]\">\n<div class=\"markdown prose w-full break-words dark:prose-invert light\">\n<h3><strong>K\u00f6p Green Crack Shatter online i Europa<\/strong><\/h3>\n<p>Uppt\u00e4ck de <strong>Green Crack Shatter<\/strong>ett exceptionellt cannabiskoncentrat som f\u00f6rkroppsligar energi och kreativitet tack vare sin dominerande sativa-profil. Denna premium shatter h\u00e4rstammar fr\u00e5n den ber\u00f6mda <strong>Skunk #1<\/strong> genom selektiv reproduktion, erbjuder en energigivande och uppfriskande upplevelse<a href=\"https:\/\/fuelpackz.com\/\" target=\"_blank\" rel=\"noopener\">.<\/a><\/p>\n<hr \/>\n<h3><strong>Varf\u00f6r v\u00e4lja Green Crack Shatter?<\/strong><\/h3>\n<p>Le <strong>Green Crack Shatter<\/strong> \u00e4r ett idealiskt alternativ f\u00f6r konsumenter som s\u00f6ker en intensiv cerebral high och en energiboost. Med ett f\u00f6rh\u00e5llande <strong>65% Sativa \/ 35% Indica<\/strong>Den \u00e4r perfekt f\u00f6r att stimulera kreativiteten och f\u00f6rb\u00e4ttra produktiviteten under hela dagen.<\/p>\n<ul>\n<li><strong>Energiboost<\/strong> Perfekt f\u00f6r att bek\u00e4mpa tr\u00f6tthet och h\u00e5lla dig motiverad.<\/li>\n<li><strong>Stimulering av hj\u00e4rnan<\/strong> Fr\u00e4mjar koncentration och mental klarhet.<\/li>\n<li><strong>Cannabis av h\u00f6g kvalitet<\/strong> Omsorgsfullt framst\u00e4lld f\u00f6r optimal renhet och smak.<\/li>\n<\/ul>\n<hr \/>\n<h3><strong>Effekter av Green Crack Shatter<\/strong><\/h3>\n<p>Le <strong>Green Crack Shatter<\/strong> ger en uppiggande cerebral upplevelse, kombinerad med energigivande effekter som hj\u00e4lper dig att h\u00e5lla dig aktiv och produktiv.<\/p>\n<ul>\n<li><strong>Huvudsakliga effekter<\/strong> :\n<ul>\n<li>Energi och motivation.<\/li>\n<li>F\u00f6rb\u00e4ttrat hum\u00f6r.<\/li>\n<li>Mental klarhet och kreativitet.<\/li>\n<\/ul>\n<\/li>\n<\/ul>\n<hr \/>\n<h3><strong>Terapeutiska f\u00f6rdelar<\/strong><\/h3>\n<p>Le <strong>Green Crack Shatter<\/strong> \u00e4r uppskattad f\u00f6r sina terapeutiska egenskaper och ger effektiv lindring f\u00f6r en m\u00e4ngd olika sjukdomar:<\/p>\n<ul>\n<li><strong>Kan lindra<\/strong> :\n<ul>\n<li><strong>\u00c5ngest och depression<\/strong> Fr\u00e4mjar en k\u00e4nsla av lugn och lycka.<\/li>\n<li><strong>ADHD och PTSD<\/strong> Bidrar till att f\u00f6rb\u00e4ttra koncentrationen och minska stressrelaterade symptom.<\/li>\n<li><strong>Migr\u00e4n<\/strong> Lindrar ih\u00e5llande sm\u00e4rta och obehag.<\/li>\n<\/ul>\n<\/li>\n<\/ul>\n<hr \/>\n<h3><strong>Smak och doft av Green Crack Shatter<\/strong><\/h3>\n<p>Detta koncentrat \u00e4r ocks\u00e5 uppskattat f\u00f6r sin unika arom- och smakprofil:<\/p>\n<ul>\n<li><strong>Smaker<\/strong> Fruktig, jordig, s\u00f6t.<\/li>\n<li><strong>Dofter<\/strong> Tropisk, fruktig, kryddig.<\/li>\n<\/ul>\n<p>Dess citrussmak och s\u00f6ta undertoner ger en uppfriskande smakupplevelse, perfekt f\u00f6r \u00e4lskare av kvalitetscannabis.<\/p>\n<hr \/>\n<h3><strong>Hur man anv\u00e4nder Green Crack Shatter?<\/strong><\/h3>\n<p>Dra full nytta av f\u00f6rdelarna med <strong>Green Crack Shatter<\/strong> tack vare f\u00f6ljande konsumtionsmetoder:<\/p>\n<ol>\n<li><strong>Dab<\/strong> Inhalera koncentrerade moln f\u00f6r en snabb och kraftfull upplevelse.<\/li>\n<li><strong>F\u00f6r\u00e5ngning<\/strong> Ett skonsamt och effektivt s\u00e4tt att njuta av naturliga smaker.<\/li>\n<li><strong>Blanda<\/strong> L\u00e4gg till det i dina joints eller blunts f\u00f6r att intensifiera effekterna.<\/li>\n<\/ol>\n<hr \/>\n<h3><strong>Varf\u00f6r k\u00f6pa fr\u00e5n Pressure Zone Shop?<\/strong><\/h3>\n<p>Handla p\u00e5 <a href=\"https:\/\/pressurezone.shop\/sv\/\" target=\"_new\" rel=\"noopener\">Tryckzonsbutik<\/a> garanteras :<\/p>\n<ul>\n<li><strong>\u00d6verl\u00e4gsen kvalitet<\/strong> : Produkter som testats och certifierats f\u00f6r sin renhet.<\/li>\n<li><strong>Diskret leverans<\/strong> : Snabb och s\u00e4ker leverans \u00f6verallt i Europa.<\/li>\n<li><strong>Garanterad tillfredsst\u00e4llelse<\/strong> : Exceptionell kundservice f\u00f6r att tillgodose dina behov.<\/li>\n<\/ul>\n<hr \/>\n<h3><strong>Best\u00e4ll Green Crack Shatter nu<\/strong><\/h3>\n<p>F\u00f6rb\u00e4ttra din vardag med <strong>Green Crack Shatter<\/strong>ett premium cannabiskoncentrat som kommer att f\u00f6lja med dig i dina stunder av kreativitet och produktivitet.<\/p>\n<p><strong>Missa inte detta tillf\u00e4lle<\/strong> upplev ett cannabiskoncentrat i v\u00e4rldsklass. <strong>Best\u00e4ll idag<\/strong> p\u00e5 <a href=\"https:\/\/pressurezone.shop\/sv\/\" target=\"_new\" rel=\"noopener\">Tryckzonsbutik<\/a> och ta emot din produkt snabbt och diskret.<\/p>\n<\/div>\n<\/div>\n<\/div>\n<\/div>\n<\/div>\n<\/div>","protected":false},"excerpt":{"rendered":"<h4 class=\"variety\"><strong>Sativa Dominant Hybrid - 65% Sativa \/ 35% Indica\u00a0<\/strong><strong>THC: 82%<\/strong><\/h4>\n<p><strong>Effekter<\/strong><\/p>\n<p>Cerebral, Kreativ, Energigivande, Fokus, Glad<\/p>\n<p><strong>Kan lindra<\/strong><\/p>\n<p>\u00c5ngest, Autism, Bipol\u00e4r sjukdom, Kronisk sm\u00e4rta, Depression, Tr\u00f6tthet, Aptitl\u00f6shet, Migr\u00e4n, PTSD, Stress<\/p>","protected":false},"featured_media":3400,"comment_status":"closed","ping_status":"closed","template":"","meta":{"_uag_custom_page_level_css":"","site-sidebar-layout":"default","site-content-layout":"","ast-site-content-layout":"default","site-content-style":"default","site-sidebar-style":"default","ast-global-header-display":"","ast-banner-title-visibility":"","ast-main-header-display":"","ast-hfb-above-header-display":"","ast-hfb-below-header-display":"","ast-hfb-mobile-header-display":"","site-post-title":"","ast-breadcrumbs-content":"","ast-featured-img":"","footer-sml-layout":"","theme-transparent-header-meta":"default","adv-header-id-meta":"","stick-header-meta":"","header-above-stick-meta":"","header-main-stick-meta":"","header-below-stick-meta":"","astra-migrate-meta-layouts":"set","ast-page-background-enabled":"default","ast-page-background-meta":{"desktop":{"background-color":"","background-image":"","background-repeat":"repeat","background-position":"center center","background-size":"auto","background-attachment":"scroll","background-type":"","background-media":"","overlay-type":"","overlay-color":"","overlay-opacity":"","overlay-gradient":""},"tablet":{"background-color":"","background-image":"","background-repeat":"repeat","background-position":"center center","background-size":"auto","background-attachment":"scroll","background-type":"","background-media":"","overlay-type":"","overlay-color":"","overlay-opacity":"","overlay-gradient":""},"mobile":{"background-color":"","background-image":"","background-repeat":"repeat","background-position":"center center","background-size":"auto","background-attachment":"scroll","background-type":"","background-media":"","overlay-type":"","overlay-color":"","overlay-opacity":"","overlay-gradient":""}},"ast-content-background-meta":{"desktop":{"background-color":"var(--ast-global-color-5)","background-image":"","background-repeat":"repeat","background-position":"center center","background-size":"auto","background-attachment":"scroll","background-type":"","background-media":"","overlay-type":"","overlay-color":"","overlay-opacity":"","overlay-gradient":""},"tablet":{"background-color":"var(--ast-global-color-5)","background-image":"","background-repeat":"repeat","background-position":"center center","background-size":"auto","background-attachment":"scroll","background-type":"","background-media":"","overlay-type":"","overlay-color":"","overlay-opacity":"","overlay-gradient":""},"mobile":{"background-color":"var(--ast-global-color-5)","background-image":"","background-repeat":"repeat","background-position":"center center","background-size":"auto","background-attachment":"scroll","background-type":"","background-media":"","overlay-type":"","overlay-color":"","overlay-opacity":"","overlay-gradient":""}}},"product_brand":[],"product_cat":[334,436],"product_tag":[443],"class_list":{"0":"post-3315","1":"product","2":"type-product","3":"status-publish","4":"has-post-thumbnail","6":"product_cat-concentres-de-marijuana","7":"product_cat-achetez-du-shatter-dab-wax","8":"product_tag-buy-green-crack-shatter-europe","9":"desktop-align-left","10":"tablet-align-left","11":"mobile-align-left","13":"first","14":"instock","15":"shipping-taxable","16":"purchasable","17":"product-type-variable"},"uagb_featured_image_src":{"full":["https:\/\/pressurezone.shop\/wp-content\/uploads\/2024\/10\/Buy-Green-Crack-Shatter.webp",800,800,false],"thumbnail":["https:\/\/pressurezone.shop\/wp-content\/uploads\/2024\/10\/Buy-Green-Crack-Shatter-150x150.webp",150,150,true],"medium":["https:\/\/pressurezone.shop\/wp-content\/uploads\/2024\/10\/Buy-Green-Crack-Shatter-300x300.webp",300,300,true],"medium_large":["https:\/\/pressurezone.shop\/wp-content\/uploads\/2024\/10\/Buy-Green-Crack-Shatter-768x768.webp",768,768,true],"large":["https:\/\/pressurezone.shop\/wp-content\/uploads\/2024\/10\/Buy-Green-Crack-Shatter.webp",800,800,false],"1536x1536":["https:\/\/pressurezone.shop\/wp-content\/uploads\/2024\/10\/Buy-Green-Crack-Shatter.webp",800,800,false],"2048x2048":["https:\/\/pressurezone.shop\/wp-content\/uploads\/2024\/10\/Buy-Green-Crack-Shatter.webp",800,800,false],"trp-custom-language-flag":["https:\/\/pressurezone.shop\/wp-content\/uploads\/2024\/10\/Buy-Green-Crack-Shatter-12x12.webp",12,12,true],"woocommerce_thumbnail":["https:\/\/pressurezone.shop\/wp-content\/uploads\/2024\/10\/Buy-Green-Crack-Shatter-300x300.webp",300,300,true],"woocommerce_single":["https:\/\/pressurezone.shop\/wp-content\/uploads\/2024\/10\/Buy-Green-Crack-Shatter-600x600.webp",600,600,true],"woocommerce_gallery_thumbnail":["https:\/\/pressurezone.shop\/wp-content\/uploads\/2024\/10\/Buy-Green-Crack-Shatter-100x100.webp",100,100,true]},"uagb_author_info":{"display_name":"pressurezone.shop","author_link":"https:\/\/pressurezone.shop\/sv\/author\/"},"uagb_comment_info":0,"uagb_excerpt":"Sativa Dominant Hybrid \u2013 65% Sativa \/ 35% Indica |\u00a0THC: 82% Effects Cerebral, Creative, Energizing, Focus, Happy May Relieve Anxiety, Autism, Bipolar Disorder, Chronic Pain, Depression, Fatigue, Loss of Appetite, Migraines, PTSD, Stress","_links":{"self":[{"href":"https:\/\/pressurezone.shop\/sv\/wp-json\/wp\/v2\/product\/3315"}],"collection":[{"href":"https:\/\/pressurezone.shop\/sv\/wp-json\/wp\/v2\/product"}],"about":[{"href":"https:\/\/pressurezone.shop\/sv\/wp-json\/wp\/v2\/types\/product"}],"replies":[{"embeddable":true,"href":"https:\/\/pressurezone.shop\/sv\/wp-json\/wp\/v2\/comments?post=3315"}],"version-history":[{"count":3,"href":"https:\/\/pressurezone.shop\/sv\/wp-json\/wp\/v2\/product\/3315\/revisions"}],"predecessor-version":[{"id":4441,"href":"https:\/\/pressurezone.shop\/sv\/wp-json\/wp\/v2\/product\/3315\/revisions\/4441"}],"wp:featuredmedia":[{"embeddable":true,"href":"https:\/\/pressurezone.shop\/sv\/wp-json\/wp\/v2\/media\/3400"}],"wp:attachment":[{"href":"https:\/\/pressurezone.shop\/sv\/wp-json\/wp\/v2\/media?parent=3315"}],"wp:term":[{"taxonomy":"product_brand","embeddable":true,"href":"https:\/\/pressurezone.shop\/sv\/wp-json\/wp\/v2\/product_brand?post=3315"},{"taxonomy":"product_cat","embeddable":true,"href":"https:\/\/pressurezone.shop\/sv\/wp-json\/wp\/v2\/product_cat?post=3315"},{"taxonomy":"product_tag","embeddable":true,"href":"https:\/\/pressurezone.shop\/sv\/wp-json\/wp\/v2\/product_tag?post=3315"}],"curies":[{"name":"wp","href":"https:\/\/api.w.org\/{rel}","templated":true}]}}