{"id":3324,"date":"2024-10-11T00:59:43","date_gmt":"2024-10-10T22:59:43","guid":{"rendered":"https:\/\/pressurezone.shop\/?post_type=product&#038;p=3324"},"modified":"2024-11-15T21:38:15","modified_gmt":"2024-11-15T20:38:15","slug":"rockstar-house-shatter","status":"publish","type":"product","link":"https:\/\/pressurezone.shop\/sv\/produkt\/rockstar-hus-splittras\/","title":{"rendered":"Rockstar House Shatter"},"content":{"rendered":"<h3><strong>K\u00f6p Rockstar House Shatter online<\/strong><\/h3>\n<p>Uppt\u00e4ck de <strong>Rockstar House Shatter<\/strong>ett kraftfullt cannabiskoncentrat som kombinerar kroppslig avslappning och cerebral eufori. Denna shatter av h\u00f6gsta kvalitet h\u00e4rr\u00f6r fr\u00e5n stammen <strong>Rockstar<\/strong>en \u00f6verv\u00e4gande Indica-hybrid (70% Indica \/ 30% Sativa) f\u00f6dd av en korsning mellan de ber\u00f6mda sorterna <strong>Rock Bud<\/strong> och <strong>Sensi Star<\/strong><a href=\"https:\/\/fuelpackz.com\/\" target=\"_blank\" rel=\"noopener\">.<\/a><\/p>\n<hr \/>\n<h3><strong>Varf\u00f6r v\u00e4lja Rockstar House Shatter?<\/strong><\/h3>\n<p>Le <strong>Rockstar House Shatter<\/strong> \u00e4r det perfekta valet f\u00f6r cannabis\u00e4lskare som letar efter en komplett och balanserad upplevelse. H\u00e4r \u00e4r varf\u00f6r:<\/p>\n<ul>\n<li><strong>H\u00f6g effekt och balans<\/strong> En euforisk hj\u00e4rnkick f\u00f6ljt av djup muskelavslappning utan \u00f6verdriven sedering.<\/li>\n<li><strong>Terapeutisk lindring<\/strong> Perfekt f\u00f6r att motverka kronisk sm\u00e4rta och muskelsp\u00e4nningar.<\/li>\n<li><strong>Koncentrerad kvalitet<\/strong> Framst\u00e4lld av de b\u00e4sta sorterna f\u00f6r exceptionell renhet och styrka.<\/li>\n<\/ul>\n<hr \/>\n<h3><strong>Terapeutiska effekter och f\u00f6rdelar<\/strong><\/h3>\n<p>Le <strong>Rockstar Shatter<\/strong> erbjuder kraftfulla effekter som riktar sig till b\u00e5de kropp och sj\u00e4l:<\/p>\n<ul>\n<li><strong>Huvudsakliga effekter<\/strong> :\n<ul>\n<li>Eufori och lycka.<\/li>\n<li>Intensiv muskelavslappning.<\/li>\n<li>Motivation och aktiv tendens.<\/li>\n<\/ul>\n<\/li>\n<li><strong>Kan lindra<\/strong> :\n<ul>\n<li>Kronisk sm\u00e4rta och inflammation.<\/li>\n<li>Muskelspasmer och skakningar.<\/li>\n<li>M\u00e5ttlig depression.<\/li>\n<\/ul>\n<\/li>\n<\/ul>\n<hr \/>\n<h3><strong>Smak och doft av Rockstar House Shatter<\/strong><\/h3>\n<p>Njut av en unik sensorisk upplevelse tack vare en rik och balanserad terpenprofil:<\/p>\n<ul>\n<li><strong>Smaker<\/strong> Jordig, kryddig, s\u00f6t.<\/li>\n<li><strong>Dofter<\/strong> Tr\u00e4ig, blommig, Kush.<\/li>\n<\/ul>\n<p>Varje inandning \u00e4r en inbjudan till en resa av v\u00e4lbefinnande och smakupplevelser.<\/p>\n<hr \/>\n<h3><strong>Vad \u00e4r Shatter?<\/strong><\/h3>\n<p>Le <strong>Splitter<\/strong> \u00e4r en koncentrerad form av cannabis som framst\u00e4lls med hj\u00e4lp av v\u00e4xtmaterial och l\u00f6sningsmedel f\u00f6r att extrahera cannabinoider och terpener.<\/p>\n<ul>\n<li><strong>Funktioner<\/strong> :\n<ul>\n<li>Genomskinlig, spr\u00f6d konsistens.<\/li>\n<li>F\u00e4rgen varierar fr\u00e5n ljus honung till m\u00f6rk b\u00e4rnsten.<\/li>\n<li>H\u00f6g THC-koncentration f\u00f6r kraftfulla effekter.<\/li>\n<\/ul>\n<\/li>\n<\/ul>\n<hr \/>\n<h3><strong>Hur konsumerar man Rockstar House Shatter?<\/strong><\/h3>\n<p>F\u00e5 ut mesta m\u00f6jliga av din <strong>Rockstar House Shatter<\/strong> tack vare dessa konsumtionsmetoder:<\/p>\n<ol>\n<li><strong>Dabbing<\/strong> Idealisk f\u00f6r snabb och kraftfull absorption.<\/li>\n<li><strong>F\u00f6r\u00e5ngning<\/strong> : Bevarar terpener f\u00f6r en mild, aromatisk upplevelse.<\/li>\n<li><strong>Blanda<\/strong> L\u00e4gg till det i dina joints eller blunts f\u00f6r extra intensitet.<\/li>\n<\/ol>\n<hr \/>\n<h3><strong>Varf\u00f6r best\u00e4lla fr\u00e5n Pressure Zone Shop?<\/strong><\/h3>\n<p>Vid <a href=\"https:\/\/pressurezone.shop\/sv\/\" target=\"_new\" rel=\"noopener\">Tryckzonsbutik<\/a>vi \u00e4r fast beslutna att erbjuda dig :<\/p>\n<ul>\n<li><strong>Garanterad kvalitet<\/strong> V\u00e5ra produkter genomg\u00e5r rigor\u00f6sa tester f\u00f6r renhet och styrka.<\/li>\n<li><strong>Diskret leverans<\/strong> : Ta emot dina best\u00e4llningar snabbt och konfidentiellt.<\/li>\n<li><strong>Engagerad kundservice<\/strong> : V\u00e5rt team finns h\u00e4r f\u00f6r att svara p\u00e5 alla dina fr\u00e5gor.<\/li>\n<\/ul>\n<hr \/>\n<h3><strong>Best\u00e4ll Rockstar House Shatter nu<\/strong><\/h3>\n<p>Missa inte chansen att uppt\u00e4cka ett exceptionellt cannabiskoncentrat. Best\u00e4ll din <strong>Rockstar House Shatter<\/strong> fr\u00e5n och med idag <a href=\"https:\/\/pressurezone.shop\/sv\/\" target=\"_new\" rel=\"noopener\">Tryckzonsbutik<\/a> och l\u00e5t dig svepas med av en o\u00f6vertr\u00e4ffad upplevelse av avkoppling och eufori.<\/p>","protected":false},"excerpt":{"rendered":"<p><strong>\u00a0Indica-dominerande hybrid - 70% Indica \/ 30% Sativa |.\u00a0<\/strong><strong>THC: 83%<\/strong><\/p>\n<p><strong>Effekter<\/strong><\/p>\n<p>Eufori, Lycklig, Hungrig, Avslappnande, S\u00f6mnig<\/p>\n<p><strong>Kan lindra<\/strong><\/p>\n<p>Bipol\u00e4r sjukdom, Kronisk sm\u00e4rta, Depression, S\u00f6mnl\u00f6shet, Aptitl\u00f6shet, Migr\u00e4n, Illam\u00e5ende, PTSD, Stress<\/p>\n<p><strong>Smaker<\/strong><\/p>\n<p>\u00d6rtig, Skunky, Kryddig, S\u00f6t<\/p>\n<p><strong>Aromer<\/strong><\/p>\n<p>Jordig, skarp, skunky, kryddig, s\u00f6t<\/p>","protected":false},"featured_media":3402,"comment_status":"closed","ping_status":"closed","template":"","meta":{"_uag_custom_page_level_css":"","site-sidebar-layout":"default","site-content-layout":"","ast-site-content-layout":"default","site-content-style":"default","site-sidebar-style":"default","ast-global-header-display":"","ast-banner-title-visibility":"","ast-main-header-display":"","ast-hfb-above-header-display":"","ast-hfb-below-header-display":"","ast-hfb-mobile-header-display":"","site-post-title":"","ast-breadcrumbs-content":"","ast-featured-img":"","footer-sml-layout":"","theme-transparent-header-meta":"default","adv-header-id-meta":"","stick-header-meta":"","header-above-stick-meta":"","header-main-stick-meta":"","header-below-stick-meta":"","astra-migrate-meta-layouts":"set","ast-page-background-enabled":"default","ast-page-background-meta":{"desktop":{"background-color":"","background-image":"","background-repeat":"repeat","background-position":"center center","background-size":"auto","background-attachment":"scroll","background-type":"","background-media":"","overlay-type":"","overlay-color":"","overlay-opacity":"","overlay-gradient":""},"tablet":{"background-color":"","background-image":"","background-repeat":"repeat","background-position":"center center","background-size":"auto","background-attachment":"scroll","background-type":"","background-media":"","overlay-type":"","overlay-color":"","overlay-opacity":"","overlay-gradient":""},"mobile":{"background-color":"","background-image":"","background-repeat":"repeat","background-position":"center center","background-size":"auto","background-attachment":"scroll","background-type":"","background-media":"","overlay-type":"","overlay-color":"","overlay-opacity":"","overlay-gradient":""}},"ast-content-background-meta":{"desktop":{"background-color":"var(--ast-global-color-5)","background-image":"","background-repeat":"repeat","background-position":"center center","background-size":"auto","background-attachment":"scroll","background-type":"","background-media":"","overlay-type":"","overlay-color":"","overlay-opacity":"","overlay-gradient":""},"tablet":{"background-color":"var(--ast-global-color-5)","background-image":"","background-repeat":"repeat","background-position":"center center","background-size":"auto","background-attachment":"scroll","background-type":"","background-media":"","overlay-type":"","overlay-color":"","overlay-opacity":"","overlay-gradient":""},"mobile":{"background-color":"var(--ast-global-color-5)","background-image":"","background-repeat":"repeat","background-position":"center center","background-size":"auto","background-attachment":"scroll","background-type":"","background-media":"","overlay-type":"","overlay-color":"","overlay-opacity":"","overlay-gradient":""}}},"product_brand":[],"product_cat":[334,436],"product_tag":[444,445],"class_list":{"0":"post-3324","1":"product","2":"type-product","3":"status-publish","4":"has-post-thumbnail","6":"product_cat-concentres-de-marijuana","7":"product_cat-achetez-du-shatter-dab-wax","8":"product_tag-buy-rockstar-house-shatter-europe","9":"product_tag-thc-cannabis-shatter-for-sale-europe","10":"desktop-align-left","11":"tablet-align-left","12":"mobile-align-left","14":"first","15":"instock","16":"shipping-taxable","17":"purchasable","18":"product-type-variable"},"uagb_featured_image_src":{"full":["https:\/\/pressurezone.shop\/wp-content\/uploads\/2024\/10\/Buy-Rockstar-House-Shatter.webp",800,800,false],"thumbnail":["https:\/\/pressurezone.shop\/wp-content\/uploads\/2024\/10\/Buy-Rockstar-House-Shatter-150x150.webp",150,150,true],"medium":["https:\/\/pressurezone.shop\/wp-content\/uploads\/2024\/10\/Buy-Rockstar-House-Shatter-300x300.webp",300,300,true],"medium_large":["https:\/\/pressurezone.shop\/wp-content\/uploads\/2024\/10\/Buy-Rockstar-House-Shatter-768x768.webp",768,768,true],"large":["https:\/\/pressurezone.shop\/wp-content\/uploads\/2024\/10\/Buy-Rockstar-House-Shatter.webp",800,800,false],"1536x1536":["https:\/\/pressurezone.shop\/wp-content\/uploads\/2024\/10\/Buy-Rockstar-House-Shatter.webp",800,800,false],"2048x2048":["https:\/\/pressurezone.shop\/wp-content\/uploads\/2024\/10\/Buy-Rockstar-House-Shatter.webp",800,800,false],"trp-custom-language-flag":["https:\/\/pressurezone.shop\/wp-content\/uploads\/2024\/10\/Buy-Rockstar-House-Shatter-12x12.webp",12,12,true],"woocommerce_thumbnail":["https:\/\/pressurezone.shop\/wp-content\/uploads\/2024\/10\/Buy-Rockstar-House-Shatter-300x300.webp",300,300,true],"woocommerce_single":["https:\/\/pressurezone.shop\/wp-content\/uploads\/2024\/10\/Buy-Rockstar-House-Shatter-600x600.webp",600,600,true],"woocommerce_gallery_thumbnail":["https:\/\/pressurezone.shop\/wp-content\/uploads\/2024\/10\/Buy-Rockstar-House-Shatter-100x100.webp",100,100,true]},"uagb_author_info":{"display_name":"pressurezone.shop","author_link":"https:\/\/pressurezone.shop\/sv\/author\/"},"uagb_comment_info":0,"uagb_excerpt":"\u00a0Indica Dominant Hybrid \u2013 70% Indica \/ 30% Sativa |\u00a0THC: 83% Effects Euphoria, Happy, Hungry, Relaxing, Sleepy May Relieve Bipolar Disorder, Chronic Pain, Depression, Insomnia, Loss of Appetite, Migraines, Nausea, PTSD, Stress Flavours Herbal, Skunky, Spicy, Sweet Aromas Earthy, Pungent, Skunky, Spicy, Sweet","_links":{"self":[{"href":"https:\/\/pressurezone.shop\/sv\/wp-json\/wp\/v2\/product\/3324"}],"collection":[{"href":"https:\/\/pressurezone.shop\/sv\/wp-json\/wp\/v2\/product"}],"about":[{"href":"https:\/\/pressurezone.shop\/sv\/wp-json\/wp\/v2\/types\/product"}],"replies":[{"embeddable":true,"href":"https:\/\/pressurezone.shop\/sv\/wp-json\/wp\/v2\/comments?post=3324"}],"version-history":[{"count":3,"href":"https:\/\/pressurezone.shop\/sv\/wp-json\/wp\/v2\/product\/3324\/revisions"}],"predecessor-version":[{"id":4457,"href":"https:\/\/pressurezone.shop\/sv\/wp-json\/wp\/v2\/product\/3324\/revisions\/4457"}],"wp:featuredmedia":[{"embeddable":true,"href":"https:\/\/pressurezone.shop\/sv\/wp-json\/wp\/v2\/media\/3402"}],"wp:attachment":[{"href":"https:\/\/pressurezone.shop\/sv\/wp-json\/wp\/v2\/media?parent=3324"}],"wp:term":[{"taxonomy":"product_brand","embeddable":true,"href":"https:\/\/pressurezone.shop\/sv\/wp-json\/wp\/v2\/product_brand?post=3324"},{"taxonomy":"product_cat","embeddable":true,"href":"https:\/\/pressurezone.shop\/sv\/wp-json\/wp\/v2\/product_cat?post=3324"},{"taxonomy":"product_tag","embeddable":true,"href":"https:\/\/pressurezone.shop\/sv\/wp-json\/wp\/v2\/product_tag?post=3324"}],"curies":[{"name":"wp","href":"https:\/\/api.w.org\/{rel}","templated":true}]}}