{"id":3325,"date":"2024-10-11T00:59:43","date_gmt":"2024-10-10T22:59:43","guid":{"rendered":"https:\/\/pressurezone.shop\/?post_type=product&#038;p=3325"},"modified":"2024-11-15T21:33:09","modified_gmt":"2024-11-15T20:33:09","slug":"girl-scout-cookies-shatter","status":"publish","type":"product","link":"https:\/\/pressurezone.shop\/sv\/produkt\/flickscoutkakor-splittras\/","title":{"rendered":"Girl Scout Cookies Shatter"},"content":{"rendered":"<h3><strong>K\u00f6p Girl Scout Cookies Shatter online i Europa<\/strong><\/h3>\n<p>F\u00f6rdjupa dig i en v\u00e4rld av <strong>Girl Scout Cookies Shatter<\/strong>ett cannabisextrakt som kombinerar de b\u00e4sta egenskaperna hos Sativa- och Indica-stammar. Detta kraftfulla koncentrat, som \u00e4r resultatet av en unik hybridisering, ger en perfekt blandning av energigivande och avslappnande effekter.<\/p>\n<hr \/>\n<h3><strong>Varf\u00f6r v\u00e4lja Girl Scout Cookies Shatter?<\/strong><\/h3>\n<p>Le <strong>Girl Scout Cookies Shatter<\/strong> \u00e4r en Indica-dominerande hybrid (60% Indica \/ 40% Sativa) med en f\u00f6rf\u00f6risk m\u00e5ngsidighet. Det erbjuder en kraftfull h\u00f6g, som kombinerar cerebral eufori med en avslappnande effekt p\u00e5 kroppen.<a href=\"https:\/\/fuelpackz.com\/\" target=\"_blank\" rel=\"noopener\">.<\/a><\/p>\n<ul>\n<li><strong>Energigivande och avslappnande m\u00e5ngsidighet<\/strong> Perfekt f\u00f6r avkoppling eller f\u00f6r att stimulera din kreativitet.<\/li>\n<li><strong>S\u00f6ta och naturliga smaker<\/strong> En s\u00f6t, jordig smak med en f\u00f6rtrollande doft.<\/li>\n<li><strong>Koncentrat av h\u00f6gsta kvalitet<\/strong> Framst\u00e4lld med hj\u00e4lp av avancerade extraktionstekniker f\u00f6r att garantera renhet och effekt.<\/li>\n<\/ul>\n<hr \/>\n<h3><strong>Terapeutiska effekter och f\u00f6rdelar<\/strong><\/h3>\n<p>Le <strong>Girl Scout Cookies Shatter<\/strong> \u00e4r idealisk f\u00f6r konsumenter som s\u00f6ker effektiv lindring av en m\u00e4ngd olika st\u00f6rningar, tack vare dess balanserade effekter:<\/p>\n<ul>\n<li><strong>Huvudsakliga effekter<\/strong> :\n<ul>\n<li>Eufori och lycka.<\/li>\n<li>Avslappning och sl\u00f6het.<\/li>\n<li>Aptitretande stimulering.<\/li>\n<\/ul>\n<\/li>\n<li><strong>Kan lindra<\/strong> :\n<ul>\n<li>\u00c5ngest och kronisk stress.<\/li>\n<li>Depression och f\u00f6rst\u00e4mningssyndrom.<\/li>\n<li>Aptitl\u00f6shet.<\/li>\n<\/ul>\n<\/li>\n<\/ul>\n<hr \/>\n<h3><strong>Smak och doft av Girl Scout Cookies Shatter<\/strong><\/h3>\n<p>Detta koncentrat erbjuder en exceptionell smakupplevelse tack vare sin terpenrika profil:<\/p>\n<ul>\n<li><strong>Smaker<\/strong> S\u00f6t, jordig, l\u00e4tt.<\/li>\n<li><strong>Dofter<\/strong> Kryddig, blommig, s\u00f6t.<\/li>\n<\/ul>\n<p>Varje inandning \u00e4r en inbjudan till en stund av v\u00e4lbefinnande och njutning.<\/p>\n<hr \/>\n<h3><strong>Vad \u00e4r Shatter?<\/strong><\/h3>\n<p>Le <strong>Splitter<\/strong> \u00e4r en koncentrerad form av cannabis som \u00e4r k\u00e4nd f\u00f6r sin genomskinliga konsistens och styrka.<\/p>\n<ul>\n<li><strong>Funktioner<\/strong> :\n<ul>\n<li>Genomskinlig, med en nyans som varierar fr\u00e5n ljus honung till m\u00f6rk b\u00e4rnsten.<\/li>\n<li>Framst\u00e4lld av h\u00f6gkvalitativa v\u00e4xtmaterial och l\u00f6sningsmedel f\u00f6r att extrahera essentiella cannabinoider och terpener.<\/li>\n<\/ul>\n<\/li>\n<\/ul>\n<hr \/>\n<h3><strong>Hur \u00e4ter jag Girl Scout Cookies Shatter?<\/strong><\/h3>\n<p>Uppt\u00e4ck de b\u00e4sta s\u00e4tten att dra nytta av detta premiumkoncentrat:<\/p>\n<ol>\n<li><strong>Dabbing<\/strong> Anv\u00e4nd en dab-rigg f\u00f6r snabb och kraftfull absorption.<\/li>\n<li><strong>F\u00f6r\u00e5ngning<\/strong> : Bevara smakerna och njut av en skonsam upplevelse.<\/li>\n<li><strong>Blanda<\/strong> L\u00e4gg till det i dina joints eller blunts f\u00f6r extra intensitet.<\/li>\n<\/ol>\n<hr \/>\n<h3><strong>Varf\u00f6r best\u00e4lla fr\u00e5n Pressure Zone Shop?<\/strong><\/h3>\n<p>Handla p\u00e5 <a href=\"https:\/\/pressurezone.shop\/sv\/\" target=\"_new\" rel=\"noopener\">Tryckzonsbutik<\/a> och dra nytta av :<\/p>\n<ul>\n<li><strong>Testade och certifierade produkter<\/strong> : Oklanderlig kvalitet f\u00f6r garanterad tillfredsst\u00e4llelse.<\/li>\n<li><strong>Snabb och diskret leverans<\/strong> : Ta emot dina produkter var som helst i Europa, i fullst\u00e4ndig sekretess.<\/li>\n<li><strong>F\u00f6rstklassig kundservice<\/strong> : V\u00e5rt team finns h\u00e4r f\u00f6r att svara p\u00e5 alla dina fr\u00e5gor.<\/li>\n<\/ul>\n<hr \/>\n<h3><strong>Best\u00e4ll nu Girl Scout Cookies Shatter<\/strong><\/h3>\n<p>Missa inte chansen att uppleva ett av de mest popul\u00e4ra cannabiskoncentraten. Best\u00e4ll din <strong>Girl Scout Cookies Shatter<\/strong> fr\u00e5n och med idag <a href=\"https:\/\/pressurezone.shop\/sv\/\" target=\"_new\" rel=\"noopener\">Tryckzonsbutik<\/a> och f\u00f6rvandla dina stunder av avkoppling till en of\u00f6rgl\u00f6mlig upplevelse.<\/p>","protected":false},"excerpt":{"rendered":"<h4 class=\"variety\"><strong>Sativa-dominerande hybrid - 60% Sativa \/ 40% Indica |.\u00a0<\/strong><strong>THC: 82,5%<\/strong><\/h4>\n<p><strong>Effekter<\/strong><\/p>\n<p>Energigivande, eufori, fokus<\/p>\n<p><strong>Kan lindra<\/strong><\/p>\n<p>Kronisk sm\u00e4rta, Depression, Tr\u00f6tthet, Aptitl\u00f6shet, Migr\u00e4n, Illam\u00e5ende, Mardr\u00f6mmar<\/p>\n<p><strong>Smak\u00e4mnen<\/strong><\/p>\n<p>Citrus, Tall, Ananas, S\u00f6t, Tropisk<\/p>\n<p><strong>Aromer<\/strong><\/p>\n<div class=\"panel-body well tags-list\">Jordig, Tall, Ananas, S\u00f6t<\/div>","protected":false},"featured_media":3404,"comment_status":"closed","ping_status":"closed","template":"","meta":{"_uag_custom_page_level_css":"","site-sidebar-layout":"default","site-content-layout":"","ast-site-content-layout":"default","site-content-style":"default","site-sidebar-style":"default","ast-global-header-display":"","ast-banner-title-visibility":"","ast-main-header-display":"","ast-hfb-above-header-display":"","ast-hfb-below-header-display":"","ast-hfb-mobile-header-display":"","site-post-title":"","ast-breadcrumbs-content":"","ast-featured-img":"","footer-sml-layout":"","theme-transparent-header-meta":"default","adv-header-id-meta":"","stick-header-meta":"","header-above-stick-meta":"","header-main-stick-meta":"","header-below-stick-meta":"","astra-migrate-meta-layouts":"set","ast-page-background-enabled":"default","ast-page-background-meta":{"desktop":{"background-color":"","background-image":"","background-repeat":"repeat","background-position":"center center","background-size":"auto","background-attachment":"scroll","background-type":"","background-media":"","overlay-type":"","overlay-color":"","overlay-opacity":"","overlay-gradient":""},"tablet":{"background-color":"","background-image":"","background-repeat":"repeat","background-position":"center center","background-size":"auto","background-attachment":"scroll","background-type":"","background-media":"","overlay-type":"","overlay-color":"","overlay-opacity":"","overlay-gradient":""},"mobile":{"background-color":"","background-image":"","background-repeat":"repeat","background-position":"center center","background-size":"auto","background-attachment":"scroll","background-type":"","background-media":"","overlay-type":"","overlay-color":"","overlay-opacity":"","overlay-gradient":""}},"ast-content-background-meta":{"desktop":{"background-color":"var(--ast-global-color-5)","background-image":"","background-repeat":"repeat","background-position":"center center","background-size":"auto","background-attachment":"scroll","background-type":"","background-media":"","overlay-type":"","overlay-color":"","overlay-opacity":"","overlay-gradient":""},"tablet":{"background-color":"var(--ast-global-color-5)","background-image":"","background-repeat":"repeat","background-position":"center center","background-size":"auto","background-attachment":"scroll","background-type":"","background-media":"","overlay-type":"","overlay-color":"","overlay-opacity":"","overlay-gradient":""},"mobile":{"background-color":"var(--ast-global-color-5)","background-image":"","background-repeat":"repeat","background-position":"center center","background-size":"auto","background-attachment":"scroll","background-type":"","background-media":"","overlay-type":"","overlay-color":"","overlay-opacity":"","overlay-gradient":""}}},"product_brand":[],"product_cat":[334,436],"product_tag":[446],"class_list":{"0":"post-3325","1":"product","2":"type-product","3":"status-publish","4":"has-post-thumbnail","6":"product_cat-concentres-de-marijuana","7":"product_cat-achetez-du-shatter-dab-wax","8":"product_tag-girl-scout-cookies-shatter-for-sale-europe","9":"desktop-align-left","10":"tablet-align-left","11":"mobile-align-left","13":"first","14":"instock","15":"shipping-taxable","16":"purchasable","17":"product-type-variable"},"uagb_featured_image_src":{"full":["https:\/\/pressurezone.shop\/wp-content\/uploads\/2024\/10\/Girl-Scout-Cookies-Shatter.jpeg",680,692,false],"thumbnail":["https:\/\/pressurezone.shop\/wp-content\/uploads\/2024\/10\/Girl-Scout-Cookies-Shatter-150x150.jpeg",150,150,true],"medium":["https:\/\/pressurezone.shop\/wp-content\/uploads\/2024\/10\/Girl-Scout-Cookies-Shatter-295x300.jpeg",295,300,true],"medium_large":["https:\/\/pressurezone.shop\/wp-content\/uploads\/2024\/10\/Girl-Scout-Cookies-Shatter.jpeg",680,692,false],"large":["https:\/\/pressurezone.shop\/wp-content\/uploads\/2024\/10\/Girl-Scout-Cookies-Shatter.jpeg",680,692,false],"1536x1536":["https:\/\/pressurezone.shop\/wp-content\/uploads\/2024\/10\/Girl-Scout-Cookies-Shatter.jpeg",680,692,false],"2048x2048":["https:\/\/pressurezone.shop\/wp-content\/uploads\/2024\/10\/Girl-Scout-Cookies-Shatter.jpeg",680,692,false],"trp-custom-language-flag":["https:\/\/pressurezone.shop\/wp-content\/uploads\/2024\/10\/Girl-Scout-Cookies-Shatter-12x12.jpeg",12,12,true],"woocommerce_thumbnail":["https:\/\/pressurezone.shop\/wp-content\/uploads\/2024\/10\/Girl-Scout-Cookies-Shatter-300x300.jpeg",300,300,true],"woocommerce_single":["https:\/\/pressurezone.shop\/wp-content\/uploads\/2024\/10\/Girl-Scout-Cookies-Shatter-600x611.jpeg",600,611,true],"woocommerce_gallery_thumbnail":["https:\/\/pressurezone.shop\/wp-content\/uploads\/2024\/10\/Girl-Scout-Cookies-Shatter-100x100.jpeg",100,100,true]},"uagb_author_info":{"display_name":"pressurezone.shop","author_link":"https:\/\/pressurezone.shop\/sv\/author\/"},"uagb_comment_info":0,"uagb_excerpt":"Sativa Dominant Hybrid \u2013 60% Sativa \/ 40% Indica |\u00a0THC: 82.5% Effects Energizing, Euphoria, Focus May Relieve Chronic Pain, Depression, Fatigue, Loss of Appetite, Migraines, Nausea, Nightmares Flavors Citrus, Pine, Pineapple, Sweet, Tropical Aromas Earthy, Pine, Pineapple, Sweet","_links":{"self":[{"href":"https:\/\/pressurezone.shop\/sv\/wp-json\/wp\/v2\/product\/3325"}],"collection":[{"href":"https:\/\/pressurezone.shop\/sv\/wp-json\/wp\/v2\/product"}],"about":[{"href":"https:\/\/pressurezone.shop\/sv\/wp-json\/wp\/v2\/types\/product"}],"replies":[{"embeddable":true,"href":"https:\/\/pressurezone.shop\/sv\/wp-json\/wp\/v2\/comments?post=3325"}],"version-history":[{"count":3,"href":"https:\/\/pressurezone.shop\/sv\/wp-json\/wp\/v2\/product\/3325\/revisions"}],"predecessor-version":[{"id":4449,"href":"https:\/\/pressurezone.shop\/sv\/wp-json\/wp\/v2\/product\/3325\/revisions\/4449"}],"wp:featuredmedia":[{"embeddable":true,"href":"https:\/\/pressurezone.shop\/sv\/wp-json\/wp\/v2\/media\/3404"}],"wp:attachment":[{"href":"https:\/\/pressurezone.shop\/sv\/wp-json\/wp\/v2\/media?parent=3325"}],"wp:term":[{"taxonomy":"product_brand","embeddable":true,"href":"https:\/\/pressurezone.shop\/sv\/wp-json\/wp\/v2\/product_brand?post=3325"},{"taxonomy":"product_cat","embeddable":true,"href":"https:\/\/pressurezone.shop\/sv\/wp-json\/wp\/v2\/product_cat?post=3325"},{"taxonomy":"product_tag","embeddable":true,"href":"https:\/\/pressurezone.shop\/sv\/wp-json\/wp\/v2\/product_tag?post=3325"}],"curies":[{"name":"wp","href":"https:\/\/api.w.org\/{rel}","templated":true}]}}