{"id":3326,"date":"2024-10-11T00:59:43","date_gmt":"2024-10-10T22:59:43","guid":{"rendered":"https:\/\/pressurezone.shop\/?post_type=product&#038;p=3326"},"modified":"2024-11-15T22:25:18","modified_gmt":"2024-11-15T21:25:18","slug":"purple-candy-house-shatter","status":"publish","type":"product","link":"https:\/\/pressurezone.shop\/sv\/produkt\/lila-godishus-splitter\/","title":{"rendered":"Lila Candy House Shatter"},"content":{"rendered":"<div class=\"flex-shrink-0 flex flex-col relative items-end\">\n<div>\n<div class=\"pt-0\">\n<div class=\"gizmo-bot-avatar flex h-8 w-8 items-center justify-center overflow-hidden rounded-full\">\n<div class=\"relative p-1 rounded-sm flex items-center justify-center bg-token-main-surface-primary text-token-text-primary h-8 w-8\"><\/div>\n<\/div>\n<\/div>\n<\/div>\n<\/div>\n<div class=\"group\/conversation-turn relative flex w-full min-w-0 flex-col agent-turn\">\n<div class=\"flex-col gap-1 md:gap-3\">\n<div class=\"flex max-w-full flex-col flex-grow\">\n<div class=\"min-h-8 text-message flex w-full flex-col items-end gap-2 whitespace-normal break-words [.text-message+&amp;]:mt-5\" dir=\"auto\" data-message-author-role=\"assistant\" data-message-id=\"8000dc6d-a591-43a6-9864-74dc7ef5f0f1\" data-message-model-slug=\"gpt-4o\">\n<div class=\"flex w-full flex-col gap-1 empty:hidden first:pt-[3px]\">\n<div class=\"markdown prose w-full break-words dark:prose-invert light\">\n<h3><strong>K\u00f6p Purple Candy House Shatter online<\/strong><\/h3>\n<p>Uppt\u00e4ck den perfekta balansen mellan avkoppling och eufori med <strong>Lila Candy House Shatter<\/strong>ett premium cannabiskoncentrat. Denna unika skapelse \u00e4r en mystisk korsning mellan <strong>BC Sweet Tooth<\/strong> och den kaliforniska klassikern <strong>Mendocino Purps<\/strong>vilket g\u00f6r denna produkt till ett viktigt val f\u00f6r dem som s\u00f6ker en v\u00e4lsmakande och lugnande upplevelse.<\/p>\n<hr \/>\n<h3><strong>Varf\u00f6r v\u00e4lja Purple Candy House Shatter?<\/strong><\/h3>\n<p>Purple Candy House Shatter sticker ut f\u00f6r sin f\u00f6rm\u00e5ga att erbjuda djup avkoppling samtidigt som den \u00f6kar ditt hum\u00f6r med euforisk energi. H\u00e4r \u00e4r f\u00f6rdelarna:<\/p>\n<ul>\n<li><strong>L\u00e4ckra smaker<\/strong> En oemotst\u00e5ndlig kombination av s\u00f6ta russin och honung i varje puff.<\/li>\n<li><strong>Kraftfulla effekter<\/strong> Perfekt f\u00f6r en utekv\u00e4ll, k\u00e4nd f\u00f6r att framkalla intensiv avslappning och en \"sofflockseffekt\".<\/li>\n<li><strong>\u00d6verl\u00e4gsen kvalitet<\/strong> Tillverkad av cannabis av h\u00f6gsta kvalitet, perfekt f\u00f6r att koppla av efter en l\u00e5ng dag.<a href=\"https:\/\/fuelpackz.com\/\" target=\"_blank\" rel=\"noopener\">.<\/a><\/li>\n<\/ul>\n<hr \/>\n<h3><strong>Effekter och f\u00f6rdelar<\/strong><\/h3>\n<h4><strong>Effekter<\/strong> :<\/h4>\n<ul>\n<li>Djup avslappning av kroppen<\/li>\n<li>Stimulerande eufori<\/li>\n<li>Fred och lycka<\/li>\n<\/ul>\n<h4><strong>Kan lindra<\/strong> :<\/h4>\n<ul>\n<li>\u00c5ngest och stress<\/li>\n<li>Depression<\/li>\n<li>Utmattning<\/li>\n<li>Migr\u00e4n och annan huvudv\u00e4rk<\/li>\n<li>S\u00f6mnl\u00f6shet<\/li>\n<\/ul>\n<hr \/>\n<h3><strong>Smak och doft<\/strong><\/h3>\n<ul>\n<li><strong>Smaker<\/strong> : Druva, Honung, S\u00f6t<\/li>\n<li><strong>Dofter<\/strong> Fruktig, jordig, s\u00f6t<\/li>\n<\/ul>\n<p>Njut av den rika, s\u00f6ta smaken av <strong>Lila godis<\/strong>ett koncentrat som ger en unik sensorisk upplevelse vid varje inandning.<\/p>\n<hr \/>\n<h3><strong>Vad \u00e4r Shatter?<\/strong><\/h3>\n<p>Le <strong>Splitter<\/strong> \u00e4r ett kraftfullt cannabiskoncentrat som \u00e4r k\u00e4nt f\u00f6r sin glasliknande konsistens och h\u00f6ga halter av THC. Det ger snabbverkande effekter och \u00e4r perfekt f\u00f6r dem som s\u00f6ker en intensiv cannabisupplevelse.<\/p>\n<ul>\n<li><strong>Utseende<\/strong> Transparent med en b\u00e4rnstensf\u00e4rgad nyans.<\/li>\n<li><strong>Samst\u00e4mmighet<\/strong> Brytbar och l\u00e4tt att hantera f\u00f6r dabbing eller sprayning.<\/li>\n<li><strong>M\u00e5ngsidighet<\/strong> Perfekt f\u00f6r att dutta, spraya eller intensifiera dina favoritblommor.<\/li>\n<\/ul>\n<hr \/>\n<h3><strong>Hur man anv\u00e4nder Purple Candy House Shatter<\/strong><\/h3>\n<ol>\n<li><strong>Dabbing<\/strong> Njut av alla smaker och effekter med en dab-rigg.<\/li>\n<li><strong>F\u00f6r\u00e5ngning<\/strong> L\u00e4gg den i din vaporiser f\u00f6r s\u00f6ta, smakrika puffar.<\/li>\n<li><strong>F\u00f6rst\u00e4rkning av blommor<\/strong> Str\u00f6 det \u00f6ver din joint eller bowl f\u00f6r en f\u00f6rst\u00e4rkt upplevelse.<\/li>\n<\/ol>\n<hr \/>\n<h3><strong>Biverkningar att ta h\u00e4nsyn till<\/strong><\/h3>\n<p>\u00c4ven om <strong>Lila godisshatter<\/strong> erbjuder en avkopplande och trevlig h\u00f6g, \u00e4r det viktigt att notera de potentiella biverkningarna:<\/p>\n<ul>\n<li>Vanliga: Muntorrhet, r\u00f6da \u00f6gon<\/li>\n<li>Mindre vanliga: Huvudv\u00e4rk, yrsel, paranoia<\/li>\n<\/ul>\n<hr \/>\n<h3><strong>Varf\u00f6r k\u00f6pa fr\u00e5n Pressure Zone Shop?<\/strong><\/h3>\n<p>Vid <a href=\"https:\/\/pressurezone.shop\/sv\/\" target=\"_new\" rel=\"noopener\">Tryckzonsbutik<\/a>Vi ser till att varje produkt uppfyller de h\u00f6gsta kraven p\u00e5 kvalitet och tillfredsst\u00e4llelse.<\/p>\n<ul>\n<li><strong>Laboratorietestad kvalitet<\/strong> Renhet och kraft garanteras.<\/li>\n<li><strong>Diskret leverans<\/strong> : F\u00f6rpackad med respekt f\u00f6r din integritet.<\/li>\n<li><strong>V\u00e5ra kunders f\u00f6rtroende<\/strong> Bli en del av v\u00e5r v\u00e4xande grupp av n\u00f6jda kunder.<\/li>\n<\/ul>\n<hr \/>\n<h3><strong>Best\u00e4ll Purple Candy House Shatter nu<\/strong><\/h3>\n<p>F\u00f6rb\u00e4ttra din avslappning med <strong>Lila Candy House Shatter<\/strong>. Oavsett om du vill minska stress eller njuta av en lugnande kv\u00e4ll kommer detta koncentrat att uppfylla alla dina f\u00f6rv\u00e4ntningar.<\/p>\n<p>Best\u00e4ll idag fr\u00e5n <a href=\"https:\/\/pressurezone.shop\/sv\/\" target=\"_new\" rel=\"noopener\">Tryckzonsbutik<\/a> och uppt\u00e4ck det b\u00e4sta inom cannabiskoncentrat.<\/p>\n<\/div>\n<\/div>\n<\/div>\n<\/div>\n<\/div>\n<\/div>","protected":false},"excerpt":{"rendered":"<h4 class=\"variety\"><b>(AAA) | Hybrid - 50% Sativa \/ 50% Indica\u00a0<\/b><strong>THC: 82%<\/strong><\/h4>\n<p><strong>Effekter<\/strong><\/p>\n<p>Eufori, Lycklig, Hungrig, Avslappnande, S\u00f6mnig<\/p>\n<p><strong>Kan lindra<\/strong><\/p>\n<p>\u00c5ngest, Artrit, Kronisk sm\u00e4rta, Depression, Utmattning, Huvudv\u00e4rk, S\u00f6mnl\u00f6shet, Aptitl\u00f6shet, Migr\u00e4n, Stress<\/p>\n<p><strong>Smak\u00e4mnen<\/strong><\/p>\n<p>B\u00e4r, Godis, Druva, Honung, S\u00f6t<\/p>\n<p><strong>Aromer<\/strong><\/p>\n<p>Druva, skarp, s\u00f6t<\/p>","protected":false},"featured_media":3406,"comment_status":"closed","ping_status":"closed","template":"","meta":{"_uag_custom_page_level_css":"","site-sidebar-layout":"default","site-content-layout":"","ast-site-content-layout":"default","site-content-style":"default","site-sidebar-style":"default","ast-global-header-display":"","ast-banner-title-visibility":"","ast-main-header-display":"","ast-hfb-above-header-display":"","ast-hfb-below-header-display":"","ast-hfb-mobile-header-display":"","site-post-title":"","ast-breadcrumbs-content":"","ast-featured-img":"","footer-sml-layout":"","theme-transparent-header-meta":"default","adv-header-id-meta":"","stick-header-meta":"","header-above-stick-meta":"","header-main-stick-meta":"","header-below-stick-meta":"","astra-migrate-meta-layouts":"set","ast-page-background-enabled":"default","ast-page-background-meta":{"desktop":{"background-color":"","background-image":"","background-repeat":"repeat","background-position":"center center","background-size":"auto","background-attachment":"scroll","background-type":"","background-media":"","overlay-type":"","overlay-color":"","overlay-opacity":"","overlay-gradient":""},"tablet":{"background-color":"","background-image":"","background-repeat":"repeat","background-position":"center center","background-size":"auto","background-attachment":"scroll","background-type":"","background-media":"","overlay-type":"","overlay-color":"","overlay-opacity":"","overlay-gradient":""},"mobile":{"background-color":"","background-image":"","background-repeat":"repeat","background-position":"center center","background-size":"auto","background-attachment":"scroll","background-type":"","background-media":"","overlay-type":"","overlay-color":"","overlay-opacity":"","overlay-gradient":""}},"ast-content-background-meta":{"desktop":{"background-color":"var(--ast-global-color-5)","background-image":"","background-repeat":"repeat","background-position":"center center","background-size":"auto","background-attachment":"scroll","background-type":"","background-media":"","overlay-type":"","overlay-color":"","overlay-opacity":"","overlay-gradient":""},"tablet":{"background-color":"var(--ast-global-color-5)","background-image":"","background-repeat":"repeat","background-position":"center center","background-size":"auto","background-attachment":"scroll","background-type":"","background-media":"","overlay-type":"","overlay-color":"","overlay-opacity":"","overlay-gradient":""},"mobile":{"background-color":"var(--ast-global-color-5)","background-image":"","background-repeat":"repeat","background-position":"center center","background-size":"auto","background-attachment":"scroll","background-type":"","background-media":"","overlay-type":"","overlay-color":"","overlay-opacity":"","overlay-gradient":""}}},"product_brand":[],"product_cat":[334,436],"product_tag":[447],"class_list":{"0":"post-3326","1":"product","2":"type-product","3":"status-publish","4":"has-post-thumbnail","6":"product_cat-concentres-de-marijuana","7":"product_cat-achetez-du-shatter-dab-wax","8":"product_tag-order-purple-candy-house-shatter-europe","9":"desktop-align-left","10":"tablet-align-left","11":"mobile-align-left","13":"first","14":"instock","15":"shipping-taxable","16":"purchasable","17":"product-type-variable"},"uagb_featured_image_src":{"full":["https:\/\/pressurezone.shop\/wp-content\/uploads\/2024\/10\/Purple-Candy-House-Shatter.webp",700,800,false],"thumbnail":["https:\/\/pressurezone.shop\/wp-content\/uploads\/2024\/10\/Purple-Candy-House-Shatter-150x150.webp",150,150,true],"medium":["https:\/\/pressurezone.shop\/wp-content\/uploads\/2024\/10\/Purple-Candy-House-Shatter-263x300.webp",263,300,true],"medium_large":["https:\/\/pressurezone.shop\/wp-content\/uploads\/2024\/10\/Purple-Candy-House-Shatter.webp",700,800,false],"large":["https:\/\/pressurezone.shop\/wp-content\/uploads\/2024\/10\/Purple-Candy-House-Shatter.webp",700,800,false],"1536x1536":["https:\/\/pressurezone.shop\/wp-content\/uploads\/2024\/10\/Purple-Candy-House-Shatter.webp",700,800,false],"2048x2048":["https:\/\/pressurezone.shop\/wp-content\/uploads\/2024\/10\/Purple-Candy-House-Shatter.webp",700,800,false],"trp-custom-language-flag":["https:\/\/pressurezone.shop\/wp-content\/uploads\/2024\/10\/Purple-Candy-House-Shatter-11x12.webp",11,12,true],"woocommerce_thumbnail":["https:\/\/pressurezone.shop\/wp-content\/uploads\/2024\/10\/Purple-Candy-House-Shatter-300x300.webp",300,300,true],"woocommerce_single":["https:\/\/pressurezone.shop\/wp-content\/uploads\/2024\/10\/Purple-Candy-House-Shatter-600x686.webp",600,686,true],"woocommerce_gallery_thumbnail":["https:\/\/pressurezone.shop\/wp-content\/uploads\/2024\/10\/Purple-Candy-House-Shatter-100x100.webp",100,100,true]},"uagb_author_info":{"display_name":"pressurezone.shop","author_link":"https:\/\/pressurezone.shop\/sv\/author\/"},"uagb_comment_info":0,"uagb_excerpt":"(AAA) | Hybrid \u2013 50% Sativa \/ 50% Indica |\u00a0THC: 82% Effects Euphoria, Happy, Hungry, Relaxing, Sleepy May Relieve Anxiety, Arthritis, Chronic Pain, Depression, Fatigue, Headaches, Insomnia, Loss of Appetite, Migraines, Stress Flavors Berry, Candy, Grape, Honey, Sweet Aromas Grape, Pungent, Sweet","_links":{"self":[{"href":"https:\/\/pressurezone.shop\/sv\/wp-json\/wp\/v2\/product\/3326"}],"collection":[{"href":"https:\/\/pressurezone.shop\/sv\/wp-json\/wp\/v2\/product"}],"about":[{"href":"https:\/\/pressurezone.shop\/sv\/wp-json\/wp\/v2\/types\/product"}],"replies":[{"embeddable":true,"href":"https:\/\/pressurezone.shop\/sv\/wp-json\/wp\/v2\/comments?post=3326"}],"version-history":[{"count":3,"href":"https:\/\/pressurezone.shop\/sv\/wp-json\/wp\/v2\/product\/3326\/revisions"}],"predecessor-version":[{"id":4513,"href":"https:\/\/pressurezone.shop\/sv\/wp-json\/wp\/v2\/product\/3326\/revisions\/4513"}],"wp:featuredmedia":[{"embeddable":true,"href":"https:\/\/pressurezone.shop\/sv\/wp-json\/wp\/v2\/media\/3406"}],"wp:attachment":[{"href":"https:\/\/pressurezone.shop\/sv\/wp-json\/wp\/v2\/media?parent=3326"}],"wp:term":[{"taxonomy":"product_brand","embeddable":true,"href":"https:\/\/pressurezone.shop\/sv\/wp-json\/wp\/v2\/product_brand?post=3326"},{"taxonomy":"product_cat","embeddable":true,"href":"https:\/\/pressurezone.shop\/sv\/wp-json\/wp\/v2\/product_cat?post=3326"},{"taxonomy":"product_tag","embeddable":true,"href":"https:\/\/pressurezone.shop\/sv\/wp-json\/wp\/v2\/product_tag?post=3326"}],"curies":[{"name":"wp","href":"https:\/\/api.w.org\/{rel}","templated":true}]}}