{"id":3327,"date":"2024-10-11T00:59:43","date_gmt":"2024-10-10T22:59:43","guid":{"rendered":"https:\/\/pressurezone.shop\/?post_type=product&#038;p=3327"},"modified":"2024-11-15T22:30:23","modified_gmt":"2024-11-15T21:30:23","slug":"white-widow-cannabis-shatter","status":"publish","type":"product","link":"https:\/\/pressurezone.shop\/sv\/produkt\/vita-ankan-cannabis-shatter\/","title":{"rendered":"White Widow Cannabis Shatter"},"content":{"rendered":"<div class=\"flex-shrink-0 flex flex-col relative items-end\">\n<div>\n<div class=\"pt-0\">\n<div class=\"gizmo-bot-avatar flex h-8 w-8 items-center justify-center overflow-hidden rounded-full\">\n<div class=\"relative p-1 rounded-sm flex items-center justify-center bg-token-main-surface-primary text-token-text-primary h-8 w-8\"><\/div>\n<\/div>\n<\/div>\n<\/div>\n<\/div>\n<div class=\"group\/conversation-turn relative flex w-full min-w-0 flex-col agent-turn\">\n<div class=\"flex-col gap-1 md:gap-3\">\n<div class=\"flex max-w-full flex-col flex-grow\">\n<div class=\"min-h-8 text-message flex w-full flex-col items-end gap-2 whitespace-normal break-words [.text-message+&amp;]:mt-5\" dir=\"auto\" data-message-author-role=\"assistant\" data-message-id=\"51fb3176-7635-44f2-a860-d5aef4284893\" data-message-model-slug=\"gpt-4o\">\n<div class=\"flex w-full flex-col gap-1 empty:hidden first:pt-[3px]\">\n<div class=\"markdown prose w-full break-words dark:prose-invert light\">\n<h3><strong>K\u00f6p White Widow Cannabis Shatter online<\/strong><\/h3>\n<p>Uppt\u00e4ck den legendariska <strong>White Widow Cannabis Shatter<\/strong>en hybridsort som har fascinerat cannabis\u00e4lskare \u00f6ver hela v\u00e4rlden sedan den f\u00f6rst d\u00f6k upp i b\u00f6rjan av 90-talet. Denna ikoniska sort har blivit en stapelvara i Amsterdams kaf\u00e9er och \u00f6kat sin popularitet tack vare referenser i program som <em>Ogr\u00e4s<\/em> och rap-industrin.<\/p>\n<hr \/>\n<h3><strong>Varf\u00f6r v\u00e4lja White Widow Cannabis Shatter?<\/strong><\/h3>\n<p>Le <strong>White Widow Cannabis Shatter<\/strong> \u00e4r ett m\u00e5ste f\u00f6r den som vill ha en balanserad och kraftfull upplevelse. H\u00e4r \u00e4r varf\u00f6r:<\/p>\n<ul>\n<li><strong>Klassiskt ursprung<\/strong> En perfekt blandning av Brazil Sativa och South Indian Indica, med ett sativa\/indica-f\u00f6rh\u00e5llande p\u00e5 60:40.<\/li>\n<li><strong>Kognitiv effekt<\/strong> K\u00e4nd f\u00f6r sin kreativa och stimulerande cerebrala effekt.<\/li>\n<li><strong>Enast\u00e5ende kvalitet<\/strong> Transformerad f\u00f6r att erbjuda cannabis\u00e4lskare en ren, kraftfull shatter<a href=\"https:\/\/fuelpackz.com\/\" target=\"_blank\" rel=\"noopener\">.<\/a><\/li>\n<\/ul>\n<hr \/>\n<h3><strong>Effekter och f\u00f6rdelar<\/strong><\/h3>\n<h4><strong>Effekter<\/strong> :<\/h4>\n<ul>\n<li>Upprymdhet och eufori<\/li>\n<li>Mental klarhet med en touch av avslappning<\/li>\n<li>Fr\u00e4mjar koncentration och kreativitet<\/li>\n<\/ul>\n<h4><strong>Kan lindra<\/strong> :<\/h4>\n<ul>\n<li>\u00c5ngest och stress<\/li>\n<li>Kronisk sm\u00e4rta och tr\u00f6tthet<\/li>\n<li>Depression och f\u00f6rst\u00e4mningssyndrom<\/li>\n<li>Migr\u00e4n och huvudv\u00e4rk<\/li>\n<\/ul>\n<hr \/>\n<h3><strong>Smak- och doftprofil<\/strong><\/h3>\n<ul>\n<li><strong>Smaker<\/strong> Jordig, Tall, S\u00f6t, Citrus<\/li>\n<li><strong>Dofter<\/strong> \u00d6rtartad, kryddig, tr\u00e4ig<\/li>\n<\/ul>\n<p>Njut av de jordiga, citronartade nyanserna som g\u00f6r <strong>White Widow Cannabis Shatter<\/strong> en tidl\u00f6s favorit bland cannabisk\u00e4nnare.<\/p>\n<hr \/>\n<h3><strong>Vad \u00e4r Shatter?<\/strong><\/h3>\n<p>Le <strong>Splitter<\/strong> \u00e4r ett premium cannabiskoncentrat som \u00e4r k\u00e4nt f\u00f6r sin genomskinliga, glasliknande konsistens och h\u00f6ga THC-halt. Det tillverkas med hj\u00e4lp av avancerade extraktionstekniker, vilket garanterar maximal renhet och styrka.<\/p>\n<ul>\n<li><strong>Utseende<\/strong> Koncentrerad, ljust b\u00e4rnstensf\u00e4rgad.<\/li>\n<li><strong>Anv\u00e4ndning<\/strong> Idealisk f\u00f6r duttning, sprayning eller berikning av dina blommor.<\/li>\n<\/ul>\n<hr \/>\n<h3><strong>Hur man anv\u00e4nder White Widow Cannabis Shatter<\/strong><\/h3>\n<ol>\n<li><strong>Dabbing<\/strong> Anv\u00e4nd en dab-rigg f\u00f6r rena, v\u00e4lsmakande inhalationer.<\/li>\n<li><strong>F\u00f6r\u00e5ngning<\/strong> L\u00e4gg till den i din vape-enhet f\u00f6r j\u00e4mna, kraftfulla moln.<\/li>\n<li><strong>F\u00f6rb\u00e4ttra dina blommor<\/strong> Str\u00f6 lite p\u00e5 din joint eller bowl f\u00f6r en f\u00f6rst\u00e4rkt upplevelse.<\/li>\n<\/ol>\n<hr \/>\n<h3><strong>Varf\u00f6r v\u00e4lja Pressure Zone Shop?<\/strong><\/h3>\n<p>Vid <a href=\"https:\/\/pressurezone.shop\/sv\/\" target=\"_new\" rel=\"noopener\">Tryckzonsbutik<\/a>Vi \u00e4r stolta \u00f6ver att kunna erbjuda cannabisprodukter av h\u00f6gsta kvalitet.<\/p>\n<ul>\n<li><strong>Laboratorietestad kvalitet<\/strong> Renhet och kraft garanteras i varje batch.<\/li>\n<li><strong>Diskret frakt<\/strong> : S\u00e4ker och privat leverans i hela Europa.<\/li>\n<li><strong>Kundn\u00f6jdhet<\/strong> Bli en del av v\u00e5r v\u00e4xande grupp av n\u00f6jda kunder.<\/li>\n<\/ul>\n<hr \/>\n<h3><strong>Best\u00e4ll White Widow Cannabis Shatter idag<\/strong><\/h3>\n<p>Uppt\u00e4ck den tidl\u00f6sa charmen hos <strong>White Widow Cannabis Shatter<\/strong>. Oavsett om du vill koppla av eller stimulera din kreativitet erbjuder denna sort den perfekta balansen mellan avkoppling och mental stimulans.<\/p>\n<p><strong>V\u00e4nta inte l\u00e4ngre<\/strong>-best\u00e4ll nu p\u00e5 <a href=\"https:\/\/pressurezone.shop\/sv\/\" target=\"_new\" rel=\"noopener\">Tryckzonsbutik<\/a> och f\u00f6rb\u00e4ttra din cannabisupplevelse idag!<\/p>\n<\/div>\n<\/div>\n<\/div>\n<\/div>\n<\/div>\n<\/div>","protected":false},"excerpt":{"rendered":"<p>Achetez White Widow Cannabis Shatter en Ligne D\u00e9couvrez le l\u00e9gendaire White Widow Cannabis Shatter, une vari\u00e9t\u00e9 hybride qui fascine les amateurs de cannabis du monde entier depuis son apparition au d\u00e9but des ann\u00e9es 90. Cette vari\u00e9t\u00e9 embl\u00e9matique est devenue un incontournable dans les coffee shops d&rsquo;Amsterdam, renfor\u00e7ant sa popularit\u00e9 gr\u00e2ce \u00e0 des r\u00e9f\u00e9rences dans des [&hellip;]<\/p>","protected":false},"featured_media":3415,"comment_status":"closed","ping_status":"closed","template":"","meta":{"_uag_custom_page_level_css":"","site-sidebar-layout":"default","site-content-layout":"","ast-site-content-layout":"default","site-content-style":"default","site-sidebar-style":"default","ast-global-header-display":"","ast-banner-title-visibility":"","ast-main-header-display":"","ast-hfb-above-header-display":"","ast-hfb-below-header-display":"","ast-hfb-mobile-header-display":"","site-post-title":"","ast-breadcrumbs-content":"","ast-featured-img":"","footer-sml-layout":"","theme-transparent-header-meta":"default","adv-header-id-meta":"","stick-header-meta":"","header-above-stick-meta":"","header-main-stick-meta":"","header-below-stick-meta":"","astra-migrate-meta-layouts":"set","ast-page-background-enabled":"default","ast-page-background-meta":{"desktop":{"background-color":"","background-image":"","background-repeat":"repeat","background-position":"center center","background-size":"auto","background-attachment":"scroll","background-type":"","background-media":"","overlay-type":"","overlay-color":"","overlay-opacity":"","overlay-gradient":""},"tablet":{"background-color":"","background-image":"","background-repeat":"repeat","background-position":"center center","background-size":"auto","background-attachment":"scroll","background-type":"","background-media":"","overlay-type":"","overlay-color":"","overlay-opacity":"","overlay-gradient":""},"mobile":{"background-color":"","background-image":"","background-repeat":"repeat","background-position":"center center","background-size":"auto","background-attachment":"scroll","background-type":"","background-media":"","overlay-type":"","overlay-color":"","overlay-opacity":"","overlay-gradient":""}},"ast-content-background-meta":{"desktop":{"background-color":"var(--ast-global-color-5)","background-image":"","background-repeat":"repeat","background-position":"center center","background-size":"auto","background-attachment":"scroll","background-type":"","background-media":"","overlay-type":"","overlay-color":"","overlay-opacity":"","overlay-gradient":""},"tablet":{"background-color":"var(--ast-global-color-5)","background-image":"","background-repeat":"repeat","background-position":"center center","background-size":"auto","background-attachment":"scroll","background-type":"","background-media":"","overlay-type":"","overlay-color":"","overlay-opacity":"","overlay-gradient":""},"mobile":{"background-color":"var(--ast-global-color-5)","background-image":"","background-repeat":"repeat","background-position":"center center","background-size":"auto","background-attachment":"scroll","background-type":"","background-media":"","overlay-type":"","overlay-color":"","overlay-opacity":"","overlay-gradient":""}}},"product_brand":[],"product_cat":[334,436],"product_tag":[448],"class_list":{"0":"post-3327","1":"product","2":"type-product","3":"status-publish","4":"has-post-thumbnail","6":"product_cat-concentres-de-marijuana","7":"product_cat-achetez-du-shatter-dab-wax","8":"product_tag-white-widow-cannabis-shatter-europe","9":"desktop-align-left","10":"tablet-align-left","11":"mobile-align-left","13":"first","14":"instock","15":"shipping-taxable","16":"purchasable","17":"product-type-variable"},"uagb_featured_image_src":{"full":["https:\/\/pressurezone.shop\/wp-content\/uploads\/2024\/10\/White-Widow-Cannabis-Shatter.jpg",1000,1000,false],"thumbnail":["https:\/\/pressurezone.shop\/wp-content\/uploads\/2024\/10\/White-Widow-Cannabis-Shatter-150x150.jpg",150,150,true],"medium":["https:\/\/pressurezone.shop\/wp-content\/uploads\/2024\/10\/White-Widow-Cannabis-Shatter-300x300.jpg",300,300,true],"medium_large":["https:\/\/pressurezone.shop\/wp-content\/uploads\/2024\/10\/White-Widow-Cannabis-Shatter-768x768.jpg",768,768,true],"large":["https:\/\/pressurezone.shop\/wp-content\/uploads\/2024\/10\/White-Widow-Cannabis-Shatter.jpg",1000,1000,false],"1536x1536":["https:\/\/pressurezone.shop\/wp-content\/uploads\/2024\/10\/White-Widow-Cannabis-Shatter.jpg",1000,1000,false],"2048x2048":["https:\/\/pressurezone.shop\/wp-content\/uploads\/2024\/10\/White-Widow-Cannabis-Shatter.jpg",1000,1000,false],"trp-custom-language-flag":["https:\/\/pressurezone.shop\/wp-content\/uploads\/2024\/10\/White-Widow-Cannabis-Shatter-12x12.jpg",12,12,true],"woocommerce_thumbnail":["https:\/\/pressurezone.shop\/wp-content\/uploads\/2024\/10\/White-Widow-Cannabis-Shatter-300x300.jpg",300,300,true],"woocommerce_single":["https:\/\/pressurezone.shop\/wp-content\/uploads\/2024\/10\/White-Widow-Cannabis-Shatter-600x600.jpg",600,600,true],"woocommerce_gallery_thumbnail":["https:\/\/pressurezone.shop\/wp-content\/uploads\/2024\/10\/White-Widow-Cannabis-Shatter-100x100.jpg",100,100,true]},"uagb_author_info":{"display_name":"pressurezone.shop","author_link":"https:\/\/pressurezone.shop\/sv\/author\/"},"uagb_comment_info":0,"uagb_excerpt":"Achetez White Widow Cannabis Shatter en Ligne D\u00e9couvrez le l\u00e9gendaire White Widow Cannabis Shatter, une vari\u00e9t\u00e9 hybride qui fascine les amateurs de cannabis du monde entier depuis son apparition au d\u00e9but des ann\u00e9es 90. Cette vari\u00e9t\u00e9 embl\u00e9matique est devenue un incontournable dans les coffee shops d&rsquo;Amsterdam, renfor\u00e7ant sa popularit\u00e9 gr\u00e2ce \u00e0 des r\u00e9f\u00e9rences dans des&hellip;","_links":{"self":[{"href":"https:\/\/pressurezone.shop\/sv\/wp-json\/wp\/v2\/product\/3327"}],"collection":[{"href":"https:\/\/pressurezone.shop\/sv\/wp-json\/wp\/v2\/product"}],"about":[{"href":"https:\/\/pressurezone.shop\/sv\/wp-json\/wp\/v2\/types\/product"}],"replies":[{"embeddable":true,"href":"https:\/\/pressurezone.shop\/sv\/wp-json\/wp\/v2\/comments?post=3327"}],"version-history":[{"count":3,"href":"https:\/\/pressurezone.shop\/sv\/wp-json\/wp\/v2\/product\/3327\/revisions"}],"predecessor-version":[{"id":4521,"href":"https:\/\/pressurezone.shop\/sv\/wp-json\/wp\/v2\/product\/3327\/revisions\/4521"}],"wp:featuredmedia":[{"embeddable":true,"href":"https:\/\/pressurezone.shop\/sv\/wp-json\/wp\/v2\/media\/3415"}],"wp:attachment":[{"href":"https:\/\/pressurezone.shop\/sv\/wp-json\/wp\/v2\/media?parent=3327"}],"wp:term":[{"taxonomy":"product_brand","embeddable":true,"href":"https:\/\/pressurezone.shop\/sv\/wp-json\/wp\/v2\/product_brand?post=3327"},{"taxonomy":"product_cat","embeddable":true,"href":"https:\/\/pressurezone.shop\/sv\/wp-json\/wp\/v2\/product_cat?post=3327"},{"taxonomy":"product_tag","embeddable":true,"href":"https:\/\/pressurezone.shop\/sv\/wp-json\/wp\/v2\/product_tag?post=3327"}],"curies":[{"name":"wp","href":"https:\/\/api.w.org\/{rel}","templated":true}]}}