{"id":3338,"date":"2024-10-11T01:00:10","date_gmt":"2024-10-10T23:00:10","guid":{"rendered":"https:\/\/pressurezone.shop\/?post_type=product&#038;p=3338"},"modified":"2024-11-15T22:01:23","modified_gmt":"2024-11-15T21:01:23","slug":"achetez-la-confidential-shatter-eu","status":"publish","type":"product","link":"https:\/\/pressurezone.shop\/sv\/produkt\/kopa-konfidentiell-shatter-eu\/","title":{"rendered":"LA Confidential Shatter EU"},"content":{"rendered":"<h3><strong>K\u00f6p LA Confidential Shatter EU online<\/strong><\/h3>\n<p><strong>LA Confidential Shatter EU<\/strong> \u00e4r ett mycket uppskattat koncentrat fr\u00e5n <strong>LA konfidentiellt<\/strong>en dominant indica (95% indica\/5% sativa) som \u00e4r resultatet av en korsning mellan legendarisk <strong>Afghansk<\/strong> och <strong>Kalifornien Indica<\/strong>. Denna extremt kraftfulla shatter \u00e4r utformad f\u00f6r att ge djup avkoppling och l\u00e5ngvarig l\u00e4ttnad, perfekt f\u00f6r b\u00e5de patienter och cannabisentusiaster.<\/p>\n<hr \/>\n<h3><strong>Varf\u00f6r v\u00e4lja LA Confidential Shatter EU?<\/strong><\/h3>\n<p><strong>LA Confidential Shatter EU<\/strong> kombinerar kraftfulla effekter med exceptionell kvalitet, vilket g\u00f6r det till det perfekta valet f\u00f6r b\u00e5de medicinska och rekreativa behov<a href=\"https:\/\/fuelpackz.com\/\" target=\"_blank\" rel=\"noopener\">.<\/a><\/p>\n<ul>\n<li><strong>Djupa effekter<\/strong> En k\u00e4nsla av lugn som lugnar sinnet och f\u00e5r kroppen att slappna av.<\/li>\n<li><strong>H\u00f6g effekt<\/strong> Med en genomsnittlig THC-niv\u00e5 p\u00e5 26 till 30% erbjuder denna shatter en o\u00f6vertr\u00e4ffad upplevelse.<\/li>\n<li><strong>Premium Kvalitet<\/strong> Skapad av AAA-blommor, varje parti extraheras noggrant f\u00f6r att garantera maximal renhet.<\/li>\n<\/ul>\n<hr \/>\n<h3><strong>Terapeutiska effekter och f\u00f6rdelar<\/strong><\/h3>\n<p>Effekterna av <strong>LA Confidential Shatter<\/strong> byggs gradvis upp och ger en lugnande upplevelse som \u00e4r idealisk f\u00f6r avkoppling efter en l\u00e5ng dag.<\/p>\n<h4><strong>Effekter :<\/strong><\/h4>\n<ul>\n<li>Djup avslappning<\/li>\n<li>Mentalt lugn<\/li>\n<li>N\u00e5got v\u00e4rmande k\u00e4nsla<\/li>\n<\/ul>\n<h4><strong>Kan avlasta :<\/strong><\/h4>\n<ul>\n<li>Kronisk sm\u00e4rta<\/li>\n<li>S\u00f6mnl\u00f6shet<\/li>\n<li>Stress och \u00e5ngest<\/li>\n<li>Depression och hum\u00f6rsv\u00e4ngningar<\/li>\n<\/ul>\n<hr \/>\n<h3><strong>Smak och doft<\/strong><\/h3>\n<p>Smak- och doftprofilen f\u00f6r <strong>LA Confidential Shatter EU<\/strong> \u00e4r lika imponerande som dess effekter:<\/p>\n<ul>\n<li><strong>Smaker<\/strong> Kryddig, tall, \u00f6rtartad.<\/li>\n<li><strong>Dofter<\/strong> Jordig, kryddig, tr\u00e4ig.<\/li>\n<\/ul>\n<hr \/>\n<h3><strong>Vad \u00e4r Shatter?<\/strong><\/h3>\n<p>Le <strong>splittras<\/strong> \u00e4r en koncentrerad form av cannabis som k\u00e4nnetecknas av sitt glasartade utseende och exceptionella styrka. Detta koncentrat tillverkas med hj\u00e4lp av en rigor\u00f6s extraktionsprocess som bevarar terpenerna och cannabinoiderna, vilket garanterar en ren och kraftfull upplevelse.<\/p>\n<hr \/>\n<h3><strong>Hur man anv\u00e4nder Confidential Shatter<\/strong><\/h3>\n<p>Uppt\u00e4ck de b\u00e4sta s\u00e4tten att njuta av <strong>LA Confidential Shatter<\/strong> :<\/p>\n<ol>\n<li><strong>Dabbing<\/strong> F\u00f6r snabba, intensiva effekter.<\/li>\n<li><strong>F\u00f6r\u00e5ngning<\/strong> : Bevara terpenerna och njut av en skonsam upplevelse.<\/li>\n<li><strong>Gemensam f\u00f6rb\u00e4ttring<\/strong> Tills\u00e4tt en liten m\u00e4ngd i dina blommor f\u00f6r att intensifiera dina sessioner.<\/li>\n<\/ol>\n<hr \/>\n<h3><strong>Varf\u00f6r k\u00f6pa fr\u00e5n Pressure Zone Shop?<\/strong><\/h3>\n<p>Vid <a href=\"https:\/\/pressurezone.shop\/sv\/\" target=\"_new\" rel=\"noopener\">Tryckzonsbutik<\/a>Vi \u00e4r fast beslutna att tillhandah\u00e5lla de b\u00e4sta cannabiskoncentraten med oklanderlig kundservice.<\/p>\n<ul>\n<li><strong>Certifierade produkter<\/strong> Laboratorietestad f\u00f6r att garantera renhet och effekt.<\/li>\n<li><strong>Diskret leverans<\/strong> Best\u00e4ll i full trygghet med snabb och konfidentiell leverans.<\/li>\n<li><strong>Dedikerad kundsupport<\/strong> : Ett team till din tj\u00e4nst f\u00f6r att tillgodose alla dina behov.<\/li>\n<\/ul>\n<hr \/>\n<h3><strong>Best\u00e4ll LA Confidential Shatter EU nu<\/strong><\/h3>\n<p>Missa inte detta tillf\u00e4lle att uppt\u00e4cka ett av de mest popul\u00e4ra och effektiva cannabiskoncentraten. <strong>K\u00f6p LA Confidential Shatter EU<\/strong> fr\u00e5n och med idag <a href=\"https:\/\/pressurezone.shop\/sv\/\" target=\"_new\" rel=\"noopener\">Tryckzonsbutik<\/a> och njut av den ultimata avslappningsupplevelsen.<\/p>","protected":false},"excerpt":{"rendered":"<p>Achetez LA Confidential Shatter EU en Ligne LA Confidential Shatter EU est un concentr\u00e9 hautement appr\u00e9ci\u00e9 issu de la vari\u00e9t\u00e9 LA Confidential, une indica dominante (95% indica\/5% sativa) r\u00e9sultant d&rsquo;un croisement entre les l\u00e9gendaires Afghani et California Indica. Ce shatter ultra-puissant est con\u00e7u pour offrir une relaxation profonde et un soulagement durable, id\u00e9al pour les [&hellip;]<\/p>","protected":false},"featured_media":3421,"comment_status":"closed","ping_status":"closed","template":"","meta":{"_uag_custom_page_level_css":"","site-sidebar-layout":"default","site-content-layout":"","ast-site-content-layout":"default","site-content-style":"default","site-sidebar-style":"default","ast-global-header-display":"","ast-banner-title-visibility":"","ast-main-header-display":"","ast-hfb-above-header-display":"","ast-hfb-below-header-display":"","ast-hfb-mobile-header-display":"","site-post-title":"","ast-breadcrumbs-content":"","ast-featured-img":"","footer-sml-layout":"","theme-transparent-header-meta":"default","adv-header-id-meta":"","stick-header-meta":"","header-above-stick-meta":"","header-main-stick-meta":"","header-below-stick-meta":"","astra-migrate-meta-layouts":"set","ast-page-background-enabled":"default","ast-page-background-meta":{"desktop":{"background-color":"","background-image":"","background-repeat":"repeat","background-position":"center center","background-size":"auto","background-attachment":"scroll","background-type":"","background-media":"","overlay-type":"","overlay-color":"","overlay-opacity":"","overlay-gradient":""},"tablet":{"background-color":"","background-image":"","background-repeat":"repeat","background-position":"center center","background-size":"auto","background-attachment":"scroll","background-type":"","background-media":"","overlay-type":"","overlay-color":"","overlay-opacity":"","overlay-gradient":""},"mobile":{"background-color":"","background-image":"","background-repeat":"repeat","background-position":"center center","background-size":"auto","background-attachment":"scroll","background-type":"","background-media":"","overlay-type":"","overlay-color":"","overlay-opacity":"","overlay-gradient":""}},"ast-content-background-meta":{"desktop":{"background-color":"var(--ast-global-color-5)","background-image":"","background-repeat":"repeat","background-position":"center center","background-size":"auto","background-attachment":"scroll","background-type":"","background-media":"","overlay-type":"","overlay-color":"","overlay-opacity":"","overlay-gradient":""},"tablet":{"background-color":"var(--ast-global-color-5)","background-image":"","background-repeat":"repeat","background-position":"center center","background-size":"auto","background-attachment":"scroll","background-type":"","background-media":"","overlay-type":"","overlay-color":"","overlay-opacity":"","overlay-gradient":""},"mobile":{"background-color":"var(--ast-global-color-5)","background-image":"","background-repeat":"repeat","background-position":"center center","background-size":"auto","background-attachment":"scroll","background-type":"","background-media":"","overlay-type":"","overlay-color":"","overlay-opacity":"","overlay-gradient":""}}},"product_brand":[],"product_cat":[334,436],"product_tag":[451],"class_list":{"0":"post-3338","1":"product","2":"type-product","3":"status-publish","4":"has-post-thumbnail","6":"product_cat-concentres-de-marijuana","7":"product_cat-achetez-du-shatter-dab-wax","8":"product_tag-buy-la-confidential-shatter-eu","9":"desktop-align-left","10":"tablet-align-left","11":"mobile-align-left","13":"first","14":"instock","15":"shipping-taxable","16":"purchasable","17":"product-type-variable"},"uagb_featured_image_src":{"full":["https:\/\/pressurezone.shop\/wp-content\/uploads\/2024\/10\/LA-Confidential-Shatter-EU.jpg",1000,1000,false],"thumbnail":["https:\/\/pressurezone.shop\/wp-content\/uploads\/2024\/10\/LA-Confidential-Shatter-EU-150x150.jpg",150,150,true],"medium":["https:\/\/pressurezone.shop\/wp-content\/uploads\/2024\/10\/LA-Confidential-Shatter-EU-300x300.jpg",300,300,true],"medium_large":["https:\/\/pressurezone.shop\/wp-content\/uploads\/2024\/10\/LA-Confidential-Shatter-EU-768x768.jpg",768,768,true],"large":["https:\/\/pressurezone.shop\/wp-content\/uploads\/2024\/10\/LA-Confidential-Shatter-EU.jpg",1000,1000,false],"1536x1536":["https:\/\/pressurezone.shop\/wp-content\/uploads\/2024\/10\/LA-Confidential-Shatter-EU.jpg",1000,1000,false],"2048x2048":["https:\/\/pressurezone.shop\/wp-content\/uploads\/2024\/10\/LA-Confidential-Shatter-EU.jpg",1000,1000,false],"trp-custom-language-flag":["https:\/\/pressurezone.shop\/wp-content\/uploads\/2024\/10\/LA-Confidential-Shatter-EU-12x12.jpg",12,12,true],"woocommerce_thumbnail":["https:\/\/pressurezone.shop\/wp-content\/uploads\/2024\/10\/LA-Confidential-Shatter-EU-300x300.jpg",300,300,true],"woocommerce_single":["https:\/\/pressurezone.shop\/wp-content\/uploads\/2024\/10\/LA-Confidential-Shatter-EU-600x600.jpg",600,600,true],"woocommerce_gallery_thumbnail":["https:\/\/pressurezone.shop\/wp-content\/uploads\/2024\/10\/LA-Confidential-Shatter-EU-100x100.jpg",100,100,true]},"uagb_author_info":{"display_name":"pressurezone.shop","author_link":"https:\/\/pressurezone.shop\/sv\/author\/"},"uagb_comment_info":0,"uagb_excerpt":"Achetez LA Confidential Shatter EU en Ligne LA Confidential Shatter EU est un concentr\u00e9 hautement appr\u00e9ci\u00e9 issu de la vari\u00e9t\u00e9 LA Confidential, une indica dominante (95% indica\/5% sativa) r\u00e9sultant d&rsquo;un croisement entre les l\u00e9gendaires Afghani et California Indica. Ce shatter ultra-puissant est con\u00e7u pour offrir une relaxation profonde et un soulagement durable, id\u00e9al pour les&hellip;","_links":{"self":[{"href":"https:\/\/pressurezone.shop\/sv\/wp-json\/wp\/v2\/product\/3338"}],"collection":[{"href":"https:\/\/pressurezone.shop\/sv\/wp-json\/wp\/v2\/product"}],"about":[{"href":"https:\/\/pressurezone.shop\/sv\/wp-json\/wp\/v2\/types\/product"}],"replies":[{"embeddable":true,"href":"https:\/\/pressurezone.shop\/sv\/wp-json\/wp\/v2\/comments?post=3338"}],"version-history":[{"count":3,"href":"https:\/\/pressurezone.shop\/sv\/wp-json\/wp\/v2\/product\/3338\/revisions"}],"predecessor-version":[{"id":4489,"href":"https:\/\/pressurezone.shop\/sv\/wp-json\/wp\/v2\/product\/3338\/revisions\/4489"}],"wp:featuredmedia":[{"embeddable":true,"href":"https:\/\/pressurezone.shop\/sv\/wp-json\/wp\/v2\/media\/3421"}],"wp:attachment":[{"href":"https:\/\/pressurezone.shop\/sv\/wp-json\/wp\/v2\/media?parent=3338"}],"wp:term":[{"taxonomy":"product_brand","embeddable":true,"href":"https:\/\/pressurezone.shop\/sv\/wp-json\/wp\/v2\/product_brand?post=3338"},{"taxonomy":"product_cat","embeddable":true,"href":"https:\/\/pressurezone.shop\/sv\/wp-json\/wp\/v2\/product_cat?post=3338"},{"taxonomy":"product_tag","embeddable":true,"href":"https:\/\/pressurezone.shop\/sv\/wp-json\/wp\/v2\/product_tag?post=3338"}],"curies":[{"name":"wp","href":"https:\/\/api.w.org\/{rel}","templated":true}]}}