{"id":3339,"date":"2024-10-11T01:00:10","date_gmt":"2024-10-10T23:00:10","guid":{"rendered":"https:\/\/pressurezone.shop\/?post_type=product&#038;p=3339"},"modified":"2024-11-15T21:55:08","modified_gmt":"2024-11-15T20:55:08","slug":"achetez-jack-herer-marijuana-shatter","status":"publish","type":"product","link":"https:\/\/pressurezone.shop\/sv\/produkt\/kop-jack-herer-marijuana-shatter\/","title":{"rendered":"Jack Herer Marijuana Shatter"},"content":{"rendered":"<div class=\"flex-shrink-0 flex flex-col relative items-end\">\n<div>\n<div class=\"pt-0\">\n<div class=\"gizmo-bot-avatar flex h-8 w-8 items-center justify-center overflow-hidden rounded-full\">\n<div class=\"relative p-1 rounded-sm flex items-center justify-center bg-token-main-surface-primary text-token-text-primary h-8 w-8\"><\/div>\n<\/div>\n<\/div>\n<\/div>\n<\/div>\n<div class=\"group\/conversation-turn relative flex w-full min-w-0 flex-col agent-turn\">\n<div class=\"flex-col gap-1 md:gap-3\">\n<div class=\"flex max-w-full flex-col flex-grow\">\n<div class=\"min-h-8 text-message flex w-full flex-col items-end gap-2 whitespace-normal break-words [.text-message+&amp;]:mt-5\" dir=\"auto\" data-message-author-role=\"assistant\" data-message-id=\"15f60975-e9ab-42d3-ad14-96b38a2e05c4\" data-message-model-slug=\"gpt-4o\">\n<div class=\"flex w-full flex-col gap-1 empty:hidden first:pt-[3px]\">\n<div class=\"markdown prose w-full break-words dark:prose-invert light\">\n<h3><strong>K\u00f6p Jack Herer Marijuana Shatter online Europa<\/strong><\/h3>\n<p><strong>Jack Herer Marijuana Shatter<\/strong> \u00e4r ett ikoniskt koncentrat uppkallat efter en av v\u00e4rldens mest k\u00e4nda cannabissorter: <strong>Jack Herer<\/strong>en sativa-dominerande hybrid (80% sativa\/20% indica). Denna kraftfulla, aromatiska shatter \u00e4r en exceptionell skapelse som h\u00e4rr\u00f6r fr\u00e5n en korsning mellan de legendariska stammarna <strong>Haze<\/strong>, <strong>Norrsken #5<\/strong>och <strong>Shiva Skunk<\/strong>.<\/p>\n<hr \/>\n<h3><strong>Varf\u00f6r v\u00e4lja Jack Herer Marijuana Shatter?<\/strong><\/h3>\n<p><strong>Jack Herer Shatter<\/strong> \u00e4r mycket mer \u00e4n ett klassiskt cannabiskoncentrat. Det kombinerar uppfriskande effekter, en unik arom och en m\u00e5ngsidighet som g\u00f6r den idealisk f\u00f6r en m\u00e4ngd olika terapeutiska och rekreationsapplikationer.<a href=\"https:\/\/fuelpackz.com\/\" target=\"_blank\" rel=\"noopener\">.<\/a><\/p>\n<ul>\n<li><strong>Energigivande effekter<\/strong> Perfekt f\u00f6r de sv\u00e5ra morgnarna eller dagar n\u00e4r du beh\u00f6ver en liten boost.<\/li>\n<li><strong>Unika smaker och aromer<\/strong> En blandning av citrus, tall och jordiga noter som v\u00e4cker sinnena.<\/li>\n<li><strong>Kraftfull THC<\/strong> Med en genomsnittlig THC-koncentration p\u00e5 15 till 24% ger denna shatter konsekventa och l\u00e5ngvariga effekter.<\/li>\n<\/ul>\n<hr \/>\n<h3><strong>Terapeutiska effekter och f\u00f6rdelar<\/strong><\/h3>\n<p>Detta sativadominerande koncentrat \u00e4r k\u00e4nt f\u00f6r sina stimulerande och euforiska effekter, vilket g\u00f6r det idealiskt f\u00f6r konsumtion p\u00e5 dagtid.<\/p>\n<h4><strong>Effekter :<\/strong><\/h4>\n<ul>\n<li>Energi och motivation<\/li>\n<li>Mild eufori<\/li>\n<li>F\u00f6rb\u00e4ttrad mental klarhet<\/li>\n<\/ul>\n<h4><strong>Kan avlasta :<\/strong><\/h4>\n<ul>\n<li>Kronisk stress och \u00e5ngest<\/li>\n<li>Depression och hum\u00f6rsv\u00e4ngningar<\/li>\n<li>Huvudv\u00e4rk och migr\u00e4n<\/li>\n<li>Kronisk tr\u00f6tthet<\/li>\n<\/ul>\n<hr \/>\n<h3><strong>Smak och doft<\/strong><\/h3>\n<p>Jack Herer-upplevelsen berikas av f\u00e4ngslande smaker och aromer:<\/p>\n<ul>\n<li><strong>Smaker<\/strong> Citrus, tall, krydda.<\/li>\n<li><strong>Dofter<\/strong> Jordig, tr\u00e4ig, fr\u00e4sch.<\/li>\n<\/ul>\n<hr \/>\n<h3><strong>Vad \u00e4r Shatter?<\/strong><\/h3>\n<p>Le <strong>splittras<\/strong> \u00e4r ett mycket raffinerat cannabiskoncentrat, uppskattat f\u00f6r sin glasartade konsistens och styrka. Det framst\u00e4lls genom noggrann extraktion och inneh\u00e5ller h\u00f6ga halter av THC, vilket garanterar en kraftfull och ren upplevelse.<\/p>\n<hr \/>\n<h3><strong>Hur man anv\u00e4nder Jack Herer Shatter<\/strong><\/h3>\n<p>F\u00e5 ut mesta m\u00f6jliga av detta koncentrat genom att utforska dess olika konsumtionsmetoder:<\/p>\n<ol>\n<li><strong>Dabbing<\/strong> F\u00e5 omedelbara, kraftfulla effekter fr\u00e5n en dab-rigg av h\u00f6g kvalitet.<\/li>\n<li><strong>F\u00f6r\u00e5ngning<\/strong> : Bevara naturliga terpener och njut av en skonsam upplevelse.<\/li>\n<li><strong>Gemensam f\u00f6rb\u00e4ttring<\/strong> Blanda en liten m\u00e4ngd med dina blommor f\u00f6r att intensifiera dina sessioner.<\/li>\n<\/ol>\n<hr \/>\n<h3><strong>Varf\u00f6r k\u00f6pa fr\u00e5n Pressure Zone Shop?<\/strong><\/h3>\n<p>Vid <a href=\"https:\/\/pressurezone.shop\/sv\/\" target=\"_new\" rel=\"noopener\">Tryckzonsbutik<\/a>Vi \u00e4r fast beslutna att tillhandah\u00e5lla premium cannabiskoncentrat och en exceptionell kundupplevelse.<\/p>\n<ul>\n<li><strong>Laboratorietestade produkter<\/strong> Renhet och kraft garanteras.<\/li>\n<li><strong>Snabb och diskret leverans<\/strong> : Njut av p\u00e5litlig och konfidentiell frakt.<\/li>\n<li><strong>Kundn\u00f6jdhet<\/strong> V\u00e5rt team \u00e4r dedikerat till att m\u00f6ta dina behov.<\/li>\n<\/ul>\n<hr \/>\n<h3><strong>Best\u00e4ll Jack Herer Marijuana Shatter nu<\/strong><\/h3>\n<p>Missa inte chansen att prova detta legendariska koncentrat. <strong>K\u00f6p Jack Herer Marijuana Shatter<\/strong> p\u00e5 <a href=\"https:\/\/pressurezone.shop\/sv\/\" target=\"_new\" rel=\"noopener\">Tryckzonsbutik<\/a> idag och uppt\u00e4ck varf\u00f6r det \u00e4r en av de mest popul\u00e4ra sorterna i v\u00e4rlden.<\/p>\n<\/div>\n<\/div>\n<\/div>\n<\/div>\n<\/div>\n<\/div>","protected":false},"excerpt":{"rendered":"<p>Achetez Jack Herer Marijuana Shatter en Ligne Europe Jack Herer Marijuana Shatter est un concentr\u00e9 embl\u00e9matique qui tire son nom de l&rsquo;une des vari\u00e9t\u00e9s de cannabis les plus c\u00e9l\u00e8bres au monde : Jack Herer, un hybride \u00e0 dominance sativa (80% sativa\/20% indica). Ce shatter puissant et aromatique est une cr\u00e9ation exceptionnelle issue d&rsquo;un croisement entre [&hellip;]<\/p>","protected":false},"featured_media":3423,"comment_status":"closed","ping_status":"closed","template":"","meta":{"_uag_custom_page_level_css":"","site-sidebar-layout":"default","site-content-layout":"","ast-site-content-layout":"default","site-content-style":"default","site-sidebar-style":"default","ast-global-header-display":"","ast-banner-title-visibility":"","ast-main-header-display":"","ast-hfb-above-header-display":"","ast-hfb-below-header-display":"","ast-hfb-mobile-header-display":"","site-post-title":"","ast-breadcrumbs-content":"","ast-featured-img":"","footer-sml-layout":"","theme-transparent-header-meta":"default","adv-header-id-meta":"","stick-header-meta":"","header-above-stick-meta":"","header-main-stick-meta":"","header-below-stick-meta":"","astra-migrate-meta-layouts":"set","ast-page-background-enabled":"default","ast-page-background-meta":{"desktop":{"background-color":"","background-image":"","background-repeat":"repeat","background-position":"center center","background-size":"auto","background-attachment":"scroll","background-type":"","background-media":"","overlay-type":"","overlay-color":"","overlay-opacity":"","overlay-gradient":""},"tablet":{"background-color":"","background-image":"","background-repeat":"repeat","background-position":"center center","background-size":"auto","background-attachment":"scroll","background-type":"","background-media":"","overlay-type":"","overlay-color":"","overlay-opacity":"","overlay-gradient":""},"mobile":{"background-color":"","background-image":"","background-repeat":"repeat","background-position":"center center","background-size":"auto","background-attachment":"scroll","background-type":"","background-media":"","overlay-type":"","overlay-color":"","overlay-opacity":"","overlay-gradient":""}},"ast-content-background-meta":{"desktop":{"background-color":"var(--ast-global-color-5)","background-image":"","background-repeat":"repeat","background-position":"center center","background-size":"auto","background-attachment":"scroll","background-type":"","background-media":"","overlay-type":"","overlay-color":"","overlay-opacity":"","overlay-gradient":""},"tablet":{"background-color":"var(--ast-global-color-5)","background-image":"","background-repeat":"repeat","background-position":"center center","background-size":"auto","background-attachment":"scroll","background-type":"","background-media":"","overlay-type":"","overlay-color":"","overlay-opacity":"","overlay-gradient":""},"mobile":{"background-color":"var(--ast-global-color-5)","background-image":"","background-repeat":"repeat","background-position":"center center","background-size":"auto","background-attachment":"scroll","background-type":"","background-media":"","overlay-type":"","overlay-color":"","overlay-opacity":"","overlay-gradient":""}}},"product_brand":[],"product_cat":[334,436],"product_tag":[452],"class_list":{"0":"post-3339","1":"product","2":"type-product","3":"status-publish","4":"has-post-thumbnail","6":"product_cat-concentres-de-marijuana","7":"product_cat-achetez-du-shatter-dab-wax","8":"product_tag-order-jack-herer-marijuana-shatter-europe","9":"desktop-align-left","10":"tablet-align-left","11":"mobile-align-left","13":"first","14":"instock","15":"shipping-taxable","16":"purchasable","17":"product-type-variable"},"uagb_featured_image_src":{"full":["https:\/\/pressurezone.shop\/wp-content\/uploads\/2024\/10\/Jack-Herer-Marijuana-Shatter.jpg",1000,1000,false],"thumbnail":["https:\/\/pressurezone.shop\/wp-content\/uploads\/2024\/10\/Jack-Herer-Marijuana-Shatter-150x150.jpg",150,150,true],"medium":["https:\/\/pressurezone.shop\/wp-content\/uploads\/2024\/10\/Jack-Herer-Marijuana-Shatter-300x300.jpg",300,300,true],"medium_large":["https:\/\/pressurezone.shop\/wp-content\/uploads\/2024\/10\/Jack-Herer-Marijuana-Shatter-768x768.jpg",768,768,true],"large":["https:\/\/pressurezone.shop\/wp-content\/uploads\/2024\/10\/Jack-Herer-Marijuana-Shatter.jpg",1000,1000,false],"1536x1536":["https:\/\/pressurezone.shop\/wp-content\/uploads\/2024\/10\/Jack-Herer-Marijuana-Shatter.jpg",1000,1000,false],"2048x2048":["https:\/\/pressurezone.shop\/wp-content\/uploads\/2024\/10\/Jack-Herer-Marijuana-Shatter.jpg",1000,1000,false],"trp-custom-language-flag":["https:\/\/pressurezone.shop\/wp-content\/uploads\/2024\/10\/Jack-Herer-Marijuana-Shatter-12x12.jpg",12,12,true],"woocommerce_thumbnail":["https:\/\/pressurezone.shop\/wp-content\/uploads\/2024\/10\/Jack-Herer-Marijuana-Shatter-300x300.jpg",300,300,true],"woocommerce_single":["https:\/\/pressurezone.shop\/wp-content\/uploads\/2024\/10\/Jack-Herer-Marijuana-Shatter-600x600.jpg",600,600,true],"woocommerce_gallery_thumbnail":["https:\/\/pressurezone.shop\/wp-content\/uploads\/2024\/10\/Jack-Herer-Marijuana-Shatter-100x100.jpg",100,100,true]},"uagb_author_info":{"display_name":"pressurezone.shop","author_link":"https:\/\/pressurezone.shop\/sv\/author\/"},"uagb_comment_info":0,"uagb_excerpt":"Achetez Jack Herer Marijuana Shatter en Ligne Europe Jack Herer Marijuana Shatter est un concentr\u00e9 embl\u00e9matique qui tire son nom de l&rsquo;une des vari\u00e9t\u00e9s de cannabis les plus c\u00e9l\u00e8bres au monde : Jack Herer, un hybride \u00e0 dominance sativa (80% sativa\/20% indica). Ce shatter puissant et aromatique est une cr\u00e9ation exceptionnelle issue d&rsquo;un croisement entre&hellip;","_links":{"self":[{"href":"https:\/\/pressurezone.shop\/sv\/wp-json\/wp\/v2\/product\/3339"}],"collection":[{"href":"https:\/\/pressurezone.shop\/sv\/wp-json\/wp\/v2\/product"}],"about":[{"href":"https:\/\/pressurezone.shop\/sv\/wp-json\/wp\/v2\/types\/product"}],"replies":[{"embeddable":true,"href":"https:\/\/pressurezone.shop\/sv\/wp-json\/wp\/v2\/comments?post=3339"}],"version-history":[{"count":3,"href":"https:\/\/pressurezone.shop\/sv\/wp-json\/wp\/v2\/product\/3339\/revisions"}],"predecessor-version":[{"id":4481,"href":"https:\/\/pressurezone.shop\/sv\/wp-json\/wp\/v2\/product\/3339\/revisions\/4481"}],"wp:featuredmedia":[{"embeddable":true,"href":"https:\/\/pressurezone.shop\/sv\/wp-json\/wp\/v2\/media\/3423"}],"wp:attachment":[{"href":"https:\/\/pressurezone.shop\/sv\/wp-json\/wp\/v2\/media?parent=3339"}],"wp:term":[{"taxonomy":"product_brand","embeddable":true,"href":"https:\/\/pressurezone.shop\/sv\/wp-json\/wp\/v2\/product_brand?post=3339"},{"taxonomy":"product_cat","embeddable":true,"href":"https:\/\/pressurezone.shop\/sv\/wp-json\/wp\/v2\/product_cat?post=3339"},{"taxonomy":"product_tag","embeddable":true,"href":"https:\/\/pressurezone.shop\/sv\/wp-json\/wp\/v2\/product_tag?post=3339"}],"curies":[{"name":"wp","href":"https:\/\/api.w.org\/{rel}","templated":true}]}}