{"id":3348,"date":"2024-10-11T01:00:37","date_gmt":"2024-10-10T23:00:37","guid":{"rendered":"https:\/\/pressurezone.shop\/?post_type=product&#038;p=3348"},"modified":"2024-11-15T21:48:37","modified_gmt":"2024-11-15T20:48:37","slug":"ice-cream-cake-shatter","status":"publish","type":"product","link":"https:\/\/pressurezone.shop\/sv\/produkt\/glass-tarta-splitter\/","title":{"rendered":"Glass T\u00e5rta Shatter"},"content":{"rendered":"<div class=\"flex-shrink-0 flex flex-col relative items-end\">\n<div>\n<div class=\"pt-0\">\n<div class=\"gizmo-bot-avatar flex h-8 w-8 items-center justify-center overflow-hidden rounded-full\">\n<div class=\"relative p-1 rounded-sm flex items-center justify-center bg-token-main-surface-primary text-token-text-primary h-8 w-8\"><\/div>\n<\/div>\n<\/div>\n<\/div>\n<\/div>\n<div class=\"group\/conversation-turn relative flex w-full min-w-0 flex-col agent-turn\">\n<div class=\"flex-col gap-1 md:gap-3\">\n<div class=\"flex max-w-full flex-col flex-grow\">\n<div class=\"min-h-8 text-message flex w-full flex-col items-end gap-2 whitespace-normal break-words [.text-message+&amp;]:mt-5\" dir=\"auto\" data-message-author-role=\"assistant\" data-message-id=\"555d4dce-16dc-41ba-836d-b52ab0c5d2ac\" data-message-model-slug=\"gpt-4o\">\n<div class=\"flex w-full flex-col gap-1 empty:hidden first:pt-[3px]\">\n<div class=\"markdown prose w-full break-words dark:prose-invert light\">\n<h3><strong>K\u00f6p Ice Cream Cake Shatter online<\/strong><\/h3>\n<p>Uppt\u00e4ck den sammetslena rikedomen hos <strong>Glass T\u00e5rta Shatter<\/strong>ett s\u00e4llsynt indica-dominerande koncentrat (75% Indica \/ 25% Sativa). H\u00e4rledd fr\u00e5n den ber\u00f6mda <strong>Gelato 33<\/strong> och <strong>Br\u00f6llopst\u00e5rta<\/strong>Detta f\u00f6rstklassiga cannabiskoncentrat erbjuder en o\u00f6vertr\u00e4ffad upplevelse f\u00f6r b\u00e5de cannabisentusiaster och nyb\u00f6rjare.<\/p>\n<hr \/>\n<h3><strong>Varf\u00f6r v\u00e4lja Ice Cream Cake Shatter?<\/strong><\/h3>\n<p><strong>Glass T\u00e5rta Shatter<\/strong> utm\u00e4rker sig genom sin exceptionella smak, kraftfulla effekter och terapeutiska f\u00f6rdelar.<\/p>\n<ul>\n<li><strong>L\u00e4cker smakprofil<\/strong> En kr\u00e4mig, ostliknande smak med s\u00f6ta, n\u00f6taktiga nyanser som dr\u00f6jer sig kvar i gommen.<\/li>\n<li><strong>Arom<\/strong> En subtil touch av kryddighet kombinerad med en kr\u00e4mig s\u00f6tma n\u00e4r den br\u00e4nns.<\/li>\n<li><strong>H\u00f6g THC-halt<\/strong> Med en THC-koncentration p\u00e5 20-25% ger denna shatter konsekventa, kraftfulla effekter<a href=\"https:\/\/fuelpackz.com\/\" target=\"_blank\" rel=\"noopener\">.<\/a><\/li>\n<\/ul>\n<hr \/>\n<h3><strong>Terapeutiska effekter och f\u00f6rdelar<\/strong><\/h3>\n<p>Detta indica-dominerande hybridkoncentrat erbjuder en djupt avkopplande upplevelse i kombination med mental klarhet:<\/p>\n<ul>\n<li><strong>Effekter<\/strong> :\n<ul>\n<li>Lugnande avslappning f\u00f6r kropp och sj\u00e4l.<\/li>\n<li>Mild eufori f\u00f6r att f\u00f6rb\u00e4ttra hum\u00f6ret.<\/li>\n<li>Lugn, s\u00f6mngivande, idealisk f\u00f6r anv\u00e4ndning nattetid.<\/li>\n<\/ul>\n<\/li>\n<li><strong>Kan lindra<\/strong> :\n<ul>\n<li>Depression och hum\u00f6rsv\u00e4ngningar.<\/li>\n<li>Kronisk sm\u00e4rta och muskelsp\u00e4nningar.<\/li>\n<li>S\u00f6mnl\u00f6shet och rastl\u00f6shet.<\/li>\n<li>Illam\u00e5ende eller aptitl\u00f6shet.<\/li>\n<\/ul>\n<\/li>\n<\/ul>\n<hr \/>\n<h3><strong>Smak och doft<\/strong><\/h3>\n<p><strong>Glass T\u00e5rta Shatter<\/strong> \u00e4r lika behaglig att smaka p\u00e5 som att lukta p\u00e5:<\/p>\n<ul>\n<li><strong>Smaker<\/strong> Kr\u00e4mig ost, s\u00f6ta hasseln\u00f6tter, jordig subtilitet.<\/li>\n<li><strong>Dofter<\/strong> Kr\u00e4mig s\u00f6tma med en l\u00e4tt kryddig ton.<\/li>\n<\/ul>\n<hr \/>\n<h3><strong>Vad \u00e4r Shatter?<\/strong><\/h3>\n<p>Shatter \u00e4r ett avancerat cannabiskoncentrat som \u00e4r k\u00e4nt f\u00f6r sitt genomskinliga, glasliknande utseende och kraftfulla effekter.<\/p>\n<ul>\n<li><strong>Viktiga funktioner<\/strong> :\n<ul>\n<li>H\u00f6g THC-inneh\u00e5ll f\u00f6r kraftfulla resultat.<\/li>\n<li>Mild, ren smak tack vare noggranna extraktionsmetoder.<\/li>\n<li>M\u00e5ngsidig f\u00f6r vaping, dabbing eller f\u00f6r att f\u00f6rst\u00e4rka dina leder.<\/li>\n<\/ul>\n<\/li>\n<\/ul>\n<hr \/>\n<h3><strong>Hur man anv\u00e4nder Ice Cream Cake Shatter<\/strong><\/h3>\n<p>Maximera din upplevelse med dessa konsumtionsmetoder:<\/p>\n<ol>\n<li><strong>Dabbing<\/strong> Ett snabbt och effektivt s\u00e4tt att njuta av intensiva effekter.<\/li>\n<li><strong>Vaping<\/strong> : Bevara de rika smakerna av terpener med en kvalitetsspray.<\/li>\n<li><strong>F\u00f6rst\u00e4rk dina t\u00e4tningar<\/strong> L\u00e4gg en nypa i dina favoritblommor f\u00f6r extra effekt.<\/li>\n<\/ol>\n<hr \/>\n<h3><strong>Varf\u00f6r k\u00f6pa fr\u00e5n Pressure Zone Shop?<\/strong><\/h3>\n<p><a href=\"https:\/\/pressurezone.shop\/sv\/\" target=\"_new\" rel=\"noopener\">Tryckzonsbutik<\/a> \u00e4r din p\u00e5litliga destination f\u00f6r premium cannabiskoncentrat:<\/p>\n<ul>\n<li><strong>Premium Kvalitet<\/strong> Alla produkter \u00e4r laboratorietestade f\u00f6r att garantera deras renhet och styrka.<\/li>\n<li><strong>Snabb och diskret leverans<\/strong> : Garanterad sekretess och punktlighet.<\/li>\n<li><strong>Kundn\u00f6jdhet<\/strong> V\u00e5rt engagerade team garanterar en smidig shoppingupplevelse.<\/li>\n<\/ul>\n<hr \/>\n<h3><strong>Best\u00e4ll Glass Cake Shatter online idag<\/strong><\/h3>\n<p>Missa inte den njutningsfulla upplevelsen av <strong>Glass T\u00e5rta Shatter<\/strong>. G\u00f6r din best\u00e4llning nu p\u00e5 <a href=\"https:\/\/pressurezone.shop\/sv\/\" target=\"_new\" rel=\"noopener\">Tryckzonsbutik<\/a> och f\u00f6rh\u00f6j din cannabisupplevelse med detta exceptionella koncentrat.<\/p>\n<\/div>\n<\/div>\n<\/div>\n<\/div>\n<\/div>\n<\/div>","protected":false},"excerpt":{"rendered":"<p>Achetez Ice Cream Cake Shatter en Ligne D\u00e9couvrez la richesse velout\u00e9e de Ice Cream Cake Shatter, un concentr\u00e9 rare \u00e0 dominance indica (75% Indica \/ 25% Sativa). Issu des c\u00e9l\u00e8bres souches Gelato 33 et Wedding Cake, ce concentr\u00e9 de cannabis haut de gamme offre une exp\u00e9rience in\u00e9gal\u00e9e pour les amateurs de cannabis et les novices. [&hellip;]<\/p>","protected":false},"featured_media":3425,"comment_status":"closed","ping_status":"closed","template":"","meta":{"_uag_custom_page_level_css":"","site-sidebar-layout":"default","site-content-layout":"","ast-site-content-layout":"default","site-content-style":"default","site-sidebar-style":"default","ast-global-header-display":"","ast-banner-title-visibility":"","ast-main-header-display":"","ast-hfb-above-header-display":"","ast-hfb-below-header-display":"","ast-hfb-mobile-header-display":"","site-post-title":"","ast-breadcrumbs-content":"","ast-featured-img":"","footer-sml-layout":"","theme-transparent-header-meta":"default","adv-header-id-meta":"","stick-header-meta":"","header-above-stick-meta":"","header-main-stick-meta":"","header-below-stick-meta":"","astra-migrate-meta-layouts":"set","ast-page-background-enabled":"default","ast-page-background-meta":{"desktop":{"background-color":"","background-image":"","background-repeat":"repeat","background-position":"center center","background-size":"auto","background-attachment":"scroll","background-type":"","background-media":"","overlay-type":"","overlay-color":"","overlay-opacity":"","overlay-gradient":""},"tablet":{"background-color":"","background-image":"","background-repeat":"repeat","background-position":"center center","background-size":"auto","background-attachment":"scroll","background-type":"","background-media":"","overlay-type":"","overlay-color":"","overlay-opacity":"","overlay-gradient":""},"mobile":{"background-color":"","background-image":"","background-repeat":"repeat","background-position":"center center","background-size":"auto","background-attachment":"scroll","background-type":"","background-media":"","overlay-type":"","overlay-color":"","overlay-opacity":"","overlay-gradient":""}},"ast-content-background-meta":{"desktop":{"background-color":"var(--ast-global-color-5)","background-image":"","background-repeat":"repeat","background-position":"center center","background-size":"auto","background-attachment":"scroll","background-type":"","background-media":"","overlay-type":"","overlay-color":"","overlay-opacity":"","overlay-gradient":""},"tablet":{"background-color":"var(--ast-global-color-5)","background-image":"","background-repeat":"repeat","background-position":"center center","background-size":"auto","background-attachment":"scroll","background-type":"","background-media":"","overlay-type":"","overlay-color":"","overlay-opacity":"","overlay-gradient":""},"mobile":{"background-color":"var(--ast-global-color-5)","background-image":"","background-repeat":"repeat","background-position":"center center","background-size":"auto","background-attachment":"scroll","background-type":"","background-media":"","overlay-type":"","overlay-color":"","overlay-opacity":"","overlay-gradient":""}}},"product_brand":[],"product_cat":[334,436],"product_tag":[453],"class_list":{"0":"post-3348","1":"product","2":"type-product","3":"status-publish","4":"has-post-thumbnail","6":"product_cat-concentres-de-marijuana","7":"product_cat-achetez-du-shatter-dab-wax","8":"product_tag-order-ice-cream-cake-shatter-finland","9":"desktop-align-left","10":"tablet-align-left","11":"mobile-align-left","13":"first","14":"instock","15":"shipping-taxable","16":"purchasable","17":"product-type-variable"},"uagb_featured_image_src":{"full":["https:\/\/pressurezone.shop\/wp-content\/uploads\/2024\/10\/Ice-Cream-Cake-Shatter.jpg",1000,1000,false],"thumbnail":["https:\/\/pressurezone.shop\/wp-content\/uploads\/2024\/10\/Ice-Cream-Cake-Shatter-150x150.jpg",150,150,true],"medium":["https:\/\/pressurezone.shop\/wp-content\/uploads\/2024\/10\/Ice-Cream-Cake-Shatter-300x300.jpg",300,300,true],"medium_large":["https:\/\/pressurezone.shop\/wp-content\/uploads\/2024\/10\/Ice-Cream-Cake-Shatter-768x768.jpg",768,768,true],"large":["https:\/\/pressurezone.shop\/wp-content\/uploads\/2024\/10\/Ice-Cream-Cake-Shatter.jpg",1000,1000,false],"1536x1536":["https:\/\/pressurezone.shop\/wp-content\/uploads\/2024\/10\/Ice-Cream-Cake-Shatter.jpg",1000,1000,false],"2048x2048":["https:\/\/pressurezone.shop\/wp-content\/uploads\/2024\/10\/Ice-Cream-Cake-Shatter.jpg",1000,1000,false],"trp-custom-language-flag":["https:\/\/pressurezone.shop\/wp-content\/uploads\/2024\/10\/Ice-Cream-Cake-Shatter-12x12.jpg",12,12,true],"woocommerce_thumbnail":["https:\/\/pressurezone.shop\/wp-content\/uploads\/2024\/10\/Ice-Cream-Cake-Shatter-300x300.jpg",300,300,true],"woocommerce_single":["https:\/\/pressurezone.shop\/wp-content\/uploads\/2024\/10\/Ice-Cream-Cake-Shatter-600x600.jpg",600,600,true],"woocommerce_gallery_thumbnail":["https:\/\/pressurezone.shop\/wp-content\/uploads\/2024\/10\/Ice-Cream-Cake-Shatter-100x100.jpg",100,100,true]},"uagb_author_info":{"display_name":"pressurezone.shop","author_link":"https:\/\/pressurezone.shop\/sv\/author\/"},"uagb_comment_info":0,"uagb_excerpt":"Achetez Ice Cream Cake Shatter en Ligne D\u00e9couvrez la richesse velout\u00e9e de Ice Cream Cake Shatter, un concentr\u00e9 rare \u00e0 dominance indica (75% Indica \/ 25% Sativa). Issu des c\u00e9l\u00e8bres souches Gelato 33 et Wedding Cake, ce concentr\u00e9 de cannabis haut de gamme offre une exp\u00e9rience in\u00e9gal\u00e9e pour les amateurs de cannabis et les novices.&hellip;","_links":{"self":[{"href":"https:\/\/pressurezone.shop\/sv\/wp-json\/wp\/v2\/product\/3348"}],"collection":[{"href":"https:\/\/pressurezone.shop\/sv\/wp-json\/wp\/v2\/product"}],"about":[{"href":"https:\/\/pressurezone.shop\/sv\/wp-json\/wp\/v2\/types\/product"}],"replies":[{"embeddable":true,"href":"https:\/\/pressurezone.shop\/sv\/wp-json\/wp\/v2\/comments?post=3348"}],"version-history":[{"count":3,"href":"https:\/\/pressurezone.shop\/sv\/wp-json\/wp\/v2\/product\/3348\/revisions"}],"predecessor-version":[{"id":4473,"href":"https:\/\/pressurezone.shop\/sv\/wp-json\/wp\/v2\/product\/3348\/revisions\/4473"}],"wp:featuredmedia":[{"embeddable":true,"href":"https:\/\/pressurezone.shop\/sv\/wp-json\/wp\/v2\/media\/3425"}],"wp:attachment":[{"href":"https:\/\/pressurezone.shop\/sv\/wp-json\/wp\/v2\/media?parent=3348"}],"wp:term":[{"taxonomy":"product_brand","embeddable":true,"href":"https:\/\/pressurezone.shop\/sv\/wp-json\/wp\/v2\/product_brand?post=3348"},{"taxonomy":"product_cat","embeddable":true,"href":"https:\/\/pressurezone.shop\/sv\/wp-json\/wp\/v2\/product_cat?post=3348"},{"taxonomy":"product_tag","embeddable":true,"href":"https:\/\/pressurezone.shop\/sv\/wp-json\/wp\/v2\/product_tag?post=3348"}],"curies":[{"name":"wp","href":"https:\/\/api.w.org\/{rel}","templated":true}]}}