{"id":3349,"date":"2024-10-11T01:00:37","date_gmt":"2024-10-10T23:00:37","guid":{"rendered":"https:\/\/pressurezone.shop\/?post_type=product&#038;p=3349"},"modified":"2024-11-15T21:07:39","modified_gmt":"2024-11-15T20:07:39","slug":"gorilla-glue-shatter","status":"publish","type":"product","link":"https:\/\/pressurezone.shop\/sv\/produkt\/gorillalim-splitter\/","title":{"rendered":"Gorilla Lim Shatter"},"content":{"rendered":"<h3><strong>K\u00f6p Gorilla Glue Shatter online i Europa<\/strong><\/h3>\n<p>Uppt\u00e4ck den o\u00f6vertr\u00e4ffade kraften hos <strong>Splitter Gorilla Lim<\/strong>ett exceptionellt cannabiskoncentrat som ger en of\u00f6rgl\u00f6mlig upplevelse tack vare sina kraftfulla effekter och unika smaker. K\u00e4nd som <strong>Gorilla Lim #1<\/strong> eller <strong>420 Lim<\/strong>Denna shatter \u00e4r en korsning mellan den legendariska <strong>Choklad Diesel<\/strong> och <strong>Sur diesel<\/strong>.<\/p>\n<hr \/>\n<h3><strong>Varf\u00f6r v\u00e4lja Gorilla Glue Shatter?<\/strong><\/h3>\n<p>Le <strong>Gorilla Lim Shatter<\/strong> \u00e4r en <strong>indica-dominant hybrid<\/strong> med ett f\u00f6rh\u00e5llande <strong>60% indica \/ 40% sativa<\/strong>utformad f\u00f6r att ge ett djupt, avslappnande rus. Med en <strong>imponerande THC-inneh\u00e5ll i 25-28%<\/strong>Detta koncentrat \u00e4r perfekt f\u00f6r cannabis\u00e4lskare som vill n\u00e5 nya h\u00f6jder av avslappning och eufori.<a href=\"https:\/\/fuelpackz.com\/\" target=\"_blank\" rel=\"noopener\">.<\/a><\/p>\n<ul>\n<li><strong>Exceptionell kraft<\/strong> Ett koncentrat med h\u00f6g potential f\u00f6r l\u00e5ngvariga effekter.<\/li>\n<li><strong>Hybrid Balanserad<\/strong> Kombinerar fysisk avslappning och mental klarhet.<\/li>\n<li><strong>Extraktion av premium<\/strong> Tillverkad med omsorg f\u00f6r att garantera renhet och smak.<\/li>\n<\/ul>\n<hr \/>\n<h3><strong>Effekter av Shatter Gorilla Lim<\/strong><\/h3>\n<p>Le <strong>Splitter Gorilla Lim<\/strong> \u00e4r k\u00e4nt f\u00f6r sina intensiva effekter, som g\u00f6r att du k\u00e4nner dig avslappnad och lugnad. Det ger en snabb cerebral eufori f\u00f6ljt av djup kroppslig avslappning.<\/p>\n<ul>\n<li><strong>Huvudsakliga effekter<\/strong> :\n<ul>\n<li><strong>H\u00f6g effekt<\/strong> En k\u00e4nsla av lugn och v\u00e4lbefinnande.<\/li>\n<li><strong>Intensiv avslappning<\/strong> Perfekt f\u00f6r att koppla av efter en stressig dag.<\/li>\n<li><strong>Sm\u00e4rtlindring<\/strong> Lindrar kronisk sm\u00e4rta och muskelspasmer.<\/li>\n<\/ul>\n<\/li>\n<\/ul>\n<hr \/>\n<h3><strong>Terapeutiska f\u00f6rdelar<\/strong><\/h3>\n<p>Le <strong>Splitter Gorilla Lim<\/strong> anv\u00e4nds ofta f\u00f6r medicinska \u00e4ndam\u00e5l tack vare sina lugnande och terapeutiska egenskaper:<\/p>\n<ul>\n<li><strong>Kan lindra<\/strong> :\n<ul>\n<li><strong>Kronisk sm\u00e4rta<\/strong> Idealisk f\u00f6r personer som lider av ih\u00e5llande sm\u00e4rta.<\/li>\n<li><strong>S\u00f6mnl\u00f6shet<\/strong> : Hj\u00e4lper dig att uppn\u00e5 en djup och vilsam s\u00f6mn.<\/li>\n<li><strong>Depression och \u00e5ngest<\/strong> F\u00f6rb\u00e4ttrar hum\u00f6ret och minskar stress.<\/li>\n<li><strong>Muskelspasmer och illam\u00e5ende<\/strong> Effektiv lindring av fysiskt obehag.<\/li>\n<\/ul>\n<\/li>\n<\/ul>\n<hr \/>\n<h3><strong>Smak och doft<\/strong><\/h3>\n<p>Le <strong>Splitter Gorilla Lim<\/strong> \u00e4r ocks\u00e5 k\u00e4nd f\u00f6r sin rika och komplexa smakprofil:<\/p>\n<ul>\n<li><strong>Smaker<\/strong> Choklad, diesel, kryddig, \u00f6rtartad.<\/li>\n<li><strong>Dofter<\/strong> Kryddig, jordig, s\u00f6t.<\/li>\n<\/ul>\n<p>Dess dj\u00e4rva smak av choklad och diesel, i kombination med kryddiga toner, erbjuder en unik smakupplevelse som kommer att gl\u00e4dja finsmakare.<\/p>\n<hr \/>\n<h3><strong>Hur anv\u00e4nder man Shatter Gorilla Glue?<\/strong><\/h3>\n<p>Dra nytta av <strong>Gorilla Lim Shatter<\/strong> med f\u00f6ljande konsumtionsmetoder:<\/p>\n<ol>\n<li><strong>Dab<\/strong> Anv\u00e4nd en rigg f\u00f6r direkt, kraftfull inandning.<\/li>\n<li><strong>F\u00f6r\u00e5ngning<\/strong> Perfekt f\u00f6r skonsamma, kontrollerade sessioner.<\/li>\n<li><strong>Blanda<\/strong> L\u00e4gg till det i dina blommor f\u00f6r att f\u00f6rst\u00e4rka effekterna.<\/li>\n<\/ol>\n<hr \/>\n<h3><strong>Varf\u00f6r best\u00e4lla fr\u00e5n Pressure Zone Shop?<\/strong><\/h3>\n<p>K\u00f6p p\u00e5 <a href=\"https:\/\/pressurezone.shop\/sv\/\" target=\"_new\" rel=\"noopener\">Tryckzonsbutik<\/a> garanterar premiumkvalitet och en exceptionell kundupplevelse:<\/p>\n<ul>\n<li><strong>Testade produkter<\/strong> Certifierade f\u00f6r sin renhet och kraft.<\/li>\n<li><strong>Diskret leverans<\/strong> : Snabb och s\u00e4ker leverans i hela Europa.<\/li>\n<li><strong>Engagerad kundservice<\/strong> : Support finns tillg\u00e4nglig f\u00f6r alla dina fr\u00e5gor.<\/li>\n<\/ul>\n<hr \/>\n<h3><strong>Best\u00e4ll Shatter Gorilla Glue nu<\/strong><\/h3>\n<p>F\u00f6r\u00e4ndra dina cannabissessioner med <strong>Gorilla Lim Shatter<\/strong>ett toppkoncentrat som \u00e4r utformat f\u00f6r hobbyister och medicinska anv\u00e4ndare. Missa inte detta tillf\u00e4lle att uppt\u00e4cka ett av de mest eftertraktade koncentraten p\u00e5 marknaden.<\/p>\n<p><strong>Best\u00e4ll idag<\/strong> p\u00e5 <a href=\"https:\/\/pressurezone.shop\/sv\/\" target=\"_new\" rel=\"noopener\">Tryckzonsbutik<\/a> och njut av ett exceptionellt cannabiskoncentrat som levereras direkt till din d\u00f6rr!<\/p>","protected":false},"excerpt":{"rendered":"<p>Achetez du Gorilla Glue Shatter en Ligne Europe D\u00e9couvrez la puissance in\u00e9gal\u00e9e du Shatter Gorilla Glue, un concentr\u00e9 de cannabis exceptionnel qui offre une exp\u00e9rience inoubliable gr\u00e2ce \u00e0 ses effets puissants et ses saveurs uniques. Connu sous le nom de Gorilla Glue #1 ou 420 Glue, ce shatter est issu du croisement des l\u00e9gendaires souches [&hellip;]<\/p>","protected":false},"featured_media":3427,"comment_status":"closed","ping_status":"closed","template":"","meta":{"_uag_custom_page_level_css":"","site-sidebar-layout":"default","site-content-layout":"","ast-site-content-layout":"default","site-content-style":"default","site-sidebar-style":"default","ast-global-header-display":"","ast-banner-title-visibility":"","ast-main-header-display":"","ast-hfb-above-header-display":"","ast-hfb-below-header-display":"","ast-hfb-mobile-header-display":"","site-post-title":"","ast-breadcrumbs-content":"","ast-featured-img":"","footer-sml-layout":"","theme-transparent-header-meta":"default","adv-header-id-meta":"","stick-header-meta":"","header-above-stick-meta":"","header-main-stick-meta":"","header-below-stick-meta":"","astra-migrate-meta-layouts":"set","ast-page-background-enabled":"default","ast-page-background-meta":{"desktop":{"background-color":"","background-image":"","background-repeat":"repeat","background-position":"center center","background-size":"auto","background-attachment":"scroll","background-type":"","background-media":"","overlay-type":"","overlay-color":"","overlay-opacity":"","overlay-gradient":""},"tablet":{"background-color":"","background-image":"","background-repeat":"repeat","background-position":"center center","background-size":"auto","background-attachment":"scroll","background-type":"","background-media":"","overlay-type":"","overlay-color":"","overlay-opacity":"","overlay-gradient":""},"mobile":{"background-color":"","background-image":"","background-repeat":"repeat","background-position":"center center","background-size":"auto","background-attachment":"scroll","background-type":"","background-media":"","overlay-type":"","overlay-color":"","overlay-opacity":"","overlay-gradient":""}},"ast-content-background-meta":{"desktop":{"background-color":"var(--ast-global-color-5)","background-image":"","background-repeat":"repeat","background-position":"center center","background-size":"auto","background-attachment":"scroll","background-type":"","background-media":"","overlay-type":"","overlay-color":"","overlay-opacity":"","overlay-gradient":""},"tablet":{"background-color":"var(--ast-global-color-5)","background-image":"","background-repeat":"repeat","background-position":"center center","background-size":"auto","background-attachment":"scroll","background-type":"","background-media":"","overlay-type":"","overlay-color":"","overlay-opacity":"","overlay-gradient":""},"mobile":{"background-color":"var(--ast-global-color-5)","background-image":"","background-repeat":"repeat","background-position":"center center","background-size":"auto","background-attachment":"scroll","background-type":"","background-media":"","overlay-type":"","overlay-color":"","overlay-opacity":"","overlay-gradient":""}}},"product_brand":[],"product_cat":[334,436],"product_tag":[454],"class_list":{"0":"post-3349","1":"product","2":"type-product","3":"status-publish","4":"has-post-thumbnail","6":"product_cat-concentres-de-marijuana","7":"product_cat-achetez-du-shatter-dab-wax","8":"product_tag-buy-gorilla-glue-shatter-europe","9":"desktop-align-left","10":"tablet-align-left","11":"mobile-align-left","13":"first","14":"instock","15":"shipping-taxable","16":"purchasable","17":"product-type-variable"},"uagb_featured_image_src":{"full":["https:\/\/pressurezone.shop\/wp-content\/uploads\/2024\/10\/Buy-Gorilla-Glue-Shatter.jpg",1000,1000,false],"thumbnail":["https:\/\/pressurezone.shop\/wp-content\/uploads\/2024\/10\/Buy-Gorilla-Glue-Shatter-150x150.jpg",150,150,true],"medium":["https:\/\/pressurezone.shop\/wp-content\/uploads\/2024\/10\/Buy-Gorilla-Glue-Shatter-300x300.jpg",300,300,true],"medium_large":["https:\/\/pressurezone.shop\/wp-content\/uploads\/2024\/10\/Buy-Gorilla-Glue-Shatter-768x768.jpg",768,768,true],"large":["https:\/\/pressurezone.shop\/wp-content\/uploads\/2024\/10\/Buy-Gorilla-Glue-Shatter.jpg",1000,1000,false],"1536x1536":["https:\/\/pressurezone.shop\/wp-content\/uploads\/2024\/10\/Buy-Gorilla-Glue-Shatter.jpg",1000,1000,false],"2048x2048":["https:\/\/pressurezone.shop\/wp-content\/uploads\/2024\/10\/Buy-Gorilla-Glue-Shatter.jpg",1000,1000,false],"trp-custom-language-flag":["https:\/\/pressurezone.shop\/wp-content\/uploads\/2024\/10\/Buy-Gorilla-Glue-Shatter-12x12.jpg",12,12,true],"woocommerce_thumbnail":["https:\/\/pressurezone.shop\/wp-content\/uploads\/2024\/10\/Buy-Gorilla-Glue-Shatter-300x300.jpg",300,300,true],"woocommerce_single":["https:\/\/pressurezone.shop\/wp-content\/uploads\/2024\/10\/Buy-Gorilla-Glue-Shatter-600x600.jpg",600,600,true],"woocommerce_gallery_thumbnail":["https:\/\/pressurezone.shop\/wp-content\/uploads\/2024\/10\/Buy-Gorilla-Glue-Shatter-100x100.jpg",100,100,true]},"uagb_author_info":{"display_name":"pressurezone.shop","author_link":"https:\/\/pressurezone.shop\/sv\/author\/"},"uagb_comment_info":0,"uagb_excerpt":"Achetez du Gorilla Glue Shatter en Ligne Europe D\u00e9couvrez la puissance in\u00e9gal\u00e9e du Shatter Gorilla Glue, un concentr\u00e9 de cannabis exceptionnel qui offre une exp\u00e9rience inoubliable gr\u00e2ce \u00e0 ses effets puissants et ses saveurs uniques. Connu sous le nom de Gorilla Glue #1 ou 420 Glue, ce shatter est issu du croisement des l\u00e9gendaires souches&hellip;","_links":{"self":[{"href":"https:\/\/pressurezone.shop\/sv\/wp-json\/wp\/v2\/product\/3349"}],"collection":[{"href":"https:\/\/pressurezone.shop\/sv\/wp-json\/wp\/v2\/product"}],"about":[{"href":"https:\/\/pressurezone.shop\/sv\/wp-json\/wp\/v2\/types\/product"}],"replies":[{"embeddable":true,"href":"https:\/\/pressurezone.shop\/sv\/wp-json\/wp\/v2\/comments?post=3349"}],"version-history":[{"count":3,"href":"https:\/\/pressurezone.shop\/sv\/wp-json\/wp\/v2\/product\/3349\/revisions"}],"predecessor-version":[{"id":4433,"href":"https:\/\/pressurezone.shop\/sv\/wp-json\/wp\/v2\/product\/3349\/revisions\/4433"}],"wp:featuredmedia":[{"embeddable":true,"href":"https:\/\/pressurezone.shop\/sv\/wp-json\/wp\/v2\/media\/3427"}],"wp:attachment":[{"href":"https:\/\/pressurezone.shop\/sv\/wp-json\/wp\/v2\/media?parent=3349"}],"wp:term":[{"taxonomy":"product_brand","embeddable":true,"href":"https:\/\/pressurezone.shop\/sv\/wp-json\/wp\/v2\/product_brand?post=3349"},{"taxonomy":"product_cat","embeddable":true,"href":"https:\/\/pressurezone.shop\/sv\/wp-json\/wp\/v2\/product_cat?post=3349"},{"taxonomy":"product_tag","embeddable":true,"href":"https:\/\/pressurezone.shop\/sv\/wp-json\/wp\/v2\/product_tag?post=3349"}],"curies":[{"name":"wp","href":"https:\/\/api.w.org\/{rel}","templated":true}]}}