{"id":3351,"date":"2024-10-11T01:00:37","date_gmt":"2024-10-10T23:00:37","guid":{"rendered":"https:\/\/pressurezone.shop\/?post_type=product&#038;p=3351"},"modified":"2024-11-15T22:10:20","modified_gmt":"2024-11-15T21:10:20","slug":"gelato-cannabis-shatter","status":"publish","type":"product","link":"https:\/\/pressurezone.shop\/sv\/produkt\/gelato-cannabis-shatter\/","title":{"rendered":"Gelato Cannabis Shatter"},"content":{"rendered":"<h3><strong>Best\u00e4ll Gelato Cannabis Shatter online i Europa<\/strong><\/h3>\n<p><strong>Gelato Cannabis Shatter<\/strong>\u00e4ven k\u00e4nd som <strong>\"Larry Bird<\/strong>\u00e4r ett emblematiskt hybridkoncentrat som valdes <strong>\u00e5rets sort 2018 av Leafly<\/strong>. Denna shatter, som h\u00e4rstammar fr\u00e5n San Francisco Bay-omr\u00e5det, \u00e4r k\u00e4nd f\u00f6r sina euforiska och kreativa effekter, samtidigt som den erbjuder intensiv avkoppling.<a href=\"https:\/\/fuelpackz.com\/\" target=\"_blank\" rel=\"noopener\">.<\/a><\/p>\n<hr \/>\n<h3><strong>Varf\u00f6r v\u00e4lja Gelato Cannabis Shatter?<\/strong><\/h3>\n<p><strong>Gelato Cannabis Shatter<\/strong> \u00e4r mycket mer \u00e4n bara en extraktion. Detta mycket uppskattade koncentrat erbjuder en unik upplevelse vid varje session.<\/p>\n<ul>\n<li><strong>Bl\u00e4ndande utseende<\/strong> En djupt lila nyans som accentueras av eldiga orange h\u00e5rstr\u00e5n och ett lager av gnistrande vit harts.<\/li>\n<li><strong>O\u00f6vertr\u00e4ffad kraft<\/strong> K\u00e4nd f\u00f6r sina euforiska och avslappnande effekter tack vare sin h\u00f6ga THC-inneh\u00e5ll.<\/li>\n<li><strong>Saveur Gourmande<\/strong> En s\u00f6t, blommig profil med inslag av frukt som f\u00f6r tankarna till en raffinerad dessert.<\/li>\n<\/ul>\n<hr \/>\n<h3><strong>Effekter och f\u00f6rdelar<\/strong><\/h3>\n<h4><strong>Effekter :<\/strong><\/h4>\n<ul>\n<li>Energigivande eufori<\/li>\n<li>Djup avslappning<\/li>\n<li>Boost f\u00f6r kreativiteten<\/li>\n<\/ul>\n<h4><strong>Kan avlasta :<\/strong><\/h4>\n<ul>\n<li>Kronisk stress<\/li>\n<li>Depression<\/li>\n<li>M\u00e5ttlig till sv\u00e5r sm\u00e4rta<\/li>\n<li>Psykisk tr\u00f6tthet<\/li>\n<\/ul>\n<hr \/>\n<h3><strong>Smak- och doftprofil<\/strong><\/h3>\n<p>Detta koncentrat \u00e4r en riktig njutning f\u00f6r sinnena, med komplexa, raffinerade smaker:<\/p>\n<ul>\n<li><strong>Smaker<\/strong> S\u00f6t, blommig, fruktig.<\/li>\n<li><strong>Dofter<\/strong> S\u00f6t, \u00f6rtartad, toner av b\u00e4r.<\/li>\n<\/ul>\n<hr \/>\n<h3><strong>Vad \u00e4r Shatter?<\/strong><\/h3>\n<p>Le <strong>splittras<\/strong> \u00e4r ett klart, fast cannabiskoncentrat som \u00e4r k\u00e4nt f\u00f6r sin exceptionella styrka och renhet. Tillverkad av cannabisblommor av h\u00f6gsta kvalitet, beh\u00e5ller den maximala terpener och cannabinoider f\u00f6r en o\u00f6vertr\u00e4ffad sensorisk upplevelse.<\/p>\n<hr \/>\n<h3><strong>Hur man \u00e4ter Gelato Cannabis Shatter<\/strong><\/h3>\n<p>H\u00e4r \u00e4r de b\u00e4sta s\u00e4tten att f\u00e5 ut mesta m\u00f6jliga av <strong>Gelato Cannabis Shatter<\/strong> :<\/p>\n<ol>\n<li><strong>Dabbing<\/strong> F\u00f6r snabbt upptag och omedelbar effekt.<\/li>\n<li><strong>F\u00f6r\u00e5ngning<\/strong> En skonsam metod som bevarar de naturliga terpenerna.<\/li>\n<li><strong>F\u00f6rb\u00e4ttring av blommor<\/strong> L\u00e4gg till det i dina leder eller r\u00f6r f\u00f6r extra kraft.<\/li>\n<\/ol>\n<hr \/>\n<h3><strong>Varf\u00f6r best\u00e4lla fr\u00e5n Pressure Zone Shop?<\/strong><\/h3>\n<p>Vid <a href=\"https:\/\/pressurezone.shop\/sv\/\" target=\"_new\" rel=\"noopener\">Tryckzonsbutik<\/a>Vi \u00e4r fast beslutna att erbjuda dig cannabiskoncentrat av h\u00f6gsta kvalitet.<\/p>\n<ul>\n<li><strong>Certifierad kvalitet<\/strong> : Alla v\u00e5ra produkter \u00e4r laboratorietestade f\u00f6r att garantera deras renhet.<\/li>\n<li><strong>Snabb och diskret leverans<\/strong> Best\u00e4ll med f\u00f6rtroende.<\/li>\n<li><strong>Dedikerad kundsupport<\/strong> : Ett team som \u00e4r redo att svara p\u00e5 alla dina fr\u00e5gor.<\/li>\n<\/ul>\n<hr \/>\n<h3><strong>Best\u00e4ll Gelato Cannabis Shatter nu<\/strong><\/h3>\n<p>Ta reda p\u00e5 varf\u00f6r <strong>Gelato Cannabis Shatter<\/strong> \u00e4r valet f\u00f6r cannabis\u00e4lskare i hela Europa. Missa inte den h\u00e4r exceptionella upplevelsen. <strong>best\u00e4ll idag<\/strong> p\u00e5 <a href=\"https:\/\/pressurezone.shop\/sv\/\" target=\"_new\" rel=\"noopener\">Tryckzonsbutik<\/a> och k\u00e4nna den ultimata euforin.<\/p>","protected":false},"excerpt":{"rendered":"<p>Commandez Gelato Cannabis Shatter en Ligne en Europe Gelato Cannabis Shatter, \u00e9galement connu sous le nom de \u00ab\u00a0Larry Bird\u00a0\u00bb, est un concentr\u00e9 hybride embl\u00e9matique qui a \u00e9t\u00e9 \u00e9lu vari\u00e9t\u00e9 de l\u2019ann\u00e9e 2018 par Leafly. Originaire de la r\u00e9gion de la Baie de San Francisco, ce shatter est c\u00e9l\u00e8bre pour ses effets euphoriques et cr\u00e9atifs, tout [&hellip;]<\/p>","protected":false},"featured_media":3439,"comment_status":"closed","ping_status":"closed","template":"","meta":{"_uag_custom_page_level_css":"","site-sidebar-layout":"default","site-content-layout":"","ast-site-content-layout":"default","site-content-style":"default","site-sidebar-style":"default","ast-global-header-display":"","ast-banner-title-visibility":"","ast-main-header-display":"","ast-hfb-above-header-display":"","ast-hfb-below-header-display":"","ast-hfb-mobile-header-display":"","site-post-title":"","ast-breadcrumbs-content":"","ast-featured-img":"","footer-sml-layout":"","theme-transparent-header-meta":"default","adv-header-id-meta":"","stick-header-meta":"","header-above-stick-meta":"","header-main-stick-meta":"","header-below-stick-meta":"","astra-migrate-meta-layouts":"set","ast-page-background-enabled":"default","ast-page-background-meta":{"desktop":{"background-color":"","background-image":"","background-repeat":"repeat","background-position":"center center","background-size":"auto","background-attachment":"scroll","background-type":"","background-media":"","overlay-type":"","overlay-color":"","overlay-opacity":"","overlay-gradient":""},"tablet":{"background-color":"","background-image":"","background-repeat":"repeat","background-position":"center center","background-size":"auto","background-attachment":"scroll","background-type":"","background-media":"","overlay-type":"","overlay-color":"","overlay-opacity":"","overlay-gradient":""},"mobile":{"background-color":"","background-image":"","background-repeat":"repeat","background-position":"center center","background-size":"auto","background-attachment":"scroll","background-type":"","background-media":"","overlay-type":"","overlay-color":"","overlay-opacity":"","overlay-gradient":""}},"ast-content-background-meta":{"desktop":{"background-color":"var(--ast-global-color-5)","background-image":"","background-repeat":"repeat","background-position":"center center","background-size":"auto","background-attachment":"scroll","background-type":"","background-media":"","overlay-type":"","overlay-color":"","overlay-opacity":"","overlay-gradient":""},"tablet":{"background-color":"var(--ast-global-color-5)","background-image":"","background-repeat":"repeat","background-position":"center center","background-size":"auto","background-attachment":"scroll","background-type":"","background-media":"","overlay-type":"","overlay-color":"","overlay-opacity":"","overlay-gradient":""},"mobile":{"background-color":"var(--ast-global-color-5)","background-image":"","background-repeat":"repeat","background-position":"center center","background-size":"auto","background-attachment":"scroll","background-type":"","background-media":"","overlay-type":"","overlay-color":"","overlay-opacity":"","overlay-gradient":""}}},"product_brand":[],"product_cat":[334,436],"product_tag":[456],"class_list":{"0":"post-3351","1":"product","2":"type-product","3":"status-publish","4":"has-post-thumbnail","6":"product_cat-concentres-de-marijuana","7":"product_cat-achetez-du-shatter-dab-wax","8":"product_tag-order-gelato-cannabis-shatter-europe","9":"desktop-align-left","10":"tablet-align-left","11":"mobile-align-left","13":"first","14":"instock","15":"shipping-taxable","16":"purchasable","17":"product-type-variable"},"uagb_featured_image_src":{"full":["https:\/\/pressurezone.shop\/wp-content\/uploads\/2024\/10\/Order-Gelato-Cannabis-Shatter.jpg",1000,1000,false],"thumbnail":["https:\/\/pressurezone.shop\/wp-content\/uploads\/2024\/10\/Order-Gelato-Cannabis-Shatter-150x150.jpg",150,150,true],"medium":["https:\/\/pressurezone.shop\/wp-content\/uploads\/2024\/10\/Order-Gelato-Cannabis-Shatter-300x300.jpg",300,300,true],"medium_large":["https:\/\/pressurezone.shop\/wp-content\/uploads\/2024\/10\/Order-Gelato-Cannabis-Shatter-768x768.jpg",768,768,true],"large":["https:\/\/pressurezone.shop\/wp-content\/uploads\/2024\/10\/Order-Gelato-Cannabis-Shatter.jpg",1000,1000,false],"1536x1536":["https:\/\/pressurezone.shop\/wp-content\/uploads\/2024\/10\/Order-Gelato-Cannabis-Shatter.jpg",1000,1000,false],"2048x2048":["https:\/\/pressurezone.shop\/wp-content\/uploads\/2024\/10\/Order-Gelato-Cannabis-Shatter.jpg",1000,1000,false],"trp-custom-language-flag":["https:\/\/pressurezone.shop\/wp-content\/uploads\/2024\/10\/Order-Gelato-Cannabis-Shatter-12x12.jpg",12,12,true],"woocommerce_thumbnail":["https:\/\/pressurezone.shop\/wp-content\/uploads\/2024\/10\/Order-Gelato-Cannabis-Shatter-300x300.jpg",300,300,true],"woocommerce_single":["https:\/\/pressurezone.shop\/wp-content\/uploads\/2024\/10\/Order-Gelato-Cannabis-Shatter-600x600.jpg",600,600,true],"woocommerce_gallery_thumbnail":["https:\/\/pressurezone.shop\/wp-content\/uploads\/2024\/10\/Order-Gelato-Cannabis-Shatter-100x100.jpg",100,100,true]},"uagb_author_info":{"display_name":"pressurezone.shop","author_link":"https:\/\/pressurezone.shop\/sv\/author\/"},"uagb_comment_info":0,"uagb_excerpt":"Commandez Gelato Cannabis Shatter en Ligne en Europe Gelato Cannabis Shatter, \u00e9galement connu sous le nom de \u00ab\u00a0Larry Bird\u00a0\u00bb, est un concentr\u00e9 hybride embl\u00e9matique qui a \u00e9t\u00e9 \u00e9lu vari\u00e9t\u00e9 de l\u2019ann\u00e9e 2018 par Leafly. Originaire de la r\u00e9gion de la Baie de San Francisco, ce shatter est c\u00e9l\u00e8bre pour ses effets euphoriques et cr\u00e9atifs, tout&hellip;","_links":{"self":[{"href":"https:\/\/pressurezone.shop\/sv\/wp-json\/wp\/v2\/product\/3351"}],"collection":[{"href":"https:\/\/pressurezone.shop\/sv\/wp-json\/wp\/v2\/product"}],"about":[{"href":"https:\/\/pressurezone.shop\/sv\/wp-json\/wp\/v2\/types\/product"}],"replies":[{"embeddable":true,"href":"https:\/\/pressurezone.shop\/sv\/wp-json\/wp\/v2\/comments?post=3351"}],"version-history":[{"count":3,"href":"https:\/\/pressurezone.shop\/sv\/wp-json\/wp\/v2\/product\/3351\/revisions"}],"predecessor-version":[{"id":4497,"href":"https:\/\/pressurezone.shop\/sv\/wp-json\/wp\/v2\/product\/3351\/revisions\/4497"}],"wp:featuredmedia":[{"embeddable":true,"href":"https:\/\/pressurezone.shop\/sv\/wp-json\/wp\/v2\/media\/3439"}],"wp:attachment":[{"href":"https:\/\/pressurezone.shop\/sv\/wp-json\/wp\/v2\/media?parent=3351"}],"wp:term":[{"taxonomy":"product_brand","embeddable":true,"href":"https:\/\/pressurezone.shop\/sv\/wp-json\/wp\/v2\/product_brand?post=3351"},{"taxonomy":"product_cat","embeddable":true,"href":"https:\/\/pressurezone.shop\/sv\/wp-json\/wp\/v2\/product_cat?post=3351"},{"taxonomy":"product_tag","embeddable":true,"href":"https:\/\/pressurezone.shop\/sv\/wp-json\/wp\/v2\/product_tag?post=3351"}],"curies":[{"name":"wp","href":"https:\/\/api.w.org\/{rel}","templated":true}]}}