{"id":3361,"date":"2024-10-11T01:01:03","date_gmt":"2024-10-10T23:01:03","guid":{"rendered":"https:\/\/pressurezone.shop\/?post_type=product&#038;p=3361"},"modified":"2024-11-15T20:32:41","modified_gmt":"2024-11-15T19:32:41","slug":"bubba-kush-cannabis-shatter","status":"publish","type":"product","link":"https:\/\/pressurezone.shop\/sv\/produkt\/bubba-kush-cannabis-shatter\/","title":{"rendered":"Bubba Kush Cannabis Shatter"},"content":{"rendered":"<h3><strong>K\u00f6p Bubba Kush Cannabis Shatter online Europa<\/strong><\/h3>\n<p>Uppt\u00e4ck ultimat avkoppling med <strong>Bubba Kush Cannabis Shatter<\/strong>\u00e4ven k\u00e4nd som <strong>BK<\/strong> eller <strong>Bubba OG Kush<\/strong>. Detta premium indica-koncentrat (80% indica\/20% sativa) kommer fr\u00e5n en rik sl\u00e4ktlinje, f\u00f6rmodligen en korsning mellan <strong>Afghansk<\/strong> och <strong>OG Kush<\/strong>\u00e4ven om dess exakta ursprung f\u00f6rblir ett mysterium. Bubba Kush \u00e4r uppskattad f\u00f6r sina kraftfulla effekter och \u00e4r perfekt f\u00f6r att koppla av kroppen och lugna sinnet.<a href=\"https:\/\/fuelpackz.com\/\" target=\"_blank\" rel=\"noopener\">.<\/a><\/p>\n<hr \/>\n<h3><strong>Varf\u00f6r v\u00e4lja Bubba Kush Cannabis Shatter?<\/strong><\/h3>\n<p>Le <strong>Bubba Kush Cannabis Shatter<\/strong> \u00e4r ett h\u00f6gkvalitativt cannabiskoncentrat, k\u00e4nt f\u00f6r sin <strong>h\u00f6ga halter av THC (14-25%)<\/strong>. Den erbjuder en exceptionell sensorisk upplevelse tack vare sin unika terpenprofil, med en s\u00f6t, jordig arom och tr\u00e4iga toner.<\/p>\n<ul>\n<li><strong>Dominans Indica<\/strong> Perfekt f\u00f6r djup avslappning och sm\u00e4rtlindring.<\/li>\n<li><strong>M\u00e5ngsidig anv\u00e4ndning<\/strong> Perfekt f\u00f6r kv\u00e4llar eller lugna dagar.<\/li>\n<li><strong>Extraktion av premium<\/strong> : S\u00e4kerst\u00e4ller maximal renhet och effekt.<\/li>\n<\/ul>\n<hr \/>\n<h3><strong>Effekter av Bubba Kush Cannabis Shatter<\/strong><\/h3>\n<p>Detta splitter ger en <strong>lugnande cerebral effekt<\/strong>vilket omedelbart h\u00f6jer hum\u00f6ret och eliminerar stress. N\u00e4sta, en <strong>en k\u00e4nsla av v\u00e4lbefinnande<\/strong> K\u00e4nslan s\u00e4tter sig och l\u00e4mnar dig avslappnad och sm\u00e4rtfri i flera timmar.<\/p>\n<ul>\n<li><strong>Avslappnande effekt<\/strong> Lindrar muskelsp\u00e4nningar.<\/li>\n<li><strong>Mentalt lugnande<\/strong> Minskar \u00e5ngest och stress.<\/li>\n<li><strong>S\u00f6t eufori<\/strong> Fr\u00e4mjar en k\u00e4nsla av allm\u00e4nt v\u00e4lbefinnande.<\/li>\n<\/ul>\n<hr \/>\n<h3><strong>Kan avlasta :<\/strong><\/h3>\n<p>Bubba Kush Cannabis Shatter \u00e4r mycket uppskattad f\u00f6r sina terapeutiska f\u00f6rdelar. Dess balanserade effekter g\u00f6r den idealisk f\u00f6r behandling av en m\u00e4ngd olika st\u00f6rningar, inklusive :<\/p>\n<ul>\n<li><strong>Hum\u00f6rsv\u00e4ngningar och depression<\/strong> : Fr\u00e4mjar ett positivt sinnestillst\u00e5nd.<\/li>\n<li><strong>Kronisk sm\u00e4rta och muskelspasmer<\/strong> : Ger best\u00e5ende lindring.<\/li>\n<li><strong>Kramp och stress<\/strong> Hj\u00e4lper till att slappna av i kropp och sj\u00e4l.<\/li>\n<\/ul>\n<hr \/>\n<h3><strong>Smak- och doftprofil<\/strong><\/h3>\n<p>L\u00e5t dig f\u00f6rf\u00f6ras av de <strong>karakteristiska smaker av Bubba Kush<\/strong>med sin smak <strong>jordig och tr\u00e4ig<\/strong> och dess inslag av <strong>mjukhet<\/strong> som kommer att gl\u00e4dja din gom. Dess arom blandar <strong>jordig tall<\/strong> och <strong>subtila kryddiga toner<\/strong>f\u00f6r en komplett upplevelse.<\/p>\n<ul>\n<li><strong>Smaker<\/strong> Jordig, s\u00f6t, tr\u00e4ig<\/li>\n<li><strong>Dofter<\/strong> Tall, jordig, kryddig<\/li>\n<\/ul>\n<hr \/>\n<h3><strong>Hur man njuter av Bubba Kush Cannabis Shatter?<\/strong><\/h3>\n<ol>\n<li><strong>Dab<\/strong> F\u00f6r en ren och intensiv upplevelse.<\/li>\n<li><strong>Vapote<\/strong> Mjuka, kontrollerade effekter.<\/li>\n<li><strong>Infusioner<\/strong> L\u00e4gg till det i dina recept f\u00f6r hemlagade skapelser.<\/li>\n<\/ol>\n<hr \/>\n<h3><strong>Best\u00e4ll Bubba Kush Cannabis Shatter online nu<\/strong><\/h3>\n<p>Redo att njuta av de avslappnande och terapeutiska effekterna av <strong>Bubba Kush Cannabis Shatter<\/strong> ? K\u00f6p nu p\u00e5 <a href=\"https:\/\/pressurezone.shop\/sv\/\" target=\"_new\" rel=\"noopener\">Tryckzonsbutik<\/a> och uppt\u00e4ck ett exceptionellt cannabiskoncentrat. Oavsett om du vill lindra sm\u00e4rta eller varva ner efter en l\u00e5ng dag \u00e4r Bubba Kush Shatter din perfekta allierade.<\/p>","protected":false},"excerpt":{"rendered":"<p>Achetez Bubba Kush Cannabis Shatter en Ligne Europe D\u00e9couvrez une relaxation ultime avec le Bubba Kush Cannabis Shatter, \u00e9galement connu sous le nom de BK ou Bubba OG Kush. Ce concentr\u00e9 premium d&rsquo;indica (80% indica\/20% sativa) est issu d&rsquo;une riche lign\u00e9e, probablement un croisement entre Afghani et OG Kush, bien que ses origines exactes restent [&hellip;]<\/p>","protected":false},"featured_media":3443,"comment_status":"closed","ping_status":"closed","template":"","meta":{"_uag_custom_page_level_css":"","site-sidebar-layout":"default","site-content-layout":"","ast-site-content-layout":"default","site-content-style":"default","site-sidebar-style":"default","ast-global-header-display":"","ast-banner-title-visibility":"","ast-main-header-display":"","ast-hfb-above-header-display":"","ast-hfb-below-header-display":"","ast-hfb-mobile-header-display":"","site-post-title":"","ast-breadcrumbs-content":"","ast-featured-img":"","footer-sml-layout":"","theme-transparent-header-meta":"default","adv-header-id-meta":"","stick-header-meta":"","header-above-stick-meta":"","header-main-stick-meta":"","header-below-stick-meta":"","astra-migrate-meta-layouts":"set","ast-page-background-enabled":"default","ast-page-background-meta":{"desktop":{"background-color":"","background-image":"","background-repeat":"repeat","background-position":"center center","background-size":"auto","background-attachment":"scroll","background-type":"","background-media":"","overlay-type":"","overlay-color":"","overlay-opacity":"","overlay-gradient":""},"tablet":{"background-color":"","background-image":"","background-repeat":"repeat","background-position":"center center","background-size":"auto","background-attachment":"scroll","background-type":"","background-media":"","overlay-type":"","overlay-color":"","overlay-opacity":"","overlay-gradient":""},"mobile":{"background-color":"","background-image":"","background-repeat":"repeat","background-position":"center center","background-size":"auto","background-attachment":"scroll","background-type":"","background-media":"","overlay-type":"","overlay-color":"","overlay-opacity":"","overlay-gradient":""}},"ast-content-background-meta":{"desktop":{"background-color":"var(--ast-global-color-5)","background-image":"","background-repeat":"repeat","background-position":"center center","background-size":"auto","background-attachment":"scroll","background-type":"","background-media":"","overlay-type":"","overlay-color":"","overlay-opacity":"","overlay-gradient":""},"tablet":{"background-color":"var(--ast-global-color-5)","background-image":"","background-repeat":"repeat","background-position":"center center","background-size":"auto","background-attachment":"scroll","background-type":"","background-media":"","overlay-type":"","overlay-color":"","overlay-opacity":"","overlay-gradient":""},"mobile":{"background-color":"var(--ast-global-color-5)","background-image":"","background-repeat":"repeat","background-position":"center center","background-size":"auto","background-attachment":"scroll","background-type":"","background-media":"","overlay-type":"","overlay-color":"","overlay-opacity":"","overlay-gradient":""}}},"product_brand":[],"product_cat":[334,436],"product_tag":[459],"class_list":{"0":"post-3361","1":"product","2":"type-product","3":"status-publish","4":"has-post-thumbnail","6":"product_cat-concentres-de-marijuana","7":"product_cat-achetez-du-shatter-dab-wax","8":"product_tag-bubba-kush-cannabis-shatter","9":"desktop-align-left","10":"tablet-align-left","11":"mobile-align-left","13":"first","14":"instock","15":"shipping-taxable","16":"purchasable","17":"product-type-variable"},"uagb_featured_image_src":{"full":["https:\/\/pressurezone.shop\/wp-content\/uploads\/2024\/10\/Bubba-Kush-Cannabis-Shatter.jpg",1000,1000,false],"thumbnail":["https:\/\/pressurezone.shop\/wp-content\/uploads\/2024\/10\/Bubba-Kush-Cannabis-Shatter-150x150.jpg",150,150,true],"medium":["https:\/\/pressurezone.shop\/wp-content\/uploads\/2024\/10\/Bubba-Kush-Cannabis-Shatter-300x300.jpg",300,300,true],"medium_large":["https:\/\/pressurezone.shop\/wp-content\/uploads\/2024\/10\/Bubba-Kush-Cannabis-Shatter-768x768.jpg",768,768,true],"large":["https:\/\/pressurezone.shop\/wp-content\/uploads\/2024\/10\/Bubba-Kush-Cannabis-Shatter.jpg",1000,1000,false],"1536x1536":["https:\/\/pressurezone.shop\/wp-content\/uploads\/2024\/10\/Bubba-Kush-Cannabis-Shatter.jpg",1000,1000,false],"2048x2048":["https:\/\/pressurezone.shop\/wp-content\/uploads\/2024\/10\/Bubba-Kush-Cannabis-Shatter.jpg",1000,1000,false],"trp-custom-language-flag":["https:\/\/pressurezone.shop\/wp-content\/uploads\/2024\/10\/Bubba-Kush-Cannabis-Shatter-12x12.jpg",12,12,true],"woocommerce_thumbnail":["https:\/\/pressurezone.shop\/wp-content\/uploads\/2024\/10\/Bubba-Kush-Cannabis-Shatter-300x300.jpg",300,300,true],"woocommerce_single":["https:\/\/pressurezone.shop\/wp-content\/uploads\/2024\/10\/Bubba-Kush-Cannabis-Shatter-600x600.jpg",600,600,true],"woocommerce_gallery_thumbnail":["https:\/\/pressurezone.shop\/wp-content\/uploads\/2024\/10\/Bubba-Kush-Cannabis-Shatter-100x100.jpg",100,100,true]},"uagb_author_info":{"display_name":"pressurezone.shop","author_link":"https:\/\/pressurezone.shop\/sv\/author\/"},"uagb_comment_info":0,"uagb_excerpt":"Achetez Bubba Kush Cannabis Shatter en Ligne Europe D\u00e9couvrez une relaxation ultime avec le Bubba Kush Cannabis Shatter, \u00e9galement connu sous le nom de BK ou Bubba OG Kush. Ce concentr\u00e9 premium d&rsquo;indica (80% indica\/20% sativa) est issu d&rsquo;une riche lign\u00e9e, probablement un croisement entre Afghani et OG Kush, bien que ses origines exactes restent&hellip;","_links":{"self":[{"href":"https:\/\/pressurezone.shop\/sv\/wp-json\/wp\/v2\/product\/3361"}],"collection":[{"href":"https:\/\/pressurezone.shop\/sv\/wp-json\/wp\/v2\/product"}],"about":[{"href":"https:\/\/pressurezone.shop\/sv\/wp-json\/wp\/v2\/types\/product"}],"replies":[{"embeddable":true,"href":"https:\/\/pressurezone.shop\/sv\/wp-json\/wp\/v2\/comments?post=3361"}],"version-history":[{"count":3,"href":"https:\/\/pressurezone.shop\/sv\/wp-json\/wp\/v2\/product\/3361\/revisions"}],"predecessor-version":[{"id":4393,"href":"https:\/\/pressurezone.shop\/sv\/wp-json\/wp\/v2\/product\/3361\/revisions\/4393"}],"wp:featuredmedia":[{"embeddable":true,"href":"https:\/\/pressurezone.shop\/sv\/wp-json\/wp\/v2\/media\/3443"}],"wp:attachment":[{"href":"https:\/\/pressurezone.shop\/sv\/wp-json\/wp\/v2\/media?parent=3361"}],"wp:term":[{"taxonomy":"product_brand","embeddable":true,"href":"https:\/\/pressurezone.shop\/sv\/wp-json\/wp\/v2\/product_brand?post=3361"},{"taxonomy":"product_cat","embeddable":true,"href":"https:\/\/pressurezone.shop\/sv\/wp-json\/wp\/v2\/product_cat?post=3361"},{"taxonomy":"product_tag","embeddable":true,"href":"https:\/\/pressurezone.shop\/sv\/wp-json\/wp\/v2\/product_tag?post=3361"}],"curies":[{"name":"wp","href":"https:\/\/api.w.org\/{rel}","templated":true}]}}