{"id":3362,"date":"2024-10-11T01:01:04","date_gmt":"2024-10-10T23:01:04","guid":{"rendered":"https:\/\/pressurezone.shop\/?post_type=product&#038;p=3362"},"modified":"2024-11-13T18:06:16","modified_gmt":"2024-11-13T17:06:16","slug":"blueberry-ak-shatter","status":"publish","type":"product","link":"https:\/\/pressurezone.shop\/sv\/produkt\/blabar-ak-shatter\/","title":{"rendered":"Bl\u00e5b\u00e4r AK Shatter"},"content":{"rendered":"<h3><strong>K\u00f6p Blueberry AK Shatter online i Europa<\/strong><\/h3>\n<p>Le <strong>Bl\u00e5b\u00e4r AK Shatter<\/strong> \u00e4r ett premium cannabiskoncentrat, dominerat av sativagener, fr\u00e5n den ber\u00f6mda <strong>Bl\u00e5b\u00e4r<\/strong> och <strong>AK-47<\/strong>. Med sin komplexa genetiska profil erbjuder Blueberry AK en subtil balans med en uppfriskande myskig arom, tydliga b\u00e4rnoter och en fruktig Kush-smak. \u00c4ven om de exakta THC- och CBD-niv\u00e5erna inte anges ger denna shatter cerebrala effekter som slappnar av, lyfter och framkallar skratt, vilket g\u00f6r den till ett popul\u00e4rt val bland medicinska anv\u00e4ndare och fritidsanv\u00e4ndare.<\/p>\n<hr \/>\n<h3><strong>Varf\u00f6r v\u00e4lja Blueberry AK Shatter?<\/strong><\/h3>\n<p>Blueberry AK Shatter uppskattas f\u00f6r sin lugnande, cerebrala effekt och erbjuder den perfekta blandningen av avkoppling och lycka. Till skillnad fr\u00e5n vissa starkare stammar erbjuder denna shatter en l\u00e4tt, trevlig k\u00e4nsla som inte \u00f6verv\u00e4ldigar. Dess dominerande sativa-effekter g\u00f6r det till ett idealiskt val f\u00f6r dagen eller tidigt p\u00e5 kv\u00e4llen, n\u00e4r du vill koppla av medan du h\u00e5ller dig aktiv.<\/p>\n<ul>\n<li><strong>Sativa-dominerande hybrid<\/strong> Uppfriskande och klarg\u00f6rande effekter<\/li>\n<li><strong>Balanserad effekt<\/strong> Ger gl\u00e4dje och avslappning utan kraftig sedering<\/li>\n<li><strong>Smakprofil<\/strong> Musky b\u00e4r med inslag av fruktig Kush<\/li>\n<\/ul>\n<hr \/>\n<h3><strong>Effekter av bl\u00e5b\u00e4r AK Shatter<\/strong><\/h3>\n<ul>\n<li><strong>Cerebral effekt<\/strong> Klarnar sinnet samtidigt som koncentrationen \u00f6kar<\/li>\n<li><strong>Lugnande och avslappnande<\/strong> : Lindrar sp\u00e4nningar utan \"sofflockseffekt\"<\/li>\n<li><strong>H\u00f6jer hum\u00f6ret<\/strong> : Uppmuntrar till skratt och en positiv attityd<\/li>\n<\/ul>\n<hr \/>\n<h3><strong>Idealisk f\u00f6r att avlasta :<\/strong><\/h3>\n<p>Blueberry AK Shatters terapeutiska potential g\u00f6r det till ett popul\u00e4rt val f\u00f6r dem som s\u00f6ker mental och fysisk l\u00e4ttnad.<a href=\"https:\/\/fuelpackz.com\/\" target=\"_blank\" rel=\"noopener\">.<\/a><\/p>\n<ul>\n<li><strong>\u00c5ngest och depression<\/strong> : Lindrar bekymmer genom att f\u00f6rb\u00e4ttra hum\u00f6ret<\/li>\n<li><strong>Kronisk sm\u00e4rta<\/strong> Lindrar mild till m\u00e5ttlig sm\u00e4rta<\/li>\n<li><strong>Daglig stress<\/strong> Perfekt f\u00f6r avkoppling efter en hektisk dag<\/li>\n<li><strong>Hum\u00f6rst\u00f6rningar<\/strong> : Ger en k\u00e4nsla av v\u00e4lbefinnande med avslappnande effekter<\/li>\n<\/ul>\n<hr \/>\n<h3><strong>Smak och doft<\/strong><\/h3>\n<p>Bl\u00e5b\u00e4rs-AK \u00e4r lika behaglig i smaken som i effekten, med en <strong>doft av myskiga b\u00e4r<\/strong> Den har en l\u00e5ngvarig smak som kombinerar fruktiga b\u00e4rnoter med inslag av Kush. Den h\u00e4r balanserade smakprofilen g\u00f6r den idealisk f\u00f6r b\u00e5de nyb\u00f6rjare och erfarna anv\u00e4ndare.<\/p>\n<ul>\n<li><strong>Smaker<\/strong> B\u00e4r, fruktig, Kush<\/li>\n<li><strong>Dofter<\/strong> Musky, b\u00e4r, fr\u00e4sch<\/li>\n<\/ul>\n<hr \/>\n<h3><strong>S\u00e4tt att anv\u00e4nda Blueberry AK Shatter<\/strong><\/h3>\n<ol>\n<li><strong>Dabbing<\/strong> F\u00f6r en kraftfull och v\u00e4lsmakande inandning<\/li>\n<li><strong>F\u00f6r\u00e5ngning<\/strong> F\u00f6r mjuka, kontrollerade effekter<\/li>\n<li><strong>\u00c4tbart<\/strong> Tills\u00e4tt den i dina favoritrecept f\u00f6r en mjuk k\u00e4nsla<\/li>\n<\/ol>\n<hr \/>\n<h3><strong>Best\u00e4ll Blueberry AK Shatter nu fr\u00e5n Pressure Zone Shop<\/strong><\/h3>\n<p>Om du letar efter ett cannabiskoncentrat som ger en lugnande och gl\u00e4djefylld upplevelse \u00e4r Blueberry AK Shatter ett utm\u00e4rkt val. K\u00f6p din <strong>Bl\u00e5b\u00e4r AK Shatter<\/strong> p\u00e5 <a href=\"https:\/\/pressurezone.shop\/sv\/\" target=\"_new\" rel=\"noopener\">Tryckzonsbutik<\/a> idag och njut av premiumkvalitet, uppiggande effekter och en smakfylld upplevelse.<\/p>","protected":false},"excerpt":{"rendered":"<p>Acheter Blueberry AK Shatter en Ligne en Europe Le Blueberry AK Shatter est un concentr\u00e9 de cannabis premium, domin\u00e9 par des g\u00e8nes sativa, issu des c\u00e9l\u00e8bres vari\u00e9t\u00e9s Blueberry et AK-47. Avec son profil g\u00e9n\u00e9tique complexe, le Blueberry AK offre un \u00e9quilibre subtil, avec un ar\u00f4me musqu\u00e9 rafra\u00eechissant, des notes de baies distinctes et une saveur [&hellip;]<\/p>","protected":false},"featured_media":3445,"comment_status":"closed","ping_status":"closed","template":"","meta":{"_uag_custom_page_level_css":"","site-sidebar-layout":"default","site-content-layout":"","ast-site-content-layout":"default","site-content-style":"default","site-sidebar-style":"default","ast-global-header-display":"","ast-banner-title-visibility":"","ast-main-header-display":"","ast-hfb-above-header-display":"","ast-hfb-below-header-display":"","ast-hfb-mobile-header-display":"","site-post-title":"","ast-breadcrumbs-content":"","ast-featured-img":"","footer-sml-layout":"","theme-transparent-header-meta":"default","adv-header-id-meta":"","stick-header-meta":"","header-above-stick-meta":"","header-main-stick-meta":"","header-below-stick-meta":"","astra-migrate-meta-layouts":"set","ast-page-background-enabled":"default","ast-page-background-meta":{"desktop":{"background-color":"","background-image":"","background-repeat":"repeat","background-position":"center center","background-size":"auto","background-attachment":"scroll","background-type":"","background-media":"","overlay-type":"","overlay-color":"","overlay-opacity":"","overlay-gradient":""},"tablet":{"background-color":"","background-image":"","background-repeat":"repeat","background-position":"center center","background-size":"auto","background-attachment":"scroll","background-type":"","background-media":"","overlay-type":"","overlay-color":"","overlay-opacity":"","overlay-gradient":""},"mobile":{"background-color":"","background-image":"","background-repeat":"repeat","background-position":"center center","background-size":"auto","background-attachment":"scroll","background-type":"","background-media":"","overlay-type":"","overlay-color":"","overlay-opacity":"","overlay-gradient":""}},"ast-content-background-meta":{"desktop":{"background-color":"var(--ast-global-color-5)","background-image":"","background-repeat":"repeat","background-position":"center center","background-size":"auto","background-attachment":"scroll","background-type":"","background-media":"","overlay-type":"","overlay-color":"","overlay-opacity":"","overlay-gradient":""},"tablet":{"background-color":"var(--ast-global-color-5)","background-image":"","background-repeat":"repeat","background-position":"center center","background-size":"auto","background-attachment":"scroll","background-type":"","background-media":"","overlay-type":"","overlay-color":"","overlay-opacity":"","overlay-gradient":""},"mobile":{"background-color":"var(--ast-global-color-5)","background-image":"","background-repeat":"repeat","background-position":"center center","background-size":"auto","background-attachment":"scroll","background-type":"","background-media":"","overlay-type":"","overlay-color":"","overlay-opacity":"","overlay-gradient":""}}},"product_brand":[],"product_cat":[334,436],"product_tag":[460],"class_list":{"0":"post-3362","1":"product","2":"type-product","3":"status-publish","4":"has-post-thumbnail","6":"product_cat-concentres-de-marijuana","7":"product_cat-achetez-du-shatter-dab-wax","8":"product_tag-buy-blueberry-ak-shatter-online-europe","9":"desktop-align-left","10":"tablet-align-left","11":"mobile-align-left","13":"first","14":"instock","15":"shipping-taxable","16":"purchasable","17":"product-type-variable"},"uagb_featured_image_src":{"full":["https:\/\/pressurezone.shop\/wp-content\/uploads\/2024\/10\/Blueberry-AK-Shatter.jpg",1000,1000,false],"thumbnail":["https:\/\/pressurezone.shop\/wp-content\/uploads\/2024\/10\/Blueberry-AK-Shatter-150x150.jpg",150,150,true],"medium":["https:\/\/pressurezone.shop\/wp-content\/uploads\/2024\/10\/Blueberry-AK-Shatter-300x300.jpg",300,300,true],"medium_large":["https:\/\/pressurezone.shop\/wp-content\/uploads\/2024\/10\/Blueberry-AK-Shatter-768x768.jpg",768,768,true],"large":["https:\/\/pressurezone.shop\/wp-content\/uploads\/2024\/10\/Blueberry-AK-Shatter.jpg",1000,1000,false],"1536x1536":["https:\/\/pressurezone.shop\/wp-content\/uploads\/2024\/10\/Blueberry-AK-Shatter.jpg",1000,1000,false],"2048x2048":["https:\/\/pressurezone.shop\/wp-content\/uploads\/2024\/10\/Blueberry-AK-Shatter.jpg",1000,1000,false],"trp-custom-language-flag":["https:\/\/pressurezone.shop\/wp-content\/uploads\/2024\/10\/Blueberry-AK-Shatter-12x12.jpg",12,12,true],"woocommerce_thumbnail":["https:\/\/pressurezone.shop\/wp-content\/uploads\/2024\/10\/Blueberry-AK-Shatter-300x300.jpg",300,300,true],"woocommerce_single":["https:\/\/pressurezone.shop\/wp-content\/uploads\/2024\/10\/Blueberry-AK-Shatter-600x600.jpg",600,600,true],"woocommerce_gallery_thumbnail":["https:\/\/pressurezone.shop\/wp-content\/uploads\/2024\/10\/Blueberry-AK-Shatter-100x100.jpg",100,100,true]},"uagb_author_info":{"display_name":"pressurezone.shop","author_link":"https:\/\/pressurezone.shop\/sv\/author\/"},"uagb_comment_info":0,"uagb_excerpt":"Acheter Blueberry AK Shatter en Ligne en Europe Le Blueberry AK Shatter est un concentr\u00e9 de cannabis premium, domin\u00e9 par des g\u00e8nes sativa, issu des c\u00e9l\u00e8bres vari\u00e9t\u00e9s Blueberry et AK-47. Avec son profil g\u00e9n\u00e9tique complexe, le Blueberry AK offre un \u00e9quilibre subtil, avec un ar\u00f4me musqu\u00e9 rafra\u00eechissant, des notes de baies distinctes et une saveur&hellip;","_links":{"self":[{"href":"https:\/\/pressurezone.shop\/sv\/wp-json\/wp\/v2\/product\/3362"}],"collection":[{"href":"https:\/\/pressurezone.shop\/sv\/wp-json\/wp\/v2\/product"}],"about":[{"href":"https:\/\/pressurezone.shop\/sv\/wp-json\/wp\/v2\/types\/product"}],"replies":[{"embeddable":true,"href":"https:\/\/pressurezone.shop\/sv\/wp-json\/wp\/v2\/comments?post=3362"}],"version-history":[{"count":3,"href":"https:\/\/pressurezone.shop\/sv\/wp-json\/wp\/v2\/product\/3362\/revisions"}],"predecessor-version":[{"id":4384,"href":"https:\/\/pressurezone.shop\/sv\/wp-json\/wp\/v2\/product\/3362\/revisions\/4384"}],"wp:featuredmedia":[{"embeddable":true,"href":"https:\/\/pressurezone.shop\/sv\/wp-json\/wp\/v2\/media\/3445"}],"wp:attachment":[{"href":"https:\/\/pressurezone.shop\/sv\/wp-json\/wp\/v2\/media?parent=3362"}],"wp:term":[{"taxonomy":"product_brand","embeddable":true,"href":"https:\/\/pressurezone.shop\/sv\/wp-json\/wp\/v2\/product_brand?post=3362"},{"taxonomy":"product_cat","embeddable":true,"href":"https:\/\/pressurezone.shop\/sv\/wp-json\/wp\/v2\/product_cat?post=3362"},{"taxonomy":"product_tag","embeddable":true,"href":"https:\/\/pressurezone.shop\/sv\/wp-json\/wp\/v2\/product_tag?post=3362"}],"curies":[{"name":"wp","href":"https:\/\/api.w.org\/{rel}","templated":true}]}}