{"id":3363,"date":"2024-10-11T01:01:04","date_gmt":"2024-10-10T23:01:04","guid":{"rendered":"https:\/\/pressurezone.shop\/?post_type=product&#038;p=3363"},"modified":"2024-11-13T17:52:57","modified_gmt":"2024-11-13T16:52:57","slug":"banana-mimosa-cannabis-shatter","status":"publish","type":"product","link":"https:\/\/pressurezone.shop\/sv\/produkt\/banan-mimosa-cannabis-shatter\/","title":{"rendered":"Banan Mimosa Cannabis Shatter"},"content":{"rendered":"<div class=\"flex-shrink-0 flex flex-col relative items-end\">\n<div>\n<div class=\"pt-0\">\n<div class=\"gizmo-bot-avatar flex h-8 w-8 items-center justify-center overflow-hidden rounded-full\">\n<div class=\"relative p-1 rounded-sm flex items-center justify-center bg-token-main-surface-primary text-token-text-primary h-8 w-8\"><\/div>\n<\/div>\n<\/div>\n<\/div>\n<\/div>\n<div class=\"group\/conversation-turn relative flex w-full min-w-0 flex-col agent-turn\">\n<div class=\"flex-col gap-1 md:gap-3\">\n<div class=\"flex max-w-full flex-col flex-grow\">\n<div class=\"min-h-8 text-message flex w-full flex-col items-end gap-2 whitespace-normal break-words [.text-message+&amp;]:mt-5\" dir=\"auto\" data-message-author-role=\"assistant\" data-message-id=\"4f2689ec-aa7b-4f46-ac48-a07ba79f9240\" data-message-model-slug=\"gpt-4o\">\n<div class=\"flex w-full flex-col gap-1 empty:hidden first:pt-[3px]\">\n<div class=\"markdown prose w-full break-words dark:prose-invert light\">\n<h3><strong>K\u00f6p Banana Mimosa Cannabis Shatter online i Europa<\/strong><\/h3>\n<p>Banana Mimosa Cannabis Shatter \u00e4r ett popul\u00e4rt hybridkoncentrat, resultatet av en korsning mellan de ber\u00f6mda stammarna <strong>Banan Kush<\/strong> och <strong>Purple Punch<\/strong>. Denna shatter \u00e4r uppskattad f\u00f6r sin styrka och rika smaker, perfekt f\u00f6r dem som s\u00f6ker en balanserad effekt mellan stimulering och avkoppling. Med sina tropiska banan- och citrusaromer \u00e4r Banana Mimosa ett m\u00e5ste f\u00f6r cannabis\u00e4lskare.<a href=\"https:\/\/fuelpackz.com\/\" target=\"_blank\" rel=\"noopener\">.<\/a><\/p>\n<hr \/>\n<h3><strong>Varf\u00f6r v\u00e4lja Banana Mimosa Cannabis Shatter?<\/strong><\/h3>\n<p>Banana Mimosa erbjuder en m\u00e5ngsidig effekt som kan anpassas till dina behov. I sm\u00e5 doser ger det en k\u00e4nsla av <strong>v\u00e4lbefinnande<\/strong>av <strong>motivation<\/strong>och<strong>upph\u00f6jning<\/strong> perfekt f\u00f6r vardagliga aktiviteter. Vid h\u00f6gre doser ger denna shatter en k\u00e4nsla av <strong>avkoppling<\/strong> perfekt f\u00f6r att koppla av och njuta av en lugn kv\u00e4ll.<\/p>\n<h4><strong>Effekter av Banana Mimosa Shatter :<\/strong><\/h4>\n<ul>\n<li><strong>Eufori<\/strong> Lindrar stressiga tankar och h\u00f6jer hum\u00f6ret.<\/li>\n<li><strong>Motivering<\/strong> Perfekt f\u00f6r att h\u00e5lla fokus och vara produktiv.<\/li>\n<li><strong>Avslappning<\/strong> I stora doser fr\u00e4mjar den total avslappning och djup s\u00f6mn.<\/li>\n<\/ul>\n<h4><strong>Idealisk f\u00f6r att avlasta :<\/strong><\/h4>\n<ul>\n<li><strong>Depression<\/strong> Hj\u00e4lper till att lyfta hum\u00f6ret och ger en ljusare syn p\u00e5 tillvaron.<\/li>\n<li><strong>Stress<\/strong> En naturlig bundsf\u00f6rvant mot psykiska och fysiska sp\u00e4nningar.<\/li>\n<li><strong>S\u00f6mnl\u00f6shet<\/strong> I h\u00f6ga doser hj\u00e4lper det till att bek\u00e4mpa rastl\u00f6shet och fr\u00e4mjar vilsam s\u00f6mn.<\/li>\n<\/ul>\n<hr \/>\n<h3><strong>Smak och doft av Banana Mimosa Shatter<\/strong><\/h3>\n<p>Med en <strong>intensiv banansmak<\/strong> och<strong>citrus<\/strong>Denna shatter \u00e4r ett sensoriskt n\u00f6je som framkallar tropisk friskhet. Noter av mogen frukt i kombination med en mjuk, s\u00f6t doft skapar en unik smakupplevelse, n\u00e4ra den sanna essensen av v\u00e4xten.<\/p>\n<ul>\n<li><strong>Smaker<\/strong> Banan, Citrus, S\u00f6t<\/li>\n<li><strong>Dofter<\/strong> Tropisk, fruktig, s\u00f6t<\/li>\n<\/ul>\n<hr \/>\n<h3><strong>Hur man anv\u00e4nder Banana Mimosa Shatter<\/strong><\/h3>\n<ol>\n<li><strong>Dabbing<\/strong> Anv\u00e4nd en dab-rigg eller penna f\u00f6r snabb, direkt inhalation.<\/li>\n<li><strong>F\u00f6r\u00e5ngning<\/strong> Njut av en mjukare inandning med en spray som \u00e4r utformad f\u00f6r koncentrat.<\/li>\n<li><strong>L\u00e4gg till blommor<\/strong> Kombinera den med dina favoritblommor f\u00f6r en f\u00f6rst\u00e4rkt effekt.<\/li>\n<\/ol>\n<hr \/>\n<h3><strong>Varf\u00f6r k\u00f6pa fr\u00e5n Pressure Zone Shop?<\/strong><\/h3>\n<p>Vid <a href=\"https:\/\/pressurezone.shop\/sv\/\" target=\"_new\" rel=\"noopener\">Tryckzonsbutik<\/a>Vi garanterar laboratorietestade produkter, vilket garanterar renhet och kvalitet. Varje Banana Mimosa shatter \u00e4r noggrant utformad f\u00f6r att leverera en premiumupplevelse. Lita p\u00e5 v\u00e5r expertis f\u00f6r dina h\u00f6gkvalitativa cannabisbehov.<\/p>\n<hr \/>\n<h3><strong>Best\u00e4ll nu!<\/strong><\/h3>\n<p>V\u00e4nta inte l\u00e4ngre med att uppt\u00e4cka f\u00f6rdelarna med Banana Mimosa Cannabis Shatter. Denna stigande stj\u00e4rna \u00e4r perfekt f\u00f6r dem som letar efter en balanserad, v\u00e4lsmakande effekt. Best\u00e4ll idag och f\u00e5 det direkt i Europa!<\/p>\n<\/div>\n<\/div>\n<\/div>\n<\/div>\n<\/div>\n<\/div>","protected":false},"excerpt":{"rendered":"<p>Achetez Banana Mimosa Cannabis Shatter en ligne en Europe Le Banana Mimosa Cannabis Shatter est un concentr\u00e9 hybride populaire, r\u00e9sultat du croisement entre les c\u00e9l\u00e8bres souches Banana Kush et Purple Punch. Ce shatter est appr\u00e9ci\u00e9 pour sa puissance et ses saveurs riches, parfait pour ceux qui recherchent un effet \u00e9quilibr\u00e9 entre stimulation et relaxation. Avec [&hellip;]<\/p>","protected":false},"featured_media":3447,"comment_status":"closed","ping_status":"closed","template":"","meta":{"_uag_custom_page_level_css":"","site-sidebar-layout":"default","site-content-layout":"","ast-site-content-layout":"default","site-content-style":"default","site-sidebar-style":"default","ast-global-header-display":"","ast-banner-title-visibility":"","ast-main-header-display":"","ast-hfb-above-header-display":"","ast-hfb-below-header-display":"","ast-hfb-mobile-header-display":"","site-post-title":"","ast-breadcrumbs-content":"","ast-featured-img":"","footer-sml-layout":"","theme-transparent-header-meta":"default","adv-header-id-meta":"","stick-header-meta":"","header-above-stick-meta":"","header-main-stick-meta":"","header-below-stick-meta":"","astra-migrate-meta-layouts":"set","ast-page-background-enabled":"default","ast-page-background-meta":{"desktop":{"background-color":"","background-image":"","background-repeat":"repeat","background-position":"center center","background-size":"auto","background-attachment":"scroll","background-type":"","background-media":"","overlay-type":"","overlay-color":"","overlay-opacity":"","overlay-gradient":""},"tablet":{"background-color":"","background-image":"","background-repeat":"repeat","background-position":"center center","background-size":"auto","background-attachment":"scroll","background-type":"","background-media":"","overlay-type":"","overlay-color":"","overlay-opacity":"","overlay-gradient":""},"mobile":{"background-color":"","background-image":"","background-repeat":"repeat","background-position":"center center","background-size":"auto","background-attachment":"scroll","background-type":"","background-media":"","overlay-type":"","overlay-color":"","overlay-opacity":"","overlay-gradient":""}},"ast-content-background-meta":{"desktop":{"background-color":"var(--ast-global-color-5)","background-image":"","background-repeat":"repeat","background-position":"center center","background-size":"auto","background-attachment":"scroll","background-type":"","background-media":"","overlay-type":"","overlay-color":"","overlay-opacity":"","overlay-gradient":""},"tablet":{"background-color":"var(--ast-global-color-5)","background-image":"","background-repeat":"repeat","background-position":"center center","background-size":"auto","background-attachment":"scroll","background-type":"","background-media":"","overlay-type":"","overlay-color":"","overlay-opacity":"","overlay-gradient":""},"mobile":{"background-color":"var(--ast-global-color-5)","background-image":"","background-repeat":"repeat","background-position":"center center","background-size":"auto","background-attachment":"scroll","background-type":"","background-media":"","overlay-type":"","overlay-color":"","overlay-opacity":"","overlay-gradient":""}}},"product_brand":[],"product_cat":[334,436],"product_tag":[461],"class_list":{"0":"post-3363","1":"product","2":"type-product","3":"status-publish","4":"has-post-thumbnail","6":"product_cat-concentres-de-marijuana","7":"product_cat-achetez-du-shatter-dab-wax","8":"product_tag-buy-banana-mimosa-cannabis-shatter-online-europe","9":"desktop-align-left","10":"tablet-align-left","11":"mobile-align-left","13":"first","14":"instock","15":"shipping-taxable","16":"purchasable","17":"product-type-variable"},"uagb_featured_image_src":{"full":["https:\/\/pressurezone.shop\/wp-content\/uploads\/2024\/10\/Banana-Mimosa-Cannabis-Shatter.jpg",1000,1000,false],"thumbnail":["https:\/\/pressurezone.shop\/wp-content\/uploads\/2024\/10\/Banana-Mimosa-Cannabis-Shatter-150x150.jpg",150,150,true],"medium":["https:\/\/pressurezone.shop\/wp-content\/uploads\/2024\/10\/Banana-Mimosa-Cannabis-Shatter-300x300.jpg",300,300,true],"medium_large":["https:\/\/pressurezone.shop\/wp-content\/uploads\/2024\/10\/Banana-Mimosa-Cannabis-Shatter-768x768.jpg",768,768,true],"large":["https:\/\/pressurezone.shop\/wp-content\/uploads\/2024\/10\/Banana-Mimosa-Cannabis-Shatter.jpg",1000,1000,false],"1536x1536":["https:\/\/pressurezone.shop\/wp-content\/uploads\/2024\/10\/Banana-Mimosa-Cannabis-Shatter.jpg",1000,1000,false],"2048x2048":["https:\/\/pressurezone.shop\/wp-content\/uploads\/2024\/10\/Banana-Mimosa-Cannabis-Shatter.jpg",1000,1000,false],"trp-custom-language-flag":["https:\/\/pressurezone.shop\/wp-content\/uploads\/2024\/10\/Banana-Mimosa-Cannabis-Shatter-12x12.jpg",12,12,true],"woocommerce_thumbnail":["https:\/\/pressurezone.shop\/wp-content\/uploads\/2024\/10\/Banana-Mimosa-Cannabis-Shatter-300x300.jpg",300,300,true],"woocommerce_single":["https:\/\/pressurezone.shop\/wp-content\/uploads\/2024\/10\/Banana-Mimosa-Cannabis-Shatter-600x600.jpg",600,600,true],"woocommerce_gallery_thumbnail":["https:\/\/pressurezone.shop\/wp-content\/uploads\/2024\/10\/Banana-Mimosa-Cannabis-Shatter-100x100.jpg",100,100,true]},"uagb_author_info":{"display_name":"pressurezone.shop","author_link":"https:\/\/pressurezone.shop\/sv\/author\/"},"uagb_comment_info":0,"uagb_excerpt":"Achetez Banana Mimosa Cannabis Shatter en ligne en Europe Le Banana Mimosa Cannabis Shatter est un concentr\u00e9 hybride populaire, r\u00e9sultat du croisement entre les c\u00e9l\u00e8bres souches Banana Kush et Purple Punch. Ce shatter est appr\u00e9ci\u00e9 pour sa puissance et ses saveurs riches, parfait pour ceux qui recherchent un effet \u00e9quilibr\u00e9 entre stimulation et relaxation. Avec&hellip;","_links":{"self":[{"href":"https:\/\/pressurezone.shop\/sv\/wp-json\/wp\/v2\/product\/3363"}],"collection":[{"href":"https:\/\/pressurezone.shop\/sv\/wp-json\/wp\/v2\/product"}],"about":[{"href":"https:\/\/pressurezone.shop\/sv\/wp-json\/wp\/v2\/types\/product"}],"replies":[{"embeddable":true,"href":"https:\/\/pressurezone.shop\/sv\/wp-json\/wp\/v2\/comments?post=3363"}],"version-history":[{"count":3,"href":"https:\/\/pressurezone.shop\/sv\/wp-json\/wp\/v2\/product\/3363\/revisions"}],"predecessor-version":[{"id":4368,"href":"https:\/\/pressurezone.shop\/sv\/wp-json\/wp\/v2\/product\/3363\/revisions\/4368"}],"wp:featuredmedia":[{"embeddable":true,"href":"https:\/\/pressurezone.shop\/sv\/wp-json\/wp\/v2\/media\/3447"}],"wp:attachment":[{"href":"https:\/\/pressurezone.shop\/sv\/wp-json\/wp\/v2\/media?parent=3363"}],"wp:term":[{"taxonomy":"product_brand","embeddable":true,"href":"https:\/\/pressurezone.shop\/sv\/wp-json\/wp\/v2\/product_brand?post=3363"},{"taxonomy":"product_cat","embeddable":true,"href":"https:\/\/pressurezone.shop\/sv\/wp-json\/wp\/v2\/product_cat?post=3363"},{"taxonomy":"product_tag","embeddable":true,"href":"https:\/\/pressurezone.shop\/sv\/wp-json\/wp\/v2\/product_tag?post=3363"}],"curies":[{"name":"wp","href":"https:\/\/api.w.org\/{rel}","templated":true}]}}