{"id":3371,"date":"2024-10-11T01:01:29","date_gmt":"2024-10-10T23:01:29","guid":{"rendered":"https:\/\/pressurezone.shop\/?post_type=product&#038;p=3371"},"modified":"2024-11-15T20:38:07","modified_gmt":"2024-11-15T19:38:07","slug":"shatter-apple-fritter","status":"publish","type":"product","link":"https:\/\/pressurezone.shop\/sv\/produkt\/splittrad-appelfritters\/","title":{"rendered":"Shatter \u00c4ppelfritters"},"content":{"rendered":"<div class=\"flex-shrink-0 flex flex-col relative items-end\">\n<div>\n<div class=\"pt-0\">\n<div class=\"gizmo-bot-avatar flex h-8 w-8 items-center justify-center overflow-hidden rounded-full\">\n<div class=\"relative p-1 rounded-sm flex items-center justify-center bg-token-main-surface-primary text-token-text-primary h-8 w-8\"><\/div>\n<\/div>\n<\/div>\n<\/div>\n<\/div>\n<div class=\"group\/conversation-turn relative flex w-full min-w-0 flex-col agent-turn\">\n<div class=\"flex-col gap-1 md:gap-3\">\n<div class=\"flex max-w-full flex-col flex-grow\">\n<div class=\"min-h-8 text-message flex w-full flex-col items-end gap-2 whitespace-normal break-words [.text-message+&amp;]:mt-5\" dir=\"auto\" data-message-author-role=\"assistant\" data-message-id=\"fbcb2cd4-eba2-4492-867f-e68ffa1ade6f\" data-message-model-slug=\"gpt-4o\">\n<div class=\"flex w-full flex-col gap-1 empty:hidden first:pt-[3px]\">\n<div class=\"markdown prose w-full break-words dark:prose-invert light\">\n<h3><strong>K\u00f6p Apple Fritter Shatter online i Europa<\/strong><\/h3>\n<p>Uppt\u00e4ck det exceptionella <strong>Shatter \u00c4ppelfritters<\/strong>en s\u00e4llsynt och perfekt balanserad hybridsort (<strong>50 % Indica \/ 50 % Sativa<\/strong>). Denna premium shatter kommer fr\u00e5n den ber\u00f6mda <strong>Sour Apple och Animal Cookies Cannabis-sorter<\/strong>erbjuder en harmonisk blandning av stimulerande cerebrala effekter och djup fysisk avkoppling. Med potenta THC-niv\u00e5er som str\u00e4cker sig fr\u00e5n <strong>22 till 28 %<\/strong>Apple Fritter Shatter \u00e4r perfekt f\u00f6r rekreationella och medicinska cannabisentusiaster.<a href=\"https:\/\/fuelpackz.com\/\" target=\"_blank\" rel=\"noopener\">.<\/a><\/p>\n<hr \/>\n<h3><strong>Varf\u00f6r v\u00e4lja Apple Fritter Shatter?<\/strong><\/h3>\n<p>Shatter Apple Fritter sticker ut f\u00f6r sin unika kombination av styrka, smak och terapeutiska f\u00f6rdelar. Oavsett om du \u00e4r en erfaren finsmakare eller nyb\u00f6rjare \u00e4r denna shatter ett perfekt val f\u00f6r en \u00f6verl\u00e4gsen upplevelse.<\/p>\n<ul>\n<li><strong>Perfekt balans<\/strong> Harmoniska Indica- och Sativa-effekter.<\/li>\n<li><strong>Exceptionell kraft<\/strong> H\u00f6ga THC-halter f\u00f6r en l\u00e5ngvarig effekt.<\/li>\n<li><strong>Premium Kvalitet<\/strong> Tillverkad av AAA+ cannabisblommor f\u00f6r maximal smak och styrka.<\/li>\n<\/ul>\n<hr \/>\n<h3><strong>Effekter av Apple Shatter Fritter<\/strong><\/h3>\n<p>Effekterna av <strong>Shatter \u00c4ppelfritters<\/strong> b\u00f6rjar med en uppiggande cerebral h\u00f6g som f\u00f6rb\u00e4ttrar hum\u00f6r och kreativitet. Detta f\u00f6ljs av lugnande kroppslig avslappning, vilket lindrar sp\u00e4nningar och l\u00e4mnar dig i ett tillst\u00e5nd av absolut lugn.<\/p>\n<ul>\n<li><strong>Boost f\u00f6r hj\u00e4rnan<\/strong> En k\u00e4nsla av eufori och energi.<\/li>\n<li><strong>Avslappning av kroppen<\/strong> Slappnar av musklerna och eliminerar sp\u00e4nningar.<\/li>\n<li><strong>Stressfri<\/strong> : Kastar dig in i total rofylldhet.<\/li>\n<\/ul>\n<hr \/>\n<h3><strong>Kan avlasta :<\/strong><\/h3>\n<p>Shatter Apple Fritter \u00e4r mycket uppskattat f\u00f6r sina terapeutiska egenskaper. Dess balanserade effekter g\u00f6r den idealisk f\u00f6r att lindra en m\u00e4ngd olika fysiska och psykiska tillst\u00e5nd, inklusive :<\/p>\n<ul>\n<li><strong>Kronisk sm\u00e4rta<\/strong> Lindrar sm\u00e4rta och obehag.<\/li>\n<li><strong>S\u00f6mnl\u00f6shet<\/strong> Fr\u00e4mjar vilsam s\u00f6mn.<\/li>\n<li><strong>Depression och hum\u00f6rsv\u00e4ngningar<\/strong> Hum\u00f6rh\u00f6jning och minskning av negativa tankar.<\/li>\n<li><strong>Kronisk stress<\/strong> Minskar \u00e5ngest och sp\u00e4nningar.<\/li>\n<\/ul>\n<hr \/>\n<h3><strong>Smak- och doftprofil<\/strong><\/h3>\n<p>Shatter Apple Fritter \u00e4r lika behaglig att smaka p\u00e5 som den \u00e4r effektiv. Dess smakprofil blandar toner av <strong>s\u00f6ta och syrliga \u00e4pplen<\/strong> med inslag av<strong>\u00f6rter och bakverk<\/strong> som dr\u00f6jer sig kvar i gommen.<\/p>\n<ul>\n<li><strong>Smaker<\/strong> S\u00f6t, syrligt \u00e4pple, \u00f6rtig.<\/li>\n<li><strong>Dofter<\/strong> Fruktig, jordig, s\u00f6t.<\/li>\n<\/ul>\n<hr \/>\n<h3><strong>Utseende och textur<\/strong><\/h3>\n<p>Denna shatter har en kvalitet som \u00e4r v\u00e4rdig de b\u00e4sta koncentraten. Dess <strong>m\u00f6rkt olivgr\u00f6na spadformade nuggets<\/strong> \u00e4r f\u00f6rst\u00e4rkta med <strong>djupt lila undertoner<\/strong>av <strong>ljusorange h\u00e5rstr\u00e5n<\/strong> och ett tunt lager av <strong>gnistrande vita kristaller<\/strong>.<\/p>\n<hr \/>\n<h3><strong>Hur anv\u00e4nder jag Apple Fritter Shatter?<\/strong><\/h3>\n<ol>\n<li><strong>Dabbing<\/strong> Perfekt f\u00f6r maximal effekt och snabba effekter.<\/li>\n<li><strong>F\u00f6r\u00e5ngning<\/strong> : Dra full nytta av terpenprofilen och smakerna.<\/li>\n<li><strong>Blanda med blommor<\/strong> Berika dina leder eller sk\u00e5lar f\u00f6r en mer intensiv upplevelse.<\/li>\n<\/ol>\n<hr \/>\n<h3><strong>Best\u00e4ll Apple Shatter Fritter online nu<\/strong><\/h3>\n<p>Uppt\u00e4ck de balanserade effekterna och premiumkvaliteten hos <strong>Shatter \u00c4ppelfritters<\/strong>. Denna shatter \u00e4r perfekt f\u00f6r att koppla av efter en l\u00e5ng dag eller f\u00f6r att lindra kronisk sm\u00e4rta och stress, och \u00e4r ett m\u00e5ste f\u00f6r alla cannabis\u00e4lskare.<\/p>\n<p>K\u00f6p idag p\u00e5 <strong><a href=\"https:\/\/pressurezone.shop\/sv\/\" target=\"_new\" rel=\"noopener\">Tryckzonsbutik<\/a><\/strong> och f\u00f6rh\u00f6j din upplevelse med denna exceptionella hybrid shatter.<\/p>\n<\/div>\n<\/div>\n<\/div>\n<\/div>\n<\/div>\n<\/div>","protected":false},"excerpt":{"rendered":"<p>Achetez du Shatter Apple Fritter en Ligne en Europe D\u00e9couvrez l&rsquo;exceptionnel Shatter Apple Fritter, une vari\u00e9t\u00e9 hybride rare et parfaitement \u00e9quilibr\u00e9e (50 % Indica \/ 50 % Sativa). Ce shatter premium est issu des c\u00e9l\u00e8bres vari\u00e9t\u00e9s Sour Apple et Animal Cookies Cannabis, offrant un m\u00e9lange harmonieux d&rsquo;effets c\u00e9r\u00e9braux stimulants et de relaxation physique profonde. Avec [&hellip;]<\/p>","protected":false},"featured_media":3456,"comment_status":"closed","ping_status":"closed","template":"","meta":{"_uag_custom_page_level_css":"","site-sidebar-layout":"default","site-content-layout":"","ast-site-content-layout":"default","site-content-style":"default","site-sidebar-style":"default","ast-global-header-display":"","ast-banner-title-visibility":"","ast-main-header-display":"","ast-hfb-above-header-display":"","ast-hfb-below-header-display":"","ast-hfb-mobile-header-display":"","site-post-title":"","ast-breadcrumbs-content":"","ast-featured-img":"","footer-sml-layout":"","theme-transparent-header-meta":"default","adv-header-id-meta":"","stick-header-meta":"","header-above-stick-meta":"","header-main-stick-meta":"","header-below-stick-meta":"","astra-migrate-meta-layouts":"set","ast-page-background-enabled":"default","ast-page-background-meta":{"desktop":{"background-color":"","background-image":"","background-repeat":"repeat","background-position":"center center","background-size":"auto","background-attachment":"scroll","background-type":"","background-media":"","overlay-type":"","overlay-color":"","overlay-opacity":"","overlay-gradient":""},"tablet":{"background-color":"","background-image":"","background-repeat":"repeat","background-position":"center center","background-size":"auto","background-attachment":"scroll","background-type":"","background-media":"","overlay-type":"","overlay-color":"","overlay-opacity":"","overlay-gradient":""},"mobile":{"background-color":"","background-image":"","background-repeat":"repeat","background-position":"center center","background-size":"auto","background-attachment":"scroll","background-type":"","background-media":"","overlay-type":"","overlay-color":"","overlay-opacity":"","overlay-gradient":""}},"ast-content-background-meta":{"desktop":{"background-color":"var(--ast-global-color-5)","background-image":"","background-repeat":"repeat","background-position":"center center","background-size":"auto","background-attachment":"scroll","background-type":"","background-media":"","overlay-type":"","overlay-color":"","overlay-opacity":"","overlay-gradient":""},"tablet":{"background-color":"var(--ast-global-color-5)","background-image":"","background-repeat":"repeat","background-position":"center center","background-size":"auto","background-attachment":"scroll","background-type":"","background-media":"","overlay-type":"","overlay-color":"","overlay-opacity":"","overlay-gradient":""},"mobile":{"background-color":"var(--ast-global-color-5)","background-image":"","background-repeat":"repeat","background-position":"center center","background-size":"auto","background-attachment":"scroll","background-type":"","background-media":"","overlay-type":"","overlay-color":"","overlay-opacity":"","overlay-gradient":""}}},"product_brand":[],"product_cat":[334,436],"product_tag":[463],"class_list":{"0":"post-3371","1":"product","2":"type-product","3":"status-publish","4":"has-post-thumbnail","6":"product_cat-concentres-de-marijuana","7":"product_cat-achetez-du-shatter-dab-wax","8":"product_tag-buy-apple-fritter-shatter-online-europe","9":"desktop-align-left","10":"tablet-align-left","11":"mobile-align-left","13":"first","14":"instock","15":"shipping-taxable","16":"purchasable","17":"product-type-variable"},"uagb_featured_image_src":{"full":["https:\/\/pressurezone.shop\/wp-content\/uploads\/2024\/10\/Buy-Apple-Fritter-Shatter.jpg",1000,1000,false],"thumbnail":["https:\/\/pressurezone.shop\/wp-content\/uploads\/2024\/10\/Buy-Apple-Fritter-Shatter-150x150.jpg",150,150,true],"medium":["https:\/\/pressurezone.shop\/wp-content\/uploads\/2024\/10\/Buy-Apple-Fritter-Shatter-300x300.jpg",300,300,true],"medium_large":["https:\/\/pressurezone.shop\/wp-content\/uploads\/2024\/10\/Buy-Apple-Fritter-Shatter-768x768.jpg",768,768,true],"large":["https:\/\/pressurezone.shop\/wp-content\/uploads\/2024\/10\/Buy-Apple-Fritter-Shatter.jpg",1000,1000,false],"1536x1536":["https:\/\/pressurezone.shop\/wp-content\/uploads\/2024\/10\/Buy-Apple-Fritter-Shatter.jpg",1000,1000,false],"2048x2048":["https:\/\/pressurezone.shop\/wp-content\/uploads\/2024\/10\/Buy-Apple-Fritter-Shatter.jpg",1000,1000,false],"trp-custom-language-flag":["https:\/\/pressurezone.shop\/wp-content\/uploads\/2024\/10\/Buy-Apple-Fritter-Shatter-12x12.jpg",12,12,true],"woocommerce_thumbnail":["https:\/\/pressurezone.shop\/wp-content\/uploads\/2024\/10\/Buy-Apple-Fritter-Shatter-300x300.jpg",300,300,true],"woocommerce_single":["https:\/\/pressurezone.shop\/wp-content\/uploads\/2024\/10\/Buy-Apple-Fritter-Shatter-600x600.jpg",600,600,true],"woocommerce_gallery_thumbnail":["https:\/\/pressurezone.shop\/wp-content\/uploads\/2024\/10\/Buy-Apple-Fritter-Shatter-100x100.jpg",100,100,true]},"uagb_author_info":{"display_name":"pressurezone.shop","author_link":"https:\/\/pressurezone.shop\/sv\/author\/"},"uagb_comment_info":0,"uagb_excerpt":"Achetez du Shatter Apple Fritter en Ligne en Europe D\u00e9couvrez l&rsquo;exceptionnel Shatter Apple Fritter, une vari\u00e9t\u00e9 hybride rare et parfaitement \u00e9quilibr\u00e9e (50 % Indica \/ 50 % Sativa). Ce shatter premium est issu des c\u00e9l\u00e8bres vari\u00e9t\u00e9s Sour Apple et Animal Cookies Cannabis, offrant un m\u00e9lange harmonieux d&rsquo;effets c\u00e9r\u00e9braux stimulants et de relaxation physique profonde. Avec&hellip;","_links":{"self":[{"href":"https:\/\/pressurezone.shop\/sv\/wp-json\/wp\/v2\/product\/3371"}],"collection":[{"href":"https:\/\/pressurezone.shop\/sv\/wp-json\/wp\/v2\/product"}],"about":[{"href":"https:\/\/pressurezone.shop\/sv\/wp-json\/wp\/v2\/types\/product"}],"replies":[{"embeddable":true,"href":"https:\/\/pressurezone.shop\/sv\/wp-json\/wp\/v2\/comments?post=3371"}],"version-history":[{"count":3,"href":"https:\/\/pressurezone.shop\/sv\/wp-json\/wp\/v2\/product\/3371\/revisions"}],"predecessor-version":[{"id":4401,"href":"https:\/\/pressurezone.shop\/sv\/wp-json\/wp\/v2\/product\/3371\/revisions\/4401"}],"wp:featuredmedia":[{"embeddable":true,"href":"https:\/\/pressurezone.shop\/sv\/wp-json\/wp\/v2\/media\/3456"}],"wp:attachment":[{"href":"https:\/\/pressurezone.shop\/sv\/wp-json\/wp\/v2\/media?parent=3371"}],"wp:term":[{"taxonomy":"product_brand","embeddable":true,"href":"https:\/\/pressurezone.shop\/sv\/wp-json\/wp\/v2\/product_brand?post=3371"},{"taxonomy":"product_cat","embeddable":true,"href":"https:\/\/pressurezone.shop\/sv\/wp-json\/wp\/v2\/product_cat?post=3371"},{"taxonomy":"product_tag","embeddable":true,"href":"https:\/\/pressurezone.shop\/sv\/wp-json\/wp\/v2\/product_tag?post=3371"}],"curies":[{"name":"wp","href":"https:\/\/api.w.org\/{rel}","templated":true}]}}