{"id":3379,"date":"2024-10-11T01:01:53","date_gmt":"2024-10-10T23:01:53","guid":{"rendered":"https:\/\/pressurezone.shop\/?post_type=product&#038;p=3379"},"modified":"2024-11-04T20:00:37","modified_gmt":"2024-11-04T19:00:37","slug":"haschisch-jaune-libanais","status":"publish","type":"product","link":"https:\/\/pressurezone.shop\/sv\/produkt\/libanesisk-gul-haschish\/","title":{"rendered":"Gul libanesisk haschish"},"content":{"rendered":"<h3><strong>K\u00f6p gul libanesisk hasj online i Europa p\u00e5 <a href=\"https:\/\/pressurezone.shop\/sv\/\" target=\"_new\" rel=\"noopener\">Tryckzonsbutik<\/a><\/strong><\/h3>\n<p>Uppt\u00e4ck de <strong>Gul libanesisk haschish<\/strong>Denna unika hasch, som produceras i stor skala med modern teknik, kombinerar tradition och styrka. Denna unika hasch, som produceras i stor skala med hj\u00e4lp av modern teknik, kombinerar tradition och styrka. Till skillnad fr\u00e5n traditionella metoder, produktion av <strong>Gul libanesisk haschish<\/strong> \u00e4r inriktad p\u00e5 ett industriellt tillv\u00e4gag\u00e5ngss\u00e4tt f\u00f6r att erbjuda j\u00e4mn kvalitet och exceptionell renhet<a href=\"https:\/\/fuelpackz.com\/\" target=\"_blank\" rel=\"noopener\">.<\/a><\/p>\n<h3>Varf\u00f6r v\u00e4lja Yellow Lebanese Hashish?<\/h3>\n<p>Le <strong>Gul libanesisk haschish<\/strong> \u00e4r ett unikt alternativ f\u00f6r finsmakare, som k\u00e4nns igen p\u00e5 sin distinkta gula f\u00e4rg och exceptionella smakprofil. Denna haschish framst\u00e4lls av mogna cannabisplantor och \u00e4r k\u00e4nd f\u00f6r sina kryddiga aromer och sin styrka. Den \u00e4r perfekt f\u00f6r dem som s\u00f6ker en autentisk och potent upplevelse och ger en intensiv effekt, s\u00e4rskilt n\u00e4r den r\u00f6ks i en bong.<\/p>\n<ul>\n<li><strong>Typ<\/strong> : Premium libanesisk haschish<\/li>\n<li><strong>Ursprung<\/strong> Baalbekdalen, Libanon<\/li>\n<\/ul>\n<h3>F\u00e4rg, doft och smak hos libanesiskt gult hasch<\/h3>\n<p>Le <strong>Gul libanesisk haschish<\/strong> k\u00e4nnetecknas av sin svarta utsida och m\u00f6rkbruna insida. Dess uppfriskande, kryddiga doft avger unika toner och erbjuder en s\u00e4llsynt doftupplevelse f\u00f6r \u00e4lskare av \u00e4kta hasch. N\u00e4r det g\u00e4ller smak \u00e4r den k\u00e4nd f\u00f6r sin kryddiga styrka, en mer intensiv och n\u00e5got h\u00e5rdare smak \u00e4n turkiska eller marockanska sorter, vilket ger en uttalad och l\u00e5ngvarig smakupplevelse.<\/p>\n<ul>\n<li><strong>F\u00e4rg<\/strong> Svart p\u00e5 utsidan, m\u00f6rkbrun p\u00e5 insidan<\/li>\n<li><strong>Dofter<\/strong> Kryddig, uppfriskande<\/li>\n<li><strong>Smaker<\/strong> Mycket kryddig, intensiv, med en antydan till bitterhet<\/li>\n<\/ul>\n<h3>Effekter och f\u00f6rdelar med gul libanesisk hasch<\/h3>\n<p>Le <strong>Gul libanesisk haschish<\/strong> ger djupa kroppseffekter, perfekt f\u00f6r intensiv avkoppling. Med sina kryddiga och kraftfulla egenskaper erbjuder den en l\u00e5ngvarig upplevelse, perfekt f\u00f6r dem som s\u00f6ker intensiv avkoppling p\u00e5 kv\u00e4llen. N\u00e4r du r\u00f6ker denna hashish kommer du att njuta av en lugnande, avkopplande effekt som sticker ut f\u00f6r sin intensitet och unika karakt\u00e4r.<\/p>\n<ul>\n<li><strong>Effekter<\/strong> Avslappning, Lugn, Intensiv kroppsv\u00e4nlighet<\/li>\n<li><strong>Perfekt f\u00f6r<\/strong> : Kv\u00e4llsavslappning, djupavslappning, \u00e4kta upplevelse<\/li>\n<\/ul>\n<h3>Modern produktion f\u00f6r kvalitet<\/h3>\n<p>Tillverkad med modern teknik och med stor omsorg om detaljerna, \u00e4r <strong>Gul libanesisk haschish<\/strong> \u00e5terspeglar sammansm\u00e4ltningen av tradition och teknik. Baalbeks cannabisf\u00e4lt, som odlas med moderna maskiner, garanterar en j\u00e4mn kvalitet och en exceptionell produkt.<\/p>\n<h3>Anv\u00e4ndning och erfarenhet<\/h3>\n<p>Le <strong>Gul libanesisk haschish<\/strong> \u00e4r l\u00e4tt att hantera och erbjuder m\u00e5ngsidighet f\u00f6r olika konsumtionsmetoder:<\/p>\n<ul>\n<li><strong>R\u00f6kning i pipa eller bong<\/strong> f\u00f6r en kraftfull, omedelbar upplevelse.<\/li>\n<li><strong>Spray<\/strong> f\u00f6r ren smak och kontrollerade effekter.<\/li>\n<li><strong>Inf\u00f6rliva i en gemensam<\/strong> f\u00f6r berikad smak och uttalade effekter.<\/li>\n<\/ul>\n<h3>Best\u00e4ll gul libanesisk haschish online p\u00e5 Pressure Zone Shop<\/h3>\n<p>Redo att uppt\u00e4cka de kryddiga smakerna och den unika upplevelsen av <strong>Gul libanesisk haschish<\/strong> ? Best\u00e4ll nu p\u00e5 <a href=\"https:\/\/pressurezone.shop\/sv\/\" target=\"_new\" rel=\"noopener\">Tryckzonsbutik<\/a> och utforska kvaliteten och styrkan hos denna s\u00e4llsynta och autentiska hasch. <strong>Gul libanesisk haschish<\/strong> \u00e4r det perfekta valet f\u00f6r djup avkoppling och f\u00f6rdjupning i den libanesiska haschtraditionen.<\/p>","protected":false},"excerpt":{"rendered":"<p>Achetez le Haschisch Jaune Libanais en Ligne en Europe sur Pressure Zone Shop D\u00e9couvrez le Haschisch Jaune Libanais, une v\u00e9ritable sp\u00e9cialit\u00e9 de la vall\u00e9e de Baalbek, o\u00f9 sont cultiv\u00e9s les meilleurs champs de cannabis du Liban. Ce haschisch unique, produit \u00e0 grande \u00e9chelle avec des techniques modernes, allie tradition et puissance. Contrairement aux m\u00e9thodes artisanales, [&hellip;]<\/p>","protected":false},"featured_media":3460,"comment_status":"closed","ping_status":"closed","template":"","meta":{"_uag_custom_page_level_css":"","site-sidebar-layout":"default","site-content-layout":"","ast-site-content-layout":"default","site-content-style":"default","site-sidebar-style":"default","ast-global-header-display":"","ast-banner-title-visibility":"","ast-main-header-display":"","ast-hfb-above-header-display":"","ast-hfb-below-header-display":"","ast-hfb-mobile-header-display":"","site-post-title":"","ast-breadcrumbs-content":"","ast-featured-img":"","footer-sml-layout":"","theme-transparent-header-meta":"default","adv-header-id-meta":"","stick-header-meta":"","header-above-stick-meta":"","header-main-stick-meta":"","header-below-stick-meta":"","astra-migrate-meta-layouts":"set","ast-page-background-enabled":"default","ast-page-background-meta":{"desktop":{"background-color":"","background-image":"","background-repeat":"repeat","background-position":"center center","background-size":"auto","background-attachment":"scroll","background-type":"","background-media":"","overlay-type":"","overlay-color":"","overlay-opacity":"","overlay-gradient":""},"tablet":{"background-color":"","background-image":"","background-repeat":"repeat","background-position":"center center","background-size":"auto","background-attachment":"scroll","background-type":"","background-media":"","overlay-type":"","overlay-color":"","overlay-opacity":"","overlay-gradient":""},"mobile":{"background-color":"","background-image":"","background-repeat":"repeat","background-position":"center center","background-size":"auto","background-attachment":"scroll","background-type":"","background-media":"","overlay-type":"","overlay-color":"","overlay-opacity":"","overlay-gradient":""}},"ast-content-background-meta":{"desktop":{"background-color":"var(--ast-global-color-5)","background-image":"","background-repeat":"repeat","background-position":"center center","background-size":"auto","background-attachment":"scroll","background-type":"","background-media":"","overlay-type":"","overlay-color":"","overlay-opacity":"","overlay-gradient":""},"tablet":{"background-color":"var(--ast-global-color-5)","background-image":"","background-repeat":"repeat","background-position":"center center","background-size":"auto","background-attachment":"scroll","background-type":"","background-media":"","overlay-type":"","overlay-color":"","overlay-opacity":"","overlay-gradient":""},"mobile":{"background-color":"var(--ast-global-color-5)","background-image":"","background-repeat":"repeat","background-position":"center center","background-size":"auto","background-attachment":"scroll","background-type":"","background-media":"","overlay-type":"","overlay-color":"","overlay-opacity":"","overlay-gradient":""}}},"product_brand":[],"product_cat":[334,29],"product_tag":[466],"class_list":{"0":"post-3379","1":"product","2":"type-product","3":"status-publish","4":"has-post-thumbnail","6":"product_cat-concentres-de-marijuana","7":"product_cat-haschisch","8":"product_tag-buy-yellow-lebanese-hash-germany","9":"desktop-align-left","10":"tablet-align-left","11":"mobile-align-left","13":"first","14":"instock","15":"shipping-taxable","16":"purchasable","17":"product-type-variable"},"uagb_featured_image_src":{"full":["https:\/\/pressurezone.shop\/wp-content\/uploads\/2024\/10\/Buy-Yellow-Lebanese-Hash.jpg",700,700,false],"thumbnail":["https:\/\/pressurezone.shop\/wp-content\/uploads\/2024\/10\/Buy-Yellow-Lebanese-Hash-150x150.jpg",150,150,true],"medium":["https:\/\/pressurezone.shop\/wp-content\/uploads\/2024\/10\/Buy-Yellow-Lebanese-Hash-300x300.jpg",300,300,true],"medium_large":["https:\/\/pressurezone.shop\/wp-content\/uploads\/2024\/10\/Buy-Yellow-Lebanese-Hash.jpg",700,700,false],"large":["https:\/\/pressurezone.shop\/wp-content\/uploads\/2024\/10\/Buy-Yellow-Lebanese-Hash.jpg",700,700,false],"1536x1536":["https:\/\/pressurezone.shop\/wp-content\/uploads\/2024\/10\/Buy-Yellow-Lebanese-Hash.jpg",700,700,false],"2048x2048":["https:\/\/pressurezone.shop\/wp-content\/uploads\/2024\/10\/Buy-Yellow-Lebanese-Hash.jpg",700,700,false],"trp-custom-language-flag":["https:\/\/pressurezone.shop\/wp-content\/uploads\/2024\/10\/Buy-Yellow-Lebanese-Hash-12x12.jpg",12,12,true],"woocommerce_thumbnail":["https:\/\/pressurezone.shop\/wp-content\/uploads\/2024\/10\/Buy-Yellow-Lebanese-Hash-300x300.jpg",300,300,true],"woocommerce_single":["https:\/\/pressurezone.shop\/wp-content\/uploads\/2024\/10\/Buy-Yellow-Lebanese-Hash-600x600.jpg",600,600,true],"woocommerce_gallery_thumbnail":["https:\/\/pressurezone.shop\/wp-content\/uploads\/2024\/10\/Buy-Yellow-Lebanese-Hash-100x100.jpg",100,100,true]},"uagb_author_info":{"display_name":"pressurezone.shop","author_link":"https:\/\/pressurezone.shop\/sv\/author\/"},"uagb_comment_info":0,"uagb_excerpt":"Achetez le Haschisch Jaune Libanais en Ligne en Europe sur Pressure Zone Shop D\u00e9couvrez le Haschisch Jaune Libanais, une v\u00e9ritable sp\u00e9cialit\u00e9 de la vall\u00e9e de Baalbek, o\u00f9 sont cultiv\u00e9s les meilleurs champs de cannabis du Liban. Ce haschisch unique, produit \u00e0 grande \u00e9chelle avec des techniques modernes, allie tradition et puissance. Contrairement aux m\u00e9thodes artisanales,&hellip;","_links":{"self":[{"href":"https:\/\/pressurezone.shop\/sv\/wp-json\/wp\/v2\/product\/3379"}],"collection":[{"href":"https:\/\/pressurezone.shop\/sv\/wp-json\/wp\/v2\/product"}],"about":[{"href":"https:\/\/pressurezone.shop\/sv\/wp-json\/wp\/v2\/types\/product"}],"replies":[{"embeddable":true,"href":"https:\/\/pressurezone.shop\/sv\/wp-json\/wp\/v2\/comments?post=3379"}],"version-history":[{"count":3,"href":"https:\/\/pressurezone.shop\/sv\/wp-json\/wp\/v2\/product\/3379\/revisions"}],"predecessor-version":[{"id":4183,"href":"https:\/\/pressurezone.shop\/sv\/wp-json\/wp\/v2\/product\/3379\/revisions\/4183"}],"wp:featuredmedia":[{"embeddable":true,"href":"https:\/\/pressurezone.shop\/sv\/wp-json\/wp\/v2\/media\/3460"}],"wp:attachment":[{"href":"https:\/\/pressurezone.shop\/sv\/wp-json\/wp\/v2\/media?parent=3379"}],"wp:term":[{"taxonomy":"product_brand","embeddable":true,"href":"https:\/\/pressurezone.shop\/sv\/wp-json\/wp\/v2\/product_brand?post=3379"},{"taxonomy":"product_cat","embeddable":true,"href":"https:\/\/pressurezone.shop\/sv\/wp-json\/wp\/v2\/product_cat?post=3379"},{"taxonomy":"product_tag","embeddable":true,"href":"https:\/\/pressurezone.shop\/sv\/wp-json\/wp\/v2\/product_tag?post=3379"}],"curies":[{"name":"wp","href":"https:\/\/api.w.org\/{rel}","templated":true}]}}