{"id":3381,"date":"2024-10-11T01:01:53","date_gmt":"2024-10-10T23:01:53","guid":{"rendered":"https:\/\/pressurezone.shop\/?post_type=product&#038;p=3381"},"modified":"2024-11-04T21:02:04","modified_gmt":"2024-11-04T20:02:04","slug":"haschisch-temple-ball","status":"publish","type":"product","link":"https:\/\/pressurezone.shop\/sv\/produkt\/haschish-tempel-boll\/","title":{"rendered":"Haschischtempelboll"},"content":{"rendered":"<h3><strong>K\u00f6p Temple Ball Hashish online p\u00e5 <a href=\"https:\/\/pressurezone.shop\/sv\/\" target=\"_new\" rel=\"noopener\">Tryckzonsbutik<\/a><\/strong><\/h3>\n<p>Uppt\u00e4ck den legendariska <strong>Haschischtempelboll<\/strong>k\u00e4nd f\u00f6r sin superklibbiga konsistens och exceptionella smakprofil. Den h\u00e4rstammar fr\u00e5n de bergiga regionerna i Afghanistan och <strong>Temple Ball Hash<\/strong> \u00e4r ett cannabiskoncentrat som \u00e4r s\u00e4rskilt eftertraktat f\u00f6r sin styrka och sina rika smaker. Denna s\u00e4llsynta hasch \u00e4r f\u00f6rpackad i specialf\u00f6rpackningar f\u00f6r att bevara dess fukt och f\u00f6rhindra att den fastnar p\u00e5 n\u00e5got, vilket ger en \u00f6verl\u00e4gsen upplevelse.<\/p>\n<h3>Varf\u00f6r v\u00e4lja Haschisch Temple Ball?<\/h3>\n<p>Le <strong>Haschischtempelboll<\/strong> har en unik karakt\u00e4r: den koncentrerade oljan och den klibbiga konsistensen g\u00f6r den till en exceptionell produkt f\u00f6r finsmakare. Producerad av h\u00f6gkvalitativa afghanska stammar, erbjuder den en avkopplande och euforisk upplevelse, perfekt f\u00f6r total fr\u00e5nkoppling. Med en historia som \u00e4r rotad i afghanska tehus \u00e4r denna hasch en skattkista av regionens traditionella kultur.<\/p>\n<ul>\n<li><strong>Typ<\/strong> : \u00c4kta afghansk haschish<\/li>\n<li><strong>Ursprung<\/strong> : Afghanistan<\/li>\n<\/ul>\n<h3>Smak och doft av hasch Temple Ball<\/h3>\n<p>Le <strong>Temple Ball Hash<\/strong> \u00e4r k\u00e4nd f\u00f6r sin intensiva, komplexa smak, som kombinerar jordiga, v\u00e4xtbaserade och kryddiga toner som framkallar den afghanska traditionen. Den kraftfulla aromatiska profilen p\u00e5minner om orientaliska kryddor och den t\u00e4ta r\u00f6ken ger en o\u00f6vertr\u00e4ffad k\u00e4nsla, perfekt f\u00f6r hasch\u00e4lskare som s\u00f6ker en djup, omslutande upplevelse.<\/p>\n<ul>\n<li><strong>Smaker<\/strong> Jordig, kryddig, \u00f6rtartad<\/li>\n<li><strong>Dofter<\/strong> Djupa, intensiva, orientaliska toner<\/li>\n<\/ul>\n<h3>Effekter och f\u00f6rdelar med Hashish Temple Ball<\/h3>\n<p>Le <strong>Haschischtempelboll<\/strong> erbjuder kraftfulla, l\u00e5ngvariga effekter som kombinerar fysisk avkoppling och mental stimulering. Denna hasch \u00e4r idealisk f\u00f6r anv\u00e4ndning i slutet av dagen eller under stunder av avkoppling och \u00e4r perfekt f\u00f6r att varva ner medan du njuter av en mild eufori. Dess djupg\u00e5ende effekter g\u00f6r det till ett popul\u00e4rt val f\u00f6r att lindra stress och fr\u00e4mja allm\u00e4nt v\u00e4lbefinnande.<a href=\"https:\/\/fuelpackz.com\/\" target=\"_blank\" rel=\"noopener\">.<\/a><\/p>\n<ul>\n<li><strong>Effekter<\/strong> Avslappning, Eufori, Djup avslappning<\/li>\n<li><strong>Perfekt f\u00f6r<\/strong> Stressavlastning, intensiv avslappning, meditation<\/li>\n<\/ul>\n<h3>En produkt av h\u00f6gsta kvalitet<\/h3>\n<p>Le <strong>Temple Ball Hash<\/strong> framst\u00e4lls med traditionella afghanska metoder, d\u00e4r trikomerna f\u00f6rsiktigt extraheras och pressas f\u00f6r att s\u00e4kerst\u00e4lla exceptionell renhet. Fr\u00e5n att ha exporterats i en m\u00e4ngd olika former - fingrar, pinnar, halvm\u00e5nar och tegelstenar - h\u00e5ller det nu p\u00e5 att bli en s\u00e4llsynt och eftertraktad produkt med distinkta f\u00e4rger, smaker och texturer.<\/p>\n<h3>Anv\u00e4ndning och erfarenhet<\/h3>\n<p>Le <strong>Haschischtempelboll<\/strong> kan konsumeras p\u00e5 en m\u00e4ngd olika s\u00e4tt f\u00f6r att utforska alla dess smaker och kraftfulla effekter:<\/p>\n<ul>\n<li><strong>R\u00f6kning i pipa eller bong<\/strong> f\u00f6r en snabb och intensiv kl\u00e4ttring.<\/li>\n<li><strong>Inf\u00f6rliva i en gemensam<\/strong> f\u00f6r att f\u00f6rl\u00e4nga effekten och njuta av den rika smaken.<\/li>\n<li><strong>Spray<\/strong> f\u00f6r en ren, kontrollerad smakupplevelse, perfekt f\u00f6r finsmakare.<\/li>\n<\/ul>\n<h3>Best\u00e4ll Temple Ball Hashish online fr\u00e5n Pressure Zone Shop<\/h3>\n<p>Redo att uppt\u00e4cka kraften och intensiteten i <strong>Haschischtempelboll<\/strong> ? Best\u00e4ll nu p\u00e5 <a href=\"https:\/\/pressurezone.shop\/sv\/\" target=\"_new\" rel=\"noopener\">Tryckzonsbutik<\/a> f\u00f6r en autentisk upplevelse i afghansk tradition. <strong>Temple Ball Hash<\/strong> \u00e4r det perfekta valet f\u00f6r hasch\u00e4lskare som s\u00f6ker ultimat avkoppling och komplexa smaker.<\/p>","protected":false},"excerpt":{"rendered":"<p>Achetez le Haschisch Temple Ball en Ligne sur Pressure Zone Shop D\u00e9couvrez le l\u00e9gendaire Haschisch Temple Ball, r\u00e9put\u00e9 pour sa texture super collante et son profil aromatique exceptionnel. Originaire des r\u00e9gions montagneuses d\u2019Afghanistan, le Temple Ball Hash est un concentr\u00e9 de cannabis particuli\u00e8rement recherch\u00e9 pour sa puissance et ses saveurs riches. Ce haschisch rare est [&hellip;]<\/p>","protected":false},"featured_media":3464,"comment_status":"closed","ping_status":"closed","template":"","meta":{"_uag_custom_page_level_css":"","site-sidebar-layout":"default","site-content-layout":"","ast-site-content-layout":"default","site-content-style":"default","site-sidebar-style":"default","ast-global-header-display":"","ast-banner-title-visibility":"","ast-main-header-display":"","ast-hfb-above-header-display":"","ast-hfb-below-header-display":"","ast-hfb-mobile-header-display":"","site-post-title":"","ast-breadcrumbs-content":"","ast-featured-img":"","footer-sml-layout":"","theme-transparent-header-meta":"default","adv-header-id-meta":"","stick-header-meta":"","header-above-stick-meta":"","header-main-stick-meta":"","header-below-stick-meta":"","astra-migrate-meta-layouts":"set","ast-page-background-enabled":"default","ast-page-background-meta":{"desktop":{"background-color":"","background-image":"","background-repeat":"repeat","background-position":"center center","background-size":"auto","background-attachment":"scroll","background-type":"","background-media":"","overlay-type":"","overlay-color":"","overlay-opacity":"","overlay-gradient":""},"tablet":{"background-color":"","background-image":"","background-repeat":"repeat","background-position":"center center","background-size":"auto","background-attachment":"scroll","background-type":"","background-media":"","overlay-type":"","overlay-color":"","overlay-opacity":"","overlay-gradient":""},"mobile":{"background-color":"","background-image":"","background-repeat":"repeat","background-position":"center center","background-size":"auto","background-attachment":"scroll","background-type":"","background-media":"","overlay-type":"","overlay-color":"","overlay-opacity":"","overlay-gradient":""}},"ast-content-background-meta":{"desktop":{"background-color":"var(--ast-global-color-5)","background-image":"","background-repeat":"repeat","background-position":"center center","background-size":"auto","background-attachment":"scroll","background-type":"","background-media":"","overlay-type":"","overlay-color":"","overlay-opacity":"","overlay-gradient":""},"tablet":{"background-color":"var(--ast-global-color-5)","background-image":"","background-repeat":"repeat","background-position":"center center","background-size":"auto","background-attachment":"scroll","background-type":"","background-media":"","overlay-type":"","overlay-color":"","overlay-opacity":"","overlay-gradient":""},"mobile":{"background-color":"var(--ast-global-color-5)","background-image":"","background-repeat":"repeat","background-position":"center center","background-size":"auto","background-attachment":"scroll","background-type":"","background-media":"","overlay-type":"","overlay-color":"","overlay-opacity":"","overlay-gradient":""}}},"product_brand":[],"product_cat":[334,29],"product_tag":[468],"class_list":{"0":"post-3381","1":"product","2":"type-product","3":"status-publish","4":"has-post-thumbnail","6":"product_cat-concentres-de-marijuana","7":"product_cat-haschisch","8":"product_tag-temple-ball-marijuana-hash-europe","9":"desktop-align-left","10":"tablet-align-left","11":"mobile-align-left","13":"first","14":"instock","15":"shipping-taxable","16":"purchasable","17":"product-type-variable"},"uagb_featured_image_src":{"full":["https:\/\/pressurezone.shop\/wp-content\/uploads\/2024\/10\/Temple-Ball-Marijuana-Hash.jpg",700,700,false],"thumbnail":["https:\/\/pressurezone.shop\/wp-content\/uploads\/2024\/10\/Temple-Ball-Marijuana-Hash-150x150.jpg",150,150,true],"medium":["https:\/\/pressurezone.shop\/wp-content\/uploads\/2024\/10\/Temple-Ball-Marijuana-Hash-300x300.jpg",300,300,true],"medium_large":["https:\/\/pressurezone.shop\/wp-content\/uploads\/2024\/10\/Temple-Ball-Marijuana-Hash.jpg",700,700,false],"large":["https:\/\/pressurezone.shop\/wp-content\/uploads\/2024\/10\/Temple-Ball-Marijuana-Hash.jpg",700,700,false],"1536x1536":["https:\/\/pressurezone.shop\/wp-content\/uploads\/2024\/10\/Temple-Ball-Marijuana-Hash.jpg",700,700,false],"2048x2048":["https:\/\/pressurezone.shop\/wp-content\/uploads\/2024\/10\/Temple-Ball-Marijuana-Hash.jpg",700,700,false],"trp-custom-language-flag":["https:\/\/pressurezone.shop\/wp-content\/uploads\/2024\/10\/Temple-Ball-Marijuana-Hash-12x12.jpg",12,12,true],"woocommerce_thumbnail":["https:\/\/pressurezone.shop\/wp-content\/uploads\/2024\/10\/Temple-Ball-Marijuana-Hash-300x300.jpg",300,300,true],"woocommerce_single":["https:\/\/pressurezone.shop\/wp-content\/uploads\/2024\/10\/Temple-Ball-Marijuana-Hash-600x600.jpg",600,600,true],"woocommerce_gallery_thumbnail":["https:\/\/pressurezone.shop\/wp-content\/uploads\/2024\/10\/Temple-Ball-Marijuana-Hash-100x100.jpg",100,100,true]},"uagb_author_info":{"display_name":"pressurezone.shop","author_link":"https:\/\/pressurezone.shop\/sv\/author\/"},"uagb_comment_info":0,"uagb_excerpt":"Achetez le Haschisch Temple Ball en Ligne sur Pressure Zone Shop D\u00e9couvrez le l\u00e9gendaire Haschisch Temple Ball, r\u00e9put\u00e9 pour sa texture super collante et son profil aromatique exceptionnel. Originaire des r\u00e9gions montagneuses d\u2019Afghanistan, le Temple Ball Hash est un concentr\u00e9 de cannabis particuli\u00e8rement recherch\u00e9 pour sa puissance et ses saveurs riches. Ce haschisch rare est&hellip;","_links":{"self":[{"href":"https:\/\/pressurezone.shop\/sv\/wp-json\/wp\/v2\/product\/3381"}],"collection":[{"href":"https:\/\/pressurezone.shop\/sv\/wp-json\/wp\/v2\/product"}],"about":[{"href":"https:\/\/pressurezone.shop\/sv\/wp-json\/wp\/v2\/types\/product"}],"replies":[{"embeddable":true,"href":"https:\/\/pressurezone.shop\/sv\/wp-json\/wp\/v2\/comments?post=3381"}],"version-history":[{"count":3,"href":"https:\/\/pressurezone.shop\/sv\/wp-json\/wp\/v2\/product\/3381\/revisions"}],"predecessor-version":[{"id":4248,"href":"https:\/\/pressurezone.shop\/sv\/wp-json\/wp\/v2\/product\/3381\/revisions\/4248"}],"wp:featuredmedia":[{"embeddable":true,"href":"https:\/\/pressurezone.shop\/sv\/wp-json\/wp\/v2\/media\/3464"}],"wp:attachment":[{"href":"https:\/\/pressurezone.shop\/sv\/wp-json\/wp\/v2\/media?parent=3381"}],"wp:term":[{"taxonomy":"product_brand","embeddable":true,"href":"https:\/\/pressurezone.shop\/sv\/wp-json\/wp\/v2\/product_brand?post=3381"},{"taxonomy":"product_cat","embeddable":true,"href":"https:\/\/pressurezone.shop\/sv\/wp-json\/wp\/v2\/product_cat?post=3381"},{"taxonomy":"product_tag","embeddable":true,"href":"https:\/\/pressurezone.shop\/sv\/wp-json\/wp\/v2\/product_tag?post=3381"}],"curies":[{"name":"wp","href":"https:\/\/api.w.org\/{rel}","templated":true}]}}