{"id":3392,"date":"2024-10-11T01:02:19","date_gmt":"2024-10-10T23:02:19","guid":{"rendered":"https:\/\/pressurezone.shop\/?post_type=product&#038;p=3392"},"modified":"2024-11-04T19:02:45","modified_gmt":"2024-11-04T18:02:45","slug":"haschisch-donkey-butter-par-tegridy-farm","status":"publish","type":"product","link":"https:\/\/pressurezone.shop\/sv\/produkt\/haschish-asnesmor-fran-tegridy-farm\/","title":{"rendered":"Sm\u00f6r fr\u00e5n \u00e5sna fr\u00e5n Tegridy Farms"},"content":{"rendered":"<h3><strong>K\u00f6p Hashish Donkey Butter fr\u00e5n Tegridy Farms online i Europa p\u00e5 <a href=\"https:\/\/pressurezone.shop\/sv\/\" target=\"_new\" rel=\"noopener\">Tryckzonsbutik<\/a><\/strong><\/h3>\n<p>Uppt\u00e4ck de <strong>Haschish \u00e5sna sm\u00f6r<\/strong> fr\u00e5n Tegridy Farms, ett perfekt exempel p\u00e5 hantverksm\u00e4ssig hasch som produceras i sm\u00e5 partier i British Columbia. Denna unika hasch, som \u00e4r ett av \u00e5tta nya tillskott i v\u00e5r kollektion, ger hasch\u00e4lskare en t\u00e4t, smakrik och l\u00e4tthanterlig upplevelse. Tillverkad med endast r\u00e5varor av h\u00f6gsta kvalitet, <strong>Sm\u00f6r fr\u00e5n \u00e5sna<\/strong> \u00e4r ett perfekt alternativ f\u00f6r \u00e4lskare av indicas.<\/p>\n<h3>Varf\u00f6r v\u00e4lja Haschisch Donkey Butter fr\u00e5n Tegridy Farms?<\/h3>\n<p>\u00c4ven om namnet kanske kommer som en \u00f6verraskning, <strong>Sm\u00f6r fr\u00e5n \u00e5sna<\/strong> erbjuder en smakrik, kryddig smak, perfekt f\u00f6r indica-k\u00e4nnare som letar efter en kraftfull upplevelse. Denna hasch \u00e4r utformad f\u00f6r intensiv kv\u00e4llsavkoppling, med effekter som lyfter andan samtidigt som den lugnar kroppen.<a href=\"https:\/\/fuelpackz.com\/\" target=\"_blank\" rel=\"noopener\">.<\/a><\/p>\n<ul>\n<li><strong>Typ<\/strong> Haschisch Indica Premium<\/li>\n<li><strong>Ursprung<\/strong> : Sm\u00e5skalig hantverksm\u00e4ssig produktion i British Columbia<\/li>\n<\/ul>\n<h3>Smak och doft av haschish och \u00e5snesm\u00f6r<\/h3>\n<p>Le <strong>Haschish \u00e5sna sm\u00f6r<\/strong> k\u00e4nnetecknas av sina kryddiga, skunkiga smaker, med jordiga toner av tall och \u00f6rter i slutet av utandningen. Doften \u00e4r lika intensiv, med inslag av kryddig diesel berikad med inslag av skunk och \u00e5ldrad tall.<\/p>\n<ul>\n<li><strong>Smaker<\/strong> : Kryddig, Skunky, Tall, \u00d6rter<\/li>\n<li><strong>Dofter<\/strong> : Kryddig diesel, rik skunk, tall<\/li>\n<\/ul>\n<h3>Effekter och f\u00f6rdelar med Hashish Donkey Butter<\/h3>\n<p>Le <strong>Haschish \u00e5sna sm\u00f6r<\/strong> ger ett euforiskt rus som byggs upp l\u00e5ngsamt, perfekt f\u00f6r en avkopplande kv\u00e4ll. Denna handgjorda haschish \u00e4r idealisk f\u00f6r att skingra stress och fr\u00e4mja ett tillst\u00e5nd av v\u00e4lbefinnande och \u00e4r utformad f\u00f6r dem som s\u00f6ker en djup indica-effekt.<\/p>\n<ul>\n<li><strong>Effekter<\/strong> Eufori, avslappning, lugnande<\/li>\n<li><strong>Perfekt f\u00f6r<\/strong> Stresslindring, avslappning p\u00e5 kv\u00e4llen, allm\u00e4nt lugnande<\/li>\n<\/ul>\n<h3>Kvalitet och hantverksskicklighet<\/h3>\n<p>Le <strong>Haschish \u00e5sna sm\u00f6r<\/strong> tillverkas med hantverksm\u00e4ssiga metoder och endast de finaste ingredienserna anv\u00e4nds f\u00f6r att garantera en \u00f6verl\u00e4gsen smak och sensorisk upplevelse. Den t\u00e4ta men \u00e4nd\u00e5 l\u00e4tthanterliga texturen g\u00f6r den till ett perfekt val f\u00f6r dem som uppskattar kvalitet och hantverk.<\/p>\n<h3>Anv\u00e4ndning och erfarenhet<\/h3>\n<p>Le <strong>Haschish \u00e5sna sm\u00f6r<\/strong> \u00e4r m\u00e5ngsidig och kan \u00e4tas p\u00e5 en m\u00e4ngd olika s\u00e4tt f\u00f6r att passa individuella preferenser:<\/p>\n<ul>\n<li><strong>R\u00f6kning i pipa eller bong<\/strong> f\u00f6r snabba och kraftfulla effekter.<\/li>\n<li><strong>Spray<\/strong> f\u00f6r ren smak och ett kontrollerat rus.<\/li>\n<li><strong>L\u00e4gg till i en joint<\/strong> f\u00f6r att berika smaken och intensifiera effekterna.<\/li>\n<\/ul>\n<h3>Best\u00e4ll Haschisch Donkey Butter online fr\u00e5n Pressure Zone Shop<\/h3>\n<p>Redo att njuta av intensiteten och djupet i <strong>Haschish \u00e5sna sm\u00f6r<\/strong> ? Best\u00e4ll nu p\u00e5 <a href=\"https:\/\/pressurezone.shop\/sv\/\" target=\"_new\" rel=\"noopener\">Tryckzonsbutik<\/a> och njut av en h\u00f6gkvalitativ, handgjord haschish, perfekt f\u00f6r dina stunder av avkoppling. <strong>Sm\u00f6r fr\u00e5n \u00e5sna<\/strong> \u00e4r det perfekta valet f\u00f6r kv\u00e4llsavkoppling och lugnande l\u00e4ttnad.<\/p>","protected":false},"excerpt":{"rendered":"<p>Achetez le Haschisch Donkey Butter par Tegridy Farms en Ligne en Europe sur Pressure Zone Shop D\u00e9couvrez le Haschisch Donkey Butter par Tegridy Farms, un exemple parfait de haschisch artisanal produit en petite quantit\u00e9 en Colombie-Britannique. Ce haschisch unique, l\u2019un des huit nouveaux ajouts \u00e0 notre collection, offre aux amateurs de haschisch une exp\u00e9rience dense, [&hellip;]<\/p>","protected":false},"featured_media":3470,"comment_status":"closed","ping_status":"closed","template":"","meta":{"_uag_custom_page_level_css":"","site-sidebar-layout":"default","site-content-layout":"","ast-site-content-layout":"default","site-content-style":"default","site-sidebar-style":"default","ast-global-header-display":"","ast-banner-title-visibility":"","ast-main-header-display":"","ast-hfb-above-header-display":"","ast-hfb-below-header-display":"","ast-hfb-mobile-header-display":"","site-post-title":"","ast-breadcrumbs-content":"","ast-featured-img":"","footer-sml-layout":"","theme-transparent-header-meta":"default","adv-header-id-meta":"","stick-header-meta":"","header-above-stick-meta":"","header-main-stick-meta":"","header-below-stick-meta":"","astra-migrate-meta-layouts":"set","ast-page-background-enabled":"default","ast-page-background-meta":{"desktop":{"background-color":"","background-image":"","background-repeat":"repeat","background-position":"center center","background-size":"auto","background-attachment":"scroll","background-type":"","background-media":"","overlay-type":"","overlay-color":"","overlay-opacity":"","overlay-gradient":""},"tablet":{"background-color":"","background-image":"","background-repeat":"repeat","background-position":"center center","background-size":"auto","background-attachment":"scroll","background-type":"","background-media":"","overlay-type":"","overlay-color":"","overlay-opacity":"","overlay-gradient":""},"mobile":{"background-color":"","background-image":"","background-repeat":"repeat","background-position":"center center","background-size":"auto","background-attachment":"scroll","background-type":"","background-media":"","overlay-type":"","overlay-color":"","overlay-opacity":"","overlay-gradient":""}},"ast-content-background-meta":{"desktop":{"background-color":"var(--ast-global-color-5)","background-image":"","background-repeat":"repeat","background-position":"center center","background-size":"auto","background-attachment":"scroll","background-type":"","background-media":"","overlay-type":"","overlay-color":"","overlay-opacity":"","overlay-gradient":""},"tablet":{"background-color":"var(--ast-global-color-5)","background-image":"","background-repeat":"repeat","background-position":"center center","background-size":"auto","background-attachment":"scroll","background-type":"","background-media":"","overlay-type":"","overlay-color":"","overlay-opacity":"","overlay-gradient":""},"mobile":{"background-color":"var(--ast-global-color-5)","background-image":"","background-repeat":"repeat","background-position":"center center","background-size":"auto","background-attachment":"scroll","background-type":"","background-media":"","overlay-type":"","overlay-color":"","overlay-opacity":"","overlay-gradient":""}}},"product_brand":[],"product_cat":[334,29],"product_tag":[471],"class_list":{"0":"post-3392","1":"product","2":"type-product","3":"status-publish","4":"has-post-thumbnail","6":"product_cat-concentres-de-marijuana","7":"product_cat-haschisch","8":"product_tag-buy-donkey-butter-by-tegridy-farms-online-europe","9":"desktop-align-left","10":"tablet-align-left","11":"mobile-align-left","13":"first","14":"instock","15":"shipping-taxable","16":"purchasable","17":"product-type-variable"},"uagb_featured_image_src":{"full":["https:\/\/pressurezone.shop\/wp-content\/uploads\/2024\/10\/Donkey-Butter-by-Tegridy-Farms.jpg",1000,1000,false],"thumbnail":["https:\/\/pressurezone.shop\/wp-content\/uploads\/2024\/10\/Donkey-Butter-by-Tegridy-Farms-150x150.jpg",150,150,true],"medium":["https:\/\/pressurezone.shop\/wp-content\/uploads\/2024\/10\/Donkey-Butter-by-Tegridy-Farms-300x300.jpg",300,300,true],"medium_large":["https:\/\/pressurezone.shop\/wp-content\/uploads\/2024\/10\/Donkey-Butter-by-Tegridy-Farms-768x768.jpg",768,768,true],"large":["https:\/\/pressurezone.shop\/wp-content\/uploads\/2024\/10\/Donkey-Butter-by-Tegridy-Farms.jpg",1000,1000,false],"1536x1536":["https:\/\/pressurezone.shop\/wp-content\/uploads\/2024\/10\/Donkey-Butter-by-Tegridy-Farms.jpg",1000,1000,false],"2048x2048":["https:\/\/pressurezone.shop\/wp-content\/uploads\/2024\/10\/Donkey-Butter-by-Tegridy-Farms.jpg",1000,1000,false],"trp-custom-language-flag":["https:\/\/pressurezone.shop\/wp-content\/uploads\/2024\/10\/Donkey-Butter-by-Tegridy-Farms-12x12.jpg",12,12,true],"woocommerce_thumbnail":["https:\/\/pressurezone.shop\/wp-content\/uploads\/2024\/10\/Donkey-Butter-by-Tegridy-Farms-300x300.jpg",300,300,true],"woocommerce_single":["https:\/\/pressurezone.shop\/wp-content\/uploads\/2024\/10\/Donkey-Butter-by-Tegridy-Farms-600x600.jpg",600,600,true],"woocommerce_gallery_thumbnail":["https:\/\/pressurezone.shop\/wp-content\/uploads\/2024\/10\/Donkey-Butter-by-Tegridy-Farms-100x100.jpg",100,100,true]},"uagb_author_info":{"display_name":"pressurezone.shop","author_link":"https:\/\/pressurezone.shop\/sv\/author\/"},"uagb_comment_info":0,"uagb_excerpt":"Achetez le Haschisch Donkey Butter par Tegridy Farms en Ligne en Europe sur Pressure Zone Shop D\u00e9couvrez le Haschisch Donkey Butter par Tegridy Farms, un exemple parfait de haschisch artisanal produit en petite quantit\u00e9 en Colombie-Britannique. Ce haschisch unique, l\u2019un des huit nouveaux ajouts \u00e0 notre collection, offre aux amateurs de haschisch une exp\u00e9rience dense,&hellip;","_links":{"self":[{"href":"https:\/\/pressurezone.shop\/sv\/wp-json\/wp\/v2\/product\/3392"}],"collection":[{"href":"https:\/\/pressurezone.shop\/sv\/wp-json\/wp\/v2\/product"}],"about":[{"href":"https:\/\/pressurezone.shop\/sv\/wp-json\/wp\/v2\/types\/product"}],"replies":[{"embeddable":true,"href":"https:\/\/pressurezone.shop\/sv\/wp-json\/wp\/v2\/comments?post=3392"}],"version-history":[{"count":3,"href":"https:\/\/pressurezone.shop\/sv\/wp-json\/wp\/v2\/product\/3392\/revisions"}],"predecessor-version":[{"id":4134,"href":"https:\/\/pressurezone.shop\/sv\/wp-json\/wp\/v2\/product\/3392\/revisions\/4134"}],"wp:featuredmedia":[{"embeddable":true,"href":"https:\/\/pressurezone.shop\/sv\/wp-json\/wp\/v2\/media\/3470"}],"wp:attachment":[{"href":"https:\/\/pressurezone.shop\/sv\/wp-json\/wp\/v2\/media?parent=3392"}],"wp:term":[{"taxonomy":"product_brand","embeddable":true,"href":"https:\/\/pressurezone.shop\/sv\/wp-json\/wp\/v2\/product_brand?post=3392"},{"taxonomy":"product_cat","embeddable":true,"href":"https:\/\/pressurezone.shop\/sv\/wp-json\/wp\/v2\/product_cat?post=3392"},{"taxonomy":"product_tag","embeddable":true,"href":"https:\/\/pressurezone.shop\/sv\/wp-json\/wp\/v2\/product_tag?post=3392"}],"curies":[{"name":"wp","href":"https:\/\/api.w.org\/{rel}","templated":true}]}}