{"id":3409,"date":"2024-10-11T01:02:42","date_gmt":"2024-10-10T23:02:42","guid":{"rendered":"https:\/\/pressurezone.shop\/?post_type=product&#038;p=3409"},"modified":"2024-11-04T21:08:33","modified_gmt":"2024-11-04T20:08:33","slug":"haschisch-trident-cannabis","status":"publish","type":"product","link":"https:\/\/pressurezone.shop\/sv\/produkt\/hasch-trident-cannabis\/","title":{"rendered":"Haschisch Trident Cannabis"},"content":{"rendered":"<h3><strong>K\u00f6p Haschisch Trident Cannabis online p\u00e5 <a href=\"https:\/\/pressurezone.shop\/sv\/\" target=\"_new\" rel=\"noopener\">Tryckzonsbutik<\/a><\/strong><\/h3>\n<p>Uppt\u00e4ck de <strong>Haschisch Trident Cannabis<\/strong>ett haschkoncentrat som stolt produceras lokalt fr\u00e5n rena indica-blommor och odlas med traditionella metoder. Inspirerad av traditionella afghanska processer, \u00e4r <strong>Trident Hash<\/strong> f\u00e5ngar essensen av \u00e4kta hasch med en lokal twist, vilket ger dig en cannabisupplevelse som \u00e4r o\u00f6vertr\u00e4ffad i Europa.<\/p>\n<h3>Varf\u00f6r v\u00e4lja Haschisch Trident?<\/h3>\n<p>Le <strong>Haschish Trident<\/strong> k\u00e4nnetecknas av sin autentiska karakt\u00e4r och rika aromer, samtidigt som den \u00e4r 100% inhemsk. Detta hasch \u00e4r noggrant bearbetat f\u00f6r att bevara sin renhet och smakprofil, vilket ger dig n\u00e4rmare de jordn\u00e4ra tonerna och de l\u00e4tta blommiga accenterna som k\u00e4nnetecknar det b\u00e4sta importerade haschet. Den \u00e4r idealisk f\u00f6r dem som letar efter en smidig, djup cannabisupplevelse, perfekt f\u00f6r avkoppling.<\/p>\n<ul>\n<li><strong>Typ<\/strong> : Haschisch Indica Ren, lokal tillverkning<\/li>\n<li><strong>Ursprung<\/strong> Rena Indica-blommor, inspirerade av afghanska tekniker<\/li>\n<\/ul>\n<h3>Smak och doft av Trident hasch<\/h3>\n<p>Le <strong>Trident Hash<\/strong> erbjuder en rik och omslutande smakupplevelse. Dess jordiga arom, berikad med en subtil blommig touch och en mild kryddig smak, skapar en smidig r\u00f6k som gl\u00e4djer finsmakare. Dessa aromer transporterar dig och p\u00e5minner om de autentiska tonerna av traditionell hasch.<\/p>\n<ul>\n<li><strong>Smaker<\/strong> Kryddig, jordig<\/li>\n<li><strong>Dofter<\/strong> Jordn\u00e4ra, subtila blommiga accenter<\/li>\n<\/ul>\n<h3>Effekter och f\u00f6rdelar med Trident Hashish<\/h3>\n<p>Le <strong>Haschish Trident<\/strong> ger en mild men djup avslappning, perfekt f\u00f6r att lugna sinnet och f\u00e5 kroppen att slappna av. Dess effekter \u00e4r lugnande, perfekt f\u00f6r att varva ner efter en l\u00e5ng dag eller f\u00f6r l\u00e4ngre avslappningssessioner. Dess kvalitet och renhet g\u00f6r det till ett popul\u00e4rt val f\u00f6r dem som letar efter en hasch med en stabil och trevlig effekt.<a href=\"https:\/\/fuelpackz.com\/\" target=\"_blank\" rel=\"noopener\">.<\/a><\/p>\n<ul>\n<li><strong>Effekter<\/strong> Avslappning, Lugn, Lugnande<\/li>\n<li><strong>Perfekt f\u00f6r<\/strong> Stresslindring, djup avslappning<\/li>\n<\/ul>\n<h3>Anv\u00e4ndarv\u00e4nlighet och erfarenhet<\/h3>\n<p>Le <strong>Haschish Trident<\/strong> \u00e4r lika l\u00e4tt att hantera som den \u00e4r behaglig att r\u00f6ka. Den kan avnjutas p\u00e5 m\u00e5nga olika s\u00e4tt:<\/p>\n<ul>\n<li><strong>Rulla i en skarv<\/strong> f\u00f6r en kontinuerlig, avkopplande upplevelse.<\/li>\n<li><strong>L\u00e4gg till i en vattenpipa<\/strong> f\u00f6r en j\u00e4mn och l\u00e5ngvarig r\u00f6k.<\/li>\n<li><strong>Spray<\/strong> f\u00f6r en ren smakupplevelse, perfekt f\u00f6r \u00e4lskare av autentiska smaker.<\/li>\n<\/ul>\n<h3>Best\u00e4ll Trident Hashish online fr\u00e5n Pressure Zone Shop<\/h3>\n<p>\u00c4r du redo att uppt\u00e4cka en del av den afghanska traditionen i en lokal version? Best\u00e4ll den <strong>Haschisch Trident Cannabis<\/strong> p\u00e5 <a href=\"https:\/\/pressurezone.shop\/sv\/\" target=\"_new\" rel=\"noopener\">Tryckzonsbutik<\/a> och f\u00f6rdjupa dig i en unik upplevelse av avkoppling. Denna haschish \u00e4r det perfekta alternativet f\u00f6r en rik smak och o\u00f6vertr\u00e4ffad avkoppling.<\/p>","protected":false},"excerpt":{"rendered":"<p>Achetez le Haschisch Trident Cannabis en Ligne sur Pressure Zone Shop D\u00e9couvrez le Haschisch Trident Cannabis, un concentr\u00e9 de haschisch fi\u00e8rement produit localement \u00e0 partir de fleurs d&rsquo;indica pures et cultiv\u00e9 selon des m\u00e9thodes artisanales. Inspir\u00e9 par les proc\u00e9d\u00e9s traditionnels afghans, le Trident Hash capture l&rsquo;essence du haschisch authentique avec une touche locale, vous offrant [&hellip;]<\/p>","protected":false},"featured_media":3478,"comment_status":"closed","ping_status":"closed","template":"","meta":{"_uag_custom_page_level_css":"","site-sidebar-layout":"default","site-content-layout":"","ast-site-content-layout":"default","site-content-style":"default","site-sidebar-style":"default","ast-global-header-display":"","ast-banner-title-visibility":"","ast-main-header-display":"","ast-hfb-above-header-display":"","ast-hfb-below-header-display":"","ast-hfb-mobile-header-display":"","site-post-title":"","ast-breadcrumbs-content":"","ast-featured-img":"","footer-sml-layout":"","theme-transparent-header-meta":"default","adv-header-id-meta":"","stick-header-meta":"","header-above-stick-meta":"","header-main-stick-meta":"","header-below-stick-meta":"","astra-migrate-meta-layouts":"set","ast-page-background-enabled":"default","ast-page-background-meta":{"desktop":{"background-color":"","background-image":"","background-repeat":"repeat","background-position":"center center","background-size":"auto","background-attachment":"scroll","background-type":"","background-media":"","overlay-type":"","overlay-color":"","overlay-opacity":"","overlay-gradient":""},"tablet":{"background-color":"","background-image":"","background-repeat":"repeat","background-position":"center center","background-size":"auto","background-attachment":"scroll","background-type":"","background-media":"","overlay-type":"","overlay-color":"","overlay-opacity":"","overlay-gradient":""},"mobile":{"background-color":"","background-image":"","background-repeat":"repeat","background-position":"center center","background-size":"auto","background-attachment":"scroll","background-type":"","background-media":"","overlay-type":"","overlay-color":"","overlay-opacity":"","overlay-gradient":""}},"ast-content-background-meta":{"desktop":{"background-color":"var(--ast-global-color-5)","background-image":"","background-repeat":"repeat","background-position":"center center","background-size":"auto","background-attachment":"scroll","background-type":"","background-media":"","overlay-type":"","overlay-color":"","overlay-opacity":"","overlay-gradient":""},"tablet":{"background-color":"var(--ast-global-color-5)","background-image":"","background-repeat":"repeat","background-position":"center center","background-size":"auto","background-attachment":"scroll","background-type":"","background-media":"","overlay-type":"","overlay-color":"","overlay-opacity":"","overlay-gradient":""},"mobile":{"background-color":"var(--ast-global-color-5)","background-image":"","background-repeat":"repeat","background-position":"center center","background-size":"auto","background-attachment":"scroll","background-type":"","background-media":"","overlay-type":"","overlay-color":"","overlay-opacity":"","overlay-gradient":""}}},"product_brand":[],"product_cat":[334,29],"product_tag":[474],"class_list":{"0":"post-3409","1":"product","2":"type-product","3":"status-publish","4":"has-post-thumbnail","6":"product_cat-concentres-de-marijuana","7":"product_cat-haschisch","8":"product_tag-order-trident-cannabis-hash-europe","9":"desktop-align-left","10":"tablet-align-left","11":"mobile-align-left","13":"first","14":"instock","15":"shipping-taxable","16":"purchasable","17":"product-type-variable"},"uagb_featured_image_src":{"full":["https:\/\/pressurezone.shop\/wp-content\/uploads\/2024\/10\/Trident-Cannabis-Hash.jpg",768,768,false],"thumbnail":["https:\/\/pressurezone.shop\/wp-content\/uploads\/2024\/10\/Trident-Cannabis-Hash-150x150.jpg",150,150,true],"medium":["https:\/\/pressurezone.shop\/wp-content\/uploads\/2024\/10\/Trident-Cannabis-Hash-300x300.jpg",300,300,true],"medium_large":["https:\/\/pressurezone.shop\/wp-content\/uploads\/2024\/10\/Trident-Cannabis-Hash.jpg",768,768,false],"large":["https:\/\/pressurezone.shop\/wp-content\/uploads\/2024\/10\/Trident-Cannabis-Hash.jpg",768,768,false],"1536x1536":["https:\/\/pressurezone.shop\/wp-content\/uploads\/2024\/10\/Trident-Cannabis-Hash.jpg",768,768,false],"2048x2048":["https:\/\/pressurezone.shop\/wp-content\/uploads\/2024\/10\/Trident-Cannabis-Hash.jpg",768,768,false],"trp-custom-language-flag":["https:\/\/pressurezone.shop\/wp-content\/uploads\/2024\/10\/Trident-Cannabis-Hash-12x12.jpg",12,12,true],"woocommerce_thumbnail":["https:\/\/pressurezone.shop\/wp-content\/uploads\/2024\/10\/Trident-Cannabis-Hash-300x300.jpg",300,300,true],"woocommerce_single":["https:\/\/pressurezone.shop\/wp-content\/uploads\/2024\/10\/Trident-Cannabis-Hash-600x600.jpg",600,600,true],"woocommerce_gallery_thumbnail":["https:\/\/pressurezone.shop\/wp-content\/uploads\/2024\/10\/Trident-Cannabis-Hash-100x100.jpg",100,100,true]},"uagb_author_info":{"display_name":"pressurezone.shop","author_link":"https:\/\/pressurezone.shop\/sv\/author\/"},"uagb_comment_info":0,"uagb_excerpt":"Achetez le Haschisch Trident Cannabis en Ligne sur Pressure Zone Shop D\u00e9couvrez le Haschisch Trident Cannabis, un concentr\u00e9 de haschisch fi\u00e8rement produit localement \u00e0 partir de fleurs d&rsquo;indica pures et cultiv\u00e9 selon des m\u00e9thodes artisanales. Inspir\u00e9 par les proc\u00e9d\u00e9s traditionnels afghans, le Trident Hash capture l&rsquo;essence du haschisch authentique avec une touche locale, vous offrant&hellip;","_links":{"self":[{"href":"https:\/\/pressurezone.shop\/sv\/wp-json\/wp\/v2\/product\/3409"}],"collection":[{"href":"https:\/\/pressurezone.shop\/sv\/wp-json\/wp\/v2\/product"}],"about":[{"href":"https:\/\/pressurezone.shop\/sv\/wp-json\/wp\/v2\/types\/product"}],"replies":[{"embeddable":true,"href":"https:\/\/pressurezone.shop\/sv\/wp-json\/wp\/v2\/comments?post=3409"}],"version-history":[{"count":3,"href":"https:\/\/pressurezone.shop\/sv\/wp-json\/wp\/v2\/product\/3409\/revisions"}],"predecessor-version":[{"id":4256,"href":"https:\/\/pressurezone.shop\/sv\/wp-json\/wp\/v2\/product\/3409\/revisions\/4256"}],"wp:featuredmedia":[{"embeddable":true,"href":"https:\/\/pressurezone.shop\/sv\/wp-json\/wp\/v2\/media\/3478"}],"wp:attachment":[{"href":"https:\/\/pressurezone.shop\/sv\/wp-json\/wp\/v2\/media?parent=3409"}],"wp:term":[{"taxonomy":"product_brand","embeddable":true,"href":"https:\/\/pressurezone.shop\/sv\/wp-json\/wp\/v2\/product_brand?post=3409"},{"taxonomy":"product_cat","embeddable":true,"href":"https:\/\/pressurezone.shop\/sv\/wp-json\/wp\/v2\/product_cat?post=3409"},{"taxonomy":"product_tag","embeddable":true,"href":"https:\/\/pressurezone.shop\/sv\/wp-json\/wp\/v2\/product_tag?post=3409"}],"curies":[{"name":"wp","href":"https:\/\/api.w.org\/{rel}","templated":true}]}}