{"id":3410,"date":"2024-10-11T01:02:42","date_gmt":"2024-10-10T23:02:42","guid":{"rendered":"https:\/\/pressurezone.shop\/?post_type=product&#038;p=3410"},"modified":"2024-11-04T20:11:59","modified_gmt":"2024-11-04T19:11:59","slug":"haschisch-crown-royale-marijuana","status":"publish","type":"product","link":"https:\/\/pressurezone.shop\/sv\/produkt\/hasch-kronan-royale-marijuana\/","title":{"rendered":"Haschish Crown Royale Marijuana"},"content":{"rendered":"<h3><strong>K\u00f6p Crown Royale Marijuana Hashish online p\u00e5 <a href=\"https:\/\/pressurezone.shop\/sv\/\" target=\"_new\" rel=\"noopener\">Tryckzonsbutik<\/a><\/strong><\/h3>\n<p>Uppt\u00e4ck de <strong>Haschish Crown Royale Marijuana<\/strong>en lyximport direkt fr\u00e5n Kazakstan, k\u00e4nd \u00f6ver hela v\u00e4rlden f\u00f6r sin extrema styrka och exceptionella smakprofil. Denna kazakstanska hasch ger en j\u00e4mn och kraftfull upplevelse, perfekt f\u00f6r dem som s\u00f6ker kvalitet och intensiv avkoppling. <strong>Crown Royale Hash<\/strong> k\u00e4nnetecknas av sin rika, smuliga konsistens, perfekt f\u00f6r att berika dina cannabisupplevelser<a href=\"https:\/\/fuelpackz.com\/\" target=\"_blank\" rel=\"noopener\">.<\/a><\/p>\n<h3>Varf\u00f6r v\u00e4lja Crown Royale Hashish?<\/h3>\n<p>Le <strong>Haschish Crown Royale<\/strong> \u00e4r det perfekta valet f\u00f6r \u00e4lskare av h\u00f6gkvalitativ hasj. K\u00e4nd f\u00f6r sin s\u00f6tma och intensitet l\u00e4mpar den sig l\u00e4tt f\u00f6r en m\u00e4ngd olika konsumtionsmetoder, oavsett om du f\u00f6redrar att r\u00f6ka den i en bong, en pipa eller inf\u00f6rliva den i dina leder. Styrkan i denna kazakiska hashish g\u00f6r det till ett m\u00e5ste f\u00f6r dem som s\u00f6ker en fullst\u00e4ndig avkopplingsupplevelse.<\/p>\n<ul>\n<li><strong>Typ<\/strong> : Premiumimporterad haschisch<\/li>\n<li><strong>Ursprung<\/strong> : Kazakstan<\/li>\n<\/ul>\n<h3>Smak och doft av Crown Royale hasch<\/h3>\n<p>Le <strong>Haschish Crown Royale<\/strong> har en rik, subtil smakprofil som kombinerar s\u00f6tma och styrka. Denna hasch levererar v\u00e4xtbaserade aromer med jordn\u00e4ra undertoner, vilket skapar en sensorisk upplevelse som \u00e4r b\u00e5de behaglig och avkopplande. Den smuliga konsistensen g\u00f6r det enkelt att dosera f\u00f6r att anpassa varje session.<\/p>\n<ul>\n<li><strong>Smaker<\/strong> : Mild, jordig<\/li>\n<li><strong>Dofter<\/strong> \u00d6rtartade, djupa, jordiga toner<\/li>\n<\/ul>\n<h3>Effekter och f\u00f6rdelar med Crown Royale Hashish<\/h3>\n<p>Med sin lugnande och euforiska effekt \u00e4r <strong>Haschish Crown Royale<\/strong> \u00e4r perfekt f\u00f6r en kv\u00e4ll med avkoppling. Denna lyxiga hasch ger en k\u00e4nsla av allm\u00e4nt v\u00e4lbefinnande, perfekt f\u00f6r att lugna sinnet och slappna av i kroppen. F\u00f6rbered dig p\u00e5 ett tillst\u00e5nd av djup avslappning som g\u00f6r att du kan koppla bort vardagens stress.<\/p>\n<ul>\n<li><strong>Effekter<\/strong> Avslappning, eufori, v\u00e4lbefinnande<\/li>\n<li><strong>Perfekt f\u00f6r<\/strong> Avslappning, stressavlastning, kv\u00e4llsavslappning<\/li>\n<\/ul>\n<h3>Hur man konsumerar Crown Royale Hashish<\/h3>\n<p>Le <strong>Haschish Crown Royale<\/strong> \u00e4r mycket m\u00e5ngsidigt och kan \u00e4tas p\u00e5 m\u00e5nga olika s\u00e4tt. H\u00e4r \u00e4r n\u00e5gra popul\u00e4ra alternativ:<\/p>\n<ul>\n<li><strong>Bryt i bitar f\u00f6r en bong eller pipa<\/strong> och njut av en snabb uppbyggnad av effekter.<\/li>\n<li><strong>Inf\u00f6rliva i en gemensam<\/strong> f\u00f6r rikare smak och \u00f6kad intensitet.<\/li>\n<li><strong>L\u00e4gg till vattenpipa<\/strong> f\u00f6r en l\u00e5ngvarig och avslappnande upplevelse.<\/li>\n<\/ul>\n<h3>Best\u00e4ll Crown Royale Hashish online fr\u00e5n Pressure Zone Shop<\/h3>\n<p>Redo att uppt\u00e4cka elegansen och kraften i <strong>Haschish Crown Royale<\/strong> ? Best\u00e4ll nu p\u00e5 <a href=\"https:\/\/pressurezone.shop\/sv\/\" target=\"_new\" rel=\"noopener\">Tryckzonsbutik<\/a> f\u00f6r en premium kazakisk haschupplevelse. <strong>Crown Royale Hash<\/strong> \u00e4r det perfekta valet f\u00f6r dem som letar efter en hasch av h\u00f6gsta kvalitet med en j\u00e4mn smakprofil och intensiv effekt.<\/p>","protected":false},"excerpt":{"rendered":"<p>Achetez le Haschisch Crown Royale Marijuana en Ligne sur Pressure Zone Shop D\u00e9couvrez le Haschisch Crown Royale Marijuana, un import de luxe directement du Kazakhstan, r\u00e9put\u00e9 mondialement pour sa puissance extr\u00eame et son profil de saveur exceptionnel. Ce haschisch kazakh offre une exp\u00e9rience lisse et puissante, parfaite pour ceux qui recherchent la qualit\u00e9 et une [&hellip;]<\/p>","protected":false},"featured_media":3480,"comment_status":"closed","ping_status":"closed","template":"","meta":{"_uag_custom_page_level_css":"","site-sidebar-layout":"default","site-content-layout":"","ast-site-content-layout":"default","site-content-style":"default","site-sidebar-style":"default","ast-global-header-display":"","ast-banner-title-visibility":"","ast-main-header-display":"","ast-hfb-above-header-display":"","ast-hfb-below-header-display":"","ast-hfb-mobile-header-display":"","site-post-title":"","ast-breadcrumbs-content":"","ast-featured-img":"","footer-sml-layout":"","theme-transparent-header-meta":"default","adv-header-id-meta":"","stick-header-meta":"","header-above-stick-meta":"","header-main-stick-meta":"","header-below-stick-meta":"","astra-migrate-meta-layouts":"set","ast-page-background-enabled":"default","ast-page-background-meta":{"desktop":{"background-color":"","background-image":"","background-repeat":"repeat","background-position":"center center","background-size":"auto","background-attachment":"scroll","background-type":"","background-media":"","overlay-type":"","overlay-color":"","overlay-opacity":"","overlay-gradient":""},"tablet":{"background-color":"","background-image":"","background-repeat":"repeat","background-position":"center center","background-size":"auto","background-attachment":"scroll","background-type":"","background-media":"","overlay-type":"","overlay-color":"","overlay-opacity":"","overlay-gradient":""},"mobile":{"background-color":"","background-image":"","background-repeat":"repeat","background-position":"center center","background-size":"auto","background-attachment":"scroll","background-type":"","background-media":"","overlay-type":"","overlay-color":"","overlay-opacity":"","overlay-gradient":""}},"ast-content-background-meta":{"desktop":{"background-color":"var(--ast-global-color-5)","background-image":"","background-repeat":"repeat","background-position":"center center","background-size":"auto","background-attachment":"scroll","background-type":"","background-media":"","overlay-type":"","overlay-color":"","overlay-opacity":"","overlay-gradient":""},"tablet":{"background-color":"var(--ast-global-color-5)","background-image":"","background-repeat":"repeat","background-position":"center center","background-size":"auto","background-attachment":"scroll","background-type":"","background-media":"","overlay-type":"","overlay-color":"","overlay-opacity":"","overlay-gradient":""},"mobile":{"background-color":"var(--ast-global-color-5)","background-image":"","background-repeat":"repeat","background-position":"center center","background-size":"auto","background-attachment":"scroll","background-type":"","background-media":"","overlay-type":"","overlay-color":"","overlay-opacity":"","overlay-gradient":""}}},"product_brand":[],"product_cat":[334,29],"product_tag":[475],"class_list":{"0":"post-3410","1":"product","2":"type-product","3":"status-publish","4":"has-post-thumbnail","6":"product_cat-concentres-de-marijuana","7":"product_cat-haschisch","8":"product_tag-order-crown-royale-marijuana-hash-europe","9":"desktop-align-left","10":"tablet-align-left","11":"mobile-align-left","13":"first","14":"instock","15":"shipping-taxable","16":"purchasable","17":"product-type-variable"},"uagb_featured_image_src":{"full":["https:\/\/pressurezone.shop\/wp-content\/uploads\/2024\/10\/Crown-Royale-Marijuana-Hash.jpg",768,768,false],"thumbnail":["https:\/\/pressurezone.shop\/wp-content\/uploads\/2024\/10\/Crown-Royale-Marijuana-Hash-150x150.jpg",150,150,true],"medium":["https:\/\/pressurezone.shop\/wp-content\/uploads\/2024\/10\/Crown-Royale-Marijuana-Hash-300x300.jpg",300,300,true],"medium_large":["https:\/\/pressurezone.shop\/wp-content\/uploads\/2024\/10\/Crown-Royale-Marijuana-Hash.jpg",768,768,false],"large":["https:\/\/pressurezone.shop\/wp-content\/uploads\/2024\/10\/Crown-Royale-Marijuana-Hash.jpg",768,768,false],"1536x1536":["https:\/\/pressurezone.shop\/wp-content\/uploads\/2024\/10\/Crown-Royale-Marijuana-Hash.jpg",768,768,false],"2048x2048":["https:\/\/pressurezone.shop\/wp-content\/uploads\/2024\/10\/Crown-Royale-Marijuana-Hash.jpg",768,768,false],"trp-custom-language-flag":["https:\/\/pressurezone.shop\/wp-content\/uploads\/2024\/10\/Crown-Royale-Marijuana-Hash-12x12.jpg",12,12,true],"woocommerce_thumbnail":["https:\/\/pressurezone.shop\/wp-content\/uploads\/2024\/10\/Crown-Royale-Marijuana-Hash-300x300.jpg",300,300,true],"woocommerce_single":["https:\/\/pressurezone.shop\/wp-content\/uploads\/2024\/10\/Crown-Royale-Marijuana-Hash-600x600.jpg",600,600,true],"woocommerce_gallery_thumbnail":["https:\/\/pressurezone.shop\/wp-content\/uploads\/2024\/10\/Crown-Royale-Marijuana-Hash-100x100.jpg",100,100,true]},"uagb_author_info":{"display_name":"pressurezone.shop","author_link":"https:\/\/pressurezone.shop\/sv\/author\/"},"uagb_comment_info":0,"uagb_excerpt":"Achetez le Haschisch Crown Royale Marijuana en Ligne sur Pressure Zone Shop D\u00e9couvrez le Haschisch Crown Royale Marijuana, un import de luxe directement du Kazakhstan, r\u00e9put\u00e9 mondialement pour sa puissance extr\u00eame et son profil de saveur exceptionnel. Ce haschisch kazakh offre une exp\u00e9rience lisse et puissante, parfaite pour ceux qui recherchent la qualit\u00e9 et une&hellip;","_links":{"self":[{"href":"https:\/\/pressurezone.shop\/sv\/wp-json\/wp\/v2\/product\/3410"}],"collection":[{"href":"https:\/\/pressurezone.shop\/sv\/wp-json\/wp\/v2\/product"}],"about":[{"href":"https:\/\/pressurezone.shop\/sv\/wp-json\/wp\/v2\/types\/product"}],"replies":[{"embeddable":true,"href":"https:\/\/pressurezone.shop\/sv\/wp-json\/wp\/v2\/comments?post=3410"}],"version-history":[{"count":3,"href":"https:\/\/pressurezone.shop\/sv\/wp-json\/wp\/v2\/product\/3410\/revisions"}],"predecessor-version":[{"id":4199,"href":"https:\/\/pressurezone.shop\/sv\/wp-json\/wp\/v2\/product\/3410\/revisions\/4199"}],"wp:featuredmedia":[{"embeddable":true,"href":"https:\/\/pressurezone.shop\/sv\/wp-json\/wp\/v2\/media\/3480"}],"wp:attachment":[{"href":"https:\/\/pressurezone.shop\/sv\/wp-json\/wp\/v2\/media?parent=3410"}],"wp:term":[{"taxonomy":"product_brand","embeddable":true,"href":"https:\/\/pressurezone.shop\/sv\/wp-json\/wp\/v2\/product_brand?post=3410"},{"taxonomy":"product_cat","embeddable":true,"href":"https:\/\/pressurezone.shop\/sv\/wp-json\/wp\/v2\/product_cat?post=3410"},{"taxonomy":"product_tag","embeddable":true,"href":"https:\/\/pressurezone.shop\/sv\/wp-json\/wp\/v2\/product_tag?post=3410"}],"curies":[{"name":"wp","href":"https:\/\/api.w.org\/{rel}","templated":true}]}}