{"id":3411,"date":"2024-10-11T01:02:42","date_gmt":"2024-10-10T23:02:42","guid":{"rendered":"https:\/\/pressurezone.shop\/?post_type=product&#038;p=3411"},"modified":"2024-11-04T20:06:45","modified_gmt":"2024-11-04T19:06:45","slug":"haschisch-ketama-gold-marijuana","status":"publish","type":"product","link":"https:\/\/pressurezone.shop\/sv\/produkt\/haschish-ketama-guld-marijuana\/","title":{"rendered":"Haschisch Ketama Guld Marijuana"},"content":{"rendered":"<h3><strong>K\u00f6p Haschisch Ketama Gold Marijuana online i Europa p\u00e5 <a href=\"https:\/\/pressurezone.shop\/sv\/\" target=\"_new\" rel=\"noopener\">Tryckzonsbutik<\/a><\/strong><\/h3>\n<p>Uppt\u00e4ck det autentiska <strong>Haschisch Ketama Guld<\/strong>en s\u00e4llsynt och mycket uppskattad marockansk haschish, importerad direkt fr\u00e5n Rif-bergen i Marocko, k\u00e4nda f\u00f6r sina cannabisvarianter av h\u00f6g kvalitet. Odlad i ikoniska regioner som Chefchaouen och Ketama - den kommun som gav sitt namn till denna sort - \u00e4r <strong>Haschisch Ketama Guld<\/strong> \u00e4r en upplevelse som inte f\u00e5r missas f\u00f6r cannabis\u00e4lskare.<\/p>\n<h3>Varf\u00f6r v\u00e4lja Ketama Gold hashish?<\/h3>\n<p>Le <strong>Haschisch Ketama Guld<\/strong> \u00e4r det sj\u00e4lvklara valet f\u00f6r den som s\u00f6ker en traditionell och potent cannabisupplevelse. Tack vare sin unika smakprofil ger denna marockanska haschish en o\u00f6vertr\u00e4ffad k\u00e4nsla av djup och rikedom. Denna hasch \u00e4r tillverkad av en landras som h\u00e4rstammar fr\u00e5n Marocko och \u00e4r noggrant utvald f\u00f6r sina lugnande effekter och robusta smaker, perfekt f\u00f6r en autentisk, avkopplande upplevelse.<a href=\"https:\/\/fuelpackz.com\/\" target=\"_blank\" rel=\"noopener\">.<\/a><\/p>\n<ul>\n<li><strong>Typ<\/strong> : Premium marockansk haschish<\/li>\n<li><strong>Ursprung<\/strong> Rifbergen, Marocko<\/li>\n<\/ul>\n<h3>Smaker och aromer av Ketama Gold hashish<\/h3>\n<p>Le <strong>Haschisch Ketama Guld<\/strong> har en smakprofil som p\u00e5minner om traditionella marockanska haschsorter, med tr\u00e4iga, kryddiga toner tillsammans med inslag av tall. Denna blandning av smaker skapar en djup, aromatisk sensorisk upplevelse, perfekt f\u00f6r cannabiskonn\u00e4ss\u00f6rer.<\/p>\n<ul>\n<li><strong>Smaker<\/strong> Tr\u00e4ig, kryddig, tall<\/li>\n<li><strong>Dofter<\/strong> Rik, \u00f6rtartad, toner av tr\u00e4 och kryddor<\/li>\n<\/ul>\n<h3>Effekter och f\u00f6rdelar med Ketama Gold hashish<\/h3>\n<p>Med en lugnande och avslappnande effekt <strong>Haschisch Ketama Guld<\/strong> \u00e4r perfekt f\u00f6r avkoppling p\u00e5 kv\u00e4llen. Denna hasch erbjuder en mild, balanserad h\u00f6g som lugnar kroppen och lugnar sinnet, samtidigt som den ger djup kroppslig avkoppling. Perfekt f\u00f6r ett lugnt slut p\u00e5 dagen eller en lugn kv\u00e4ll, den \u00e4r utformad f\u00f6r dem som letar efter naturlig avkoppling och en ren upplevelse.<\/p>\n<ul>\n<li><strong>Effekter<\/strong> Avslappning, lugnande, rogivande<\/li>\n<li><strong>Perfekt f\u00f6r<\/strong> : Avslappning, kroppsavslappning, mental avslappning<\/li>\n<\/ul>\n<h3>En tradition med r\u00f6tter i den marockanska kulturen<\/h3>\n<p>Le <strong>Haschisch Ketama Guld<\/strong> \u00e4r frukten av en gammal tradition, odlad i l\u00e4nder som \u00e4r k\u00e4nda f\u00f6r att producera cannabis av h\u00f6g kvalitet. Rifbergen och det omgivande omr\u00e5det erbjuder idealiska f\u00f6rh\u00e5llanden f\u00f6r odling av cannabisplantor som \u00e4r rika p\u00e5 smak och styrka, vilket g\u00f6r Ketama Gold till ett popul\u00e4rt val bland hasch\u00e4lskare \u00f6ver hela v\u00e4rlden.<\/p>\n<h3>Anv\u00e4ndning och erfarenhet<\/h3>\n<p>Tack vare sin homogena konsistens och djupa aromer \u00e4r <strong>Haschisch Ketama Guld<\/strong> \u00e4r l\u00e4tt att hantera och erbjuder ett brett utbud av konsumtionsalternativ:<\/p>\n<ul>\n<li><strong>R\u00f6kning i pipa eller bong<\/strong> f\u00f6r en snabb uppbyggnad av effekter.<\/li>\n<li><strong>Spray<\/strong> f\u00f6r ren smak och ett milt, kontrollerat rus.<\/li>\n<li><strong>Inf\u00f6rliva i en gemensam<\/strong> f\u00f6r att berika smaken och f\u00f6rl\u00e4nga den avslappnande effekten.<\/li>\n<\/ul>\n<h3>Best\u00e4ll Ketama Gold Hashish online fr\u00e5n Pressure Zone Shop<\/h3>\n<p>Redo att uppleva det autentiska <strong>Haschisch Ketama Guld<\/strong> ? Best\u00e4ll nu p\u00e5 <a href=\"https:\/\/pressurezone.shop\/sv\/\" target=\"_new\" rel=\"noopener\">Tryckzonsbutik<\/a> och utforska kvaliteten och rikedomen hos denna legendariska marockanska hasch. <strong>Ketama Gold Hash<\/strong> \u00e4r det perfekta valet f\u00f6r lugn avkoppling och f\u00f6rdjupning i konsten med marockansk hasch.<\/p>","protected":false},"excerpt":{"rendered":"<p>Achetez le Haschisch Ketama Gold Marijuana en Ligne en Europe sur Pressure Zone Shop D\u00e9couvrez l\u2019authentique Haschisch Ketama Gold, un haschisch marocain rare et pris\u00e9, directement import\u00e9 des montagnes du Rif au Maroc, c\u00e9l\u00e8bre pour ses vari\u00e9t\u00e9s de cannabis de qualit\u00e9. Cultiv\u00e9 dans des r\u00e9gions iconiques telles que Chefchaouen et Ketama \u2013 la commune qui [&hellip;]<\/p>","protected":false},"featured_media":3482,"comment_status":"closed","ping_status":"closed","template":"","meta":{"_uag_custom_page_level_css":"","site-sidebar-layout":"default","site-content-layout":"","ast-site-content-layout":"default","site-content-style":"default","site-sidebar-style":"default","ast-global-header-display":"","ast-banner-title-visibility":"","ast-main-header-display":"","ast-hfb-above-header-display":"","ast-hfb-below-header-display":"","ast-hfb-mobile-header-display":"","site-post-title":"","ast-breadcrumbs-content":"","ast-featured-img":"","footer-sml-layout":"","theme-transparent-header-meta":"default","adv-header-id-meta":"","stick-header-meta":"","header-above-stick-meta":"","header-main-stick-meta":"","header-below-stick-meta":"","astra-migrate-meta-layouts":"set","ast-page-background-enabled":"default","ast-page-background-meta":{"desktop":{"background-color":"","background-image":"","background-repeat":"repeat","background-position":"center center","background-size":"auto","background-attachment":"scroll","background-type":"","background-media":"","overlay-type":"","overlay-color":"","overlay-opacity":"","overlay-gradient":""},"tablet":{"background-color":"","background-image":"","background-repeat":"repeat","background-position":"center center","background-size":"auto","background-attachment":"scroll","background-type":"","background-media":"","overlay-type":"","overlay-color":"","overlay-opacity":"","overlay-gradient":""},"mobile":{"background-color":"","background-image":"","background-repeat":"repeat","background-position":"center center","background-size":"auto","background-attachment":"scroll","background-type":"","background-media":"","overlay-type":"","overlay-color":"","overlay-opacity":"","overlay-gradient":""}},"ast-content-background-meta":{"desktop":{"background-color":"var(--ast-global-color-5)","background-image":"","background-repeat":"repeat","background-position":"center center","background-size":"auto","background-attachment":"scroll","background-type":"","background-media":"","overlay-type":"","overlay-color":"","overlay-opacity":"","overlay-gradient":""},"tablet":{"background-color":"var(--ast-global-color-5)","background-image":"","background-repeat":"repeat","background-position":"center center","background-size":"auto","background-attachment":"scroll","background-type":"","background-media":"","overlay-type":"","overlay-color":"","overlay-opacity":"","overlay-gradient":""},"mobile":{"background-color":"var(--ast-global-color-5)","background-image":"","background-repeat":"repeat","background-position":"center center","background-size":"auto","background-attachment":"scroll","background-type":"","background-media":"","overlay-type":"","overlay-color":"","overlay-opacity":"","overlay-gradient":""}}},"product_brand":[],"product_cat":[334,29],"product_tag":[476],"class_list":{"0":"post-3411","1":"product","2":"type-product","3":"status-publish","4":"has-post-thumbnail","6":"product_cat-concentres-de-marijuana","7":"product_cat-haschisch","8":"product_tag-buy-ketama-gold-marijuana-hash-europe","9":"desktop-align-left","10":"tablet-align-left","11":"mobile-align-left","13":"first","14":"instock","15":"shipping-taxable","16":"purchasable","17":"product-type-variable"},"uagb_featured_image_src":{"full":["https:\/\/pressurezone.shop\/wp-content\/uploads\/2024\/10\/Ketama-Gold-Marijuana-Hash.jpg",510,510,false],"thumbnail":["https:\/\/pressurezone.shop\/wp-content\/uploads\/2024\/10\/Ketama-Gold-Marijuana-Hash-150x150.jpg",150,150,true],"medium":["https:\/\/pressurezone.shop\/wp-content\/uploads\/2024\/10\/Ketama-Gold-Marijuana-Hash-300x300.jpg",300,300,true],"medium_large":["https:\/\/pressurezone.shop\/wp-content\/uploads\/2024\/10\/Ketama-Gold-Marijuana-Hash.jpg",510,510,false],"large":["https:\/\/pressurezone.shop\/wp-content\/uploads\/2024\/10\/Ketama-Gold-Marijuana-Hash.jpg",510,510,false],"1536x1536":["https:\/\/pressurezone.shop\/wp-content\/uploads\/2024\/10\/Ketama-Gold-Marijuana-Hash.jpg",510,510,false],"2048x2048":["https:\/\/pressurezone.shop\/wp-content\/uploads\/2024\/10\/Ketama-Gold-Marijuana-Hash.jpg",510,510,false],"trp-custom-language-flag":["https:\/\/pressurezone.shop\/wp-content\/uploads\/2024\/10\/Ketama-Gold-Marijuana-Hash-12x12.jpg",12,12,true],"woocommerce_thumbnail":["https:\/\/pressurezone.shop\/wp-content\/uploads\/2024\/10\/Ketama-Gold-Marijuana-Hash-300x300.jpg",300,300,true],"woocommerce_single":["https:\/\/pressurezone.shop\/wp-content\/uploads\/2024\/10\/Ketama-Gold-Marijuana-Hash.jpg",510,510,false],"woocommerce_gallery_thumbnail":["https:\/\/pressurezone.shop\/wp-content\/uploads\/2024\/10\/Ketama-Gold-Marijuana-Hash-100x100.jpg",100,100,true]},"uagb_author_info":{"display_name":"pressurezone.shop","author_link":"https:\/\/pressurezone.shop\/sv\/author\/"},"uagb_comment_info":0,"uagb_excerpt":"Achetez le Haschisch Ketama Gold Marijuana en Ligne en Europe sur Pressure Zone Shop D\u00e9couvrez l\u2019authentique Haschisch Ketama Gold, un haschisch marocain rare et pris\u00e9, directement import\u00e9 des montagnes du Rif au Maroc, c\u00e9l\u00e8bre pour ses vari\u00e9t\u00e9s de cannabis de qualit\u00e9. Cultiv\u00e9 dans des r\u00e9gions iconiques telles que Chefchaouen et Ketama \u2013 la commune qui&hellip;","_links":{"self":[{"href":"https:\/\/pressurezone.shop\/sv\/wp-json\/wp\/v2\/product\/3411"}],"collection":[{"href":"https:\/\/pressurezone.shop\/sv\/wp-json\/wp\/v2\/product"}],"about":[{"href":"https:\/\/pressurezone.shop\/sv\/wp-json\/wp\/v2\/types\/product"}],"replies":[{"embeddable":true,"href":"https:\/\/pressurezone.shop\/sv\/wp-json\/wp\/v2\/comments?post=3411"}],"version-history":[{"count":3,"href":"https:\/\/pressurezone.shop\/sv\/wp-json\/wp\/v2\/product\/3411\/revisions"}],"predecessor-version":[{"id":4191,"href":"https:\/\/pressurezone.shop\/sv\/wp-json\/wp\/v2\/product\/3411\/revisions\/4191"}],"wp:featuredmedia":[{"embeddable":true,"href":"https:\/\/pressurezone.shop\/sv\/wp-json\/wp\/v2\/media\/3482"}],"wp:attachment":[{"href":"https:\/\/pressurezone.shop\/sv\/wp-json\/wp\/v2\/media?parent=3411"}],"wp:term":[{"taxonomy":"product_brand","embeddable":true,"href":"https:\/\/pressurezone.shop\/sv\/wp-json\/wp\/v2\/product_brand?post=3411"},{"taxonomy":"product_cat","embeddable":true,"href":"https:\/\/pressurezone.shop\/sv\/wp-json\/wp\/v2\/product_cat?post=3411"},{"taxonomy":"product_tag","embeddable":true,"href":"https:\/\/pressurezone.shop\/sv\/wp-json\/wp\/v2\/product_tag?post=3411"}],"curies":[{"name":"wp","href":"https:\/\/api.w.org\/{rel}","templated":true}]}}