{"id":3412,"date":"2024-10-11T01:02:42","date_gmt":"2024-10-10T23:02:42","guid":{"rendered":"https:\/\/pressurezone.shop\/?post_type=product&#038;p=3412"},"modified":"2024-11-04T02:05:06","modified_gmt":"2024-11-04T01:05:06","slug":"hashish-bc-kush-cannabis","status":"publish","type":"product","link":"https:\/\/pressurezone.shop\/sv\/produkt\/haschish-bc-kush-cannabis\/","title":{"rendered":"Haschish BC Kush Cannabis"},"content":{"rendered":"<h3><strong>K\u00f6p Hashish BC Kush Cannabis online i Europa p\u00e5 <a href=\"https:\/\/pressurezone.shop\/sv\/\" target=\"_new\" rel=\"noopener\">Tryckzonsbutik<\/a><\/strong><\/h3>\n<p>Uppt\u00e4ck de <strong>Haschish BC Kush Cannabis<\/strong>en delikatess som produceras lokalt av de f\u00e4rskaste blommorna av h\u00f6gsta kvalitet fr\u00e5n <strong>BC Kush<\/strong>odlad i den frodiga jorden i British Columbia. Denna uts\u00f6kta marijuanahasch \u00e4r en hyllning till Europas rika cannabisarv och erbjuder en ren och kraftfull upplevelse som f\u00e5ngar essensen av dess ursprung.<\/p>\n<h3>Hantverkare och \u00f6verl\u00e4gsen kvalitet<\/h3>\n<p>V\u00e5r <strong>Haschisch BC Kush<\/strong> tillverkas med hj\u00e4lp av en noggrann process som respekterar traditionella haschproduktionstekniker, vilket s\u00e4kerst\u00e4ller att varje bit \u00e4r rik p\u00e5 smak och arom. Genom att v\u00e4lja endast nysk\u00f6rdade BC Kush-blommor bevarar vi essensen av denna sort och dess unika terpenprofil. Resultatet av detta? Ett j\u00e4mnt, konsekvent hasch som ger en ren, minnesv\u00e4rd upplevelse.<a href=\"https:\/\/fuelpackz.com\/\" target=\"_blank\" rel=\"noopener\">.<\/a><\/p>\n<ul>\n<li><strong>Typ<\/strong> : Hashish Premium fr\u00e5n BC Kush<\/li>\n<li><strong>Ursprung<\/strong> : BC Kush-blommor odlade i British Columbia<\/li>\n<\/ul>\n<h3>Varf\u00f6r v\u00e4lja Hashish BC Kush Cannabis?<\/h3>\n<p>Le <strong>Haschish BC Kush Cannabis<\/strong> \u00e4r perfekt f\u00f6r cannabis\u00e4lskare som letar efter en autentisk, intensiv upplevelse. Denna haschish \u00e4r omsorgsfullt utformad och f\u00f6rkroppsligar kraften och djupet i terpenerna i BC Kush-sorten och garanterar en l\u00e5ngvarig, v\u00e4lbalanserad effekt.<\/p>\n<ul>\n<li><strong>Dofter<\/strong> Jordiga, tr\u00e4iga toner, typiska f\u00f6r BC Kush<\/li>\n<li><strong>Effekter<\/strong> Eufori, djup avslappning, mental klarhet<\/li>\n<li><strong>Perfekt f\u00f6r<\/strong> Avslappning, stresshantering och sp\u00e4nningslindring<\/li>\n<\/ul>\n<h3>Handgjord<\/h3>\n<p>V\u00e5r <strong>Haschisch BC Kush<\/strong> respekterar hantverksm\u00e4ssiga metoder och ger perfekt konsistens och djup smak i varje dos. Med hj\u00e4lp av traditionella tillverkningsmetoder \u00e4r varje bit hasch noggrant utformad f\u00f6r att ge kraftfulla effekter och \u00f6verl\u00e4gsen kvalitet.<\/p>\n<h3>Anv\u00e4ndning och erfarenhet<\/h3>\n<p>Le <strong>Haschish BC Kush Cannabis<\/strong> kan \u00e4tas p\u00e5 en m\u00e4ngd olika s\u00e4tt, beroende p\u00e5 dina preferenser:<\/p>\n<ul>\n<li><strong>R\u00f6kning i pipa eller bong<\/strong> f\u00f6r snabba och intensiva effekter.<\/li>\n<li><strong>Spray<\/strong> f\u00f6r att njuta av en ren smak och kontrollera ruset.<\/li>\n<li><strong>Integrerad i en gemensam<\/strong> f\u00f6r en extra h\u00f6g smak och en rikare smak.<\/li>\n<\/ul>\n<h3>Best\u00e4ll Hashish BC Kush Cannabis online fr\u00e5n Pressure Zone Shop<\/h3>\n<p>Redo att smaka p\u00e5 det b\u00e4sta av haschish med <strong>Haschish BC Kush Cannabis<\/strong> ? Best\u00e4ll nu p\u00e5 <a href=\"https:\/\/pressurezone.shop\/sv\/\" target=\"_new\" rel=\"noopener\">Tryckzonsbutik<\/a> f\u00f6r att f\u00e5 tillg\u00e5ng till en produkt av hantverkskvalitet, perfekt f\u00f6r en rik, autentisk cannabisupplevelse. Oavsett om du \u00e4r en finsmakare eller en ny entusiast, <strong>Haschisch BC Kush<\/strong> \u00e4r det perfekta valet f\u00f6r h\u00f6gkvalitativ avkoppling och unik njutning.<\/p>","protected":false},"excerpt":{"rendered":"<p>Achetez du Hashish BC Kush Cannabis en Ligne en Europe sur Pressure Zone Shop D\u00e9couvrez le Hashish BC Kush Cannabis, une d\u00e9licatesse produite localement \u00e0 partir des fleurs les plus fra\u00eeches et de qualit\u00e9 sup\u00e9rieure de BC Kush, cultiv\u00e9es dans les terres luxuriantes de la Colombie-Britannique. Ce hashish de marijuana exquis rend hommage au riche [&hellip;]<\/p>","protected":false},"featured_media":3484,"comment_status":"closed","ping_status":"closed","template":"","meta":{"_uag_custom_page_level_css":"","site-sidebar-layout":"default","site-content-layout":"","ast-site-content-layout":"default","site-content-style":"default","site-sidebar-style":"default","ast-global-header-display":"","ast-banner-title-visibility":"","ast-main-header-display":"","ast-hfb-above-header-display":"","ast-hfb-below-header-display":"","ast-hfb-mobile-header-display":"","site-post-title":"","ast-breadcrumbs-content":"","ast-featured-img":"","footer-sml-layout":"","theme-transparent-header-meta":"default","adv-header-id-meta":"","stick-header-meta":"","header-above-stick-meta":"","header-main-stick-meta":"","header-below-stick-meta":"","astra-migrate-meta-layouts":"set","ast-page-background-enabled":"default","ast-page-background-meta":{"desktop":{"background-color":"","background-image":"","background-repeat":"repeat","background-position":"center center","background-size":"auto","background-attachment":"scroll","background-type":"","background-media":"","overlay-type":"","overlay-color":"","overlay-opacity":"","overlay-gradient":""},"tablet":{"background-color":"","background-image":"","background-repeat":"repeat","background-position":"center center","background-size":"auto","background-attachment":"scroll","background-type":"","background-media":"","overlay-type":"","overlay-color":"","overlay-opacity":"","overlay-gradient":""},"mobile":{"background-color":"","background-image":"","background-repeat":"repeat","background-position":"center center","background-size":"auto","background-attachment":"scroll","background-type":"","background-media":"","overlay-type":"","overlay-color":"","overlay-opacity":"","overlay-gradient":""}},"ast-content-background-meta":{"desktop":{"background-color":"var(--ast-global-color-5)","background-image":"","background-repeat":"repeat","background-position":"center center","background-size":"auto","background-attachment":"scroll","background-type":"","background-media":"","overlay-type":"","overlay-color":"","overlay-opacity":"","overlay-gradient":""},"tablet":{"background-color":"var(--ast-global-color-5)","background-image":"","background-repeat":"repeat","background-position":"center center","background-size":"auto","background-attachment":"scroll","background-type":"","background-media":"","overlay-type":"","overlay-color":"","overlay-opacity":"","overlay-gradient":""},"mobile":{"background-color":"var(--ast-global-color-5)","background-image":"","background-repeat":"repeat","background-position":"center center","background-size":"auto","background-attachment":"scroll","background-type":"","background-media":"","overlay-type":"","overlay-color":"","overlay-opacity":"","overlay-gradient":""}}},"product_brand":[],"product_cat":[334,29],"product_tag":[477],"class_list":{"0":"post-3412","1":"product","2":"type-product","3":"status-publish","4":"has-post-thumbnail","6":"product_cat-concentres-de-marijuana","7":"product_cat-haschisch","8":"product_tag-buy-bc-kush-cannabis-hash-online-europe","9":"desktop-align-left","10":"tablet-align-left","11":"mobile-align-left","13":"first","14":"instock","15":"shipping-taxable","16":"purchasable","17":"product-type-variable"},"uagb_featured_image_src":{"full":["https:\/\/pressurezone.shop\/wp-content\/uploads\/2024\/10\/BC-Kush-Cannabis-Hash.jpg",768,768,false],"thumbnail":["https:\/\/pressurezone.shop\/wp-content\/uploads\/2024\/10\/BC-Kush-Cannabis-Hash-150x150.jpg",150,150,true],"medium":["https:\/\/pressurezone.shop\/wp-content\/uploads\/2024\/10\/BC-Kush-Cannabis-Hash-300x300.jpg",300,300,true],"medium_large":["https:\/\/pressurezone.shop\/wp-content\/uploads\/2024\/10\/BC-Kush-Cannabis-Hash.jpg",768,768,false],"large":["https:\/\/pressurezone.shop\/wp-content\/uploads\/2024\/10\/BC-Kush-Cannabis-Hash.jpg",768,768,false],"1536x1536":["https:\/\/pressurezone.shop\/wp-content\/uploads\/2024\/10\/BC-Kush-Cannabis-Hash.jpg",768,768,false],"2048x2048":["https:\/\/pressurezone.shop\/wp-content\/uploads\/2024\/10\/BC-Kush-Cannabis-Hash.jpg",768,768,false],"trp-custom-language-flag":["https:\/\/pressurezone.shop\/wp-content\/uploads\/2024\/10\/BC-Kush-Cannabis-Hash-12x12.jpg",12,12,true],"woocommerce_thumbnail":["https:\/\/pressurezone.shop\/wp-content\/uploads\/2024\/10\/BC-Kush-Cannabis-Hash-300x300.jpg",300,300,true],"woocommerce_single":["https:\/\/pressurezone.shop\/wp-content\/uploads\/2024\/10\/BC-Kush-Cannabis-Hash-600x600.jpg",600,600,true],"woocommerce_gallery_thumbnail":["https:\/\/pressurezone.shop\/wp-content\/uploads\/2024\/10\/BC-Kush-Cannabis-Hash-100x100.jpg",100,100,true]},"uagb_author_info":{"display_name":"pressurezone.shop","author_link":"https:\/\/pressurezone.shop\/sv\/author\/"},"uagb_comment_info":0,"uagb_excerpt":"Achetez du Hashish BC Kush Cannabis en Ligne en Europe sur Pressure Zone Shop D\u00e9couvrez le Hashish BC Kush Cannabis, une d\u00e9licatesse produite localement \u00e0 partir des fleurs les plus fra\u00eeches et de qualit\u00e9 sup\u00e9rieure de BC Kush, cultiv\u00e9es dans les terres luxuriantes de la Colombie-Britannique. Ce hashish de marijuana exquis rend hommage au riche&hellip;","_links":{"self":[{"href":"https:\/\/pressurezone.shop\/sv\/wp-json\/wp\/v2\/product\/3412"}],"collection":[{"href":"https:\/\/pressurezone.shop\/sv\/wp-json\/wp\/v2\/product"}],"about":[{"href":"https:\/\/pressurezone.shop\/sv\/wp-json\/wp\/v2\/types\/product"}],"replies":[{"embeddable":true,"href":"https:\/\/pressurezone.shop\/sv\/wp-json\/wp\/v2\/comments?post=3412"}],"version-history":[{"count":3,"href":"https:\/\/pressurezone.shop\/sv\/wp-json\/wp\/v2\/product\/3412\/revisions"}],"predecessor-version":[{"id":4110,"href":"https:\/\/pressurezone.shop\/sv\/wp-json\/wp\/v2\/product\/3412\/revisions\/4110"}],"wp:featuredmedia":[{"embeddable":true,"href":"https:\/\/pressurezone.shop\/sv\/wp-json\/wp\/v2\/media\/3484"}],"wp:attachment":[{"href":"https:\/\/pressurezone.shop\/sv\/wp-json\/wp\/v2\/media?parent=3412"}],"wp:term":[{"taxonomy":"product_brand","embeddable":true,"href":"https:\/\/pressurezone.shop\/sv\/wp-json\/wp\/v2\/product_brand?post=3412"},{"taxonomy":"product_cat","embeddable":true,"href":"https:\/\/pressurezone.shop\/sv\/wp-json\/wp\/v2\/product_cat?post=3412"},{"taxonomy":"product_tag","embeddable":true,"href":"https:\/\/pressurezone.shop\/sv\/wp-json\/wp\/v2\/product_tag?post=3412"}],"curies":[{"name":"wp","href":"https:\/\/api.w.org\/{rel}","templated":true}]}}