{"id":3432,"date":"2024-10-11T01:03:04","date_gmt":"2024-10-10T23:03:04","guid":{"rendered":"https:\/\/pressurezone.shop\/?post_type=product&#038;p=3432"},"modified":"2024-11-04T20:30:21","modified_gmt":"2024-11-04T19:30:21","slug":"haschisch-lebanese-playboy","status":"publish","type":"product","link":"https:\/\/pressurezone.shop\/sv\/produkt\/hashish-libanesisk-playboy\/","title":{"rendered":"Hashish Libanesisk Playboy"},"content":{"rendered":"<h3><strong>K\u00f6p Haschisch Lebanese Playboy EU online p\u00e5 <a href=\"https:\/\/pressurezone.shop\/sv\/\" target=\"_new\" rel=\"noopener\">Tryckzonsbutik<\/a><\/strong><\/h3>\n<p>Uppt\u00e4ck de <strong>Hashish Libanesisk Playboy<\/strong>en handgjord skatt inspirerad av haschets f\u00f6rf\u00e4ders l\u00e4nder. Denna h\u00f6gkvalitativa hasch tillverkas i vackra British Columbia och \u00e4r gjord av AAA+ blommor och f\u00f6ljer de traditionella bearbetningsteknikerna i Bekaa Valley i Libanon. Bes\u00f6k <strong>Libanesisk Playboy Hash<\/strong> \u00e4r den perfekta blandningen av tradition och lokal kvalitet och erbjuder en unik och autentisk upplevelse f\u00f6r cannabis\u00e4lskare.<\/p>\n<h3>Varf\u00f6r v\u00e4lja libanesiska Playboy Hashish?<\/h3>\n<p>Le <strong>Hashish Libanesisk Playboy<\/strong> \u00e4r noggrant framst\u00e4lld med hj\u00e4lp av torknings- och mognadsmetoder som har anv\u00e4nts i Libanon i hundratals \u00e5r. Denna noggranna process resulterar i en klar haschish med en robust smakprofil och mjuk r\u00f6k, perfekt f\u00f6r fullst\u00e4ndig avkoppling och en f\u00f6rfinad upplevelse.<\/p>\n<ul>\n<li><strong>Typ<\/strong> : Haschisch Premium inspirerad av Libanon<\/li>\n<li><strong>Ursprung<\/strong> British Columbia, inspirerad av Bekaa-dalen i Libanon<\/li>\n<\/ul>\n<h3>Smaker och dofter av hasch Libanesisk Playboy<\/h3>\n<p>Le <strong>Hashish Libanesisk Playboy<\/strong> k\u00e4nnetecknas av sina djupa, naturliga smaker och ger en len, behaglig r\u00f6k med subtila, jordiga toner. Denna handgjorda haschish \u00e4r perfekt f\u00f6r dem som uppskattar autentiska aromer och mjuka, balanserade smaker.<\/p>\n<ul>\n<li><strong>Smaker<\/strong> Jordn\u00e4ra, mjuk, naturlig<\/li>\n<li><strong>Dofter<\/strong> Subtil, Rund, Noter av kryddor och tr\u00e4<\/li>\n<\/ul>\n<h3>Effekter och f\u00f6rdelar med Hashish Libanesisk Playboy<\/h3>\n<p>Med sina lugnande och avslappnande effekter \u00e4r <strong>Hashish Libanesisk Playboy<\/strong> \u00e4r perfekt f\u00f6r att lugna sinnet och slappna av i kroppen. Denna hasch ger en j\u00e4mn, euforisk upplevelse, perfekt f\u00f6r att varva ner i slutet av dagen. Tack vare sin \u00f6verl\u00e4gsna kvalitet \u00e4r den l\u00e4mplig f\u00f6r b\u00e5de erfarna anv\u00e4ndare och nyb\u00f6rjare.<a href=\"https:\/\/fuelpackz.com\/\" target=\"_blank\" rel=\"noopener\">.<\/a><\/p>\n<ul>\n<li><strong>Effekter<\/strong> Avslappning, lugnande, eufori<\/li>\n<li><strong>Perfekt f\u00f6r<\/strong> Djupavslappning, stresshantering, kroppsavslappning<\/li>\n<\/ul>\n<h3>Tillverkningsprocess inspirerad av libanesiska traditioner<\/h3>\n<p>Le <strong>Hashish Libanesisk Playboy<\/strong> produceras lokalt med hj\u00e4lp av traditionella libanesiska tekniker, s\u00e4rskilt i Bekaadalen. Genom att anv\u00e4nda h\u00f6gkvalitativa blommor och urgamla raffineringsmetoder garanterar v\u00e5ra producenter hasch av exceptionell renhet, som f\u00e5ngar sj\u00e4lva k\u00e4rnan i libanesiska haschtraditioner.<\/p>\n<h3>Anv\u00e4ndning och erfarenhet<\/h3>\n<p>Le <strong>Hashish Libanesisk Playboy<\/strong> \u00e4r l\u00e4tthanterlig och m\u00e5ngsidig, s\u00e5 den kan anv\u00e4ndas p\u00e5 en m\u00e4ngd olika s\u00e4tt:<\/p>\n<ul>\n<li><strong>R\u00f6kning i pipa eller bong<\/strong> f\u00f6r en intensiv och fartfylld upplevelse.<\/li>\n<li><strong>Inf\u00f6rliva i en gemensam<\/strong> f\u00f6r att intensifiera smaken och f\u00f6rl\u00e4nga den avslappnande effekten.<\/li>\n<li><strong>Spray<\/strong> f\u00f6r en ren smakupplevelse och optimal kontroll av effekterna.<\/li>\n<\/ul>\n<h3>Best\u00e4ll libanesisk Playboy Hash online p\u00e5 Pressure Zone Shop<\/h3>\n<p>\u00c4r du redo att uppt\u00e4cka rikedomen och \u00e4ktheten i <strong>Hashish Libanesisk Playboy<\/strong> ? Best\u00e4ll nu p\u00e5 <a href=\"https:\/\/pressurezone.shop\/sv\/\" target=\"_new\" rel=\"noopener\">Tryckzonsbutik<\/a> f\u00f6r en f\u00f6rstklassig haschupplevelse och en sensorisk resa inspirerad av landet Libanon. <strong>Libanesisk Playboy Hash<\/strong> \u00e4r det perfekta valet f\u00f6r djup avkoppling och en autentisk smak av traditionell hasch.<\/p>","protected":false},"excerpt":{"rendered":"<p>Achetez le Haschisch Lebanese Playboy EU en Ligne sur Pressure Zone Shop D\u00e9couvrez le Haschisch Lebanese Playboy, un tr\u00e9sor artisanal inspir\u00e9 des terres ancestrales du haschisch. Produit dans la belle Colombie-Britannique, ce haschisch de qualit\u00e9 sup\u00e9rieure est issu de fleurs AAA+ et suit les techniques traditionnelles de transformation de la vall\u00e9e de la Bekaa au [&hellip;]<\/p>","protected":false},"featured_media":3492,"comment_status":"closed","ping_status":"closed","template":"","meta":{"_uag_custom_page_level_css":"","site-sidebar-layout":"default","site-content-layout":"","ast-site-content-layout":"default","site-content-style":"default","site-sidebar-style":"default","ast-global-header-display":"","ast-banner-title-visibility":"","ast-main-header-display":"","ast-hfb-above-header-display":"","ast-hfb-below-header-display":"","ast-hfb-mobile-header-display":"","site-post-title":"","ast-breadcrumbs-content":"","ast-featured-img":"","footer-sml-layout":"","theme-transparent-header-meta":"default","adv-header-id-meta":"","stick-header-meta":"","header-above-stick-meta":"","header-main-stick-meta":"","header-below-stick-meta":"","astra-migrate-meta-layouts":"set","ast-page-background-enabled":"default","ast-page-background-meta":{"desktop":{"background-color":"","background-image":"","background-repeat":"repeat","background-position":"center center","background-size":"auto","background-attachment":"scroll","background-type":"","background-media":"","overlay-type":"","overlay-color":"","overlay-opacity":"","overlay-gradient":""},"tablet":{"background-color":"","background-image":"","background-repeat":"repeat","background-position":"center center","background-size":"auto","background-attachment":"scroll","background-type":"","background-media":"","overlay-type":"","overlay-color":"","overlay-opacity":"","overlay-gradient":""},"mobile":{"background-color":"","background-image":"","background-repeat":"repeat","background-position":"center center","background-size":"auto","background-attachment":"scroll","background-type":"","background-media":"","overlay-type":"","overlay-color":"","overlay-opacity":"","overlay-gradient":""}},"ast-content-background-meta":{"desktop":{"background-color":"var(--ast-global-color-5)","background-image":"","background-repeat":"repeat","background-position":"center center","background-size":"auto","background-attachment":"scroll","background-type":"","background-media":"","overlay-type":"","overlay-color":"","overlay-opacity":"","overlay-gradient":""},"tablet":{"background-color":"var(--ast-global-color-5)","background-image":"","background-repeat":"repeat","background-position":"center center","background-size":"auto","background-attachment":"scroll","background-type":"","background-media":"","overlay-type":"","overlay-color":"","overlay-opacity":"","overlay-gradient":""},"mobile":{"background-color":"var(--ast-global-color-5)","background-image":"","background-repeat":"repeat","background-position":"center center","background-size":"auto","background-attachment":"scroll","background-type":"","background-media":"","overlay-type":"","overlay-color":"","overlay-opacity":"","overlay-gradient":""}}},"product_brand":[],"product_cat":[334,29],"product_tag":[481],"class_list":{"0":"post-3432","1":"product","2":"type-product","3":"status-publish","4":"has-post-thumbnail","6":"product_cat-concentres-de-marijuana","7":"product_cat-haschisch","8":"product_tag-buy-lebanese-playboy-hash-eu","9":"desktop-align-left","10":"tablet-align-left","11":"mobile-align-left","13":"first","14":"instock","15":"shipping-taxable","16":"purchasable","17":"product-type-variable"},"uagb_featured_image_src":{"full":["https:\/\/pressurezone.shop\/wp-content\/uploads\/2024\/10\/Lebanese-Playboy-Hash-EU.jpg",768,768,false],"thumbnail":["https:\/\/pressurezone.shop\/wp-content\/uploads\/2024\/10\/Lebanese-Playboy-Hash-EU-150x150.jpg",150,150,true],"medium":["https:\/\/pressurezone.shop\/wp-content\/uploads\/2024\/10\/Lebanese-Playboy-Hash-EU-300x300.jpg",300,300,true],"medium_large":["https:\/\/pressurezone.shop\/wp-content\/uploads\/2024\/10\/Lebanese-Playboy-Hash-EU.jpg",768,768,false],"large":["https:\/\/pressurezone.shop\/wp-content\/uploads\/2024\/10\/Lebanese-Playboy-Hash-EU.jpg",768,768,false],"1536x1536":["https:\/\/pressurezone.shop\/wp-content\/uploads\/2024\/10\/Lebanese-Playboy-Hash-EU.jpg",768,768,false],"2048x2048":["https:\/\/pressurezone.shop\/wp-content\/uploads\/2024\/10\/Lebanese-Playboy-Hash-EU.jpg",768,768,false],"trp-custom-language-flag":["https:\/\/pressurezone.shop\/wp-content\/uploads\/2024\/10\/Lebanese-Playboy-Hash-EU-12x12.jpg",12,12,true],"woocommerce_thumbnail":["https:\/\/pressurezone.shop\/wp-content\/uploads\/2024\/10\/Lebanese-Playboy-Hash-EU-300x300.jpg",300,300,true],"woocommerce_single":["https:\/\/pressurezone.shop\/wp-content\/uploads\/2024\/10\/Lebanese-Playboy-Hash-EU-600x600.jpg",600,600,true],"woocommerce_gallery_thumbnail":["https:\/\/pressurezone.shop\/wp-content\/uploads\/2024\/10\/Lebanese-Playboy-Hash-EU-100x100.jpg",100,100,true]},"uagb_author_info":{"display_name":"pressurezone.shop","author_link":"https:\/\/pressurezone.shop\/sv\/author\/"},"uagb_comment_info":0,"uagb_excerpt":"Achetez le Haschisch Lebanese Playboy EU en Ligne sur Pressure Zone Shop D\u00e9couvrez le Haschisch Lebanese Playboy, un tr\u00e9sor artisanal inspir\u00e9 des terres ancestrales du haschisch. Produit dans la belle Colombie-Britannique, ce haschisch de qualit\u00e9 sup\u00e9rieure est issu de fleurs AAA+ et suit les techniques traditionnelles de transformation de la vall\u00e9e de la Bekaa au&hellip;","_links":{"self":[{"href":"https:\/\/pressurezone.shop\/sv\/wp-json\/wp\/v2\/product\/3432"}],"collection":[{"href":"https:\/\/pressurezone.shop\/sv\/wp-json\/wp\/v2\/product"}],"about":[{"href":"https:\/\/pressurezone.shop\/sv\/wp-json\/wp\/v2\/types\/product"}],"replies":[{"embeddable":true,"href":"https:\/\/pressurezone.shop\/sv\/wp-json\/wp\/v2\/comments?post=3432"}],"version-history":[{"count":3,"href":"https:\/\/pressurezone.shop\/sv\/wp-json\/wp\/v2\/product\/3432\/revisions"}],"predecessor-version":[{"id":4223,"href":"https:\/\/pressurezone.shop\/sv\/wp-json\/wp\/v2\/product\/3432\/revisions\/4223"}],"wp:featuredmedia":[{"embeddable":true,"href":"https:\/\/pressurezone.shop\/sv\/wp-json\/wp\/v2\/media\/3492"}],"wp:attachment":[{"href":"https:\/\/pressurezone.shop\/sv\/wp-json\/wp\/v2\/media?parent=3432"}],"wp:term":[{"taxonomy":"product_brand","embeddable":true,"href":"https:\/\/pressurezone.shop\/sv\/wp-json\/wp\/v2\/product_brand?post=3432"},{"taxonomy":"product_cat","embeddable":true,"href":"https:\/\/pressurezone.shop\/sv\/wp-json\/wp\/v2\/product_cat?post=3432"},{"taxonomy":"product_tag","embeddable":true,"href":"https:\/\/pressurezone.shop\/sv\/wp-json\/wp\/v2\/product_tag?post=3432"}],"curies":[{"name":"wp","href":"https:\/\/api.w.org\/{rel}","templated":true}]}}