{"id":3433,"date":"2024-10-11T01:03:04","date_gmt":"2024-10-10T23:03:04","guid":{"rendered":"https:\/\/pressurezone.shop\/?post_type=product&#038;p=3433"},"modified":"2024-11-04T02:24:02","modified_gmt":"2024-11-04T01:24:02","slug":"haschisch-blueberry-marijuana","status":"publish","type":"product","link":"https:\/\/pressurezone.shop\/sv\/produkt\/haschish-blabar-marijuana\/","title":{"rendered":"Haschish Bl\u00e5b\u00e4r Marijuana"},"content":{"rendered":"<div class=\"flex-shrink-0 flex flex-col relative items-end\">\n<div>\n<div class=\"pt-0\">\n<div class=\"gizmo-bot-avatar flex h-8 w-8 items-center justify-center overflow-hidden rounded-full\">\n<div class=\"relative p-1 rounded-sm flex items-center justify-center bg-token-main-surface-primary text-token-text-primary h-8 w-8\"><\/div>\n<\/div>\n<\/div>\n<\/div>\n<\/div>\n<div class=\"group\/conversation-turn relative flex w-full min-w-0 flex-col agent-turn\">\n<div class=\"flex-col gap-1 md:gap-3\">\n<div class=\"flex max-w-full flex-col flex-grow\">\n<div class=\"min-h-8 text-message flex w-full flex-col items-end gap-2 whitespace-normal break-words [.text-message+&amp;]:mt-5\" dir=\"auto\" data-message-author-role=\"assistant\" data-message-id=\"92374b25-683d-4e26-a76f-c0f7f2ce54ee\" data-message-model-slug=\"gpt-4o\">\n<div class=\"flex w-full flex-col gap-1 empty:hidden first:pt-[3px]\">\n<div class=\"markdown prose w-full break-words dark:prose-invert light\">\n<h3><strong>K\u00f6p Hashish Blueberry Marijuana online i Europa p\u00e5 <a href=\"https:\/\/pressurezone.shop\/sv\/\" target=\"_new\" rel=\"noopener\">Tryckzonsbutik<\/a><\/strong><\/h3>\n<p>Uppt\u00e4ck de <strong>Haschish Bl\u00e5b\u00e4r Marijuana<\/strong>en raffinerad inhemsk hashish som produceras med omsorg i hj\u00e4rtat av British Columbia. Detta unika och frestande koncentrat \u00e4r tillverkat av riktiga haschblommor. <strong>Bl\u00e5b\u00e4r Kush<\/strong>som ger en uts\u00f6kt, fruktig terpenprofil till en redan exceptionell hasch.<\/p>\n<h3>Autentisk, fruktig hasch<\/h3>\n<p>Le <strong>Haschish Bl\u00e5b\u00e4r Marijuana<\/strong> \u00e4r tillverkad med noggrann uppm\u00e4rksamhet p\u00e5 detaljer. Blueberry Kush trichome-huvudena siktas noggrant f\u00f6r att ta bort allt v\u00e4xtmaterial, vilket s\u00e4kerst\u00e4ller renheten i slutprodukten. N\u00e4r de har sk\u00f6rdats snabbinfryses de hartsartade trikomerna innan de pressas, vilket bevarar delikatessen hos Blueberry Kushs naturliga terpener. Resultatet \u00e4r ett hasch som \u00e4r mjukt, smakrikt och troget den excellens som British Columbia har att erbjuda.<\/p>\n<ul>\n<li><strong>Typ<\/strong> Blueberry Kush Premium Hashish<\/li>\n<li><strong>Ursprung<\/strong> British Columbia, Kanada<\/li>\n<\/ul>\n<h3>Varf\u00f6r v\u00e4lja Hashish Blueberry Marijuana?<\/h3>\n<p>Le <strong>Haschish Bl\u00e5b\u00e4r Marijuana<\/strong> \u00e4r ett perfekt val f\u00f6r cannabisentusiaster som letar efter en potent, hantverksm\u00e4ssig haschish med en distinkt smakprofil. Denna hasch ger en explosion av fruktiga smaker och ett l\u00e5ngvarigt rus, perfekt f\u00f6r avslappning och varvning.<a href=\"https:\/\/fuelpackz.com\/\" target=\"_blank\" rel=\"noopener\">.<\/a><\/p>\n<ul>\n<li><strong>Dofter<\/strong> Fruktig och jordig s\u00f6tma, med inslag av bl\u00e5b\u00e4r<\/li>\n<li><strong>Effekter<\/strong> Avslappning, Lycka, Lugnande<\/li>\n<li><strong>Perfekt f\u00f6r<\/strong> Stressavlastning, avkoppling p\u00e5 kv\u00e4llen, stunder av avkoppling<\/li>\n<\/ul>\n<h3>Tillverkningsprocess f\u00f6r bl\u00e5b\u00e4rshaschisch<\/h3>\n<p>V\u00e5r <strong>Haschish Bl\u00e5b\u00e4r Marijuana<\/strong> f\u00f6ljer en noggrann, traditionell produktionsprocess. Genom att endast bevara de hartsartade trikomerna och snabbfrysa dem f\u00f6re pressning garanterar vi en ren produkt, rik p\u00e5 terpener och smak.<\/p>\n<h3>Smaker och aromer av Hashish Blueberry Marijuana<\/h3>\n<p>Le <strong>Haschish Bl\u00e5b\u00e4r Marijuana<\/strong> har en rik, fruktig smakprofil som domineras av toner av bl\u00e5b\u00e4r och jordig s\u00f6tma. F\u00f6rutom en uts\u00f6kt smak g\u00f6r dess intensiva aromer varje inandning till en komplett sensorisk upplevelse.<\/p>\n<ul>\n<li><strong>Smaker<\/strong> Fruktig, bl\u00e5b\u00e4r, jordig s\u00f6tma<\/li>\n<li><strong>Dofter<\/strong> B\u00e4rig, jordig, s\u00f6t<\/li>\n<\/ul>\n<h3>Anv\u00e4ndning och erfarenhet<\/h3>\n<p>Tack vare sin mjuka konsistens <strong>Haschish Bl\u00e5b\u00e4r Marijuana<\/strong> \u00e4r enkel att anv\u00e4nda och l\u00e4mpar sig f\u00f6r en m\u00e4ngd olika konsumtionsmetoder:<\/p>\n<ul>\n<li><strong>R\u00f6kning i pipa eller bong<\/strong> f\u00f6r en snabb uppbyggnad av effekter.<\/li>\n<li><strong>Spray<\/strong> f\u00f6r en mjukare och mer kontrollerad smakupplevelse.<\/li>\n<li><strong>Integrerad i en gemensam<\/strong> f\u00f6r extra intensitet och smak.<\/li>\n<\/ul>\n<h3>Best\u00e4ll Hashish Blueberry Marijuana online fr\u00e5n Pressure Zone Shop<\/h3>\n<p>Redo att uppt\u00e4cka de exceptionella smakerna och den kraftfulla effekten av <strong>Haschish Bl\u00e5b\u00e4r Marijuana<\/strong> ? Best\u00e4ll nu p\u00e5 <a href=\"https:\/\/pressurezone.shop\/sv\/\" target=\"_new\" rel=\"noopener\">Tryckzonsbutik<\/a> f\u00f6r att njuta av denna h\u00f6gkvalitativa hantverks haschish. Oavsett om du \u00e4r en finsmakare eller en ny entusiast, \u00e4r <strong>Haschisch Bl\u00e5b\u00e4r<\/strong> \u00e4r det perfekta valet f\u00f6r en autentisk, fruktig cannabisupplevelse.<\/p>\n<\/div>\n<\/div>\n<\/div>\n<\/div>\n<\/div>\n<\/div>","protected":false},"excerpt":{"rendered":"<p>Achetez du Haschisch Blueberry Marijuana en Ligne en Europe sur Pressure Zone Shop D\u00e9couvrez le Haschisch Blueberry Marijuana, un haschisch domestique raffin\u00e9, produit avec soin dans le c\u0153ur de la Colombie-Britannique. Ce concentr\u00e9 unique et all\u00e9chant est fabriqu\u00e9 \u00e0 partir de v\u00e9ritables fleurs de Blueberry Kush, qui ajoutent un profil de terp\u00e8nes fruit\u00e9 et d\u00e9licieux [&hellip;]<\/p>","protected":false},"featured_media":3494,"comment_status":"closed","ping_status":"closed","template":"","meta":{"_uag_custom_page_level_css":"","site-sidebar-layout":"default","site-content-layout":"","ast-site-content-layout":"default","site-content-style":"default","site-sidebar-style":"default","ast-global-header-display":"","ast-banner-title-visibility":"","ast-main-header-display":"","ast-hfb-above-header-display":"","ast-hfb-below-header-display":"","ast-hfb-mobile-header-display":"","site-post-title":"","ast-breadcrumbs-content":"","ast-featured-img":"","footer-sml-layout":"","theme-transparent-header-meta":"default","adv-header-id-meta":"","stick-header-meta":"","header-above-stick-meta":"","header-main-stick-meta":"","header-below-stick-meta":"","astra-migrate-meta-layouts":"set","ast-page-background-enabled":"default","ast-page-background-meta":{"desktop":{"background-color":"","background-image":"","background-repeat":"repeat","background-position":"center center","background-size":"auto","background-attachment":"scroll","background-type":"","background-media":"","overlay-type":"","overlay-color":"","overlay-opacity":"","overlay-gradient":""},"tablet":{"background-color":"","background-image":"","background-repeat":"repeat","background-position":"center center","background-size":"auto","background-attachment":"scroll","background-type":"","background-media":"","overlay-type":"","overlay-color":"","overlay-opacity":"","overlay-gradient":""},"mobile":{"background-color":"","background-image":"","background-repeat":"repeat","background-position":"center center","background-size":"auto","background-attachment":"scroll","background-type":"","background-media":"","overlay-type":"","overlay-color":"","overlay-opacity":"","overlay-gradient":""}},"ast-content-background-meta":{"desktop":{"background-color":"var(--ast-global-color-5)","background-image":"","background-repeat":"repeat","background-position":"center center","background-size":"auto","background-attachment":"scroll","background-type":"","background-media":"","overlay-type":"","overlay-color":"","overlay-opacity":"","overlay-gradient":""},"tablet":{"background-color":"var(--ast-global-color-5)","background-image":"","background-repeat":"repeat","background-position":"center center","background-size":"auto","background-attachment":"scroll","background-type":"","background-media":"","overlay-type":"","overlay-color":"","overlay-opacity":"","overlay-gradient":""},"mobile":{"background-color":"var(--ast-global-color-5)","background-image":"","background-repeat":"repeat","background-position":"center center","background-size":"auto","background-attachment":"scroll","background-type":"","background-media":"","overlay-type":"","overlay-color":"","overlay-opacity":"","overlay-gradient":""}}},"product_brand":[],"product_cat":[334,29],"product_tag":[151,502,482],"class_list":{"0":"post-3433","1":"product","2":"type-product","3":"status-publish","4":"has-post-thumbnail","6":"product_cat-concentres-de-marijuana","7":"product_cat-haschisch","8":"product_tag-haschisch","9":"product_tag-haschisch-blueberry-marijuana","10":"product_tag-order-blueberry-marijuana-hash-europe","11":"desktop-align-left","12":"tablet-align-left","13":"mobile-align-left","15":"first","16":"instock","17":"shipping-taxable","18":"purchasable","19":"product-type-variable"},"uagb_featured_image_src":{"full":["https:\/\/pressurezone.shop\/wp-content\/uploads\/2024\/10\/Blueberry-Marijuana-Hash-Europe.jpg",768,768,false],"thumbnail":["https:\/\/pressurezone.shop\/wp-content\/uploads\/2024\/10\/Blueberry-Marijuana-Hash-Europe-150x150.jpg",150,150,true],"medium":["https:\/\/pressurezone.shop\/wp-content\/uploads\/2024\/10\/Blueberry-Marijuana-Hash-Europe-300x300.jpg",300,300,true],"medium_large":["https:\/\/pressurezone.shop\/wp-content\/uploads\/2024\/10\/Blueberry-Marijuana-Hash-Europe.jpg",768,768,false],"large":["https:\/\/pressurezone.shop\/wp-content\/uploads\/2024\/10\/Blueberry-Marijuana-Hash-Europe.jpg",768,768,false],"1536x1536":["https:\/\/pressurezone.shop\/wp-content\/uploads\/2024\/10\/Blueberry-Marijuana-Hash-Europe.jpg",768,768,false],"2048x2048":["https:\/\/pressurezone.shop\/wp-content\/uploads\/2024\/10\/Blueberry-Marijuana-Hash-Europe.jpg",768,768,false],"trp-custom-language-flag":["https:\/\/pressurezone.shop\/wp-content\/uploads\/2024\/10\/Blueberry-Marijuana-Hash-Europe-12x12.jpg",12,12,true],"woocommerce_thumbnail":["https:\/\/pressurezone.shop\/wp-content\/uploads\/2024\/10\/Blueberry-Marijuana-Hash-Europe-300x300.jpg",300,300,true],"woocommerce_single":["https:\/\/pressurezone.shop\/wp-content\/uploads\/2024\/10\/Blueberry-Marijuana-Hash-Europe-600x600.jpg",600,600,true],"woocommerce_gallery_thumbnail":["https:\/\/pressurezone.shop\/wp-content\/uploads\/2024\/10\/Blueberry-Marijuana-Hash-Europe-100x100.jpg",100,100,true]},"uagb_author_info":{"display_name":"pressurezone.shop","author_link":"https:\/\/pressurezone.shop\/sv\/author\/"},"uagb_comment_info":0,"uagb_excerpt":"Achetez du Haschisch Blueberry Marijuana en Ligne en Europe sur Pressure Zone Shop D\u00e9couvrez le Haschisch Blueberry Marijuana, un haschisch domestique raffin\u00e9, produit avec soin dans le c\u0153ur de la Colombie-Britannique. Ce concentr\u00e9 unique et all\u00e9chant est fabriqu\u00e9 \u00e0 partir de v\u00e9ritables fleurs de Blueberry Kush, qui ajoutent un profil de terp\u00e8nes fruit\u00e9 et d\u00e9licieux&hellip;","_links":{"self":[{"href":"https:\/\/pressurezone.shop\/sv\/wp-json\/wp\/v2\/product\/3433"}],"collection":[{"href":"https:\/\/pressurezone.shop\/sv\/wp-json\/wp\/v2\/product"}],"about":[{"href":"https:\/\/pressurezone.shop\/sv\/wp-json\/wp\/v2\/types\/product"}],"replies":[{"embeddable":true,"href":"https:\/\/pressurezone.shop\/sv\/wp-json\/wp\/v2\/comments?post=3433"}],"version-history":[{"count":3,"href":"https:\/\/pressurezone.shop\/sv\/wp-json\/wp\/v2\/product\/3433\/revisions"}],"predecessor-version":[{"id":4126,"href":"https:\/\/pressurezone.shop\/sv\/wp-json\/wp\/v2\/product\/3433\/revisions\/4126"}],"wp:featuredmedia":[{"embeddable":true,"href":"https:\/\/pressurezone.shop\/sv\/wp-json\/wp\/v2\/media\/3494"}],"wp:attachment":[{"href":"https:\/\/pressurezone.shop\/sv\/wp-json\/wp\/v2\/media?parent=3433"}],"wp:term":[{"taxonomy":"product_brand","embeddable":true,"href":"https:\/\/pressurezone.shop\/sv\/wp-json\/wp\/v2\/product_brand?post=3433"},{"taxonomy":"product_cat","embeddable":true,"href":"https:\/\/pressurezone.shop\/sv\/wp-json\/wp\/v2\/product_cat?post=3433"},{"taxonomy":"product_tag","embeddable":true,"href":"https:\/\/pressurezone.shop\/sv\/wp-json\/wp\/v2\/product_tag?post=3433"}],"curies":[{"name":"wp","href":"https:\/\/api.w.org\/{rel}","templated":true}]}}