{"id":3449,"date":"2024-10-11T01:03:29","date_gmt":"2024-10-10T23:03:29","guid":{"rendered":"https:\/\/pressurezone.shop\/?post_type=product&#038;p=3449"},"modified":"2024-11-04T19:31:53","modified_gmt":"2024-11-04T18:31:53","slug":"haschisch-chanel-marijuana","status":"publish","type":"product","link":"https:\/\/pressurezone.shop\/sv\/produkt\/hasch-chanel-marijuana\/","title":{"rendered":"Haschisch Chanel Marijuana"},"content":{"rendered":"<h3><strong>K\u00f6p Hashish Chanel Marijuana online i Europa p\u00e5 <a href=\"https:\/\/pressurezone.shop\/sv\/\" target=\"_new\" rel=\"noopener\">Tryckzonsbutik<\/a><\/strong><\/h3>\n<p>Uppt\u00e4ck de <strong>Haschisch Chanel Marijuana<\/strong>ett lyxigt hasch som tillverkas med omsorg i British Columbia. Denna inhemska haschish av AAA+-kvalitet tillverkas uteslutande av potenta indica-cannabisstammar som Death Bubba, OG Kush och Pink Kush, utvalda f\u00f6r sina hartsartade, sapida trichomer. Odlade, sk\u00f6rdade och snabbfrysta f\u00f6r att bevara sin f\u00e4rskhet pressas dessa sorter sedan f\u00f6r att producera en hasch av exceptionell kvalitet.<a href=\"https:\/\/fuelpackz.com\/\" target=\"_blank\" rel=\"noopener\">.<\/a><\/p>\n<h3>Varf\u00f6r v\u00e4lja Chanel Marijuana Hashish?<\/h3>\n<p>Le <strong>Haschisch Chanel Marijuana<\/strong> \u00e4r utformad f\u00f6r att erbjuda en unik och f\u00f6rfinad upplevelse. Den noggranna tillverkningsprocessen bevarar terpenernas integritet och styrkan hos varje sort, vilket skapar en slutprodukt rik p\u00e5 smak och effekt. Chanel Hash \u00e4r perfekt f\u00f6r finsmakare och de som s\u00f6ker djup avslappning och en k\u00e4nsla av lyx, och \u00e4r ett exceptionellt val f\u00f6r avancerad avkoppling.<a href=\"https:\/\/fuelpackz.com\/\" target=\"_blank\" rel=\"noopener\">.<\/a><\/p>\n<ul>\n<li><strong>Typ<\/strong> Haschisch Indica Premium<\/li>\n<li><strong>Ursprung<\/strong> Tillverkad i British Columbia, Kanada<\/li>\n<\/ul>\n<h3>Smaker och aromer av Chanel Marijuana Hashish<\/h3>\n<p>Le <strong>Haschisch Chanel Marijuana<\/strong> k\u00e4nnetecknas av en komplex smakprofil som kombinerar kryddiga, jordiga toner med en \u00f6rts\u00f6tma. Genom att kombinera flera kraftfulla sorter erbjuder den en komplett sensorisk upplevelse, berikad av djupa aromer och en m\u00e4ngd terpener.<\/p>\n<ul>\n<li><strong>Smaker<\/strong> Kryddig, jordig, \u00f6rtartad<\/li>\n<li><strong>Dofter<\/strong> Fyllig, jordig, toner av tall<\/li>\n<\/ul>\n<h3>Effekter och f\u00f6rdelar med Hashish Chanel Marijuana<\/h3>\n<p>Tack vare sin blandning av indica-sorter \u00e4r <strong>Haschisch Chanel Marijuana<\/strong> ger en intensiv, l\u00e5ngvarig h\u00f6g, perfekt f\u00f6r avkoppling och stressavlastning. Denna hashish erbjuder en lugnande kroppsupplevelse, perfekt f\u00f6r en avkopplande kv\u00e4ll eller ett lugnt slut p\u00e5 dagen.<\/p>\n<ul>\n<li><strong>Effekter<\/strong> Avslappning, eufori, lugnande<\/li>\n<li><strong>Perfekt f\u00f6r<\/strong> Stressavlastning, avslappning f\u00f6r kroppen, avslappning p\u00e5 kv\u00e4llen<\/li>\n<\/ul>\n<h3>Chanel Marijuana Hashish tillverkningsprocess<\/h3>\n<p>Tillverkas i sm\u00e5 kvantiteter f\u00f6r att garantera kvaliteten, och <strong>Haschisch Chanel Marijuana<\/strong> pressas fr\u00e5n trikomer som sk\u00f6rdats fr\u00e5n h\u00f6gkvalitativa sorter och som snabbfrysts f\u00f6r att bevara sin styrka. Varje steg i processen \u00e4r utformat f\u00f6r att maximera renhet och smak, vilket g\u00f6r denna haschish till en verklig premiumprodukt.<\/p>\n<h3>Anv\u00e4ndning och erfarenhet<\/h3>\n<p>Le <strong>Haschisch Chanel Marijuana<\/strong> \u00e4r m\u00e5ngsidig och kan \u00e4tas p\u00e5 en m\u00e4ngd olika s\u00e4tt beroende p\u00e5 dina preferenser:<\/p>\n<ul>\n<li><strong>R\u00f6kning i pipa eller bong<\/strong> f\u00f6r snabba och kraftfulla effekter.<\/li>\n<li><strong>Spray<\/strong> f\u00f6r en ren smakupplevelse och ett kontrollerat rus.<\/li>\n<li><strong>Inf\u00f6rliva i en gemensam<\/strong> f\u00f6r extra intensitet och smak.<\/li>\n<\/ul>\n<h3>Best\u00e4ll Chanel Marijuana Hashish online fr\u00e5n Pressure Zone Shop<\/h3>\n<p>Redo f\u00f6r en lyxig upplevelse med <strong>Haschisch Chanel Marijuana<\/strong> ? Best\u00e4ll nu p\u00e5 <a href=\"https:\/\/pressurezone.shop\/sv\/\" target=\"_new\" rel=\"noopener\">Tryckzonsbutik<\/a> f\u00f6r att uppt\u00e4cka denna raffinerade och kraftfulla hasch, perfekt f\u00f6r dem som letar efter premiumavslappning. Med <strong>Chanel Marijuana Hasch<\/strong>Dra nytta av oj\u00e4mf\u00f6rlig kvalitet och expertis.<\/p>","protected":false},"excerpt":{"rendered":"<p>Achetez le Haschisch Chanel Marijuana en Ligne en Europe sur Pressure Zone Shop D\u00e9couvrez le Haschisch Chanel Marijuana, un haschisch de luxe fabriqu\u00e9 avec soin en Colombie-Britannique. Ce haschisch domestique de qualit\u00e9 AAA+ est \u00e9labor\u00e9 exclusivement \u00e0 partir de vari\u00e9t\u00e9s de cannabis indica puissantes comme Death Bubba, OG Kush et Pink Kush, s\u00e9lectionn\u00e9es pour leurs [&hellip;]<\/p>","protected":false},"featured_media":3506,"comment_status":"closed","ping_status":"closed","template":"","meta":{"_uag_custom_page_level_css":"","site-sidebar-layout":"default","site-content-layout":"","ast-site-content-layout":"default","site-content-style":"default","site-sidebar-style":"default","ast-global-header-display":"","ast-banner-title-visibility":"","ast-main-header-display":"","ast-hfb-above-header-display":"","ast-hfb-below-header-display":"","ast-hfb-mobile-header-display":"","site-post-title":"","ast-breadcrumbs-content":"","ast-featured-img":"","footer-sml-layout":"","theme-transparent-header-meta":"default","adv-header-id-meta":"","stick-header-meta":"","header-above-stick-meta":"","header-main-stick-meta":"","header-below-stick-meta":"","astra-migrate-meta-layouts":"set","ast-page-background-enabled":"default","ast-page-background-meta":{"desktop":{"background-color":"","background-image":"","background-repeat":"repeat","background-position":"center center","background-size":"auto","background-attachment":"scroll","background-type":"","background-media":"","overlay-type":"","overlay-color":"","overlay-opacity":"","overlay-gradient":""},"tablet":{"background-color":"","background-image":"","background-repeat":"repeat","background-position":"center center","background-size":"auto","background-attachment":"scroll","background-type":"","background-media":"","overlay-type":"","overlay-color":"","overlay-opacity":"","overlay-gradient":""},"mobile":{"background-color":"","background-image":"","background-repeat":"repeat","background-position":"center center","background-size":"auto","background-attachment":"scroll","background-type":"","background-media":"","overlay-type":"","overlay-color":"","overlay-opacity":"","overlay-gradient":""}},"ast-content-background-meta":{"desktop":{"background-color":"var(--ast-global-color-5)","background-image":"","background-repeat":"repeat","background-position":"center center","background-size":"auto","background-attachment":"scroll","background-type":"","background-media":"","overlay-type":"","overlay-color":"","overlay-opacity":"","overlay-gradient":""},"tablet":{"background-color":"var(--ast-global-color-5)","background-image":"","background-repeat":"repeat","background-position":"center center","background-size":"auto","background-attachment":"scroll","background-type":"","background-media":"","overlay-type":"","overlay-color":"","overlay-opacity":"","overlay-gradient":""},"mobile":{"background-color":"var(--ast-global-color-5)","background-image":"","background-repeat":"repeat","background-position":"center center","background-size":"auto","background-attachment":"scroll","background-type":"","background-media":"","overlay-type":"","overlay-color":"","overlay-opacity":"","overlay-gradient":""}}},"product_brand":[],"product_cat":[334,29],"product_tag":[488],"class_list":{"0":"post-3449","1":"product","2":"type-product","3":"status-publish","4":"has-post-thumbnail","6":"product_cat-concentres-de-marijuana","7":"product_cat-haschisch","8":"product_tag-chanel-marijuana-hash-eu","9":"desktop-align-left","10":"tablet-align-left","11":"mobile-align-left","13":"first","14":"instock","15":"shipping-taxable","16":"purchasable","17":"product-type-variable"},"uagb_featured_image_src":{"full":["https:\/\/pressurezone.shop\/wp-content\/uploads\/2024\/10\/Chanel-Marijuana-Hash-EU.jpg",768,768,false],"thumbnail":["https:\/\/pressurezone.shop\/wp-content\/uploads\/2024\/10\/Chanel-Marijuana-Hash-EU-150x150.jpg",150,150,true],"medium":["https:\/\/pressurezone.shop\/wp-content\/uploads\/2024\/10\/Chanel-Marijuana-Hash-EU-300x300.jpg",300,300,true],"medium_large":["https:\/\/pressurezone.shop\/wp-content\/uploads\/2024\/10\/Chanel-Marijuana-Hash-EU.jpg",768,768,false],"large":["https:\/\/pressurezone.shop\/wp-content\/uploads\/2024\/10\/Chanel-Marijuana-Hash-EU.jpg",768,768,false],"1536x1536":["https:\/\/pressurezone.shop\/wp-content\/uploads\/2024\/10\/Chanel-Marijuana-Hash-EU.jpg",768,768,false],"2048x2048":["https:\/\/pressurezone.shop\/wp-content\/uploads\/2024\/10\/Chanel-Marijuana-Hash-EU.jpg",768,768,false],"trp-custom-language-flag":["https:\/\/pressurezone.shop\/wp-content\/uploads\/2024\/10\/Chanel-Marijuana-Hash-EU-12x12.jpg",12,12,true],"woocommerce_thumbnail":["https:\/\/pressurezone.shop\/wp-content\/uploads\/2024\/10\/Chanel-Marijuana-Hash-EU-300x300.jpg",300,300,true],"woocommerce_single":["https:\/\/pressurezone.shop\/wp-content\/uploads\/2024\/10\/Chanel-Marijuana-Hash-EU-600x600.jpg",600,600,true],"woocommerce_gallery_thumbnail":["https:\/\/pressurezone.shop\/wp-content\/uploads\/2024\/10\/Chanel-Marijuana-Hash-EU-100x100.jpg",100,100,true]},"uagb_author_info":{"display_name":"pressurezone.shop","author_link":"https:\/\/pressurezone.shop\/sv\/author\/"},"uagb_comment_info":0,"uagb_excerpt":"Achetez le Haschisch Chanel Marijuana en Ligne en Europe sur Pressure Zone Shop D\u00e9couvrez le Haschisch Chanel Marijuana, un haschisch de luxe fabriqu\u00e9 avec soin en Colombie-Britannique. Ce haschisch domestique de qualit\u00e9 AAA+ est \u00e9labor\u00e9 exclusivement \u00e0 partir de vari\u00e9t\u00e9s de cannabis indica puissantes comme Death Bubba, OG Kush et Pink Kush, s\u00e9lectionn\u00e9es pour leurs&hellip;","_links":{"self":[{"href":"https:\/\/pressurezone.shop\/sv\/wp-json\/wp\/v2\/product\/3449"}],"collection":[{"href":"https:\/\/pressurezone.shop\/sv\/wp-json\/wp\/v2\/product"}],"about":[{"href":"https:\/\/pressurezone.shop\/sv\/wp-json\/wp\/v2\/types\/product"}],"replies":[{"embeddable":true,"href":"https:\/\/pressurezone.shop\/sv\/wp-json\/wp\/v2\/comments?post=3449"}],"version-history":[{"count":4,"href":"https:\/\/pressurezone.shop\/sv\/wp-json\/wp\/v2\/product\/3449\/revisions"}],"predecessor-version":[{"id":4167,"href":"https:\/\/pressurezone.shop\/sv\/wp-json\/wp\/v2\/product\/3449\/revisions\/4167"}],"wp:featuredmedia":[{"embeddable":true,"href":"https:\/\/pressurezone.shop\/sv\/wp-json\/wp\/v2\/media\/3506"}],"wp:attachment":[{"href":"https:\/\/pressurezone.shop\/sv\/wp-json\/wp\/v2\/media?parent=3449"}],"wp:term":[{"taxonomy":"product_brand","embeddable":true,"href":"https:\/\/pressurezone.shop\/sv\/wp-json\/wp\/v2\/product_brand?post=3449"},{"taxonomy":"product_cat","embeddable":true,"href":"https:\/\/pressurezone.shop\/sv\/wp-json\/wp\/v2\/product_cat?post=3449"},{"taxonomy":"product_tag","embeddable":true,"href":"https:\/\/pressurezone.shop\/sv\/wp-json\/wp\/v2\/product_tag?post=3449"}],"curies":[{"name":"wp","href":"https:\/\/api.w.org\/{rel}","templated":true}]}}