{"id":3450,"date":"2024-10-11T01:03:29","date_gmt":"2024-10-10T23:03:29","guid":{"rendered":"https:\/\/pressurezone.shop\/?post_type=product&#038;p=3450"},"modified":"2024-11-04T19:17:03","modified_gmt":"2024-11-04T18:17:03","slug":"haschisch-marocain-phoenix","status":"publish","type":"product","link":"https:\/\/pressurezone.shop\/sv\/produkt\/marockansk-haschish-phoenix\/","title":{"rendered":"Phoenix Marockansk haschish"},"content":{"rendered":"<h3><strong>K\u00f6p Phoenix marockansk hasj online i Frankrike p\u00e5 <a href=\"https:\/\/pressurezone.shop\/sv\/\" target=\"_new\" rel=\"noopener\">Tryckzonsbutik<\/a><\/strong><\/h3>\n<p>Uppt\u00e4ck de <strong>Phoenix Marockansk haschish<\/strong>ett exceptionellt THC-koncentrat som finns i Frankrike och som framst\u00e4lls av ren kief av h\u00f6gsta kvalitet. Detta f\u00f6rstklassiga hasch kommer fr\u00e5n cannabisplantans hartsk\u00f6rtlar, eller trikomer, som noggrant separerats fr\u00e5n allt v\u00e4xtmaterial f\u00f6r att ge o\u00f6vertr\u00e4ffad renhet och styrka.<\/p>\n<h3>\u00c4kta hasch av h\u00f6gsta kvalitet<\/h3>\n<p>Le <strong>Phoenix Marockansk haschish<\/strong> tillverkas med traditionella metoder, d\u00e4r ren kief, som best\u00e5r av THC-rika trikomer, pressas under v\u00e4rme f\u00f6r att bilda tegelstenar av haschish. Denna process f\u00e5ngar all essens och styrka hos cannabishartsk\u00f6rtlarna. V\u00e5ra <strong>Haschisch av AAA+ kvalitet<\/strong> garanterar en premiumupplevelse, perfekt f\u00f6r kr\u00e4vande hasch\u00e4lskare<a href=\"https:\/\/fuelpackz.com\/\" target=\"_blank\" rel=\"noopener\">.<\/a><\/p>\n<ul>\n<li><strong>Typ<\/strong> : Premium marockansk haschish<\/li>\n<li><strong>Ursprung<\/strong> Marocko, h\u00f6gsta kvalitet<\/li>\n<\/ul>\n<h3>Varf\u00f6r v\u00e4lja Phoenix marockanska hashish?<\/h3>\n<p>Le <strong>Phoenix Marockansk haschish<\/strong> \u00e4r det perfekta valet f\u00f6r dig som letar efter en h\u00f6gkvalitativ, smakrik och potent haschish. Denna hasch \u00e4r utformad f\u00f6r att ge en upplevelse av djup avslappning och eufori och ger dig o\u00f6vertr\u00e4ffad renhet och kvalitet.<\/p>\n<ul>\n<li><strong>Dofter<\/strong> Djup, jordig, med kryddiga toner<\/li>\n<li><strong>Effekter<\/strong> Avslappning, eufori, lugnande<\/li>\n<li><strong>Perfekt f\u00f6r<\/strong> Avkoppling, stresslindring och kv\u00e4llsavslappning<\/li>\n<\/ul>\n<h3>Handgjord och \u00e4kta<\/h3>\n<p>V\u00e5r <strong>Phoenix Marockansk haschish<\/strong> framst\u00e4lls med traditionella marockanska metoder, d\u00e4r endast den renaste kiefen anv\u00e4nds f\u00f6r att s\u00e4kerst\u00e4lla en produkt av h\u00f6gsta kvalitet. Denna process bevarar de intensiva aromerna och kraftfulla effekterna av traditionell marockansk hasch, vilket ger en autentisk upplevelse.<\/p>\n<h3>Smak och doft av Phoenix marockansk haschish<\/h3>\n<p>Med en jordig smakprofil och subtila inslag av kryddor \u00e4r <strong>Phoenix Marockansk haschish<\/strong> \u00e4r en sann hyllning till haschets autentiska smaker. Denna harmoniska blandning av aromer skapar en komplett sensorisk upplevelse, perfekt f\u00f6r hasch\u00e4lskare som uppskattar kvalitet och smakrikedom.<\/p>\n<ul>\n<li><strong>Smaker<\/strong> Jordig, kryddig<\/li>\n<li><strong>Dofter<\/strong> Djup, tr\u00e4ig, kryddig<\/li>\n<\/ul>\n<h3>Anv\u00e4ndning och erfarenhet<\/h3>\n<p>Le <strong>Phoenix Marockansk haschish<\/strong> \u00e4r m\u00e5ngsidig och kan konsumeras p\u00e5 en m\u00e4ngd olika s\u00e4tt, vilket skapar en personlig upplevelse f\u00f6r varje konsument:<\/p>\n<ul>\n<li><strong>R\u00f6kning i pipa eller bong<\/strong> f\u00f6r en snabb uppbyggnad av effekter.<\/li>\n<li><strong>Spray<\/strong> f\u00f6r ren smak och ett kontrollerat rus.<\/li>\n<li><strong>Inf\u00f6rliva i en gemensam<\/strong> f\u00f6r rikare smak och b\u00e4ttre effekt.<\/li>\n<\/ul>\n<h3>Best\u00e4ll Phoenix Moroccan Hash online p\u00e5 Pressure Zone Shop<\/h3>\n<p>Redo att uppt\u00e4cka intensiteten och renheten i <strong>Phoenix Marockansk haschish<\/strong> ? Best\u00e4ll nu p\u00e5 <a href=\"https:\/\/pressurezone.shop\/sv\/\" target=\"_new\" rel=\"noopener\">Tryckzonsbutik<\/a> f\u00f6r en autentisk haschupplevelse av h\u00f6g kvalitet. <strong>Phoenix Marockansk haschish<\/strong> \u00e4r det perfekta alternativet f\u00f6r finsmakare och de som s\u00f6ker djup och l\u00e5ngvarig avslappning.<\/p>","protected":false},"excerpt":{"rendered":"<p>Achetez le Haschisch Marocain Phoenix en Ligne en France sur Pressure Zone Shop D\u00e9couvrez le Haschisch Marocain Phoenix, un concentr\u00e9 exceptionnel de THC disponible en France, produit \u00e0 partir de la meilleure qualit\u00e9 de kief pur. Ce haschisch haut de gamme est issu des glandes r\u00e9sineuses ou trichomes de la plante de cannabis, s\u00e9par\u00e9es soigneusement [&hellip;]<\/p>","protected":false},"featured_media":3508,"comment_status":"closed","ping_status":"closed","template":"","meta":{"_uag_custom_page_level_css":"","site-sidebar-layout":"default","site-content-layout":"","ast-site-content-layout":"default","site-content-style":"default","site-sidebar-style":"default","ast-global-header-display":"","ast-banner-title-visibility":"","ast-main-header-display":"","ast-hfb-above-header-display":"","ast-hfb-below-header-display":"","ast-hfb-mobile-header-display":"","site-post-title":"","ast-breadcrumbs-content":"","ast-featured-img":"","footer-sml-layout":"","theme-transparent-header-meta":"default","adv-header-id-meta":"","stick-header-meta":"","header-above-stick-meta":"","header-main-stick-meta":"","header-below-stick-meta":"","astra-migrate-meta-layouts":"set","ast-page-background-enabled":"default","ast-page-background-meta":{"desktop":{"background-color":"","background-image":"","background-repeat":"repeat","background-position":"center center","background-size":"auto","background-attachment":"scroll","background-type":"","background-media":"","overlay-type":"","overlay-color":"","overlay-opacity":"","overlay-gradient":""},"tablet":{"background-color":"","background-image":"","background-repeat":"repeat","background-position":"center center","background-size":"auto","background-attachment":"scroll","background-type":"","background-media":"","overlay-type":"","overlay-color":"","overlay-opacity":"","overlay-gradient":""},"mobile":{"background-color":"","background-image":"","background-repeat":"repeat","background-position":"center center","background-size":"auto","background-attachment":"scroll","background-type":"","background-media":"","overlay-type":"","overlay-color":"","overlay-opacity":"","overlay-gradient":""}},"ast-content-background-meta":{"desktop":{"background-color":"var(--ast-global-color-5)","background-image":"","background-repeat":"repeat","background-position":"center center","background-size":"auto","background-attachment":"scroll","background-type":"","background-media":"","overlay-type":"","overlay-color":"","overlay-opacity":"","overlay-gradient":""},"tablet":{"background-color":"var(--ast-global-color-5)","background-image":"","background-repeat":"repeat","background-position":"center center","background-size":"auto","background-attachment":"scroll","background-type":"","background-media":"","overlay-type":"","overlay-color":"","overlay-opacity":"","overlay-gradient":""},"mobile":{"background-color":"var(--ast-global-color-5)","background-image":"","background-repeat":"repeat","background-position":"center center","background-size":"auto","background-attachment":"scroll","background-type":"","background-media":"","overlay-type":"","overlay-color":"","overlay-opacity":"","overlay-gradient":""}}},"product_brand":[],"product_cat":[334,29],"product_tag":[489],"class_list":{"0":"post-3450","1":"product","2":"type-product","3":"status-publish","4":"has-post-thumbnail","6":"product_cat-concentres-de-marijuana","7":"product_cat-haschisch","8":"product_tag-buy-moroccan-phoenix-hash-online-france","9":"desktop-align-left","10":"tablet-align-left","11":"mobile-align-left","13":"first","14":"instock","15":"shipping-taxable","16":"purchasable","17":"product-type-variable"},"uagb_featured_image_src":{"full":["https:\/\/pressurezone.shop\/wp-content\/uploads\/2024\/10\/Buy-Moroccan-Phoenix-Hash-Online.jpg",768,768,false],"thumbnail":["https:\/\/pressurezone.shop\/wp-content\/uploads\/2024\/10\/Buy-Moroccan-Phoenix-Hash-Online-150x150.jpg",150,150,true],"medium":["https:\/\/pressurezone.shop\/wp-content\/uploads\/2024\/10\/Buy-Moroccan-Phoenix-Hash-Online-300x300.jpg",300,300,true],"medium_large":["https:\/\/pressurezone.shop\/wp-content\/uploads\/2024\/10\/Buy-Moroccan-Phoenix-Hash-Online.jpg",768,768,false],"large":["https:\/\/pressurezone.shop\/wp-content\/uploads\/2024\/10\/Buy-Moroccan-Phoenix-Hash-Online.jpg",768,768,false],"1536x1536":["https:\/\/pressurezone.shop\/wp-content\/uploads\/2024\/10\/Buy-Moroccan-Phoenix-Hash-Online.jpg",768,768,false],"2048x2048":["https:\/\/pressurezone.shop\/wp-content\/uploads\/2024\/10\/Buy-Moroccan-Phoenix-Hash-Online.jpg",768,768,false],"trp-custom-language-flag":["https:\/\/pressurezone.shop\/wp-content\/uploads\/2024\/10\/Buy-Moroccan-Phoenix-Hash-Online-12x12.jpg",12,12,true],"woocommerce_thumbnail":["https:\/\/pressurezone.shop\/wp-content\/uploads\/2024\/10\/Buy-Moroccan-Phoenix-Hash-Online-300x300.jpg",300,300,true],"woocommerce_single":["https:\/\/pressurezone.shop\/wp-content\/uploads\/2024\/10\/Buy-Moroccan-Phoenix-Hash-Online-600x600.jpg",600,600,true],"woocommerce_gallery_thumbnail":["https:\/\/pressurezone.shop\/wp-content\/uploads\/2024\/10\/Buy-Moroccan-Phoenix-Hash-Online-100x100.jpg",100,100,true]},"uagb_author_info":{"display_name":"pressurezone.shop","author_link":"https:\/\/pressurezone.shop\/sv\/author\/"},"uagb_comment_info":0,"uagb_excerpt":"Achetez le Haschisch Marocain Phoenix en Ligne en France sur Pressure Zone Shop D\u00e9couvrez le Haschisch Marocain Phoenix, un concentr\u00e9 exceptionnel de THC disponible en France, produit \u00e0 partir de la meilleure qualit\u00e9 de kief pur. Ce haschisch haut de gamme est issu des glandes r\u00e9sineuses ou trichomes de la plante de cannabis, s\u00e9par\u00e9es soigneusement&hellip;","_links":{"self":[{"href":"https:\/\/pressurezone.shop\/sv\/wp-json\/wp\/v2\/product\/3450"}],"collection":[{"href":"https:\/\/pressurezone.shop\/sv\/wp-json\/wp\/v2\/product"}],"about":[{"href":"https:\/\/pressurezone.shop\/sv\/wp-json\/wp\/v2\/types\/product"}],"replies":[{"embeddable":true,"href":"https:\/\/pressurezone.shop\/sv\/wp-json\/wp\/v2\/comments?post=3450"}],"version-history":[{"count":3,"href":"https:\/\/pressurezone.shop\/sv\/wp-json\/wp\/v2\/product\/3450\/revisions"}],"predecessor-version":[{"id":4150,"href":"https:\/\/pressurezone.shop\/sv\/wp-json\/wp\/v2\/product\/3450\/revisions\/4150"}],"wp:featuredmedia":[{"embeddable":true,"href":"https:\/\/pressurezone.shop\/sv\/wp-json\/wp\/v2\/media\/3508"}],"wp:attachment":[{"href":"https:\/\/pressurezone.shop\/sv\/wp-json\/wp\/v2\/media?parent=3450"}],"wp:term":[{"taxonomy":"product_brand","embeddable":true,"href":"https:\/\/pressurezone.shop\/sv\/wp-json\/wp\/v2\/product_brand?post=3450"},{"taxonomy":"product_cat","embeddable":true,"href":"https:\/\/pressurezone.shop\/sv\/wp-json\/wp\/v2\/product_cat?post=3450"},{"taxonomy":"product_tag","embeddable":true,"href":"https:\/\/pressurezone.shop\/sv\/wp-json\/wp\/v2\/product_tag?post=3450"}],"curies":[{"name":"wp","href":"https:\/\/api.w.org\/{rel}","templated":true}]}}